{"id":15942,"date":"2022-08-26T07:09:13","date_gmt":"2022-08-26T06:09:13","guid":{"rendered":"https:\/\/mamaterra.lt\/parduotuve\/maaratlemata\/doterra-difuusor-pilot-koos-doterra-piparmundi-eeterliku-oliga-15ml\/"},"modified":"2022-08-26T07:09:13","modified_gmt":"2022-08-26T06:09:13","slug":"doterra-hajuti-piloot-doterra-piparmundi-eeterlik-oli-15ml","status":"publish","type":"product","link":"https:\/\/mamaterra.lt\/et\/parduotuve\/kingitused\/kingitused-naistele\/doterra-hajuti-piloot-doterra-piparmundi-eeterlik-oli-15ml\/","title":{"rendered":"doTERRA Difuusor PILOT koos doTERRA PIPARM\u00dcNDI eeterliku \u00f5liga 15ml"},"content":{"rendered":"<p><strong>doTERRA Difuusor PILOT koos doTERRA PIPARM\u00dcNDI eeterliku \u00f5liga 15ml<\/strong><\/p>\n<p>Proovige seda uskumatut duetti doTERRA-st.<\/p>\n<p>&nbsp;<\/p>\n<p><strong>doTERRA hajuti PILoT\u2122<\/strong><\/p>\n<p>Compact Pilot hajuti piparm\u00fcndi eeterliku \u00f5liga, mis on kohustuslik igas kodus. Ideaalne autosse, vannituppa v\u00f5i t\u00f6\u00f6lauale.<\/p>\n<p>Mugav ja segadusteta Pilot sobib suurep\u00e4raselt v\u00e4iksematesse ruumidesse. Kompaktne ja neutraalne hajuti sobib igasse keskkonda.<\/p>\n<ul>\n<li>Difuusor laetava akuga. USB-pistik ja 2.4A autoadapter<\/li>\n<li>Hajuti Kujundatud vastutustundlikult, kasutades keskkonnas\u00f5bralikke materjale<\/li>\n<li>Reguleeritav aurustumistugevus: neli tundi pidevat t\u00f6\u00f6tamist v\u00f5i kaheksa tundi pidevat t\u00f6\u00f6tamist katkestustega<\/li>\n<li>Loodud vastutustundlikult, kasutades keskkonnas\u00f5bralikke materjale<\/li>\n<li>Seda m\u00fc\u00fcakse koos mugava \u00fcmbrisega kandmiseks<\/li>\n<\/ul>\n<p><a href=\"https:\/\/mamaterra.lt\/eteriniai-aliejai-ir-doterra-pilot-difuzorius\/\" target=\"_blank\" rel=\"noopener\"><strong>Loe doTERRA Diffuser PILoT\u2122<\/strong> kohta<br \/>\n l\u00e4hemalt siit<br \/>\n  <\/a>.<\/p>\n<p>Vaadake videot doTERRA Pilot hajutist.<\/p>\n<p><iframe title=\"YouTube'i videopleier\" src=\"https:\/\/www.youtube-nocookie.com\/embed\/RwMpNnCxscU\" width=\"560\" height=\"315\" frameborder=\"0\" allowfullscreen=\"allowfullscreen\"><\/iframe><\/p>\n","protected":false},"excerpt":{"rendered":"<ul>\n<li>Difuusor laetava akuga. USB-pistik ja 2.4A autoadapter<\/li>\n<li>Reguleeritav aurustumistugevus: neli tundi pidevat t\u00f6\u00f6tamist v\u00f5i kaheksa tundi pidevat t\u00f6\u00f6tamist katkestustega<\/li>\n<li>Ideaalne autosse, vannituppa v\u00f5i t\u00f6\u00f6lauale<\/li>\n<li>doTERRA PIPARM\u00dcNDI eeterlik \u00f5li 15 ml<\/li>\n<\/ul>\n","protected":false},"featured_media":13724,"template":"","meta":{"site-sidebar-layout":"default","site-content-layout":"default","ast-site-content-layout":"default","site-content-style":"default","site-sidebar-style":"default","ast-global-header-display":"","ast-banner-title-visibility":"","ast-main-header-display":"","ast-hfb-above-header-display":"","ast-hfb-below-header-display":"","ast-hfb-mobile-header-display":"","site-post-title":"","ast-breadcrumbs-content":"","ast-featured-img":"","footer-sml-layout":"","ast-disable-related-posts":"","theme-transparent-header-meta":"default","adv-header-id-meta":"","stick-header-meta":"","header-above-stick-meta":"","header-main-stick-meta":"","header-below-stick-meta":"","astra-migrate-meta-layouts":"default","ast-page-background-enabled":"default","ast-page-background-meta":{"desktop":{"background-color":"","background-image":"","background-repeat":"repeat","background-position":"center center","background-size":"auto","background-attachment":"scroll","background-type":"","background-media":"","overlay-type":"","overlay-color":"","overlay-opacity":"","overlay-gradient":""},"tablet":{"background-color":"","background-image":"","background-repeat":"repeat","background-position":"center center","background-size":"auto","background-attachment":"scroll","background-type":"","background-media":"","overlay-type":"","overlay-color":"","overlay-opacity":"","overlay-gradient":""},"mobile":{"background-color":"","background-image":"","background-repeat":"repeat","background-position":"center center","background-size":"auto","background-attachment":"scroll","background-type":"","background-media":"","overlay-type":"","overlay-color":"","overlay-opacity":"","overlay-gradient":""}},"ast-content-background-meta":{"desktop":{"background-color":"var(--ast-global-color-5)","background-image":"","background-repeat":"repeat","background-position":"center center","background-size":"auto","background-attachment":"scroll","background-type":"","background-media":"","overlay-type":"","overlay-color":"","overlay-opacity":"","overlay-gradient":""},"tablet":{"background-color":"var(--ast-global-color-5)","background-image":"","background-repeat":"repeat","background-position":"center center","background-size":"auto","background-attachment":"scroll","background-type":"","background-media":"","overlay-type":"","overlay-color":"","overlay-opacity":"","overlay-gradient":""},"mobile":{"background-color":"var(--ast-global-color-5)","background-image":"","background-repeat":"repeat","background-position":"center center","background-size":"auto","background-attachment":"scroll","background-type":"","background-media":"","overlay-type":"","overlay-color":"","overlay-opacity":"","overlay-gradient":""}}},"product_brand":[],"product_cat":[1687,1731,1690,1696,1693,1734,1749,1744,1759],"product_tag":[1526,1028,1012],"class_list":{"0":"post-15942","1":"product","2":"type-product","3":"status-publish","4":"has-post-thumbnail","6":"product_cat-hajutid","7":"product_cat-keskendumiseks","8":"product_cat-kingitused","9":"product_cat-kingitused-meestele","10":"product_cat-kingitused-naistele","11":"product_cat-massaaz","12":"product_cat-ohu-puhastamine","13":"product_cat-saaskedest-ja-puukidest","14":"product_cat-seedimine","15":"product_tag-hajuti","16":"product_tag-peppermint-et","17":"product_tag-pilot-et","18":"desktop-align-left","19":"tablet-align-left","20":"mobile-align-left","22":"first","23":"outofstock","24":"taxable","25":"shipping-taxable","26":"purchasable","27":"product-type-simple"},"_links":{"self":[{"href":"https:\/\/mamaterra.lt\/et\/wp-json\/wp\/v2\/product\/15942","targetHints":{"allow":["GET"]}}],"collection":[{"href":"https:\/\/mamaterra.lt\/et\/wp-json\/wp\/v2\/product"}],"about":[{"href":"https:\/\/mamaterra.lt\/et\/wp-json\/wp\/v2\/types\/product"}],"wp:featuredmedia":[{"embeddable":true,"href":"https:\/\/mamaterra.lt\/et\/wp-json\/wp\/v2\/media\/13724"}],"wp:attachment":[{"href":"https:\/\/mamaterra.lt\/et\/wp-json\/wp\/v2\/media?parent=15942"}],"wp:term":[{"taxonomy":"product_brand","embeddable":true,"href":"https:\/\/mamaterra.lt\/et\/wp-json\/wp\/v2\/product_brand?post=15942"},{"taxonomy":"product_cat","embeddable":true,"href":"https:\/\/mamaterra.lt\/et\/wp-json\/wp\/v2\/product_cat?post=15942"},{"taxonomy":"product_tag","embeddable":true,"href":"https:\/\/mamaterra.lt\/et\/wp-json\/wp\/v2\/product_tag?post=15942"}],"curies":[{"name":"wp","href":"https:\/\/api.w.org\/{rel}","templated":true}]}}