{"id":15929,"date":"2022-07-01T08:14:11","date_gmt":"2022-07-01T07:14:11","guid":{"rendered":"https:\/\/mamaterra.lt\/parduotuve\/maaratlemata\/doterra-laluz-difuusor-doterra-citrus-bliss-eeterlike-olide-seguga-15ml\/"},"modified":"2022-07-01T08:14:11","modified_gmt":"2022-07-01T07:14:11","slug":"doterra-laluz-difuusor-ja-doterra-tsitruseliste-ondsuse-eeterlik-oli-segu-15ml","status":"publish","type":"product","link":"https:\/\/mamaterra.lt\/et\/parduotuve\/eeterlikud-olid\/eeterlike-olide-segud\/doterra-laluz-difuusor-ja-doterra-tsitruseliste-ondsuse-eeterlik-oli-segu-15ml\/","title":{"rendered":"doTERRA Laluz Difuusor doTERRA CITRUS BLISS eeterlike \u00f5lide seguga 15ml"},"content":{"rendered":"<p><strong>doTERRA Laluz Difuusor doTERRA CITRUS BLISS eeterlike \u00f5lide seguga 15ml<\/strong><\/p>\n<p>N\u00fc\u00fcd saate tellida uue doTERRA Laluz\u2122 hajuti, millel on v\u00e4rskendav tsitruseliste Bliss l\u00f5hn\u2122 15 ml-s.<\/p>\n<p>&nbsp;<\/p>\n<p>Lisateave doTERRA Laluz hajuti kohta.<\/p>\n<p><iframe title=\"YouTube'i videopleier\" src=\"https:\/\/www.youtube-nocookie.com\/embed\/p64600tKCwg\" width=\"560\" height=\"315\" frameborder=\"0\" allowfullscreen=\"allowfullscreen\" data-mce-fragment=\"1\"><\/iframe><\/p>\n<p>&nbsp;<\/p>\n<p><strong>doTERRA Laluz hajuti  <\/strong><\/p>\n<p>See skulpturaalse kujuga hajuti kiirgab ultraheli vibratsioone, mis muudavad vee ja eeterlikud \u00f5lid aromaatseks uduks. Hajuti t\u00f6\u00f6tab kuni kaheksa tundi, nii et saate oma lemmik eeterlikke \u00f5lisid levitada kogu p\u00e4eva v\u00f5i \u00f6\u00f6 jooksul ning sellel on ka kolm \u00fcmbritseva valguse seadet, mis sobivad teie meeleoluga.<\/p>\n<p>Lisaks t\u00e4iendab see t\u00e4nu oma elegantsele ja kaasaegsele disainile kindlasti teie kodu iga ruumi esteetikat.<\/p>\n<ul>\n<li>L\u00fclitage see elutoas sisse ja levitage tsitruselisi Bliss\u00ae kutsuvat, energiat andvat l\u00f5hna.<\/li>\n<li>Kasutage vannitoas koos doTERRA On Guardiga\u00ae, et muuta \u00f5hk v\u00e4rskemaks ja puhtamaks.<\/li>\n<li>Asetage see \u00f6\u00f6kapile ja levitage enne magamaminekut rahulikkuse v\u00f5i lavendli ja seedripuu l\u00f5hna, et puhata ja rahuneda.<\/li>\n<\/ul>\n<p><strong>doTERRA Laluz hajuti spetsifikatsioonid ja funktsioonid:<\/strong><\/p>\n<ul>\n<li><strong>Vee maht:<\/strong> 120 ml \/ 4,06 vedeliku untsi<\/li>\n<li><strong>Pakutud ruumi suurus:<\/strong> 30 ruutmeetrit. m.<\/li>\n<li><strong>Pidev t\u00f6\u00f6:<\/strong> K\u00f5rge suitsu j\u00f5udlus &#8211; kuni 4 tundi, madal udu j\u00f5udlus &#8211; kuni 8 tundi<\/li>\n<li><strong>Taimer:<\/strong> 1 tund. \/ 2 tundi. \/ 4 tundi<\/li>\n<li>Tume ja s\u00e4rav soe ja lavendli valgustus<\/li>\n<li>Automaatne kaitsel\u00fcliti<\/li>\n<li><strong>Tarvikud:<\/strong> AC 100-240V seinapistik ja kasutusjuhend<\/li>\n<li><strong>V\u00f5imsus:<\/strong> DC24V 0.5A<\/li>\n<li><strong>Aine:<\/strong> Materjal: Klaasist pealmine kate + pol\u00fcprop\u00fcleen<\/li>\n<\/ul>\n<p>&nbsp;<\/p>\n<p><strong>doTERRA CITRUS BLISS\u2122 eeterlike \u00f5lide segu<\/strong><\/p>\n<p>15ml<\/p>\n<p>See v\u00e4rskendav segu metsikutest apelsinidest, sidrunitest, greibist, bergamotist, punastest mandariinidest, rohelistest mandariinidest, rohelistest mandariinidest, laimist, litseast, tonka ubadest ja vanilje absoluutsest on r\u00f5\u00f5m pudelis. Levitage Citrus Blissi k\u00f5ikjal, et luua positiivne \u00f5hkkond, v\u00f5i kasutage seda inspireeriva isikliku l\u00f5hnana. Lisaks on limoneenirikkal Citrus Blissil tugevad puhastavad omadused ja veega segamisel muutub see v\u00f5imsaks pinnapuhastajaks.<\/p>\n<p>Citrus Bliss, segul, mis \u00fchendab tsitrusviljade eeterlike \u00f5lide peamised eelised, on energiat andvad ja uuendavad omadused, mis v\u00f5ivad teie meeleolu t\u00f5sta.<\/p>\n<ul>\n<li>V\u00e4rskendavate omadustega Citrus Bliss \u00f5li saab aurutada, kui soovite oma meeleolu parandada<\/li>\n<li>kiirgab massaa\u017ei ajal veetlevat aroomi<\/li>\n<\/ul>\n<p>Loe doterra laluz difuusori kohta doterra citrus bliss eeterlike \u00f5lide seguga <strong><br \/>\n  <a href=\"https:\/\/mamaterra.lt\/laluz-difuzorius-su-citrus-bliss-misiniu\/\" target=\"_blank\" rel=\"noopener\">l\u00e4hemalt siit<\/a><br \/>\n<\/strong>.<\/p>\n","protected":false},"excerpt":{"rendered":"<ul>\n<li>doTERRA Laluz Difuusor koos doterra CITRUS BLISS\u2122 eeterlike \u00f5lide seguga 15ml<\/li>\n<li>Laluzi hajutiga v\u00f5ib iga ruum muutuda luksuslikuks pelgupaigaks<\/li>\n<li>See hajuti t\u00f6\u00f6tab kuni kaheksa tundi, nii et see aitab luua rahuliku keskkonna, mida vajate igal \u00f5htul<\/li>\n<\/ul>\n","protected":false},"featured_media":13547,"template":"","meta":{"site-sidebar-layout":"default","site-content-layout":"default","ast-site-content-layout":"default","site-content-style":"default","site-sidebar-style":"default","ast-global-header-display":"","ast-banner-title-visibility":"","ast-main-header-display":"","ast-hfb-above-header-display":"","ast-hfb-below-header-display":"","ast-hfb-mobile-header-display":"","site-post-title":"","ast-breadcrumbs-content":"","ast-featured-img":"","footer-sml-layout":"","ast-disable-related-posts":"","theme-transparent-header-meta":"default","adv-header-id-meta":"","stick-header-meta":"","header-above-stick-meta":"","header-main-stick-meta":"","header-below-stick-meta":"","astra-migrate-meta-layouts":"default","ast-page-background-enabled":"default","ast-page-background-meta":{"desktop":{"background-color":"","background-image":"","background-repeat":"repeat","background-position":"center center","background-size":"auto","background-attachment":"scroll","background-type":"","background-media":"","overlay-type":"","overlay-color":"","overlay-opacity":"","overlay-gradient":""},"tablet":{"background-color":"","background-image":"","background-repeat":"repeat","background-position":"center center","background-size":"auto","background-attachment":"scroll","background-type":"","background-media":"","overlay-type":"","overlay-color":"","overlay-opacity":"","overlay-gradient":""},"mobile":{"background-color":"","background-image":"","background-repeat":"repeat","background-position":"center center","background-size":"auto","background-attachment":"scroll","background-type":"","background-media":"","overlay-type":"","overlay-color":"","overlay-opacity":"","overlay-gradient":""}},"ast-content-background-meta":{"desktop":{"background-color":"var(--ast-global-color-5)","background-image":"","background-repeat":"repeat","background-position":"center center","background-size":"auto","background-attachment":"scroll","background-type":"","background-media":"","overlay-type":"","overlay-color":"","overlay-opacity":"","overlay-gradient":""},"tablet":{"background-color":"var(--ast-global-color-5)","background-image":"","background-repeat":"repeat","background-position":"center center","background-size":"auto","background-attachment":"scroll","background-type":"","background-media":"","overlay-type":"","overlay-color":"","overlay-opacity":"","overlay-gradient":""},"mobile":{"background-color":"var(--ast-global-color-5)","background-image":"","background-repeat":"repeat","background-position":"center center","background-size":"auto","background-attachment":"scroll","background-type":"","background-media":"","overlay-type":"","overlay-color":"","overlay-opacity":"","overlay-gradient":""}}},"product_brand":[],"product_cat":[1701,1699,1687,1690,1708,1749,1753],"product_tag":[731,1292,1534,1526,1114],"class_list":{"0":"post-15929","1":"product","2":"type-product","3":"status-publish","4":"has-post-thumbnail","6":"product_cat-eeterlike-olide-segud","7":"product_cat-eeterlikud-olid","8":"product_cat-hajutid","9":"product_cat-kingitused","10":"product_cat-komplektid-ja-kollektsioonid","11":"product_cat-ohu-puhastamine","12":"product_cat-stressi-juhtimine","13":"product_tag-15ml-et","14":"product_tag-citrus-bliss-et","15":"product_tag-eeterliku-oli-segu","16":"product_tag-hajuti","17":"product_tag-laluz-et","18":"desktop-align-left","19":"tablet-align-left","20":"mobile-align-left","22":"first","23":"instock","24":"taxable","25":"shipping-taxable","26":"purchasable","27":"product-type-simple"},"_links":{"self":[{"href":"https:\/\/mamaterra.lt\/et\/wp-json\/wp\/v2\/product\/15929","targetHints":{"allow":["GET"]}}],"collection":[{"href":"https:\/\/mamaterra.lt\/et\/wp-json\/wp\/v2\/product"}],"about":[{"href":"https:\/\/mamaterra.lt\/et\/wp-json\/wp\/v2\/types\/product"}],"wp:featuredmedia":[{"embeddable":true,"href":"https:\/\/mamaterra.lt\/et\/wp-json\/wp\/v2\/media\/13547"}],"wp:attachment":[{"href":"https:\/\/mamaterra.lt\/et\/wp-json\/wp\/v2\/media?parent=15929"}],"wp:term":[{"taxonomy":"product_brand","embeddable":true,"href":"https:\/\/mamaterra.lt\/et\/wp-json\/wp\/v2\/product_brand?post=15929"},{"taxonomy":"product_cat","embeddable":true,"href":"https:\/\/mamaterra.lt\/et\/wp-json\/wp\/v2\/product_cat?post=15929"},{"taxonomy":"product_tag","embeddable":true,"href":"https:\/\/mamaterra.lt\/et\/wp-json\/wp\/v2\/product_tag?post=15929"}],"curies":[{"name":"wp","href":"https:\/\/api.w.org\/{rel}","templated":true}]}}