{"id":15927,"date":"2022-08-19T19:33:48","date_gmt":"2022-08-19T18:33:48","guid":{"rendered":"https:\/\/mamaterra.lt\/parduotuve\/maaratlemata\/doterra-sugav-sinine-pulk-pliiats-48g\/"},"modified":"2022-08-19T19:33:48","modified_gmt":"2022-08-19T18:33:48","slug":"doterra-sugav-sinine-pulk-pliiats-48g","status":"publish","type":"product","link":"https:\/\/mamaterra.lt\/et\/parduotuve\/eeterlikud-olid\/eeterlike-olide-segud\/doterra-sugav-sinine-pulk-pliiats-48g\/","title":{"rendered":"doTERRA s\u00fcgav sinine pulk \/ pliiats 48g"},"content":{"rendered":"<p><strong>doTERRA s\u00fcgav sinine kepp \/ pliiats<\/strong><\/p>\n<p>48g<\/p>\n<p>See kergesti kasutatav pliiats, mis sisaldab taimset p\u00e4ritolu mentooli, met\u00fc\u00fclsalits\u00fclaati ja kamperit, tungib s\u00fcgavale nahka ja p\u00f5hjustab jahutustunnet. See on h\u00e4davajalik lisand vannitoakapile v\u00f5i spordikotile See sisaldab oma koostises niisutavaid pehmendavaid aineid, mis muudab naha pehmeks ja mitte-rasvaseks. Kiiresti kuivav, nii et seda saab kasutada enne treeningut, selle ajal v\u00f5i p\u00e4rast seda, s\u00fcgavsinine pliiats on rahustav, mugav ja t\u00f5hus.<\/p>\n<ul>\n<li>doTERRA Deep Blue Stick pliiats sisaldab Deep Blue rahustavat segu, madalmetsa ja muid looduslikke koostisosi<\/li>\n<li>Suurima tugevusega taimset p\u00e4ritolu k\u00e4sim\u00fc\u00fcgis olev mentool<\/li>\n<li>Leevendab ajutiselt v\u00e4iksemaid lihas- ja liigesevalusid, mis on seotud seljavalu, artriidi, nihestuste, nihestuste ja verevalumitega.<\/li>\n<li>Sisaldab niisutavaid pehmendavaid aineid, muutes naha pehmeks ja \u00f5livabaks<\/li>\n<li>Loob jahutava ja rahustava tunde<\/li>\n<\/ul>\n<p><strong>doTERRA s\u00fcgavsinise pulga \/ pliiatsi kasutusjuhend:<\/strong><\/p>\n<p>Rakenda otse kahjustatud piirkondadele. Kui soovid intensiivsemat protseduuri, kanna enne pealekandmist nahale Deep Blue eeterlike \u00f5lide segu.<\/p>\n<p><strong>doterra s\u00fcgavsinine pulk \/ pliiats<\/strong> Sred<strong>osad:<\/strong><\/p>\n<p>Cocos nucifera (kookos)\u00f5li, tapiokit\u00e4rklis, Gaultheria procumbens (wintergreen) lehe\u00f5li, Helianthus annuus (p\u00e4evalille) seemnevaha, Copaifera coriacea\/ langsdorffii\/officinalis\/reticulata (copaibos) vaigu\u00f5li, vesi (Aqua), Sambucus nigra puuviljaekstrakt, Prunus amygdalus dulcis (magusmandli) \u00f5li, gl\u00fctser\u00fc\u00fcllauraat, gl\u00fctser\u00fc\u00fclkapr\u00fclaat, Mentha piperita (piparm\u00fcnt) \u00f5li, kaneeli kamperi (Cinnamomum camphora) \u00f5li, eukal\u00fcpti lehe\u00f5li, Tanacetum annuum (sinised tanacets) lill,  lehe- ja varre\u00f5li, gl\u00fctser\u00fc\u00fcl undecenate, Cananga odorata (Ylang Ylang) lille\u00f5li, Capsicum frutescens puuviljaekstrakt, gl\u00fctseriin, lauriinhape, Chamomilla recutita (Matricaria) \u00f5li, Helichrysum italicum (Helichrysum) lille-, lehe- ja varre\u00f5li, sidrunhape<\/p>\n","protected":false},"excerpt":{"rendered":"<ul>\n<li>doTERRA Deep Blue Stick pliiats sisaldab Deep Blue rahustavat segu, Copaibat ja teisi looduslikke eeterlike \u00f5lide koostisosi<\/li>\n<li>Suurima tugevusega taimset p\u00e4ritolu k\u00e4sim\u00fc\u00fcgis olev mentool<\/li>\n<li>Leevendab ajutiselt v\u00e4iksemaid lihas- ja liigesevalusid, mis on seotud seljavalu, artriidi, nikastuste, nihestuste ja verevalumitega<\/li>\n<li>Sisaldab niisutavaid pehmendavaid aineid, muutes naha pehmeks ja \u00f5livabaks<\/li>\n<li>Loob jahutava ja rahustava tunde<\/li>\n<\/ul>\n","protected":false},"featured_media":13685,"template":"","meta":{"site-sidebar-layout":"default","site-content-layout":"default","ast-site-content-layout":"default","site-content-style":"default","site-sidebar-style":"default","ast-global-header-display":"","ast-banner-title-visibility":"","ast-main-header-display":"","ast-hfb-above-header-display":"","ast-hfb-below-header-display":"","ast-hfb-mobile-header-display":"","site-post-title":"","ast-breadcrumbs-content":"","ast-featured-img":"","footer-sml-layout":"","ast-disable-related-posts":"","theme-transparent-header-meta":"default","adv-header-id-meta":"","stick-header-meta":"","header-above-stick-meta":"","header-main-stick-meta":"","header-below-stick-meta":"","astra-migrate-meta-layouts":"default","ast-page-background-enabled":"default","ast-page-background-meta":{"desktop":{"background-color":"","background-image":"","background-repeat":"repeat","background-position":"center center","background-size":"auto","background-attachment":"scroll","background-type":"","background-media":"","overlay-type":"","overlay-color":"","overlay-opacity":"","overlay-gradient":""},"tablet":{"background-color":"","background-image":"","background-repeat":"repeat","background-position":"center center","background-size":"auto","background-attachment":"scroll","background-type":"","background-media":"","overlay-type":"","overlay-color":"","overlay-opacity":"","overlay-gradient":""},"mobile":{"background-color":"","background-image":"","background-repeat":"repeat","background-position":"center center","background-size":"auto","background-attachment":"scroll","background-type":"","background-media":"","overlay-type":"","overlay-color":"","overlay-opacity":"","overlay-gradient":""}},"ast-content-background-meta":{"desktop":{"background-color":"var(--ast-global-color-5)","background-image":"","background-repeat":"repeat","background-position":"center center","background-size":"auto","background-attachment":"scroll","background-type":"","background-media":"","overlay-type":"","overlay-color":"","overlay-opacity":"","overlay-gradient":""},"tablet":{"background-color":"var(--ast-global-color-5)","background-image":"","background-repeat":"repeat","background-position":"center center","background-size":"auto","background-attachment":"scroll","background-type":"","background-media":"","overlay-type":"","overlay-color":"","overlay-opacity":"","overlay-gradient":""},"mobile":{"background-color":"var(--ast-global-color-5)","background-image":"","background-repeat":"repeat","background-position":"center center","background-size":"auto","background-attachment":"scroll","background-type":"","background-media":"","overlay-type":"","overlay-color":"","overlay-opacity":"","overlay-gradient":""}}},"product_brand":[],"product_cat":[1683,1701,1699],"product_tag":[765,1505,1652],"class_list":{"0":"post-15927","1":"product","2":"type-product","3":"status-publish","4":"has-post-thumbnail","6":"product_cat-deep-blue-tooted","7":"product_cat-eeterlike-olide-segud","8":"product_cat-eeterlikud-olid","9":"product_tag-48g-et","10":"product_tag-deep-blue-et","11":"product_tag-pliiats","12":"desktop-align-left","13":"tablet-align-left","14":"mobile-align-left","16":"first","17":"instock","18":"taxable","19":"shipping-taxable","20":"purchasable","21":"product-type-simple"},"_links":{"self":[{"href":"https:\/\/mamaterra.lt\/et\/wp-json\/wp\/v2\/product\/15927","targetHints":{"allow":["GET"]}}],"collection":[{"href":"https:\/\/mamaterra.lt\/et\/wp-json\/wp\/v2\/product"}],"about":[{"href":"https:\/\/mamaterra.lt\/et\/wp-json\/wp\/v2\/types\/product"}],"wp:featuredmedia":[{"embeddable":true,"href":"https:\/\/mamaterra.lt\/et\/wp-json\/wp\/v2\/media\/13685"}],"wp:attachment":[{"href":"https:\/\/mamaterra.lt\/et\/wp-json\/wp\/v2\/media?parent=15927"}],"wp:term":[{"taxonomy":"product_brand","embeddable":true,"href":"https:\/\/mamaterra.lt\/et\/wp-json\/wp\/v2\/product_brand?post=15927"},{"taxonomy":"product_cat","embeddable":true,"href":"https:\/\/mamaterra.lt\/et\/wp-json\/wp\/v2\/product_cat?post=15927"},{"taxonomy":"product_tag","embeddable":true,"href":"https:\/\/mamaterra.lt\/et\/wp-json\/wp\/v2\/product_tag?post=15927"}],"curies":[{"name":"wp","href":"https:\/\/api.w.org\/{rel}","templated":true}]}}