{"id":15907,"date":"2022-09-26T19:44:51","date_gmt":"2022-09-26T18:44:51","guid":{"rendered":"https:\/\/mamaterra.lt\/parduotuve\/maaratlemata\/looduslik-doterra-deodorant-koos-doterra-balance-eeterlike-olide-seguga-75g\/"},"modified":"2022-09-26T19:44:51","modified_gmt":"2022-09-26T18:44:51","slug":"looduslik-doterra-deodorant-koos-doterra-tasakaal-eeterlik-oli-segu-75g","status":"publish","type":"product","link":"https:\/\/mamaterra.lt\/et\/parduotuve\/eeterlikud-olid\/looduslik-doterra-deodorant-koos-doterra-tasakaal-eeterlik-oli-segu-75g\/","title":{"rendered":"Looduslik doTERRA Deodorant koos doTERRA Balance eeterlike \u00f5lide seguga 75g"},"content":{"rendered":"<p><strong>Looduslik doTERRA deodorant koos doTERRA Balance eeterlike \u00f5lide seguga<\/strong><\/p>\n<p>75g<\/p>\n<p>See on segu kuuse, Ho puidu, viiruki, sinise p\u00f6\u00f6gi, sinise kummeli ja ottomani \u00f5lidest. T\u00e4idetud \u00fche k\u00f5ige kallima ja rahulikuma aroomiga maa peal.<\/p>\n<p><strong>Loodusliku doTERRA deodorandi koostisosad koos doTERRA Balance eeterlike \u00f5lide seguga:<\/strong><\/p>\n<ul>\n<li>Tapiokit\u00e4rklis: Kaenlaaluste niiskuse lisamisega annab see v\u00e4rskuse ja kuivuse tunde kogu p\u00e4eva jooksul.<\/li>\n<li>Kapr\u00fcllium ja kapr\u00fc\u00fcltrigl\u00fctseriid: looduslik oklusioon, mis on p\u00f5him\u00f5tteliselt nagu nahakonditsioneer<\/li>\n<li>Stear\u00fc\u00fclalkohol: taimset p\u00e4ritolu stabilisaator<\/li>\n<li>Joogisooda: aitab kaitsta ebameeldivate l\u00f5hnade eest (tuntud ka kui naatriumvesinikkarbonaat)<\/li>\n<li>Butyrospermum parkii: tuntud ka kui sheav\u00f5i<\/li>\n<li>Cocos nucifera: tuntud ka kui kookos\u00f5li<\/li>\n<li>Helianthus annuus: tuntud ka kui p\u00e4evalilleseemne\u00f5li<\/li>\n<li>Simmondsia chinensis: tuntud ka kui jojobaseemne\u00f5li<\/li>\n<li>jojoba estrid: Looduslik pehmendav aine, mis aitab s\u00e4ilitada pehmet, siledat ja elastset nahka.<\/li>\n<li>Pol\u00fcgl\u00fctser\u00fc\u00fcl-3 mesilasvaha: mesilasvahast saadakse emulgaator<\/li>\n<li>H\u00fcdrogeenitud kastoor\u00f5li: Teine oklusiivne v\u00f5i looduslik nahapalsam<\/li>\n<li>Triet\u00fc\u00fcltsitraat: taimne ens\u00fc\u00fcm ja kasulik deodorant<\/li>\n<li>Kuuse eeterlik \u00f5li (Picea mariana): v\u00e4rske, m\u00e4nni aroom.<\/li>\n<li>Ho lehe (Cinnamomum camphora linaloolifera) eeterlik \u00f5li: lilleline, magus ja soe aroom<\/li>\n<li>Viiruki (Boswellia carterii) eeterlik \u00f5li: soe ja puhas aroom<\/li>\n<li>Sinise p\u00f6\u00f6gi (Tanacetum annuum) eeterlik \u00f5li: l\u00f5hnab magusalt, taimselt ja kergelt lilleliselt<\/li>\n<li>Sinine kummel (Chamomilla recutita) eeterlik \u00f5li: v\u00e4rskendav, magus ja taimne aroom<\/li>\n<li>Osmanthus fragrans (Osmanthus fragrans) eeterlik \u00f5li: rikkalik, puuviljane-lilleline aroom<\/li>\n<li>tokoferool: antioks\u00fcdantsete omadustega E-vitamiiniga seotud looduslik \u00fchend.<\/li>\n<\/ul>\n","protected":false},"excerpt":{"rendered":"<ul>\n<li>doTERRA Balance on segu kuuse, Ho puidu, viiruki, sinise p\u00f6\u00f6gi, sinise kummeli ja ottomani \u00f5lidest<\/li>\n<li>Deodorant on t\u00e4idetud \u00fche k\u00f5ige kallima ja rahulikuma aroomiga maa peal<\/li>\n<li>Deodorant 75g<\/li>\n<\/ul>\n","protected":false},"featured_media":14177,"template":"","meta":{"site-sidebar-layout":"default","site-content-layout":"default","ast-site-content-layout":"default","site-content-style":"default","site-sidebar-style":"default","ast-global-header-display":"","ast-banner-title-visibility":"","ast-main-header-display":"","ast-hfb-above-header-display":"","ast-hfb-below-header-display":"","ast-hfb-mobile-header-display":"","site-post-title":"","ast-breadcrumbs-content":"","ast-featured-img":"","footer-sml-layout":"","ast-disable-related-posts":"","theme-transparent-header-meta":"default","adv-header-id-meta":"","stick-header-meta":"","header-above-stick-meta":"","header-main-stick-meta":"","header-below-stick-meta":"","astra-migrate-meta-layouts":"default","ast-page-background-enabled":"default","ast-page-background-meta":{"desktop":{"background-color":"","background-image":"","background-repeat":"repeat","background-position":"center center","background-size":"auto","background-attachment":"scroll","background-type":"","background-media":"","overlay-type":"","overlay-color":"","overlay-opacity":"","overlay-gradient":""},"tablet":{"background-color":"","background-image":"","background-repeat":"repeat","background-position":"center center","background-size":"auto","background-attachment":"scroll","background-type":"","background-media":"","overlay-type":"","overlay-color":"","overlay-opacity":"","overlay-gradient":""},"mobile":{"background-color":"","background-image":"","background-repeat":"repeat","background-position":"center center","background-size":"auto","background-attachment":"scroll","background-type":"","background-media":"","overlay-type":"","overlay-color":"","overlay-opacity":"","overlay-gradient":""}},"ast-content-background-meta":{"desktop":{"background-color":"var(--ast-global-color-5)","background-image":"","background-repeat":"repeat","background-position":"center center","background-size":"auto","background-attachment":"scroll","background-type":"","background-media":"","overlay-type":"","overlay-color":"","overlay-opacity":"","overlay-gradient":""},"tablet":{"background-color":"var(--ast-global-color-5)","background-image":"","background-repeat":"repeat","background-position":"center center","background-size":"auto","background-attachment":"scroll","background-type":"","background-media":"","overlay-type":"","overlay-color":"","overlay-opacity":"","overlay-gradient":""},"mobile":{"background-color":"var(--ast-global-color-5)","background-image":"","background-repeat":"repeat","background-position":"center center","background-size":"auto","background-attachment":"scroll","background-type":"","background-media":"","overlay-type":"","overlay-color":"","overlay-opacity":"","overlay-gradient":""}}},"product_brand":[],"product_cat":[1699,1710],"product_tag":[736,1383,1615],"class_list":{"0":"post-15907","1":"product","2":"type-product","3":"status-publish","4":"has-post-thumbnail","6":"product_cat-eeterlikud-olid","7":"product_cat-hugieen-ja-nahahooldus","8":"product_tag-75g-et","9":"product_tag-balance-et","10":"product_tag-deodorant-et","11":"desktop-align-left","12":"tablet-align-left","13":"mobile-align-left","15":"first","16":"instock","17":"taxable","18":"shipping-taxable","19":"purchasable","20":"product-type-simple"},"_links":{"self":[{"href":"https:\/\/mamaterra.lt\/et\/wp-json\/wp\/v2\/product\/15907","targetHints":{"allow":["GET"]}}],"collection":[{"href":"https:\/\/mamaterra.lt\/et\/wp-json\/wp\/v2\/product"}],"about":[{"href":"https:\/\/mamaterra.lt\/et\/wp-json\/wp\/v2\/types\/product"}],"wp:featuredmedia":[{"embeddable":true,"href":"https:\/\/mamaterra.lt\/et\/wp-json\/wp\/v2\/media\/14177"}],"wp:attachment":[{"href":"https:\/\/mamaterra.lt\/et\/wp-json\/wp\/v2\/media?parent=15907"}],"wp:term":[{"taxonomy":"product_brand","embeddable":true,"href":"https:\/\/mamaterra.lt\/et\/wp-json\/wp\/v2\/product_brand?post=15907"},{"taxonomy":"product_cat","embeddable":true,"href":"https:\/\/mamaterra.lt\/et\/wp-json\/wp\/v2\/product_cat?post=15907"},{"taxonomy":"product_tag","embeddable":true,"href":"https:\/\/mamaterra.lt\/et\/wp-json\/wp\/v2\/product_tag?post=15907"}],"curies":[{"name":"wp","href":"https:\/\/api.w.org\/{rel}","templated":true}]}}