{"id":15905,"date":"2022-11-01T18:15:23","date_gmt":"2022-11-01T17:15:23","guid":{"rendered":"https:\/\/mamaterra.lt\/parduotuve\/maaratlemata\/doterra-forest-breeze-kehapuhastusvahend-250ml-leopard-amorphophallus-kasnkoogiga\/"},"modified":"2023-12-14T20:40:38","modified_gmt":"2023-12-14T19:40:38","slug":"doterra-mets-tuul-keha-puhastusvahend-250ml","status":"publish","type":"product","link":"https:\/\/mamaterra.lt\/et\/parduotuve\/kingitused\/kingitused-meestele\/doterra-mets-tuul-keha-puhastusvahend-250ml\/","title":{"rendered":"doTERRA Forest Breeze kehapuhastusvahend 250ml"},"content":{"rendered":"<p><strong>doTERRA Forest Breeze kehapuhastusvahend 250ml\u00a0<\/strong><\/p>\n<p>P\u00e4rast pikka p\u00e4eva l\u00f5\u00f5gastuge selle nahka puhastava ja noorendava komplektiga, mis annab teile uuenemise ja v\u00e4rskuse tunde.<\/p>\n<p>See kehapuhastusvahend, mis sisaldab loodussegu Forest Breeze eeterlikke \u00f5lisid, et aidata luua eluj\u00f5udu andvat atmosf\u00e4\u00e4ri, sisaldab pindaktiivseid aineid, mis puhastavad \u00f5rnalt ja v\u00f5imaldavad teil kodus nautida looduse v\u00e4rskendavat \u00f5ndsust.<\/p>\n","protected":false},"excerpt":{"rendered":"<p>doTERRA Forest Breeze kehapuhastusvahend 250ml\u00a0 P\u00e4rast pikka p\u00e4eva l\u00f5\u00f5gastuge selle nahka puhastava ja noorendava komplektiga, mis annab teile uuenemise ja v\u00e4rskuse tunde. See kehapuhastusvahend, mis sisaldab loodussegu Forest Breeze eeterlikke \u00f5lisid, et aidata luua eluj\u00f5udu andvat atmosf\u00e4\u00e4ri, sisaldab pindaktiivseid aineid, mis puhastavad \u00f5rnalt ja v\u00f5imaldavad teil kodus nautida looduse v\u00e4rskendavat \u00f5ndsust.<\/p>\n","protected":false},"featured_media":14516,"template":"","meta":{"site-sidebar-layout":"default","site-content-layout":"default","ast-site-content-layout":"default","site-content-style":"default","site-sidebar-style":"default","ast-global-header-display":"","ast-banner-title-visibility":"","ast-main-header-display":"","ast-hfb-above-header-display":"","ast-hfb-below-header-display":"","ast-hfb-mobile-header-display":"","site-post-title":"","ast-breadcrumbs-content":"","ast-featured-img":"","footer-sml-layout":"","ast-disable-related-posts":"","theme-transparent-header-meta":"default","adv-header-id-meta":"","stick-header-meta":"","header-above-stick-meta":"","header-main-stick-meta":"","header-below-stick-meta":"","astra-migrate-meta-layouts":"set","ast-page-background-enabled":"default","ast-page-background-meta":{"desktop":{"background-color":"","background-image":"","background-repeat":"repeat","background-position":"center center","background-size":"auto","background-attachment":"scroll","background-type":"","background-media":"","overlay-type":"","overlay-color":"","overlay-opacity":"","overlay-gradient":""},"tablet":{"background-color":"","background-image":"","background-repeat":"repeat","background-position":"center center","background-size":"auto","background-attachment":"scroll","background-type":"","background-media":"","overlay-type":"","overlay-color":"","overlay-opacity":"","overlay-gradient":""},"mobile":{"background-color":"","background-image":"","background-repeat":"repeat","background-position":"center center","background-size":"auto","background-attachment":"scroll","background-type":"","background-media":"","overlay-type":"","overlay-color":"","overlay-opacity":"","overlay-gradient":""}},"ast-content-background-meta":{"desktop":{"background-color":"var(--ast-global-color-5)","background-image":"","background-repeat":"repeat","background-position":"center center","background-size":"auto","background-attachment":"scroll","background-type":"","background-media":"","overlay-type":"","overlay-color":"","overlay-opacity":"","overlay-gradient":""},"tablet":{"background-color":"var(--ast-global-color-5)","background-image":"","background-repeat":"repeat","background-position":"center center","background-size":"auto","background-attachment":"scroll","background-type":"","background-media":"","overlay-type":"","overlay-color":"","overlay-opacity":"","overlay-gradient":""},"mobile":{"background-color":"var(--ast-global-color-5)","background-image":"","background-repeat":"repeat","background-position":"center center","background-size":"auto","background-attachment":"scroll","background-type":"","background-media":"","overlay-type":"","overlay-color":"","overlay-opacity":"","overlay-gradient":""}}},"product_brand":[],"product_cat":[1710,1690,1696],"product_tag":[],"class_list":{"0":"post-15905","1":"product","2":"type-product","3":"status-publish","4":"has-post-thumbnail","6":"product_cat-hugieen-ja-nahahooldus","7":"product_cat-kingitused","8":"product_cat-kingitused-meestele","9":"desktop-align-left","10":"tablet-align-left","11":"mobile-align-left","13":"first","14":"instock","15":"taxable","16":"shipping-taxable","17":"purchasable","18":"product-type-simple"},"_links":{"self":[{"href":"https:\/\/mamaterra.lt\/et\/wp-json\/wp\/v2\/product\/15905","targetHints":{"allow":["GET"]}}],"collection":[{"href":"https:\/\/mamaterra.lt\/et\/wp-json\/wp\/v2\/product"}],"about":[{"href":"https:\/\/mamaterra.lt\/et\/wp-json\/wp\/v2\/types\/product"}],"wp:featuredmedia":[{"embeddable":true,"href":"https:\/\/mamaterra.lt\/et\/wp-json\/wp\/v2\/media\/14516"}],"wp:attachment":[{"href":"https:\/\/mamaterra.lt\/et\/wp-json\/wp\/v2\/media?parent=15905"}],"wp:term":[{"taxonomy":"product_brand","embeddable":true,"href":"https:\/\/mamaterra.lt\/et\/wp-json\/wp\/v2\/product_brand?post=15905"},{"taxonomy":"product_cat","embeddable":true,"href":"https:\/\/mamaterra.lt\/et\/wp-json\/wp\/v2\/product_cat?post=15905"},{"taxonomy":"product_tag","embeddable":true,"href":"https:\/\/mamaterra.lt\/et\/wp-json\/wp\/v2\/product_tag?post=15905"}],"curies":[{"name":"wp","href":"https:\/\/api.w.org\/{rel}","templated":true}]}}