{"id":15900,"date":"2022-10-01T14:06:03","date_gmt":"2022-10-01T13:06:03","guid":{"rendered":"https:\/\/mamaterra.lt\/parduotuve\/maaratlemata\/sol-n3-doterra-parfuum-8ml\/"},"modified":"2022-10-01T14:06:03","modified_gmt":"2022-10-01T13:06:03","slug":"sol-n3-doterra-parfuum-8ml","status":"publish","type":"product","link":"https:\/\/mamaterra.lt\/et\/parduotuve\/eeterlikud-olid\/eeterlike-olide-segud\/sol-n3-doterra-parfuum-8ml\/","title":{"rendered":"Sol N\u00b03 doTERRA Parf\u00fc\u00fcm 8ml"},"content":{"rendered":"<p><strong>Sol nr 3 doTERRA parf\u00fc\u00fcm<\/strong><\/p>\n<p>8ml<\/p>\n<p>Magusad troopilised tsitrusviljad ja l\u00f5hnavad eksootilised lilled loovad v\u00e4rskendava ja elava aroomi nagu \u00fckski teine. CPTG\u00ae mandariinide, sandlipuude ja davanide eeterlikud \u00f5lid ning vanilje absoluutne r\u00f5hutavad seda h\u00fcpnotiseerivat segu. <strong>Sol N\u00ba 3<\/strong> on ilusas pihustuspudelis, mis sobib ideaalselt teile v\u00f5i teie kinginimekirjas olevale erilisele inimesele.<\/p>\n<p><strong>Sol N\u00b03 doTERRA parf\u00fc\u00fcmi kasutamine:<\/strong><\/p>\n<ul>\n<li>Pihustage alasti nahale.<\/li>\n<li>Pihustage pulsipunktidesse, n\u00e4iteks randmetesse, k\u00fc\u00fcnarnuki sisek\u00fcljele, kaela v\u00f5i p\u00f5lvede taha.<\/li>\n<li>Pihustage kehale kohe p\u00e4rast du\u0161i all k\u00e4imist. Naha niiskus aitab l\u00f5hna kinni p\u00fc\u00fcda.<\/li>\n<\/ul>\n<p><strong>Sol N\u00b03 doTERRA parf\u00fc\u00fcmi koostis:<\/strong><\/p>\n<p>Alkohol, vesi (Aqua), Citrus nobilis (mandariin-apelsin) koore\u00f5li, Citrus bergamia puuvilja\u00f5li, Michelia champaca (champaca) lilleekstrakt, Santalumi albumi\u00f5li (sandlipuu) \u00f5li, Cistus ladaniferus (Cystus) vaigu ekstrakt, Styrax tonkinensis (Tonka Bean) vaiguekstrakt, Vanilje planifolia (vanilje) puuviljaekstrakt, Artemisia pallens (Davana) lilled, lehed ja varred.<\/p>\n","protected":false},"excerpt":{"rendered":"<ul>\n<li>doTERRA <strong>Sol N\u00b03<\/strong> isiklik aroom on kerge ja eksootiline segu, mis koosneb CPTG\u2122 punaste mandariinide, sandlipuu ja davana eeterlikest \u00f5lidest ning vanilli eeterlikest \u00f5lidest.<\/li>\n<li><strong>Sol N\u00ba 3<\/strong> on ilusas pihustuspudelis, mis sobib ideaalselt teile v\u00f5i teie kinginimekirjas olevale erilisele inimesele.<\/li>\n<li>Parf\u00fc\u00fcmi maht &#8211; 8 ml<\/li>\n<\/ul>\n","protected":false},"featured_media":14156,"template":"","meta":{"site-sidebar-layout":"default","site-content-layout":"default","ast-site-content-layout":"default","site-content-style":"default","site-sidebar-style":"default","ast-global-header-display":"","ast-banner-title-visibility":"","ast-main-header-display":"","ast-hfb-above-header-display":"","ast-hfb-below-header-display":"","ast-hfb-mobile-header-display":"","site-post-title":"","ast-breadcrumbs-content":"","ast-featured-img":"","footer-sml-layout":"","ast-disable-related-posts":"","theme-transparent-header-meta":"default","adv-header-id-meta":"","stick-header-meta":"","header-above-stick-meta":"","header-main-stick-meta":"","header-below-stick-meta":"","astra-migrate-meta-layouts":"default","ast-page-background-enabled":"default","ast-page-background-meta":{"desktop":{"background-color":"","background-image":"","background-repeat":"repeat","background-position":"center center","background-size":"auto","background-attachment":"scroll","background-type":"","background-media":"","overlay-type":"","overlay-color":"","overlay-opacity":"","overlay-gradient":""},"tablet":{"background-color":"","background-image":"","background-repeat":"repeat","background-position":"center center","background-size":"auto","background-attachment":"scroll","background-type":"","background-media":"","overlay-type":"","overlay-color":"","overlay-opacity":"","overlay-gradient":""},"mobile":{"background-color":"","background-image":"","background-repeat":"repeat","background-position":"center center","background-size":"auto","background-attachment":"scroll","background-type":"","background-media":"","overlay-type":"","overlay-color":"","overlay-opacity":"","overlay-gradient":""}},"ast-content-background-meta":{"desktop":{"background-color":"var(--ast-global-color-5)","background-image":"","background-repeat":"repeat","background-position":"center center","background-size":"auto","background-attachment":"scroll","background-type":"","background-media":"","overlay-type":"","overlay-color":"","overlay-opacity":"","overlay-gradient":""},"tablet":{"background-color":"var(--ast-global-color-5)","background-image":"","background-repeat":"repeat","background-position":"center center","background-size":"auto","background-attachment":"scroll","background-type":"","background-media":"","overlay-type":"","overlay-color":"","overlay-opacity":"","overlay-gradient":""},"mobile":{"background-color":"var(--ast-global-color-5)","background-image":"","background-repeat":"repeat","background-position":"center center","background-size":"auto","background-attachment":"scroll","background-type":"","background-media":"","overlay-type":"","overlay-color":"","overlay-opacity":"","overlay-gradient":""}}},"product_brand":[],"product_cat":[1701,1690,1693,1741],"product_tag":[718,1633],"class_list":{"0":"post-15900","1":"product","2":"type-product","3":"status-publish","4":"has-post-thumbnail","6":"product_cat-eeterlike-olide-segud","7":"product_cat-kingitused","8":"product_cat-kingitused-naistele","9":"product_cat-naistele","10":"product_tag-8ml-et-2","11":"product_tag-parfuum","12":"desktop-align-left","13":"tablet-align-left","14":"mobile-align-left","16":"first","17":"outofstock","18":"sale","19":"taxable","20":"shipping-taxable","21":"purchasable","22":"product-type-simple"},"_links":{"self":[{"href":"https:\/\/mamaterra.lt\/et\/wp-json\/wp\/v2\/product\/15900","targetHints":{"allow":["GET"]}}],"collection":[{"href":"https:\/\/mamaterra.lt\/et\/wp-json\/wp\/v2\/product"}],"about":[{"href":"https:\/\/mamaterra.lt\/et\/wp-json\/wp\/v2\/types\/product"}],"wp:featuredmedia":[{"embeddable":true,"href":"https:\/\/mamaterra.lt\/et\/wp-json\/wp\/v2\/media\/14156"}],"wp:attachment":[{"href":"https:\/\/mamaterra.lt\/et\/wp-json\/wp\/v2\/media?parent=15900"}],"wp:term":[{"taxonomy":"product_brand","embeddable":true,"href":"https:\/\/mamaterra.lt\/et\/wp-json\/wp\/v2\/product_brand?post=15900"},{"taxonomy":"product_cat","embeddable":true,"href":"https:\/\/mamaterra.lt\/et\/wp-json\/wp\/v2\/product_cat?post=15900"},{"taxonomy":"product_tag","embeddable":true,"href":"https:\/\/mamaterra.lt\/et\/wp-json\/wp\/v2\/product_tag?post=15900"}],"curies":[{"name":"wp","href":"https:\/\/api.w.org\/{rel}","templated":true}]}}