{"id":15899,"date":"2022-11-01T17:33:18","date_gmt":"2022-11-01T16:33:18","guid":{"rendered":"https:\/\/mamaterra.lt\/parduotuve\/maaratlemata\/doterra-amavi-mini-meeste-parfuumikollektsioon\/"},"modified":"2022-11-01T17:33:18","modified_gmt":"2022-11-01T16:33:18","slug":"doterra-amavi-mini-mees-parfuumikollektsioon","status":"publish","type":"product","link":"https:\/\/mamaterra.lt\/et\/parduotuve\/eeterlikud-olid\/eeterlike-olide-segud\/doterra-amavi-mini-mees-parfuumikollektsioon\/","title":{"rendered":"doTERRA Amavi Mini meeste parf\u00fc\u00fcmikollektsioon"},"content":{"rendered":"<p><strong>doTERRA Amavi Mini meeste parf\u00fc\u00fcmikollektsioon<\/strong><\/p>\n<p>&nbsp;<\/p>\n<p>Elu nautivatele meestele m\u00f5eldud Am\u0101v\u012b Mini parf\u00fc\u00fcmikollektsioon r\u00e4ndab koos kasutajaga k\u00f5ikjale ning on ideaalne kingitus erilisele inimesele sinu elus.<\/p>\n<p>1 tk. Am\u0101v\u012b Roso, Am\u0101v\u012b Azul, Am\u0101v\u012b Noir (1,5 ml pudelid).<\/p>\n<p>doTERRA teab, et sa tahad oma elus t\u00e4htsatele meestele n\u00e4idata, kui v\u00e4ga sa neid armastad. Kuid meestele ideaalse kingituse otsimine on lihtsam \u00f6elda kui teha! M\u00f5ned kingitused on t\u00f5esti kallid ja te pole kindel, kas see talle isegi meeldib v\u00f5i kasutab seda, mida ta saab.<\/p>\n<p>Proovige Amavi\u00ae Discovery komplekti. See odav rafineeritud mehelike l\u00f5hnade kollektsioon v\u00f5imaldab teil kingitust osta lihtsal ja sujuval viisil. Teie isale v\u00f5i abikaasale meeldib kindlasti v\u00e4hemalt \u00fcks kolmest uuest piiratud koguses l\u00f5hnaainest &#8211; kui mitte k\u00f5ik kolm!<\/p>\n<p>Ta v\u00f5ib kasutada iga l\u00f5hnaainet erinevate meeleolude, aastaaegade v\u00f5i keskkonna jaoks, kuna k\u00f5ik need on erineva tooniga.<br \/>\nLisaks v\u00f5ite olla kindel, et need isiklikud aroomid, mis on valmistatud doTERRA CPTG\u00ae eeterlike \u00f5lide abil, on ohutud ja looduslikud.<\/p>\n<p>&nbsp;<\/p>\n<p><strong>doTERRA Amavi Roso parf\u00fc\u00fcm Kirjeldus:<\/strong><\/p>\n<p>Am\u0101v\u012b Roso on meheliku j\u00f5u ja usalduse liigutav v\u00e4ljendus. Tsitruselised ja elav aroom on energia ja edu olemus.<\/p>\n<p>See on patenteeritud segu seedrist, bergamotist, amr-ist, looduslikust apelsinist, bergamotim\u00fcndist, Sichuani piprast, koriandrist, vetiveryst, labdanumist, litseast, pat\u0161ulist, tonka ubadest, nerolist, lavendlist, geraaniumist, basiilikust, oakmossist ja petitgrainist.<\/p>\n<p>&nbsp;<\/p>\n<p><strong>doTERRA Amavi Azul Parf\u00fc\u00fcm Kirjeldus:<\/strong><\/p>\n<p>Am\u0101v\u012b Azul on v\u00e4rske ja s\u00e4rav vabaduse ja seikluste l\u00f5hn. \u00c4ratage oma meeled \u00fcles ja joosta sinistesse lainetesse ja l\u00f5putusse valgesse liiva kauges p\u00e4ikesest n\u00f5retavas rannas.<\/p>\n<p>See on patenteeritud segu seedrist, suurest poci\u016bgist, rohelisest sidrunist, mimosast, nootkast, bergamotist, labdanumist, am\u00fcrisest, magnooliast, elemi, spearmist, kardemonist, sidrunheinast, palmaroosist, ingverist, treemossist, vetiverist, geraaniumist, valgest piprast, frankviirist, kaffiri laimist ja violetstest.<\/p>\n<p>&nbsp;<\/p>\n<p><strong>doTERRA Amavi Noir parf\u00fc\u00fcm Kirjeldus:<\/strong><\/p>\n<p>Amavi Noir on v\u00f5luv, delikaatne individuaalsuse ja salap\u00e4ra laiendus. Vaoshoitud, kuid peen, see julgelt tume, magus aroom loob unustamatu \u00f5htu meeleolu.<\/p>\n<p>See on patenteeritud segu seedritest, bergamotidest, amyrist, koriandrist, cypriolist, punastest mandariinidest, vetiveriatest, elemi, labdanist, lavendlist, Sichuani piprast, Tonka ubadest, viirukist, ts\u00fcstusest, guajaavist, pat\u0161ulist, punasest \u0161ampanmast, geraaniumitest, Peruu palsamist ja apelsini\u00f5itest.<\/p>\n<p>&nbsp;<\/p>\n<p>&nbsp;<\/p>\n","protected":false},"excerpt":{"rendered":"<ul>\n<li>Teie isale v\u00f5i abikaasale meeldib kindlasti v\u00e4hemalt \u00fcks kolmest uuest piiratud koguses l\u00f5hnaainest &#8211; kui mitte k\u00f5ik kolm!<\/li>\n<li>See odav rafineeritud mehelike l\u00f5hnade kollektsioon muudab kingituse ostmise lihtsaks ja sujuvaks<\/li>\n<li>1 tk. doTERRA parf\u00fc\u00fcm &#8211; Am\u0101v\u012b Roso, Am\u0101v\u012b Azul, Am\u0101v\u012b Noir (1,5 ml) pudelid<\/li>\n<\/ul>\n","protected":false},"featured_media":14519,"template":"","meta":{"site-sidebar-layout":"default","site-content-layout":"default","ast-site-content-layout":"default","site-content-style":"default","site-sidebar-style":"default","ast-global-header-display":"","ast-banner-title-visibility":"","ast-main-header-display":"","ast-hfb-above-header-display":"","ast-hfb-below-header-display":"","ast-hfb-mobile-header-display":"","site-post-title":"","ast-breadcrumbs-content":"","ast-featured-img":"","footer-sml-layout":"","ast-disable-related-posts":"","theme-transparent-header-meta":"default","adv-header-id-meta":"","stick-header-meta":"","header-above-stick-meta":"","header-main-stick-meta":"","header-below-stick-meta":"","astra-migrate-meta-layouts":"default","ast-page-background-enabled":"default","ast-page-background-meta":{"desktop":{"background-color":"","background-image":"","background-repeat":"repeat","background-position":"center center","background-size":"auto","background-attachment":"scroll","background-type":"","background-media":"","overlay-type":"","overlay-color":"","overlay-opacity":"","overlay-gradient":""},"tablet":{"background-color":"","background-image":"","background-repeat":"repeat","background-position":"center center","background-size":"auto","background-attachment":"scroll","background-type":"","background-media":"","overlay-type":"","overlay-color":"","overlay-opacity":"","overlay-gradient":""},"mobile":{"background-color":"","background-image":"","background-repeat":"repeat","background-position":"center center","background-size":"auto","background-attachment":"scroll","background-type":"","background-media":"","overlay-type":"","overlay-color":"","overlay-opacity":"","overlay-gradient":""}},"ast-content-background-meta":{"desktop":{"background-color":"var(--ast-global-color-5)","background-image":"","background-repeat":"repeat","background-position":"center center","background-size":"auto","background-attachment":"scroll","background-type":"","background-media":"","overlay-type":"","overlay-color":"","overlay-opacity":"","overlay-gradient":""},"tablet":{"background-color":"var(--ast-global-color-5)","background-image":"","background-repeat":"repeat","background-position":"center center","background-size":"auto","background-attachment":"scroll","background-type":"","background-media":"","overlay-type":"","overlay-color":"","overlay-opacity":"","overlay-gradient":""},"mobile":{"background-color":"var(--ast-global-color-5)","background-image":"","background-repeat":"repeat","background-position":"center center","background-size":"auto","background-attachment":"scroll","background-type":"","background-media":"","overlay-type":"","overlay-color":"","overlay-opacity":"","overlay-gradient":""}}},"product_brand":[],"product_cat":[1701,1699,1690,1696],"product_tag":[],"class_list":{"0":"post-15899","1":"product","2":"type-product","3":"status-publish","4":"has-post-thumbnail","6":"product_cat-eeterlike-olide-segud","7":"product_cat-eeterlikud-olid","8":"product_cat-kingitused","9":"product_cat-kingitused-meestele","10":"desktop-align-left","11":"tablet-align-left","12":"mobile-align-left","14":"first","15":"instock","16":"sale","17":"taxable","18":"shipping-taxable","19":"purchasable","20":"product-type-simple"},"_links":{"self":[{"href":"https:\/\/mamaterra.lt\/et\/wp-json\/wp\/v2\/product\/15899","targetHints":{"allow":["GET"]}}],"collection":[{"href":"https:\/\/mamaterra.lt\/et\/wp-json\/wp\/v2\/product"}],"about":[{"href":"https:\/\/mamaterra.lt\/et\/wp-json\/wp\/v2\/types\/product"}],"wp:featuredmedia":[{"embeddable":true,"href":"https:\/\/mamaterra.lt\/et\/wp-json\/wp\/v2\/media\/14519"}],"wp:attachment":[{"href":"https:\/\/mamaterra.lt\/et\/wp-json\/wp\/v2\/media?parent=15899"}],"wp:term":[{"taxonomy":"product_brand","embeddable":true,"href":"https:\/\/mamaterra.lt\/et\/wp-json\/wp\/v2\/product_brand?post=15899"},{"taxonomy":"product_cat","embeddable":true,"href":"https:\/\/mamaterra.lt\/et\/wp-json\/wp\/v2\/product_cat?post=15899"},{"taxonomy":"product_tag","embeddable":true,"href":"https:\/\/mamaterra.lt\/et\/wp-json\/wp\/v2\/product_tag?post=15899"}],"curies":[{"name":"wp","href":"https:\/\/api.w.org\/{rel}","templated":true}]}}