{"id":15893,"date":"2022-11-01T18:47:58","date_gmt":"2022-11-01T17:47:58","guid":{"rendered":"https:\/\/mamaterra.lt\/parduotuve\/maaratlemata\/doterra-porgandiseemne-kehavoi-113g-ja-hubased-sokid\/"},"modified":"2022-11-01T18:47:58","modified_gmt":"2022-11-01T17:47:58","slug":"doterra-porgandiseemned-keha-voi-113g-ja-hubased-sokid","status":"publish","type":"product","link":"https:\/\/mamaterra.lt\/et\/parduotuve\/kingitused\/kingitused-naistele\/doterra-porgandiseemned-keha-voi-113g-ja-hubased-sokid\/","title":{"rendered":"doTERRA Porgandiseemne kehav\u00f5i 113g ja Hubased sokid"},"content":{"rendered":"<p><strong>doTERRA porgandiseemne kehav\u00f5i ja hubased sokid<\/strong><\/p>\n<p>&nbsp;<\/p>\n<p>Hellita oma nahka rikkaliku ja v\u00e4rskendava doTERRA kreemja kehav\u00f5i ning hubaste pidulike sokkidega.<\/p>\n<p>1 x Porgandiseemne kehav\u00f5i (113 g) ja hubased sokid (\u00fcks suurus).<\/p>\n<p>Paks ja kreemjas porgand s<span style=\"font-size: 16px; font-style: normal; font-weight: 400;\"> <\/span><span style=\"font-size: 16px; font-style: normal; font-weight: 400;\">annab v\u00e4rskendava, maandava aroomi ja niisutab nahka pikka aega. S<\/span><span style=\"font-size: 16px;\">lambaliha kehav\u00f5i on k\u00fcllastunud noorendavate porgandiseemnete, v\u00e4rskendavate piparm\u00fcndi ja <\/span>rosmariini CPTG\u00ae eeterlike \u00f5lidega.<\/p>\n<p>See luksuslik niisutaja sisaldab suurep\u00e4raseid oliivi-, magusa- ja jojoba\u00f5lisid ning kakaov\u00f5id, mis muudab keha \u00f5rnaks ega tunne end rasvasena, kuna see imendub kiiresti ja annab nahale soovitud toitu.<\/p>\n<ul>\n<li>Sobib k\u00f5ikidele nahat\u00fc\u00fcpidele.<\/li>\n<li>Porgandiseemne kehav\u00f5i on suurep\u00e4rane kingitus, kuid kindlasti hoidke endale purk v\u00f5i kaks.<\/li>\n<\/ul>\n","protected":false},"excerpt":{"rendered":"<ul>\n<li>1 x Porgandiseemne kehav\u00f5i (113 g) ja hubased sokid (\u00fcks suurus)<\/li>\n<li>Sobib k\u00f5ikidele nahat\u00fc\u00fcpidele<\/li>\n<li>Porgandiseemne kehav\u00f5i on suurep\u00e4rane kingitus, kuid kindlasti hoidke endale purk v\u00f5i kaks<\/li>\n<\/ul>\n","protected":false},"featured_media":14528,"template":"","meta":{"site-sidebar-layout":"default","site-content-layout":"default","ast-site-content-layout":"default","site-content-style":"default","site-sidebar-style":"default","ast-global-header-display":"","ast-banner-title-visibility":"","ast-main-header-display":"","ast-hfb-above-header-display":"","ast-hfb-below-header-display":"","ast-hfb-mobile-header-display":"","site-post-title":"","ast-breadcrumbs-content":"","ast-featured-img":"","footer-sml-layout":"","ast-disable-related-posts":"","theme-transparent-header-meta":"default","adv-header-id-meta":"","stick-header-meta":"","header-above-stick-meta":"","header-main-stick-meta":"","header-below-stick-meta":"","astra-migrate-meta-layouts":"default","ast-page-background-enabled":"default","ast-page-background-meta":{"desktop":{"background-color":"","background-image":"","background-repeat":"repeat","background-position":"center center","background-size":"auto","background-attachment":"scroll","background-type":"","background-media":"","overlay-type":"","overlay-color":"","overlay-opacity":"","overlay-gradient":""},"tablet":{"background-color":"","background-image":"","background-repeat":"repeat","background-position":"center center","background-size":"auto","background-attachment":"scroll","background-type":"","background-media":"","overlay-type":"","overlay-color":"","overlay-opacity":"","overlay-gradient":""},"mobile":{"background-color":"","background-image":"","background-repeat":"repeat","background-position":"center center","background-size":"auto","background-attachment":"scroll","background-type":"","background-media":"","overlay-type":"","overlay-color":"","overlay-opacity":"","overlay-gradient":""}},"ast-content-background-meta":{"desktop":{"background-color":"var(--ast-global-color-5)","background-image":"","background-repeat":"repeat","background-position":"center center","background-size":"auto","background-attachment":"scroll","background-type":"","background-media":"","overlay-type":"","overlay-color":"","overlay-opacity":"","overlay-gradient":""},"tablet":{"background-color":"var(--ast-global-color-5)","background-image":"","background-repeat":"repeat","background-position":"center center","background-size":"auto","background-attachment":"scroll","background-type":"","background-media":"","overlay-type":"","overlay-color":"","overlay-opacity":"","overlay-gradient":""},"mobile":{"background-color":"var(--ast-global-color-5)","background-image":"","background-repeat":"repeat","background-position":"center center","background-size":"auto","background-attachment":"scroll","background-type":"","background-media":"","overlay-type":"","overlay-color":"","overlay-opacity":"","overlay-gradient":""}}},"product_brand":[],"product_cat":[1710,1690,1696,1693],"product_tag":[],"class_list":{"0":"post-15893","1":"product","2":"type-product","3":"status-publish","4":"has-post-thumbnail","6":"product_cat-hugieen-ja-nahahooldus","7":"product_cat-kingitused","8":"product_cat-kingitused-meestele","9":"product_cat-kingitused-naistele","10":"desktop-align-left","11":"tablet-align-left","12":"mobile-align-left","14":"first","15":"outofstock","16":"taxable","17":"shipping-taxable","18":"purchasable","19":"product-type-simple"},"_links":{"self":[{"href":"https:\/\/mamaterra.lt\/et\/wp-json\/wp\/v2\/product\/15893","targetHints":{"allow":["GET"]}}],"collection":[{"href":"https:\/\/mamaterra.lt\/et\/wp-json\/wp\/v2\/product"}],"about":[{"href":"https:\/\/mamaterra.lt\/et\/wp-json\/wp\/v2\/types\/product"}],"wp:featuredmedia":[{"embeddable":true,"href":"https:\/\/mamaterra.lt\/et\/wp-json\/wp\/v2\/media\/14528"}],"wp:attachment":[{"href":"https:\/\/mamaterra.lt\/et\/wp-json\/wp\/v2\/media?parent=15893"}],"wp:term":[{"taxonomy":"product_brand","embeddable":true,"href":"https:\/\/mamaterra.lt\/et\/wp-json\/wp\/v2\/product_brand?post=15893"},{"taxonomy":"product_cat","embeddable":true,"href":"https:\/\/mamaterra.lt\/et\/wp-json\/wp\/v2\/product_cat?post=15893"},{"taxonomy":"product_tag","embeddable":true,"href":"https:\/\/mamaterra.lt\/et\/wp-json\/wp\/v2\/product_tag?post=15893"}],"curies":[{"name":"wp","href":"https:\/\/api.w.org\/{rel}","templated":true}]}}