{"id":15891,"date":"2022-09-17T11:46:44","date_gmt":"2022-09-17T10:46:44","guid":{"rendered":"https:\/\/mamaterra.lt\/parduotuve\/maaratlemata\/doterra-kreem-peale-raseerimist-metsatukk-150ml\/"},"modified":"2022-09-17T11:46:44","modified_gmt":"2022-09-17T10:46:44","slug":"doterra-kreem-parast-raseerimist-metsa-tuul-150ml","status":"publish","type":"product","link":"https:\/\/mamaterra.lt\/et\/parduotuve\/kingitused\/kingitused-meestele\/doterra-kreem-parast-raseerimist-metsa-tuul-150ml\/","title":{"rendered":"doTERRA kreem peale raseerimist metsatukk 150ml"},"content":{"rendered":"<p><strong>doTERRA Lotion p\u00e4rast raseerimist FOREST BREEZE<\/strong><\/p>\n<p>150 ml<\/p>\n<p>See kreem p\u00e4rast raseerimist on rikastatud Siberi kuuse, k\u00fcpressi, kadakamarjade, musta kuuse, loodusliku apelsini, viiruki ja k\u00f6\u00f6mne eeterlike \u00f5lidega &#8211; see on k\u00f5ik, mida teie nahk vajab, et tunda end v\u00e4rske ja v\u00e4rskena!<\/p>\n<ul>\n<li>Rikastatud Forest Breeze Nature Blend seguga, mis loodi eranditult Euroopa jaoks.<\/li>\n<li>Kerges, madala rasvasisaldusega valemis imendub Forest Breeze kreem p\u00e4rast raseerimist kiiresti nahka.<\/li>\n<\/ul>\n<p><strong>doTERRA kreem p\u00e4rast raseerimist FOREST BREEZE kasutamine:<\/strong><\/p>\n<ul>\n<li>Ideaalne igap\u00e4evaseks kasutamiseks osana nahahooldusre\u017eiimist.<\/li>\n<li>Sobib hommiku mitmekesistamiseks ja energia andmiseks terveks p\u00e4evaks.<\/li>\n<\/ul>\n<p><strong>doTERRA kreem p\u00e4rast raseerimist FOREST BREEZE Kasutusjuhendid:<\/strong><\/p>\n<ul>\n<li>Kandke \u00fchtlaselt v\u00e4rskelt raseeritud n\u00e4o- ja kaelanahale.<\/li>\n<\/ul>\n<p><strong>doTERRA kreem p\u00e4rast raseerimist FOREST BREEZE Koostis:<\/strong><\/p>\n<p>Vesi (Aqua), kapr\u00fc\u00fcl ja kapriline trigl\u00fctseriid, pent\u00fcleengl\u00fckool, tset\u00fc\u00fclalkohol, gl\u00fctser\u00fc\u00fclstearaat, tset\u00fc\u00fclpalmitaat, tsetear\u00fc\u00fclalkohol, gl\u00fctseriin, Butyrospermum Parkii (Shea) v\u00f5i, Abies Sibirica \u00f5li, Cupressus Sempervirens oksad\/. lehe\u00f5li, kadaka (Juniperus Communis) puuvilja\u00f5li, hariliku m\u00e4nni (Picea Mariana) okste ja\/v\u00f5i lehtede \u00f5li, Pimenta Officinalis&#8217;e (Pimenta) lehe\u00f5li, Citrus Aurantium Dulcis (apelsin) lehe\u00f5li, Boswellia Serrata \u00f5li, Pimenta Officinalis&#8217;e (Pimenta Officinalis) puuvilja\u00f5li, Cistus Ladaniferus \u00f5li, Carum Carvi seemne\u00f5li, Cistus Ladaniferus lehe- ja varreekstrakt, Persea Gratissima (avokaado) \u00f5li,  Beeta Vulgaris (peedi) juureekstrakt, Raphanus Sativus (redis) seemneekstrakt, naatriumstearo\u00fc\u00fclglutaat, steariinhape, naatriumlauro\u00fc\u00fclglutamaat, h\u00fcdroks\u00fcatsetofenoon, ksantaankummi, letsitiin, h\u00fcdrol\u00fc\u00fcsitud jojobaestrid, pullulaan, h\u00fcdrol\u00fc\u00fcsitud maisit\u00e4rklis, naatriumf\u00fctaat, h\u00fcdrogeenitud taime\u00f5li, skvalaan, fosfolipiidid, tokofer\u00fc\u00fclatsetaat, gl\u00fckonolaktoon, biosahhariid kummi-1, naatriumlevulinaat, gl\u00fctser\u00fc\u00fclkapr\u00fclaat, naatriumanisaat, naatriumanisaat, p-aniisiinhape, piimhape, r\u00e4nidioksiid, bens\u00fc\u00fcl  Alkohol, naatriumbensoaat, eugenool, limoneen, linalool.<\/p>\n","protected":false},"excerpt":{"rendered":"<ul>\n<li>doTERRA kreem 150ml<\/li>\n<li>Rikastatud Metsatuule loodusseguga<\/li>\n<li>Kerge, madala rasvasisaldusega koostisega Forest Breeze kreem imendub p\u00e4rast raseerimist kiiresti nahka<\/li>\n<\/ul>\n","protected":false},"featured_media":19276,"template":"","meta":{"site-sidebar-layout":"default","site-content-layout":"default","ast-site-content-layout":"default","site-content-style":"default","site-sidebar-style":"default","ast-global-header-display":"","ast-banner-title-visibility":"","ast-main-header-display":"","ast-hfb-above-header-display":"","ast-hfb-below-header-display":"","ast-hfb-mobile-header-display":"","site-post-title":"","ast-breadcrumbs-content":"","ast-featured-img":"","footer-sml-layout":"","ast-disable-related-posts":"","theme-transparent-header-meta":"default","adv-header-id-meta":"","stick-header-meta":"","header-above-stick-meta":"","header-main-stick-meta":"","header-below-stick-meta":"","astra-migrate-meta-layouts":"default","ast-page-background-enabled":"default","ast-page-background-meta":{"desktop":{"background-color":"","background-image":"","background-repeat":"repeat","background-position":"center center","background-size":"auto","background-attachment":"scroll","background-type":"","background-media":"","overlay-type":"","overlay-color":"","overlay-opacity":"","overlay-gradient":""},"tablet":{"background-color":"","background-image":"","background-repeat":"repeat","background-position":"center center","background-size":"auto","background-attachment":"scroll","background-type":"","background-media":"","overlay-type":"","overlay-color":"","overlay-opacity":"","overlay-gradient":""},"mobile":{"background-color":"","background-image":"","background-repeat":"repeat","background-position":"center center","background-size":"auto","background-attachment":"scroll","background-type":"","background-media":"","overlay-type":"","overlay-color":"","overlay-opacity":"","overlay-gradient":""}},"ast-content-background-meta":{"desktop":{"background-color":"var(--ast-global-color-5)","background-image":"","background-repeat":"repeat","background-position":"center center","background-size":"auto","background-attachment":"scroll","background-type":"","background-media":"","overlay-type":"","overlay-color":"","overlay-opacity":"","overlay-gradient":""},"tablet":{"background-color":"var(--ast-global-color-5)","background-image":"","background-repeat":"repeat","background-position":"center center","background-size":"auto","background-attachment":"scroll","background-type":"","background-media":"","overlay-type":"","overlay-color":"","overlay-opacity":"","overlay-gradient":""},"mobile":{"background-color":"var(--ast-global-color-5)","background-image":"","background-repeat":"repeat","background-position":"center center","background-size":"auto","background-attachment":"scroll","background-type":"","background-media":"","overlay-type":"","overlay-color":"","overlay-opacity":"","overlay-gradient":""}}},"product_brand":[],"product_cat":[1699,1710,1690,1696],"product_tag":[1564],"class_list":{"0":"post-15891","1":"product","2":"type-product","3":"status-publish","4":"has-post-thumbnail","6":"product_cat-eeterlikud-olid","7":"product_cat-hugieen-ja-nahahooldus","8":"product_cat-kingitused","9":"product_cat-kingitused-meestele","10":"product_tag-lotion-et","11":"desktop-align-left","12":"tablet-align-left","13":"mobile-align-left","15":"first","16":"outofstock","17":"taxable","18":"shipping-taxable","19":"purchasable","20":"product-type-simple"},"_links":{"self":[{"href":"https:\/\/mamaterra.lt\/et\/wp-json\/wp\/v2\/product\/15891","targetHints":{"allow":["GET"]}}],"collection":[{"href":"https:\/\/mamaterra.lt\/et\/wp-json\/wp\/v2\/product"}],"about":[{"href":"https:\/\/mamaterra.lt\/et\/wp-json\/wp\/v2\/types\/product"}],"wp:featuredmedia":[{"embeddable":true,"href":"https:\/\/mamaterra.lt\/et\/wp-json\/wp\/v2\/media\/19276"}],"wp:attachment":[{"href":"https:\/\/mamaterra.lt\/et\/wp-json\/wp\/v2\/media?parent=15891"}],"wp:term":[{"taxonomy":"product_brand","embeddable":true,"href":"https:\/\/mamaterra.lt\/et\/wp-json\/wp\/v2\/product_brand?post=15891"},{"taxonomy":"product_cat","embeddable":true,"href":"https:\/\/mamaterra.lt\/et\/wp-json\/wp\/v2\/product_cat?post=15891"},{"taxonomy":"product_tag","embeddable":true,"href":"https:\/\/mamaterra.lt\/et\/wp-json\/wp\/v2\/product_tag?post=15891"}],"curies":[{"name":"wp","href":"https:\/\/api.w.org\/{rel}","templated":true}]}}