{"id":15885,"date":"2022-10-01T20:38:26","date_gmt":"2022-10-01T19:38:26","guid":{"rendered":"https:\/\/mamaterra.lt\/parduotuve\/maaratlemata\/doterra-kit-hygge-eeterlike-olide-segu-15ml-ja-tass\/"},"modified":"2023-12-13T19:54:04","modified_gmt":"2023-12-13T18:54:04","slug":"doterra-hygge-eeterlik-oli-segu-15ml","status":"publish","type":"product","link":"https:\/\/mamaterra.lt\/et\/parduotuve\/eeterlikud-olid\/eeterlike-olide-segud\/doterra-hygge-eeterlik-oli-segu-15ml\/","title":{"rendered":"doterra HYGGE eeterlike \u00f5lide segu 15ml"},"content":{"rendered":"<p><strong>HYGGE eeterlike \u00f5lide segu 15ml<\/strong><\/p>\n<p>Kogege rahulolu ja heaolu segu, mis on inspireeritud Taani Hygge kontseptsioonist.<\/p>\n<p>See on soe rahulolutunne, mida tunned, kui naudid kodust elu koos oma kalli pere ja s\u00f5pradega. P\u00f5hjamaades on see tunne tuntud kui Hygge (h\u00e4\u00e4ldatakse hoo-gah) &#8211; see on tava avastada r\u00f5\u00f5mu igap\u00e4evastel hetkedel. doTERRA annab selle \u00f5dususe ja tuttavlikkuse edasi pudelis HYGGE Cozy Blendiga. \u00dcmbritsege end apelsinide, soojade ja maiste puude ning magusa vanilje v\u00e4rske, l\u00f5hnava aroomiga. Las HYGGE rikkalik aroom viib teid rahulolu kohta. R\u00f5\u00f5mustage pisiasjade \u00fcle. Lihtsad naudingud on parimad!<\/p>\n<p><strong>doTERRA HYGGE eeterlike \u00f5lide segu koostisosad:<\/strong><\/p>\n<p>Metsik apelsin, seeder, amir, viiruk, m\u00fcrr, ts\u00fcst, vetiver, tonka oad ja vanilje.<\/p>\n<p><strong>doTERRA HYGGE eeterlike \u00f5lide segu kasutamine:<\/strong><\/p>\n<ul>\n<li>Hajutage, et luua soe ja kutsuv keskkond.<\/li>\n<li>Sega destilleeritud vee ja n\u00f5iakepiga isetehtud toasprei valmistamiseks<\/li>\n<\/ul>\n<p><strong>doTERRA HYGGE eeterlike \u00f5lide segu juhised:<\/strong><br \/>\n<strong>Difusiooni teel:<\/strong> Kasutage valitud hajutis 3-4 tilka.<\/p>\n","protected":false},"excerpt":{"rendered":"<p>\u00dcmbritsege end apelsinide, soojade ja maiste puude ning magusa vanilje v\u00e4rske, l\u00f5hnava aroomiga. Las HYGGE rikkalik aroom viib teid rahulolu kohta. R\u00f5\u00f5mustage pisiasjade \u00fcle. Lihtsad naudingud on parimad!<\/p>\n","protected":false},"featured_media":14168,"template":"","meta":{"site-sidebar-layout":"default","site-content-layout":"default","ast-site-content-layout":"default","site-content-style":"default","site-sidebar-style":"default","ast-global-header-display":"","ast-banner-title-visibility":"","ast-main-header-display":"","ast-hfb-above-header-display":"","ast-hfb-below-header-display":"","ast-hfb-mobile-header-display":"","site-post-title":"","ast-breadcrumbs-content":"","ast-featured-img":"","footer-sml-layout":"","ast-disable-related-posts":"","theme-transparent-header-meta":"default","adv-header-id-meta":"","stick-header-meta":"","header-above-stick-meta":"","header-main-stick-meta":"","header-below-stick-meta":"","astra-migrate-meta-layouts":"set","ast-page-background-enabled":"default","ast-page-background-meta":{"desktop":{"background-color":"","background-image":"","background-repeat":"repeat","background-position":"center center","background-size":"auto","background-attachment":"scroll","background-type":"","background-media":"","overlay-type":"","overlay-color":"","overlay-opacity":"","overlay-gradient":""},"tablet":{"background-color":"","background-image":"","background-repeat":"repeat","background-position":"center center","background-size":"auto","background-attachment":"scroll","background-type":"","background-media":"","overlay-type":"","overlay-color":"","overlay-opacity":"","overlay-gradient":""},"mobile":{"background-color":"","background-image":"","background-repeat":"repeat","background-position":"center center","background-size":"auto","background-attachment":"scroll","background-type":"","background-media":"","overlay-type":"","overlay-color":"","overlay-opacity":"","overlay-gradient":""}},"ast-content-background-meta":{"desktop":{"background-color":"var(--ast-global-color-5)","background-image":"","background-repeat":"repeat","background-position":"center center","background-size":"auto","background-attachment":"scroll","background-type":"","background-media":"","overlay-type":"","overlay-color":"","overlay-opacity":"","overlay-gradient":""},"tablet":{"background-color":"var(--ast-global-color-5)","background-image":"","background-repeat":"repeat","background-position":"center center","background-size":"auto","background-attachment":"scroll","background-type":"","background-media":"","overlay-type":"","overlay-color":"","overlay-opacity":"","overlay-gradient":""},"mobile":{"background-color":"var(--ast-global-color-5)","background-image":"","background-repeat":"repeat","background-position":"center center","background-size":"auto","background-attachment":"scroll","background-type":"","background-media":"","overlay-type":"","overlay-color":"","overlay-opacity":"","overlay-gradient":""}}},"product_brand":[],"product_cat":[1701,1729,1737,1753],"product_tag":[731,1532,1145,1597],"class_list":{"0":"post-15885","1":"product","2":"type-product","3":"status-publish","4":"has-post-thumbnail","6":"product_cat-eeterlike-olide-segud","7":"product_cat-immuunsuse-tugevdamiseks","8":"product_cat-magamiseks","9":"product_cat-stressi-juhtimine","10":"product_tag-15ml-et","11":"product_tag-eeterlikud-olid","12":"product_tag-hygge-et","13":"product_tag-komplektid","14":"desktop-align-left","15":"tablet-align-left","16":"mobile-align-left","18":"first","19":"instock","20":"taxable","21":"shipping-taxable","22":"purchasable","23":"product-type-simple"},"_links":{"self":[{"href":"https:\/\/mamaterra.lt\/et\/wp-json\/wp\/v2\/product\/15885","targetHints":{"allow":["GET"]}}],"collection":[{"href":"https:\/\/mamaterra.lt\/et\/wp-json\/wp\/v2\/product"}],"about":[{"href":"https:\/\/mamaterra.lt\/et\/wp-json\/wp\/v2\/types\/product"}],"wp:featuredmedia":[{"embeddable":true,"href":"https:\/\/mamaterra.lt\/et\/wp-json\/wp\/v2\/media\/14168"}],"wp:attachment":[{"href":"https:\/\/mamaterra.lt\/et\/wp-json\/wp\/v2\/media?parent=15885"}],"wp:term":[{"taxonomy":"product_brand","embeddable":true,"href":"https:\/\/mamaterra.lt\/et\/wp-json\/wp\/v2\/product_brand?post=15885"},{"taxonomy":"product_cat","embeddable":true,"href":"https:\/\/mamaterra.lt\/et\/wp-json\/wp\/v2\/product_cat?post=15885"},{"taxonomy":"product_tag","embeddable":true,"href":"https:\/\/mamaterra.lt\/et\/wp-json\/wp\/v2\/product_tag?post=15885"}],"curies":[{"name":"wp","href":"https:\/\/api.w.org\/{rel}","templated":true}]}}