{"id":15883,"date":"2022-11-01T18:11:19","date_gmt":"2022-11-01T17:11:19","guid":{"rendered":"https:\/\/mamaterra.lt\/parduotuve\/maaratlemata\/veluuriga-kuumutatud-pehme-mangukuulik-ja-lavendli-pure-dottera-eeterlik-oli-15ml\/"},"modified":"2022-11-01T18:11:19","modified_gmt":"2022-11-01T17:11:19","slug":"veluur-kuumutatud-sotkumine-kuulik-ja-lavendel-puhas-doterra-eeterlik-oli-15ml","status":"publish","type":"product","link":"https:\/\/mamaterra.lt\/et\/parduotuve\/eeterlikud-olid\/puhtad-eeterlikud-olid\/veluur-kuumutatud-sotkumine-kuulik-ja-lavendel-puhas-doterra-eeterlik-oli-15ml\/","title":{"rendered":"Veluuriga kuumutatud pehme m\u00e4nguk\u00fc\u00fclik ja LAVENDLI Pure doTTERA eeterlik \u00f5li 15ml"},"content":{"rendered":"<p><strong>Veluuriga kuumutatud pehme m\u00e4nguk\u00fc\u00fclik ja LAVENDLI Pure doTTERA eeterlik \u00f5li 15ml<\/strong><\/p>\n<p>&nbsp;<\/p>\n<p>See t\u00e4iuslik kombinatsioon, mis on loodud meie v\u00e4ikesi silmas pidades, v\u00f5imaldab teil end mugavalt tunda ja hubast talve nautida.<\/p>\n<ul>\n<li>1 veluur kuumutatud pehme m\u00e4nguj\u00e4nes ja Lavendli eeterlik \u00f5li (15 ml)<\/li>\n<li>Sellel pehmel m\u00e4nguk\u00fc\u00fclikul on eemaldatav padi, mida saab mikrolaineahjus kuumutada. P\u00e4rast padja soojendamist on v\u00f5imalik sellele eeterlikku \u00f5li kanda!<\/li>\n<li>Veluuriga kuumutatud pehme m\u00e4nguk\u00fc\u00fcliku m\u00f5\u00f5dud: 26 x 24 x 12 cm<\/li>\n<\/ul>\n<p>&nbsp;<\/p>\n<p><strong>LAVENDLI Pure doTTERA eeterlik \u00f5li 15ml<\/strong><\/p>\n<p>Lavandula angustifolia | 15ml<\/p>\n<p>&nbsp;<\/p>\n<p><strong>LAVENDLI Pure doTTERA eeterlik \u00f5li Kirjeldus:<\/strong><\/p>\n<p>Lavendlit on tuhandeid aastaid hinnatud selle erilise aroomi ja tervisele kasulike omaduste poolest.<\/p>\n<ul>\n<li>Laialdaselt kasutatav t\u00e4nu oma rahustavale ja l\u00f5\u00f5gastavale toimele<\/li>\n<li>V\u00e4hendab naha\u00e4rritusi<\/li>\n<li>M\u00f5jub l\u00f5\u00f5gastavalt, mis aitab luua atmosf\u00e4\u00e4ri, mis elavdab \u00fclej\u00e4\u00e4nud<\/li>\n<\/ul>\n<p>&nbsp;<\/p>\n<p>Rohkem infot <strong>lavendli <\/strong><strong>doTERRA<\/strong> kohta<strong> <\/strong><strong>Eeterliku \u00f5li <\/strong>leiate allolevast videost.<\/p>\n<p><iframe title=\"doTERRA\u00ae lavendli\u00f5li kasutusalad ja eelised\" src=\"https:\/\/www.youtube.com\/embed\/wjbHnTrTeKc\" width=\"853\" height=\"480\" frameborder=\"0\" allowfullscreen=\"allowfullscreen\"><\/iframe><\/p>\n","protected":false},"excerpt":{"rendered":"<ul>\n<li>1 veluur kuumutatud pehme m\u00e4nguj\u00e4nes ja Lavendli eeterlik \u00f5li (15 ml)<\/li>\n<li>Lavendli eeterlik allee v\u00e4hendab naha\u00e4rritusi<\/li>\n<li>M\u00f5jub l\u00f5\u00f5gastavalt, mis aitab luua atmosf\u00e4\u00e4ri, mis elavdab \u00fclej\u00e4\u00e4nud<\/li>\n<li>\n<\/li>\n<\/ul>\n","protected":false},"featured_media":14513,"template":"","meta":{"site-sidebar-layout":"default","site-content-layout":"default","ast-site-content-layout":"default","site-content-style":"default","site-sidebar-style":"default","ast-global-header-display":"","ast-banner-title-visibility":"","ast-main-header-display":"","ast-hfb-above-header-display":"","ast-hfb-below-header-display":"","ast-hfb-mobile-header-display":"","site-post-title":"","ast-breadcrumbs-content":"","ast-featured-img":"","footer-sml-layout":"","ast-disable-related-posts":"","theme-transparent-header-meta":"default","adv-header-id-meta":"","stick-header-meta":"","header-above-stick-meta":"","header-main-stick-meta":"","header-below-stick-meta":"","astra-migrate-meta-layouts":"default","ast-page-background-enabled":"default","ast-page-background-meta":{"desktop":{"background-color":"","background-image":"","background-repeat":"repeat","background-position":"center center","background-size":"auto","background-attachment":"scroll","background-type":"","background-media":"","overlay-type":"","overlay-color":"","overlay-opacity":"","overlay-gradient":""},"tablet":{"background-color":"","background-image":"","background-repeat":"repeat","background-position":"center center","background-size":"auto","background-attachment":"scroll","background-type":"","background-media":"","overlay-type":"","overlay-color":"","overlay-opacity":"","overlay-gradient":""},"mobile":{"background-color":"","background-image":"","background-repeat":"repeat","background-position":"center center","background-size":"auto","background-attachment":"scroll","background-type":"","background-media":"","overlay-type":"","overlay-color":"","overlay-opacity":"","overlay-gradient":""}},"ast-content-background-meta":{"desktop":{"background-color":"var(--ast-global-color-5)","background-image":"","background-repeat":"repeat","background-position":"center center","background-size":"auto","background-attachment":"scroll","background-type":"","background-media":"","overlay-type":"","overlay-color":"","overlay-opacity":"","overlay-gradient":""},"tablet":{"background-color":"var(--ast-global-color-5)","background-image":"","background-repeat":"repeat","background-position":"center center","background-size":"auto","background-attachment":"scroll","background-type":"","background-media":"","overlay-type":"","overlay-color":"","overlay-opacity":"","overlay-gradient":""},"mobile":{"background-color":"var(--ast-global-color-5)","background-image":"","background-repeat":"repeat","background-position":"center center","background-size":"auto","background-attachment":"scroll","background-type":"","background-media":"","overlay-type":"","overlay-color":"","overlay-opacity":"","overlay-gradient":""}}},"product_brand":[],"product_cat":[1690,1696,1693,1756,1737,1705,1753],"product_tag":[731,1532,1118],"class_list":{"0":"post-15883","1":"product","2":"type-product","3":"status-publish","4":"has-post-thumbnail","6":"product_cat-kingitused","7":"product_cat-kingitused-meestele","8":"product_cat-kingitused-naistele","9":"product_cat-lastele","10":"product_cat-magamiseks","11":"product_cat-puhtad-eeterlikud-olid","12":"product_cat-stressi-juhtimine","13":"product_tag-15ml-et","14":"product_tag-eeterlikud-olid","15":"product_tag-lavender-et","16":"desktop-align-left","17":"tablet-align-left","18":"mobile-align-left","20":"first","21":"instock","22":"taxable","23":"shipping-taxable","24":"purchasable","25":"product-type-simple"},"_links":{"self":[{"href":"https:\/\/mamaterra.lt\/et\/wp-json\/wp\/v2\/product\/15883","targetHints":{"allow":["GET"]}}],"collection":[{"href":"https:\/\/mamaterra.lt\/et\/wp-json\/wp\/v2\/product"}],"about":[{"href":"https:\/\/mamaterra.lt\/et\/wp-json\/wp\/v2\/types\/product"}],"wp:featuredmedia":[{"embeddable":true,"href":"https:\/\/mamaterra.lt\/et\/wp-json\/wp\/v2\/media\/14513"}],"wp:attachment":[{"href":"https:\/\/mamaterra.lt\/et\/wp-json\/wp\/v2\/media?parent=15883"}],"wp:term":[{"taxonomy":"product_brand","embeddable":true,"href":"https:\/\/mamaterra.lt\/et\/wp-json\/wp\/v2\/product_brand?post=15883"},{"taxonomy":"product_cat","embeddable":true,"href":"https:\/\/mamaterra.lt\/et\/wp-json\/wp\/v2\/product_cat?post=15883"},{"taxonomy":"product_tag","embeddable":true,"href":"https:\/\/mamaterra.lt\/et\/wp-json\/wp\/v2\/product_tag?post=15883"}],"curies":[{"name":"wp","href":"https:\/\/api.w.org\/{rel}","templated":true}]}}