{"id":15878,"date":"2022-09-26T19:40:02","date_gmt":"2022-09-26T18:40:02","guid":{"rendered":"https:\/\/mamaterra.lt\/parduotuve\/maaratlemata\/looduslik-doterra-deodorant-douglas-fir-i-ja-kreeka-apelsini-doterra-eeterlike-olidega-75g\/"},"modified":"2022-09-26T19:40:02","modified_gmt":"2022-09-26T18:40:02","slug":"looduslik-doterra-deodorant-douglas-kuusk-ja-kreeka-apelsin-doterra-eeterlikud-olid","status":"publish","type":"product","link":"https:\/\/mamaterra.lt\/et\/parduotuve\/eeterlikud-olid\/eeterlike-olide-segud\/looduslik-doterra-deodorant-douglas-kuusk-ja-kreeka-apelsin-doterra-eeterlikud-olid\/","title":{"rendered":"Looduslik doterra deodorant Douglas FIR-i ja KREEKA APELSINI doTERRA eeterlike \u00f5lidega 75g"},"content":{"rendered":"<p><strong>Looduslik deodorant tundlikele inimestele doTERRA Douglas Fir ja Greek Orange<\/strong><\/p>\n<p>75g<\/p>\n<p>Looduslik deodorant DOUGLAS FIR ja GREEK ORANGE doTERRA eeterlike \u00f5lidega on deodorant, mida v\u00f5ite usaldada. V\u00f5ite loobuda alumiiniumist, parabeenidest, ftalaatidest ja talkist ning l\u00f5hnata endiselt h\u00e4mmastavalt. Kasuta doTERRA looduslikku deodoranti ja tunneta puhtuse v\u00e4ge.<\/p>\n<p>See looduslik deodorant kaitseb aktiivselt ebameeldivate l\u00f5hnade eest ja tagab kauakestva v\u00e4rskuse.<\/p>\n<p><strong>Loodusliku doTERRA Deodoranto koostisosad koos doTERRA DOUGLAS FIR ja KREEKA ORANGE doTERRA eeterlike \u00f5lidega:<\/strong><\/p>\n<ul>\n<li>Tapiokit\u00e4rklis: Kaasa arvatud: imab kaenlaalustesse niiskust, muutes teid kogu p\u00e4eva jooksul v\u00e4rskeks ja kuivaks<\/li>\n<li>kapr\u00fc\u00fcllium ja kapr\u00fc\u00fcltrigl\u00fctseriid: looduslik oklusioon, mis on p\u00f5him\u00f5tteliselt nagu nahakonditsioneer<\/li>\n<li>Stear\u00fc\u00fclalkohol: taimset p\u00e4ritolu stabilisaator<\/li>\n<li>Magneesium: aitab neutraliseerida l\u00f5hnu ja on absorbeeriv pH regulaator<\/li>\n<li>Butyrospermum parkii: tuntud ka kui sheav\u00f5i<\/li>\n<li>Cocos nucifera: tuntud ka kui kookos\u00f5li<\/li>\n<li>Helianthus annuus: tuntud ka kui p\u00e4evalilleseemne\u00f5li<\/li>\n<li>Simmondsia chinensis: tuntud ka kui jojobaseemne\u00f5li<\/li>\n<li>jojoba estrid: Looduslik pehmendav aine, mis aitab s\u00e4ilitada pehmet, siledat ja elastset nahka.<\/li>\n<li>Pol\u00fcgl\u00fctser\u00fc\u00fcl-3 mesilasvaha: mesilasvahast saadakse emulgaator<\/li>\n<li>h\u00fcdrogeenitud kastoor\u00f5li: Teine oklusiivne v\u00f5i looduslik nahapalsam<\/li>\n<li>Triet\u00fc\u00fcltsitraat: taimne ens\u00fc\u00fcm ja kasulik deodorant<\/li>\n<li>Kreeka apelsini (Citrus aurantium dulcis) eeterlik \u00f5li: sellel on v\u00e4ljendunud, energiline tsitrusviljade aroom.<\/li>\n<li>Douglase kuuse (Pseudotsuga menziesii) eeterlik \u00f5li: on v\u00e4rske, v\u00e4rske aroomiga ja v\u00f5ib paikselt kasutamisel nahka puhastada<\/li>\n<li>tokoferool: antioks\u00fcdantsete omadustega E-vitamiiniga seotud looduslik \u00fchend.<\/li>\n<\/ul>\n","protected":false},"excerpt":{"rendered":"<ul>\n<li>Looduslik deodorant DOUGLAS FIR-i ja KREEKA APELSINI doTERRA eeterlike \u00f5lidega<\/li>\n<li>Deodorant 75g<\/li>\n<li>See looduslik deodorant kaitseb aktiivselt ebameeldivate l\u00f5hnade eest ja tagab kauakestva v\u00e4rskuse<\/li>\n<\/ul>\n","protected":false},"featured_media":14180,"template":"","meta":{"site-sidebar-layout":"default","site-content-layout":"default","ast-site-content-layout":"default","site-content-style":"default","site-sidebar-style":"default","ast-global-header-display":"","ast-banner-title-visibility":"","ast-main-header-display":"","ast-hfb-above-header-display":"","ast-hfb-below-header-display":"","ast-hfb-mobile-header-display":"","site-post-title":"","ast-breadcrumbs-content":"","ast-featured-img":"","footer-sml-layout":"","ast-disable-related-posts":"","theme-transparent-header-meta":"default","adv-header-id-meta":"","stick-header-meta":"","header-above-stick-meta":"","header-main-stick-meta":"","header-below-stick-meta":"","astra-migrate-meta-layouts":"default","ast-page-background-enabled":"default","ast-page-background-meta":{"desktop":{"background-color":"","background-image":"","background-repeat":"repeat","background-position":"center center","background-size":"auto","background-attachment":"scroll","background-type":"","background-media":"","overlay-type":"","overlay-color":"","overlay-opacity":"","overlay-gradient":""},"tablet":{"background-color":"","background-image":"","background-repeat":"repeat","background-position":"center center","background-size":"auto","background-attachment":"scroll","background-type":"","background-media":"","overlay-type":"","overlay-color":"","overlay-opacity":"","overlay-gradient":""},"mobile":{"background-color":"","background-image":"","background-repeat":"repeat","background-position":"center center","background-size":"auto","background-attachment":"scroll","background-type":"","background-media":"","overlay-type":"","overlay-color":"","overlay-opacity":"","overlay-gradient":""}},"ast-content-background-meta":{"desktop":{"background-color":"var(--ast-global-color-5)","background-image":"","background-repeat":"repeat","background-position":"center center","background-size":"auto","background-attachment":"scroll","background-type":"","background-media":"","overlay-type":"","overlay-color":"","overlay-opacity":"","overlay-gradient":""},"tablet":{"background-color":"var(--ast-global-color-5)","background-image":"","background-repeat":"repeat","background-position":"center center","background-size":"auto","background-attachment":"scroll","background-type":"","background-media":"","overlay-type":"","overlay-color":"","overlay-opacity":"","overlay-gradient":""},"mobile":{"background-color":"var(--ast-global-color-5)","background-image":"","background-repeat":"repeat","background-position":"center center","background-size":"auto","background-attachment":"scroll","background-type":"","background-media":"","overlay-type":"","overlay-color":"","overlay-opacity":"","overlay-gradient":""}}},"product_brand":[],"product_cat":[1701,1710],"product_tag":[736,1615,1226,1191],"class_list":{"0":"post-15878","1":"product","2":"type-product","3":"status-publish","4":"has-post-thumbnail","6":"product_cat-eeterlike-olide-segud","7":"product_cat-hugieen-ja-nahahooldus","8":"product_tag-75g-et","9":"product_tag-deodorant-et","10":"product_tag-douglas-fir-et","11":"product_tag-greek-orange-et","12":"desktop-align-left","13":"tablet-align-left","14":"mobile-align-left","16":"first","17":"instock","18":"taxable","19":"shipping-taxable","20":"purchasable","21":"product-type-simple"},"_links":{"self":[{"href":"https:\/\/mamaterra.lt\/et\/wp-json\/wp\/v2\/product\/15878","targetHints":{"allow":["GET"]}}],"collection":[{"href":"https:\/\/mamaterra.lt\/et\/wp-json\/wp\/v2\/product"}],"about":[{"href":"https:\/\/mamaterra.lt\/et\/wp-json\/wp\/v2\/types\/product"}],"wp:featuredmedia":[{"embeddable":true,"href":"https:\/\/mamaterra.lt\/et\/wp-json\/wp\/v2\/media\/14180"}],"wp:attachment":[{"href":"https:\/\/mamaterra.lt\/et\/wp-json\/wp\/v2\/media?parent=15878"}],"wp:term":[{"taxonomy":"product_brand","embeddable":true,"href":"https:\/\/mamaterra.lt\/et\/wp-json\/wp\/v2\/product_brand?post=15878"},{"taxonomy":"product_cat","embeddable":true,"href":"https:\/\/mamaterra.lt\/et\/wp-json\/wp\/v2\/product_cat?post=15878"},{"taxonomy":"product_tag","embeddable":true,"href":"https:\/\/mamaterra.lt\/et\/wp-json\/wp\/v2\/product_tag?post=15878"}],"curies":[{"name":"wp","href":"https:\/\/api.w.org\/{rel}","templated":true}]}}