{"id":15873,"date":"2022-12-03T22:07:16","date_gmt":"2022-12-03T21:07:16","guid":{"rendered":"https:\/\/mamaterra.lt\/parduotuve\/maaratlemata\/vananemisvastane-doterra-eeterliku-oli-silmakreem-vananemisvastane-silmakreem-15ml\/"},"modified":"2024-03-11T20:57:30","modified_gmt":"2024-03-11T19:57:30","slug":"vananemisvastane-doterra-eeterliku-oli-silmakreem-vananemisvastane-silmakreem-15ml","status":"publish","type":"product","link":"https:\/\/mamaterra.lt\/et\/parduotuve\/eeterlikud-olid\/eeterlike-olide-segud\/vananemisvastane-doterra-eeterliku-oli-silmakreem-vananemisvastane-silmakreem-15ml\/","title":{"rendered":"Vananemisvastane doTERRA eeterliku \u00f5li silmakreem (vananemisvastane silmakreem) 15ml"},"content":{"rendered":"<p><strong>Vananemisvastane silmakreem (Anti-Aging Eye Cream)<\/strong><\/p>\n<p>15ml<\/p>\n<p>&nbsp;<\/p>\n<p><strong>Vananemisvastase silmakreemi doTERRA vananemisvastase silmakreemi peamised eelised ja \u00fcldine kirjeldus, mis peatavad vananemise:<\/strong><\/p>\n<p><span style=\"font-size: 16px;\">doTERRA vananemisvastane silmakreem \u00fchendab endas boswellia, l\u00f5hnava kanangi (Ylang Ylang) ja mesitarude CPTG eeterlikud \u00f5lid, et v\u00f5idelda vananemisilmingutega silmade tundliku piirkonna \u00fcmbruses, aidates v\u00e4hendada aja jooksul ilmnenud naha puudusi.<\/span><\/p>\n<p>See uuenduslik valem, mis on osa igap\u00e4evasest nahahooldustoodete sarjast, niisutab, v\u00e4hendab tumedate ringide v\u00e4ljan\u00e4gemist ning parandab naha tugevust ja toonust.<\/p>\n<p>Ainulaadne terasest kuulaplikaator jahutab ja rahustab silmanahka, aitab v\u00e4hendada turset ja tumedate ringide teket ning kreemi kantakse \u00f5rnalt sihtpiirkondadele.<\/p>\n<ul>\n<li>Bakuchiol aitab nahka toniseerida ja pinguldada<\/li>\n<li>Valge vahuseemne\u00f5li niisutab nahka s\u00fcgavalt oma niisutavate omadustega<\/li>\n<li>Ainulaadne terasest kuulaplikaator v\u00f5imaldab teil kreemi iga kord optimaalselt kasutada<\/li>\n<\/ul>\n<p>&nbsp;<\/p>\n<p>&nbsp;<\/p>\n","protected":false},"excerpt":{"rendered":"<ul>\n<li>Bakuchiol aitab nahka toniseerida ja pinguldada<\/li>\n<li>Valge vahuseemne\u00f5li niisutab nahka s\u00fcgavalt oma niisutavate omadustega<\/li>\n<li>Ainulaadne terasest kuulaplikaator v\u00f5imaldab teil kreemi iga kord optimaalselt kasutada<\/li>\n<\/ul>\n","protected":false},"featured_media":14672,"template":"","meta":{"site-sidebar-layout":"default","site-content-layout":"default","ast-site-content-layout":"default","site-content-style":"default","site-sidebar-style":"default","ast-global-header-display":"","ast-banner-title-visibility":"","ast-main-header-display":"","ast-hfb-above-header-display":"","ast-hfb-below-header-display":"","ast-hfb-mobile-header-display":"","site-post-title":"","ast-breadcrumbs-content":"","ast-featured-img":"","footer-sml-layout":"","ast-disable-related-posts":"","theme-transparent-header-meta":"default","adv-header-id-meta":"","stick-header-meta":"","header-above-stick-meta":"","header-main-stick-meta":"","header-below-stick-meta":"","astra-migrate-meta-layouts":"set","ast-page-background-enabled":"default","ast-page-background-meta":{"desktop":{"background-color":"","background-image":"","background-repeat":"repeat","background-position":"center center","background-size":"auto","background-attachment":"scroll","background-type":"","background-media":"","overlay-type":"","overlay-color":"","overlay-opacity":"","overlay-gradient":""},"tablet":{"background-color":"","background-image":"","background-repeat":"repeat","background-position":"center center","background-size":"auto","background-attachment":"scroll","background-type":"","background-media":"","overlay-type":"","overlay-color":"","overlay-opacity":"","overlay-gradient":""},"mobile":{"background-color":"","background-image":"","background-repeat":"repeat","background-position":"center center","background-size":"auto","background-attachment":"scroll","background-type":"","background-media":"","overlay-type":"","overlay-color":"","overlay-opacity":"","overlay-gradient":""}},"ast-content-background-meta":{"desktop":{"background-color":"var(--ast-global-color-5)","background-image":"","background-repeat":"repeat","background-position":"center center","background-size":"auto","background-attachment":"scroll","background-type":"","background-media":"","overlay-type":"","overlay-color":"","overlay-opacity":"","overlay-gradient":""},"tablet":{"background-color":"var(--ast-global-color-5)","background-image":"","background-repeat":"repeat","background-position":"center center","background-size":"auto","background-attachment":"scroll","background-type":"","background-media":"","overlay-type":"","overlay-color":"","overlay-opacity":"","overlay-gradient":""},"mobile":{"background-color":"var(--ast-global-color-5)","background-image":"","background-repeat":"repeat","background-position":"center center","background-size":"auto","background-attachment":"scroll","background-type":"","background-media":"","overlay-type":"","overlay-color":"","overlay-opacity":"","overlay-gradient":""}}},"product_brand":[],"product_cat":[1701,1710,1690,1693],"product_tag":[],"class_list":{"0":"post-15873","1":"product","2":"type-product","3":"status-publish","4":"has-post-thumbnail","6":"product_cat-eeterlike-olide-segud","7":"product_cat-hugieen-ja-nahahooldus","8":"product_cat-kingitused","9":"product_cat-kingitused-naistele","10":"desktop-align-left","11":"tablet-align-left","12":"mobile-align-left","14":"first","15":"instock","16":"sale","17":"taxable","18":"shipping-taxable","19":"purchasable","20":"product-type-simple"},"_links":{"self":[{"href":"https:\/\/mamaterra.lt\/et\/wp-json\/wp\/v2\/product\/15873","targetHints":{"allow":["GET"]}}],"collection":[{"href":"https:\/\/mamaterra.lt\/et\/wp-json\/wp\/v2\/product"}],"about":[{"href":"https:\/\/mamaterra.lt\/et\/wp-json\/wp\/v2\/types\/product"}],"wp:featuredmedia":[{"embeddable":true,"href":"https:\/\/mamaterra.lt\/et\/wp-json\/wp\/v2\/media\/14672"}],"wp:attachment":[{"href":"https:\/\/mamaterra.lt\/et\/wp-json\/wp\/v2\/media?parent=15873"}],"wp:term":[{"taxonomy":"product_brand","embeddable":true,"href":"https:\/\/mamaterra.lt\/et\/wp-json\/wp\/v2\/product_brand?post=15873"},{"taxonomy":"product_cat","embeddable":true,"href":"https:\/\/mamaterra.lt\/et\/wp-json\/wp\/v2\/product_cat?post=15873"},{"taxonomy":"product_tag","embeddable":true,"href":"https:\/\/mamaterra.lt\/et\/wp-json\/wp\/v2\/product_tag?post=15873"}],"curies":[{"name":"wp","href":"https:\/\/api.w.org\/{rel}","templated":true}]}}