{"id":15870,"date":"2021-04-19T09:21:55","date_gmt":"2021-04-19T08:21:55","guid":{"rendered":"https:\/\/mamaterra.lt\/parduotuve\/maaratlemata\/doterra-raudrohi-pom-keha-noorendav-seerum-100ml\/"},"modified":"2021-04-19T09:21:55","modified_gmt":"2021-04-19T08:21:55","slug":"doterra-raudrohi-pom-keha-noorendav-seerum-100ml","status":"publish","type":"product","link":"https:\/\/mamaterra.lt\/et\/parduotuve\/hugieen-ja-nahahooldus\/yarrow-pom-tooted\/doterra-raudrohi-pom-keha-noorendav-seerum-100ml\/","title":{"rendered":"doTERRA Raudrohi| Pom keha noorendav seerum 100ml"},"content":{"rendered":"<p><strong>doTERRA Raudrohi | Pom keha noorendav seerum  <\/strong><\/p>\n<p>100 ml<\/p>\n<p>&nbsp;<\/p>\n<p><strong>doTERRA Raudrohi | Pom keha noorendav seerum Peamised omadused:<\/strong><\/p>\n<p>Raudrohi | Pom keha uuendav seerum on luksuslik siidise tekstuuriga seerum, mis sisaldab rikkalikult bioloogiliselt aktiivseid aineid ja nahka kaitsvaid valke, mis pakuvad teie nahale k\u00f5ige hoolivamat hooldust ja tagavad selle ilu. Hariliku raudrohu eeterlik \u00f5li ja k\u00fclmpressitud granaat\u00f5unaseemne\u00f5li m\u00f5juvad s\u00fcnergiliselt ja aitavad nahal noor v\u00e4lja n\u00e4ha.<\/p>\n<p>Teised CPTG\u2122 romaani kummeli, mandariinil\u00f5hnalise, piparm\u00fcndi ja kanangi eeterlikud \u00f5lid rahustavad nahka ning loovad positiivse ja l\u00f5\u00f5gastava meeleolu. Jojoba-, p\u00e4evalille-, viinamarja- ja argaaniatuuma\u00f5lid toidavad nahka s\u00fcgavuti. Kohvioa ekstrakt ja granaat\u00f5una estrid v\u00f5ivad anda nahale s\u00e4ra ja parandada selle v\u00e4limust, et s\u00e4rada eredalt peast varvaste otsteni.<\/p>\n<ul>\n<li>Raudrohu eeterlik \u00f5li annab nahale terve ja noorusliku v\u00e4limuse<\/li>\n<li>Jojoba-, p\u00e4evalille-, avokaado-, viinamarjaseemne- ja argaaniatuuma\u00f5lid niisutavad nahka<\/li>\n<li>Kohvioa ekstrakt toidab nahka ja annab sellele sileduse<\/li>\n<li>Raudrohi| Pom keha uuendav seerum on rikas tugevate bioloogiliselt aktiivsete ainete ja nahka kaitsvate valkude poolest<\/li>\n<\/ul>\n<p>&nbsp;<\/p>\n<p><strong>Lisateave doTERRA Yarrow | kohta Vaadake Pom keha noorendavat seerumit video allosas<\/strong>.<\/p>\n<p><iframe title=\"K\u00f5ik UUED doTERRA Yarrow | Pom eeterlik \u00f5li\" src=\"https:\/\/www.youtube.com\/embed\/WHBZla3s_gM\" width=\"946\" height=\"532\" frameborder=\"0\" allowfullscreen=\"allowfullscreen\"><\/iframe><\/p>\n","protected":false},"excerpt":{"rendered":"<ul>\n<li>Raudrohu eeterlik \u00f5li annab nahale terve ja noorusliku v\u00e4limuse<\/li>\n<li>Jojoba-, p\u00e4evalille-, avokaado-, viinamarjaseemne- ja argaaniatuuma\u00f5lid niisutavad nahka<\/li>\n<li>Kohvioa ekstrakt toidab nahka ja annab sellele sileduse<\/li>\n<li>Raudrohi| Pom keha uuendav seerum on rikas tugevate bioloogiliselt aktiivsete ainete ja nahka kaitsvate valkude poolest<\/li>\n<\/ul>\n","protected":false},"featured_media":12422,"template":"","meta":{"site-sidebar-layout":"default","site-content-layout":"default","ast-site-content-layout":"default","site-content-style":"default","site-sidebar-style":"default","ast-global-header-display":"","ast-banner-title-visibility":"","ast-main-header-display":"","ast-hfb-above-header-display":"","ast-hfb-below-header-display":"","ast-hfb-mobile-header-display":"","site-post-title":"","ast-breadcrumbs-content":"","ast-featured-img":"","footer-sml-layout":"","ast-disable-related-posts":"","theme-transparent-header-meta":"default","adv-header-id-meta":"","stick-header-meta":"","header-above-stick-meta":"","header-main-stick-meta":"","header-below-stick-meta":"","astra-migrate-meta-layouts":"default","ast-page-background-enabled":"default","ast-page-background-meta":{"desktop":{"background-color":"","background-image":"","background-repeat":"repeat","background-position":"center center","background-size":"auto","background-attachment":"scroll","background-type":"","background-media":"","overlay-type":"","overlay-color":"","overlay-opacity":"","overlay-gradient":""},"tablet":{"background-color":"","background-image":"","background-repeat":"repeat","background-position":"center center","background-size":"auto","background-attachment":"scroll","background-type":"","background-media":"","overlay-type":"","overlay-color":"","overlay-opacity":"","overlay-gradient":""},"mobile":{"background-color":"","background-image":"","background-repeat":"repeat","background-position":"center center","background-size":"auto","background-attachment":"scroll","background-type":"","background-media":"","overlay-type":"","overlay-color":"","overlay-opacity":"","overlay-gradient":""}},"ast-content-background-meta":{"desktop":{"background-color":"var(--ast-global-color-5)","background-image":"","background-repeat":"repeat","background-position":"center center","background-size":"auto","background-attachment":"scroll","background-type":"","background-media":"","overlay-type":"","overlay-color":"","overlay-opacity":"","overlay-gradient":""},"tablet":{"background-color":"var(--ast-global-color-5)","background-image":"","background-repeat":"repeat","background-position":"center center","background-size":"auto","background-attachment":"scroll","background-type":"","background-media":"","overlay-type":"","overlay-color":"","overlay-opacity":"","overlay-gradient":""},"mobile":{"background-color":"var(--ast-global-color-5)","background-image":"","background-repeat":"repeat","background-position":"center center","background-size":"auto","background-attachment":"scroll","background-type":"","background-media":"","overlay-type":"","overlay-color":"","overlay-opacity":"","overlay-gradient":""}}},"product_brand":[],"product_cat":[1710,1716],"product_tag":[795,1600,1407],"class_list":{"0":"post-15870","1":"product","2":"type-product","3":"status-publish","4":"has-post-thumbnail","6":"product_cat-hugieen-ja-nahahooldus","7":"product_cat-yarrow-pom-tooted","8":"product_tag-100ml-et","9":"product_tag-seerum","10":"product_tag-yarrow-pom-et","11":"desktop-align-left","12":"tablet-align-left","13":"mobile-align-left","15":"first","16":"instock","17":"taxable","18":"shipping-taxable","19":"purchasable","20":"product-type-simple"},"_links":{"self":[{"href":"https:\/\/mamaterra.lt\/et\/wp-json\/wp\/v2\/product\/15870","targetHints":{"allow":["GET"]}}],"collection":[{"href":"https:\/\/mamaterra.lt\/et\/wp-json\/wp\/v2\/product"}],"about":[{"href":"https:\/\/mamaterra.lt\/et\/wp-json\/wp\/v2\/types\/product"}],"wp:featuredmedia":[{"embeddable":true,"href":"https:\/\/mamaterra.lt\/et\/wp-json\/wp\/v2\/media\/12422"}],"wp:attachment":[{"href":"https:\/\/mamaterra.lt\/et\/wp-json\/wp\/v2\/media?parent=15870"}],"wp:term":[{"taxonomy":"product_brand","embeddable":true,"href":"https:\/\/mamaterra.lt\/et\/wp-json\/wp\/v2\/product_brand?post=15870"},{"taxonomy":"product_cat","embeddable":true,"href":"https:\/\/mamaterra.lt\/et\/wp-json\/wp\/v2\/product_cat?post=15870"},{"taxonomy":"product_tag","embeddable":true,"href":"https:\/\/mamaterra.lt\/et\/wp-json\/wp\/v2\/product_tag?post=15870"}],"curies":[{"name":"wp","href":"https:\/\/api.w.org\/{rel}","templated":true}]}}