{"id":15863,"date":"2021-04-19T09:31:28","date_gmt":"2021-04-19T08:31:28","guid":{"rendered":"https:\/\/mamaterra.lt\/parduotuve\/maaratlemata\/juukseid-kaitsev-sampoon-doterra-salon-essentials-250ml\/"},"modified":"2021-04-19T09:31:28","modified_gmt":"2021-04-19T08:31:28","slug":"juuksekaitse-sampoon-doterra-salon-essentials-250ml","status":"publish","type":"product","link":"https:\/\/mamaterra.lt\/et\/parduotuve\/hugieen-ja-nahahooldus\/salon-essentials-juuksehooldustooted\/juuksekaitse-sampoon-doterra-salon-essentials-250ml\/","title":{"rendered":"Juukseid kaitsev \u0161ampoon doTERRA SALON ESSENTIALS\u2122 250ml"},"content":{"rendered":"<p><strong>Juukseid kaitsev \u0161ampoon doTERRA SALON ESSENTIALS\u2122<\/strong><\/p>\n<p>250 ml<\/p>\n<p>&nbsp;<\/p>\n<p><strong>Juuksekaitse\u0161ampoon doterra SALON ESSENTIALS\u2122 Peamised eelised:<\/strong><\/p>\n<p>Nautige professionaalset toodet, mis koosneb CPTG\u2122 eeterlikest \u00f5lidest, mahedatest puhastusvahenditest ja taimeekstraktidest, kasutades doterra Salon Essentials \u0161ampooni.<\/p>\n<ul>\n<li>See vahutab \u00f5rnalt ning looduslike apelsinide ja laimide eeterlikud \u00f5lid ja taimeekstraktid puhastavad t\u00f5husalt<\/li>\n<li>Eemaldab \u00f5rnalt peanahale ja juustele kogunenud mustuse<\/li>\n<li>Niisutab juukseid \u00f5rnalt, see muutub pehmeks ja meeldivaks puudutamiseks, justkui lihtsalt juuksurist<\/li>\n<\/ul>\n<p class=\"p1\"><strong>Juuksehooldustoodete olulised koostise eelised:<\/strong><\/p>\n<ul>\n<li>Aitab kaitsta v\u00e4rvitud juukseid<\/li>\n<li>Juuksed tunduvad pehmed, l\u00e4ikivad ja meeldiv puudutada, nagu lihtsalt juuksurilt<\/li>\n<li>V\u00e4hendab juuste kahjustusi nende moodustumisel<\/li>\n<li>Hoiab peanaha puhta ja tervena<\/li>\n<li>Tugevad ja siledad juuksed<\/li>\n<li>Hoiab \u00e4ra juuste murdumise<\/li>\n<li>Patenteeritud eeterlike \u00f5lide segud annavad juustele ja peanahale terve v\u00e4limuse<\/li>\n<\/ul>\n<p>Lisateavet Lumase hajuti kohta leiate allolevast videost.<\/p>\n<p><iframe title=\"doTERRA Salon Essentials\u00ae kaitsev \u0161ampoon ja siluv palsam\" src=\"https:\/\/www.youtube.com\/embed\/OKhgVdzJXAo\" width=\"946\" height=\"532\" frameborder=\"0\" allowfullscreen=\"allowfullscreen\"><\/iframe><\/p>\n","protected":false},"excerpt":{"rendered":"<ul>\n<li>See vahutab \u00f5rnalt ning looduslike apelsinide ja laimide eeterlikud \u00f5lid ja taimeekstraktid puhastavad t\u00f5husalt<\/li>\n<li>Eemaldab \u00f5rnalt peanahale ja juustele kogunenud mustuse<\/li>\n<li>Niisutab juukseid \u00f5rnalt, see muutub pehmeks ja meeldivaks puudutamiseks, justkui lihtsalt juuksurist<\/li>\n<\/ul>\n","protected":false},"featured_media":12815,"template":"","meta":{"site-sidebar-layout":"default","site-content-layout":"default","ast-site-content-layout":"default","site-content-style":"default","site-sidebar-style":"default","ast-global-header-display":"","ast-banner-title-visibility":"","ast-main-header-display":"","ast-hfb-above-header-display":"","ast-hfb-below-header-display":"","ast-hfb-mobile-header-display":"","site-post-title":"","ast-breadcrumbs-content":"","ast-featured-img":"","footer-sml-layout":"","ast-disable-related-posts":"","theme-transparent-header-meta":"default","adv-header-id-meta":"","stick-header-meta":"","header-above-stick-meta":"","header-main-stick-meta":"","header-below-stick-meta":"","astra-migrate-meta-layouts":"default","ast-page-background-enabled":"default","ast-page-background-meta":{"desktop":{"background-color":"","background-image":"","background-repeat":"repeat","background-position":"center center","background-size":"auto","background-attachment":"scroll","background-type":"","background-media":"","overlay-type":"","overlay-color":"","overlay-opacity":"","overlay-gradient":""},"tablet":{"background-color":"","background-image":"","background-repeat":"repeat","background-position":"center center","background-size":"auto","background-attachment":"scroll","background-type":"","background-media":"","overlay-type":"","overlay-color":"","overlay-opacity":"","overlay-gradient":""},"mobile":{"background-color":"","background-image":"","background-repeat":"repeat","background-position":"center center","background-size":"auto","background-attachment":"scroll","background-type":"","background-media":"","overlay-type":"","overlay-color":"","overlay-opacity":"","overlay-gradient":""}},"ast-content-background-meta":{"desktop":{"background-color":"var(--ast-global-color-5)","background-image":"","background-repeat":"repeat","background-position":"center center","background-size":"auto","background-attachment":"scroll","background-type":"","background-media":"","overlay-type":"","overlay-color":"","overlay-opacity":"","overlay-gradient":""},"tablet":{"background-color":"var(--ast-global-color-5)","background-image":"","background-repeat":"repeat","background-position":"center center","background-size":"auto","background-attachment":"scroll","background-type":"","background-media":"","overlay-type":"","overlay-color":"","overlay-opacity":"","overlay-gradient":""},"mobile":{"background-color":"var(--ast-global-color-5)","background-image":"","background-repeat":"repeat","background-position":"center center","background-size":"auto","background-attachment":"scroll","background-type":"","background-media":"","overlay-type":"","overlay-color":"","overlay-opacity":"","overlay-gradient":""}}},"product_brand":[],"product_cat":[1710,1714],"product_tag":[832,1425,1677],"class_list":{"0":"post-15863","1":"product","2":"type-product","3":"status-publish","4":"has-post-thumbnail","6":"product_cat-hugieen-ja-nahahooldus","7":"product_cat-salon-essentials-juuksehooldustooted","8":"product_tag-250-ml-et","9":"product_tag-salon-essentials-et","10":"product_tag-sampoon","11":"desktop-align-left","12":"tablet-align-left","13":"mobile-align-left","15":"first","16":"outofstock","17":"taxable","18":"shipping-taxable","19":"purchasable","20":"product-type-simple"},"_links":{"self":[{"href":"https:\/\/mamaterra.lt\/et\/wp-json\/wp\/v2\/product\/15863","targetHints":{"allow":["GET"]}}],"collection":[{"href":"https:\/\/mamaterra.lt\/et\/wp-json\/wp\/v2\/product"}],"about":[{"href":"https:\/\/mamaterra.lt\/et\/wp-json\/wp\/v2\/types\/product"}],"wp:featuredmedia":[{"embeddable":true,"href":"https:\/\/mamaterra.lt\/et\/wp-json\/wp\/v2\/media\/12815"}],"wp:attachment":[{"href":"https:\/\/mamaterra.lt\/et\/wp-json\/wp\/v2\/media?parent=15863"}],"wp:term":[{"taxonomy":"product_brand","embeddable":true,"href":"https:\/\/mamaterra.lt\/et\/wp-json\/wp\/v2\/product_brand?post=15863"},{"taxonomy":"product_cat","embeddable":true,"href":"https:\/\/mamaterra.lt\/et\/wp-json\/wp\/v2\/product_cat?post=15863"},{"taxonomy":"product_tag","embeddable":true,"href":"https:\/\/mamaterra.lt\/et\/wp-json\/wp\/v2\/product_tag?post=15863"}],"curies":[{"name":"wp","href":"https:\/\/api.w.org\/{rel}","templated":true}]}}