{"id":15861,"date":"2021-04-19T09:08:49","date_gmt":"2021-04-19T08:08:49","guid":{"rendered":"https:\/\/mamaterra.lt\/parduotuve\/maaratlemata\/niisutav-seerum-doterra-verage-immortelle-15-ml\/"},"modified":"2021-04-19T09:08:49","modified_gmt":"2021-04-19T08:08:49","slug":"paisuv-seerum-doterra-verage-immortelle-15-ml","status":"publish","type":"product","link":"https:\/\/mamaterra.lt\/et\/parduotuve\/hugieen-ja-nahahooldus\/doterra-verage-et\/paisuv-seerum-doterra-verage-immortelle-15-ml\/","title":{"rendered":"Niisutav seerum doTERRA VERAGE\u2122 IMMORTELLE 15 ml"},"content":{"rendered":"<p><strong>Niisutav seerum doTERRA VERAGE\u2122 IMMORTELLE<\/strong><\/p>\n<p>15 ml<\/p>\n<p>&nbsp;<\/p>\n<p><strong>Niisutav seerum doTERRA VERAGE\u2122 IMMORTELLE Peamised eelised:<\/strong><\/p>\n<p>Kogege niisutava seerumi Verage Immortelle vananemisvastast toimet. See t\u00f5hus vahend \u00fchendab CPTG eeterlikud \u00f5lid taimeekstraktidega, et muuta nahk siledamaks ja nooremaks.<\/p>\n<ul>\n<li>CPTG eeterlike \u00f5lidega, mis moodustavad populaarse doterra salubelle segu ja annavad nahale s\u00e4ra<\/li>\n<li>S\u00e4ilitab optimaalse lipiidide tasakaalu, et muuta nahk siledamaks ja nooremaks<\/li>\n<\/ul>\n<p><strong>Nahahooldus doTERRA Verage koostisosade eelised, mida on t\u00f5estanud kliinilised uuringud:<\/strong><\/p>\n<ul>\n<li>Annab nahale sileduse<\/li>\n<li>Aitab v\u00e4hendada naha punetust<\/li>\n<li>Nahk n\u00e4eb v\u00e4lja nooruslikum<\/li>\n<li>V\u00e4hendab poore<\/li>\n<li>Annab \u00fchtlase nahav\u00e4rvi<\/li>\n<\/ul>\n<p>&nbsp;<\/p>\n<p><strong>Lisateavet doTERRA VERAGE\u2122 IMMORTELLE<\/strong> kohta leiate allolevast videost.<\/p>\n<p><iframe title=\"Uuendav, kaunistav, vananemisvastane - Immortelle vananemisvastane segu\" src=\"https:\/\/www.youtube.com\/embed\/enNzMOYA3I8\" width=\"946\" height=\"532\" frameborder=\"0\" allowfullscreen=\"allowfullscreen\"><\/iframe><\/p>\n","protected":false},"excerpt":{"rendered":"<ul>\n<li>CPTG eeterlike \u00f5lidega, mis moodustavad populaarse doterra salubelle segu ja annavad nahale s\u00e4ra<\/li>\n<li>S\u00e4ilitab optimaalse lipiidide tasakaalu, et muuta nahk siledamaks ja nooremaks<\/li>\n<\/ul>\n","protected":false},"featured_media":12662,"template":"","meta":{"site-sidebar-layout":"default","site-content-layout":"default","ast-site-content-layout":"default","site-content-style":"default","site-sidebar-style":"default","ast-global-header-display":"","ast-banner-title-visibility":"","ast-main-header-display":"","ast-hfb-above-header-display":"","ast-hfb-below-header-display":"","ast-hfb-mobile-header-display":"","site-post-title":"","ast-breadcrumbs-content":"","ast-featured-img":"","footer-sml-layout":"","ast-disable-related-posts":"","theme-transparent-header-meta":"default","adv-header-id-meta":"","stick-header-meta":"","header-above-stick-meta":"","header-main-stick-meta":"","header-below-stick-meta":"","astra-migrate-meta-layouts":"default","ast-page-background-enabled":"default","ast-page-background-meta":{"desktop":{"background-color":"","background-image":"","background-repeat":"repeat","background-position":"center center","background-size":"auto","background-attachment":"scroll","background-type":"","background-media":"","overlay-type":"","overlay-color":"","overlay-opacity":"","overlay-gradient":""},"tablet":{"background-color":"","background-image":"","background-repeat":"repeat","background-position":"center center","background-size":"auto","background-attachment":"scroll","background-type":"","background-media":"","overlay-type":"","overlay-color":"","overlay-opacity":"","overlay-gradient":""},"mobile":{"background-color":"","background-image":"","background-repeat":"repeat","background-position":"center center","background-size":"auto","background-attachment":"scroll","background-type":"","background-media":"","overlay-type":"","overlay-color":"","overlay-opacity":"","overlay-gradient":""}},"ast-content-background-meta":{"desktop":{"background-color":"var(--ast-global-color-5)","background-image":"","background-repeat":"repeat","background-position":"center center","background-size":"auto","background-attachment":"scroll","background-type":"","background-media":"","overlay-type":"","overlay-color":"","overlay-opacity":"","overlay-gradient":""},"tablet":{"background-color":"var(--ast-global-color-5)","background-image":"","background-repeat":"repeat","background-position":"center center","background-size":"auto","background-attachment":"scroll","background-type":"","background-media":"","overlay-type":"","overlay-color":"","overlay-opacity":"","overlay-gradient":""},"mobile":{"background-color":"var(--ast-global-color-5)","background-image":"","background-repeat":"repeat","background-position":"center center","background-size":"auto","background-attachment":"scroll","background-type":"","background-media":"","overlay-type":"","overlay-color":"","overlay-opacity":"","overlay-gradient":""}}},"product_brand":[],"product_cat":[1722,1710],"product_tag":[731,1150,1600,1403],"class_list":{"0":"post-15861","1":"product","2":"type-product","3":"status-publish","4":"has-post-thumbnail","6":"product_cat-doterra-verage-et","7":"product_cat-hugieen-ja-nahahooldus","8":"product_tag-15ml-et","9":"product_tag-immortelle-et","10":"product_tag-seerum","11":"product_tag-verage-et","12":"desktop-align-left","13":"tablet-align-left","14":"mobile-align-left","16":"first","17":"instock","18":"taxable","19":"shipping-taxable","20":"purchasable","21":"product-type-simple"},"_links":{"self":[{"href":"https:\/\/mamaterra.lt\/et\/wp-json\/wp\/v2\/product\/15861","targetHints":{"allow":["GET"]}}],"collection":[{"href":"https:\/\/mamaterra.lt\/et\/wp-json\/wp\/v2\/product"}],"about":[{"href":"https:\/\/mamaterra.lt\/et\/wp-json\/wp\/v2\/types\/product"}],"wp:featuredmedia":[{"embeddable":true,"href":"https:\/\/mamaterra.lt\/et\/wp-json\/wp\/v2\/media\/12662"}],"wp:attachment":[{"href":"https:\/\/mamaterra.lt\/et\/wp-json\/wp\/v2\/media?parent=15861"}],"wp:term":[{"taxonomy":"product_brand","embeddable":true,"href":"https:\/\/mamaterra.lt\/et\/wp-json\/wp\/v2\/product_brand?post=15861"},{"taxonomy":"product_cat","embeddable":true,"href":"https:\/\/mamaterra.lt\/et\/wp-json\/wp\/v2\/product_cat?post=15861"},{"taxonomy":"product_tag","embeddable":true,"href":"https:\/\/mamaterra.lt\/et\/wp-json\/wp\/v2\/product_tag?post=15861"}],"curies":[{"name":"wp","href":"https:\/\/api.w.org\/{rel}","templated":true}]}}