{"id":15851,"date":"2022-12-22T12:47:42","date_gmt":"2022-12-22T11:47:42","guid":{"rendered":"https:\/\/mamaterra.lt\/parduotuve\/maaratlemata\/doterra-guaiacwood-eeterlik-oli-15ml\/"},"modified":"2022-12-30T10:57:32","modified_gmt":"2022-12-30T09:57:32","slug":"doterra-guaiacwood-eeterlik-oli-15ml","status":"publish","type":"product","link":"https:\/\/mamaterra.lt\/et\/parduotuve\/eeterlikud-olid\/puhtad-eeterlikud-olid\/doterra-guaiacwood-eeterlik-oli-15ml\/","title":{"rendered":"doTERRA GUAIACWOOD eeterlik \u00f5li 15ml"},"content":{"rendered":"<p><strong>doTERRA GUAIACWOOD eeterlik \u00f5li<\/strong><\/p>\n<p>15ml<\/p>\n<p>&nbsp;<\/p>\n<p>doTERRA tarnib GUAIACWOOD eeterlikku \u00f5li Paraguayst j\u00e4tkusuutlikul ja eetilisel viisil. Koost\u00f6\u00f6s oma tarnepartneritega muudame riskir\u00fchma kuuluvate Gran Chaco metsade tulevikku, mis on \u00fcks suurimaid bioloogiliselt mitmekesiseid kohti maailmas.<\/p>\n<p>Eeterlik \u00f5li destilleeritakse auruga Bulnesia sarmientoi s\u00fcdamikust ja segatakse fraktsioneeritud kookos\u00f5liga (fraktsioneeritud kookos\u00f5li), saades nii GUAIACWOOD doTERRA eeterliku \u00f5li. T\u00e4nu \u00f5rna magususega maisele maisele puidu aroomile v\u00f5ib tuntud \u00f5li aidata luua rahustavat ja vaikset atmosf\u00e4\u00e4ri.<\/p>\n<p>&nbsp;<\/p>\n<p><strong>doTERRA GUAIACWOOD eeterliku \u00f5li peamised eelised<\/strong><\/p>\n<ul>\n<li>Traditsiooniliselt kasutatakse kohalikes Ameerika tavades, nagu meditatsioon v\u00f5i heaolu toitvad tseremooniad.<\/li>\n<li>Kasutatakse l\u00f5hna- ja nahahooldustoodetes t\u00e4nu kergele magusale maal\u00e4hedasele aroomile.<\/li>\n<li>Fraktsioneeritud kookos\u00f5liga (fraktsioneeritud kookos\u00f5li) segamine v\u00f5ib aidata leevendada v\u00e4iksemaid naha\u00e4rritusi ja s\u00e4ilitada naha loomulikku niiskustaset.<\/li>\n<li>Puidu l\u00f5hna v\u00f5ib iseloomustada maal\u00e4hedane, rahustav, vaikne aroom.<\/li>\n<\/ul>\n<p>&nbsp;<\/p>\n<p>Lisateavet selle segu kohta <strong><a href=\"https:\/\/mamaterra.lt\/doterra-metapwr-eteriniu-alieju-misinys\/\" target=\"_blank\" rel=\"noopener\">leiate siit<\/a><\/p>\n<p><\/strong><\/p>\n","protected":false},"excerpt":{"rendered":"<ul>\n<li>Traditsiooniliselt kasutatakse kohalikes Ameerika tavades, nagu meditatsioon v\u00f5i heaolu toitvad tseremooniad.<\/li>\n<li>Kasutatakse l\u00f5hna- ja nahahooldustoodetes t\u00e4nu kergele magusale maal\u00e4hedasele aroomile.<\/li>\n<li>Fraktsioneeritud kookos\u00f5liga (fraktsioneeritud kookos\u00f5li) segamine v\u00f5ib aidata leevendada v\u00e4iksemaid naha\u00e4rritusi ja s\u00e4ilitada naha loomulikku niiskustaset.<\/li>\n<li>Puidu l\u00f5hna v\u00f5ib iseloomustada maal\u00e4hedane, rahustav, vaikne aroom.<\/li>\n<\/ul>\n","protected":false},"featured_media":0,"template":"","meta":{"site-sidebar-layout":"default","site-content-layout":"default","ast-site-content-layout":"default","site-content-style":"default","site-sidebar-style":"default","ast-global-header-display":"","ast-banner-title-visibility":"","ast-main-header-display":"","ast-hfb-above-header-display":"","ast-hfb-below-header-display":"","ast-hfb-mobile-header-display":"","site-post-title":"","ast-breadcrumbs-content":"","ast-featured-img":"","footer-sml-layout":"","ast-disable-related-posts":"","theme-transparent-header-meta":"default","adv-header-id-meta":"","stick-header-meta":"","header-above-stick-meta":"","header-main-stick-meta":"","header-below-stick-meta":"","astra-migrate-meta-layouts":"default","ast-page-background-enabled":"default","ast-page-background-meta":{"desktop":{"background-color":"","background-image":"","background-repeat":"repeat","background-position":"center center","background-size":"auto","background-attachment":"scroll","background-type":"","background-media":"","overlay-type":"","overlay-color":"","overlay-opacity":"","overlay-gradient":""},"tablet":{"background-color":"","background-image":"","background-repeat":"repeat","background-position":"center center","background-size":"auto","background-attachment":"scroll","background-type":"","background-media":"","overlay-type":"","overlay-color":"","overlay-opacity":"","overlay-gradient":""},"mobile":{"background-color":"","background-image":"","background-repeat":"repeat","background-position":"center center","background-size":"auto","background-attachment":"scroll","background-type":"","background-media":"","overlay-type":"","overlay-color":"","overlay-opacity":"","overlay-gradient":""}},"ast-content-background-meta":{"desktop":{"background-color":"var(--ast-global-color-5)","background-image":"","background-repeat":"repeat","background-position":"center center","background-size":"auto","background-attachment":"scroll","background-type":"","background-media":"","overlay-type":"","overlay-color":"","overlay-opacity":"","overlay-gradient":""},"tablet":{"background-color":"var(--ast-global-color-5)","background-image":"","background-repeat":"repeat","background-position":"center center","background-size":"auto","background-attachment":"scroll","background-type":"","background-media":"","overlay-type":"","overlay-color":"","overlay-opacity":"","overlay-gradient":""},"mobile":{"background-color":"var(--ast-global-color-5)","background-image":"","background-repeat":"repeat","background-position":"center center","background-size":"auto","background-attachment":"scroll","background-type":"","background-media":"","overlay-type":"","overlay-color":"","overlay-opacity":"","overlay-gradient":""}}},"product_brand":[],"product_cat":[1699,1710,1729,1737,1734,1749,1705,1753],"product_tag":[1532,1496,1803,1633,1808,1804],"class_list":{"0":"post-15851","1":"product","2":"type-product","3":"status-publish","5":"product_cat-eeterlikud-olid","6":"product_cat-hugieen-ja-nahahooldus","7":"product_cat-immuunsuse-tugevdamiseks","8":"product_cat-magamiseks","9":"product_cat-massaaz","10":"product_cat-ohu-puhastamine","11":"product_cat-puhtad-eeterlikud-olid","12":"product_cat-stressi-juhtimine","13":"product_tag-eeterlikud-olid","14":"product_tag-guaiacwood-et","15":"product_tag-nahk","16":"product_tag-parfuum","17":"product_tag-parfuumide-tootmine","18":"product_tag-rahustav","19":"desktop-align-left","20":"tablet-align-left","21":"mobile-align-left","23":"first","24":"instock","25":"taxable","26":"shipping-taxable","27":"purchasable","28":"product-type-simple"},"_links":{"self":[{"href":"https:\/\/mamaterra.lt\/et\/wp-json\/wp\/v2\/product\/15851","targetHints":{"allow":["GET"]}}],"collection":[{"href":"https:\/\/mamaterra.lt\/et\/wp-json\/wp\/v2\/product"}],"about":[{"href":"https:\/\/mamaterra.lt\/et\/wp-json\/wp\/v2\/types\/product"}],"wp:attachment":[{"href":"https:\/\/mamaterra.lt\/et\/wp-json\/wp\/v2\/media?parent=15851"}],"wp:term":[{"taxonomy":"product_brand","embeddable":true,"href":"https:\/\/mamaterra.lt\/et\/wp-json\/wp\/v2\/product_brand?post=15851"},{"taxonomy":"product_cat","embeddable":true,"href":"https:\/\/mamaterra.lt\/et\/wp-json\/wp\/v2\/product_cat?post=15851"},{"taxonomy":"product_tag","embeddable":true,"href":"https:\/\/mamaterra.lt\/et\/wp-json\/wp\/v2\/product_tag?post=15851"}],"curies":[{"name":"wp","href":"https:\/\/api.w.org\/{rel}","templated":true}]}}