{"id":15850,"date":"2022-12-01T12:56:13","date_gmt":"2022-12-01T11:56:13","guid":{"rendered":"https:\/\/mamaterra.lt\/parduotuve\/maaratlemata\/doterra-rose-hydrolat-spray-100ml\/"},"modified":"2024-06-01T13:48:37","modified_gmt":"2024-06-01T12:48:37","slug":"doterra-roos-hudrosool-udu-pihusti-100ml","status":"publish","type":"product","link":"https:\/\/mamaterra.lt\/et\/parduotuve\/kingitused\/kingitused-naistele\/doterra-roos-hudrosool-udu-pihusti-100ml\/","title":{"rendered":"doTERRA Rose Hydrolat Spray 100ml"},"content":{"rendered":"<p><b>doTERRA Rose Hydrolat sprei (Rose Hydrosol Mist) <\/b><\/p>\n<p>100 ml<\/p>\n<p>&nbsp;<\/p>\n<p><b>doTERRA Rose Hydrolat Spray (Rose Hydrosol Mist) \u00dcldine kirjeldus:<\/b><\/p>\n<p>doTERRA Rose Hydrosol Mist <b>(Rose Hydrosol Mist), mis tarnitakse Euroopast imelise l\u00f5hnaga<\/b>, on t\u00f5eliselt ekstravagantne toode, mida pakutakse piiratud aja jooksul ja millest te ei tahaks ilma j\u00e4\u00e4da. Meie pereliikmed Euroopas v\u00f5ivad olla <b>doTERRA kogukonna esimeste liikmete seas, kes kogevad<\/b> selle muljetavaldavaid eeliseid!<\/p>\n<div><\/div>\n<div>\n<p>See<b> kerge kiiresti kuivav sprei <\/b>puhastab, niisutab ja toniseerib \u2013 seda kasutades j\u00f5uab teie nahahooldusrutiin uuele tasemele. Pakitud imelisse mattklaasist pudelisse ja paljudesse meie lemmik Rose (Rose) eeterliku <b>\u00f5li kasulikesse omadustesse<\/b> , sisaldab <b>doTERRA Rose Hydrosol Mist (Rose Hydrosol Spray) <\/b>100 ml puhast \u00f5ndsust.<\/p>\n<p>See imeline toode kehastab enda hellitamise olemust. V\u00f5i v\u00f5ib sellest saada selle aasta parim kingitus!<\/p>\n<\/div>\n<p>&nbsp;<\/p>\n<p>&nbsp;<\/p>\n","protected":false},"excerpt":{"rendered":"<ul>\n<li>Ilusalt l\u00f5hnastatud sprei, mis v\u00e4rskendab nahka ja helendab meeleolu kogu p\u00e4eva jooksul.<\/li>\n<li>Koostatud Rosa damascena lilleveega, omab tuttavat rooside lillel\u00f5hna.<\/li>\n<li>Luksuslik t\u00e4iendus teie igap\u00e4evasele nahahooldusrutiinile.<\/li>\n<\/ul>\n","protected":false},"featured_media":14657,"template":"","meta":{"site-sidebar-layout":"default","site-content-layout":"default","ast-site-content-layout":"default","site-content-style":"default","site-sidebar-style":"default","ast-global-header-display":"","ast-banner-title-visibility":"","ast-main-header-display":"","ast-hfb-above-header-display":"","ast-hfb-below-header-display":"","ast-hfb-mobile-header-display":"","site-post-title":"","ast-breadcrumbs-content":"","ast-featured-img":"","footer-sml-layout":"","ast-disable-related-posts":"","theme-transparent-header-meta":"default","adv-header-id-meta":"","stick-header-meta":"","header-above-stick-meta":"","header-main-stick-meta":"","header-below-stick-meta":"","astra-migrate-meta-layouts":"set","ast-page-background-enabled":"default","ast-page-background-meta":{"desktop":{"background-color":"","background-image":"","background-repeat":"repeat","background-position":"center center","background-size":"auto","background-attachment":"scroll","background-type":"","background-media":"","overlay-type":"","overlay-color":"","overlay-opacity":"","overlay-gradient":""},"tablet":{"background-color":"","background-image":"","background-repeat":"repeat","background-position":"center center","background-size":"auto","background-attachment":"scroll","background-type":"","background-media":"","overlay-type":"","overlay-color":"","overlay-opacity":"","overlay-gradient":""},"mobile":{"background-color":"","background-image":"","background-repeat":"repeat","background-position":"center center","background-size":"auto","background-attachment":"scroll","background-type":"","background-media":"","overlay-type":"","overlay-color":"","overlay-opacity":"","overlay-gradient":""}},"ast-content-background-meta":{"desktop":{"background-color":"var(--ast-global-color-5)","background-image":"","background-repeat":"repeat","background-position":"center center","background-size":"auto","background-attachment":"scroll","background-type":"","background-media":"","overlay-type":"","overlay-color":"","overlay-opacity":"","overlay-gradient":""},"tablet":{"background-color":"var(--ast-global-color-5)","background-image":"","background-repeat":"repeat","background-position":"center center","background-size":"auto","background-attachment":"scroll","background-type":"","background-media":"","overlay-type":"","overlay-color":"","overlay-opacity":"","overlay-gradient":""},"mobile":{"background-color":"var(--ast-global-color-5)","background-image":"","background-repeat":"repeat","background-position":"center center","background-size":"auto","background-attachment":"scroll","background-type":"","background-media":"","overlay-type":"","overlay-color":"","overlay-opacity":"","overlay-gradient":""}}},"product_brand":[],"product_cat":[1710,1690,1693,1741],"product_tag":[],"class_list":{"0":"post-15850","1":"product","2":"type-product","3":"status-publish","4":"has-post-thumbnail","6":"product_cat-hugieen-ja-nahahooldus","7":"product_cat-kingitused","8":"product_cat-kingitused-naistele","9":"product_cat-naistele","10":"desktop-align-left","11":"tablet-align-left","12":"mobile-align-left","14":"first","15":"instock","16":"taxable","17":"shipping-taxable","18":"purchasable","19":"product-type-simple"},"_links":{"self":[{"href":"https:\/\/mamaterra.lt\/et\/wp-json\/wp\/v2\/product\/15850","targetHints":{"allow":["GET"]}}],"collection":[{"href":"https:\/\/mamaterra.lt\/et\/wp-json\/wp\/v2\/product"}],"about":[{"href":"https:\/\/mamaterra.lt\/et\/wp-json\/wp\/v2\/types\/product"}],"wp:featuredmedia":[{"embeddable":true,"href":"https:\/\/mamaterra.lt\/et\/wp-json\/wp\/v2\/media\/14657"}],"wp:attachment":[{"href":"https:\/\/mamaterra.lt\/et\/wp-json\/wp\/v2\/media?parent=15850"}],"wp:term":[{"taxonomy":"product_brand","embeddable":true,"href":"https:\/\/mamaterra.lt\/et\/wp-json\/wp\/v2\/product_brand?post=15850"},{"taxonomy":"product_cat","embeddable":true,"href":"https:\/\/mamaterra.lt\/et\/wp-json\/wp\/v2\/product_cat?post=15850"},{"taxonomy":"product_tag","embeddable":true,"href":"https:\/\/mamaterra.lt\/et\/wp-json\/wp\/v2\/product_tag?post=15850"}],"curies":[{"name":"wp","href":"https:\/\/api.w.org\/{rel}","templated":true}]}}