{"id":15842,"date":"2022-11-12T19:02:37","date_gmt":"2022-11-12T18:02:37","guid":{"rendered":"https:\/\/mamaterra.lt\/parduotuve\/maaratlemata\/doterra-terragreens-puu-ja-koogiviljapulbri-toidulisand-300g\/"},"modified":"2022-11-12T19:02:37","modified_gmt":"2022-11-12T18:02:37","slug":"doterra-terragreens-puuviljad-koogiviljad-pulber-lisand-300g","status":"publish","type":"product","link":"https:\/\/mamaterra.lt\/et\/parduotuve\/seedimine\/doterra-terragreens-puuviljad-koogiviljad-pulber-lisand-300g\/","title":{"rendered":"doTERRA TerraGreens puu- ja k\u00f6\u00f6giviljapulbri toidulisand 300g"},"content":{"rendered":"<p><strong>doTERRA TerraGreens puu- ja k\u00f6\u00f6giviljalisand &#8211; pulber<\/strong><br \/>\n300g<\/p>\n<p>&nbsp;<\/p>\n<p><strong>doTERRA TerraGreens puu- ja k\u00f6\u00f6giviljalisandi kirjeldus:<\/strong><br \/>\nV\u00f5ib-olla olete paar kilogrammi juurde v\u00f5tnud? V\u00f5i \u00e4kki halvenenud seedimine? V\u00f5ib-olla s\u00f6\u00f6te mitte piisavalt puu- ja k\u00f6\u00f6givilju, et varustada keha vajalike ainetega?<br \/>\ndoTERRA TerraGreens toidulisand just sulle!<\/p>\n<p>&nbsp;<\/p>\n<p><strong>doTERRA TerraGreens puu- ja k\u00f6\u00f6giviljalisandi koostisosad:<\/strong><\/p>\n<ul>\n<li>Kapsas, v\u00f5ilill, spinat, petersell, pihlakas, brokkoli, nisu, lutsern, oder, kaer, ananass, guajaav , mango, goji marja ja acerola pulber.<\/li>\n<li>doTERRA TeraGreens koosneb kahest puhtast doTERRA eeterlikust \u00f5list: sidrun, ingver.<\/li>\n<li>Abikomponendid: p\u00e4evalilleletsitiin (mitte-GMO), sidrunhape, guarkummi, araabia vaik, stevia ekstrakt, ksantaankummi.<\/li>\n<\/ul>\n<p><strong>doTERRA TerraGreens puu- ja k\u00f6\u00f6giviljalisandite kasutamine:<\/strong><\/p>\n<ul>\n<li>Lisage 1 supilusikat\u00e4is seda pulbrit petipiimale, jogurtile, mahlale, v\u00f5ite lisada roogadele -nii saad roheliste p\u00e4evam\u00e4\u00e4ra.<\/li>\n<li>Kasutage ainult \u00fcks kord p\u00e4evas.<\/li>\n<\/ul>\n","protected":false},"excerpt":{"rendered":"<ul>\n<li>TerraGreens &#8211; k\u00f6\u00f6giviljad, puuviljad, tarretis&#8230;<\/li>\n<li>doTERRA TeraGreens koosneb kahest puhtast doterra eeterlikust \u00f5list: sidrun, ingver<\/li>\n<li>Suurep\u00e4rane &#8220;kaalulangus&#8221;<\/li>\n<li>\n<\/li>\n<\/ul>\n","protected":false},"featured_media":14588,"template":"","meta":{"site-sidebar-layout":"default","site-content-layout":"default","ast-site-content-layout":"default","site-content-style":"default","site-sidebar-style":"default","ast-global-header-display":"","ast-banner-title-visibility":"","ast-main-header-display":"","ast-hfb-above-header-display":"","ast-hfb-below-header-display":"","ast-hfb-mobile-header-display":"","site-post-title":"","ast-breadcrumbs-content":"","ast-featured-img":"","footer-sml-layout":"","ast-disable-related-posts":"","theme-transparent-header-meta":"default","adv-header-id-meta":"","stick-header-meta":"","header-above-stick-meta":"","header-main-stick-meta":"","header-below-stick-meta":"","astra-migrate-meta-layouts":"default","ast-page-background-enabled":"default","ast-page-background-meta":{"desktop":{"background-color":"","background-image":"","background-repeat":"repeat","background-position":"center center","background-size":"auto","background-attachment":"scroll","background-type":"","background-media":"","overlay-type":"","overlay-color":"","overlay-opacity":"","overlay-gradient":""},"tablet":{"background-color":"","background-image":"","background-repeat":"repeat","background-position":"center center","background-size":"auto","background-attachment":"scroll","background-type":"","background-media":"","overlay-type":"","overlay-color":"","overlay-opacity":"","overlay-gradient":""},"mobile":{"background-color":"","background-image":"","background-repeat":"repeat","background-position":"center center","background-size":"auto","background-attachment":"scroll","background-type":"","background-media":"","overlay-type":"","overlay-color":"","overlay-opacity":"","overlay-gradient":""}},"ast-content-background-meta":{"desktop":{"background-color":"var(--ast-global-color-5)","background-image":"","background-repeat":"repeat","background-position":"center center","background-size":"auto","background-attachment":"scroll","background-type":"","background-media":"","overlay-type":"","overlay-color":"","overlay-opacity":"","overlay-gradient":""},"tablet":{"background-color":"var(--ast-global-color-5)","background-image":"","background-repeat":"repeat","background-position":"center center","background-size":"auto","background-attachment":"scroll","background-type":"","background-media":"","overlay-type":"","overlay-color":"","overlay-opacity":"","overlay-gradient":""},"mobile":{"background-color":"var(--ast-global-color-5)","background-image":"","background-repeat":"repeat","background-position":"center center","background-size":"auto","background-attachment":"scroll","background-type":"","background-media":"","overlay-type":"","overlay-color":"","overlay-opacity":"","overlay-gradient":""}}},"product_brand":[],"product_cat":[1759],"product_tag":[842,1395,1576],"class_list":{"0":"post-15842","1":"product","2":"type-product","3":"status-publish","4":"has-post-thumbnail","6":"product_cat-seedimine","7":"product_tag-300g-et","8":"product_tag-teragreens-et","9":"product_tag-toidulisandid","10":"desktop-align-left","11":"tablet-align-left","12":"mobile-align-left","14":"first","15":"instock","16":"sale","17":"taxable","18":"shipping-taxable","19":"purchasable","20":"product-type-simple"},"_links":{"self":[{"href":"https:\/\/mamaterra.lt\/et\/wp-json\/wp\/v2\/product\/15842","targetHints":{"allow":["GET"]}}],"collection":[{"href":"https:\/\/mamaterra.lt\/et\/wp-json\/wp\/v2\/product"}],"about":[{"href":"https:\/\/mamaterra.lt\/et\/wp-json\/wp\/v2\/types\/product"}],"wp:featuredmedia":[{"embeddable":true,"href":"https:\/\/mamaterra.lt\/et\/wp-json\/wp\/v2\/media\/14588"}],"wp:attachment":[{"href":"https:\/\/mamaterra.lt\/et\/wp-json\/wp\/v2\/media?parent=15842"}],"wp:term":[{"taxonomy":"product_brand","embeddable":true,"href":"https:\/\/mamaterra.lt\/et\/wp-json\/wp\/v2\/product_brand?post=15842"},{"taxonomy":"product_cat","embeddable":true,"href":"https:\/\/mamaterra.lt\/et\/wp-json\/wp\/v2\/product_cat?post=15842"},{"taxonomy":"product_tag","embeddable":true,"href":"https:\/\/mamaterra.lt\/et\/wp-json\/wp\/v2\/product_tag?post=15842"}],"curies":[{"name":"wp","href":"https:\/\/api.w.org\/{rel}","templated":true}]}}