{"id":15841,"date":"2022-12-05T15:48:54","date_gmt":"2022-12-05T14:48:54","guid":{"rendered":"https:\/\/mamaterra.lt\/parduotuve\/maaratlemata\/doterra-niisutav-naokreem-eeterlike-olidega-niisutav-kreem-48g\/"},"modified":"2022-12-05T15:48:54","modified_gmt":"2022-12-05T14:48:54","slug":"doterra-niisutav-naokreem-eeterlike-olidega-niisutav-kreem-48g","status":"publish","type":"product","link":"https:\/\/mamaterra.lt\/et\/parduotuve\/eeterlikud-olid\/doterra-niisutav-naokreem-eeterlike-olidega-niisutav-kreem-48g\/","title":{"rendered":"doTERRA niisutav n\u00e4okreem eeterlike \u00f5lidega (niisutav kreem) 48g"},"content":{"rendered":"<p><strong>doTERRA niisutav n\u00e4okreem eeterlike \u00f5lidega (niisutav kreem)<\/strong><\/p>\n<p>48 g<\/p>\n<p>&nbsp;<\/p>\n<p><strong>doTERRA niisutav n\u00e4okreem eeterlike \u00f5lidega (niisutav kreem) \u00dcldine kirjeldus:<\/strong><\/p>\n<p>doTERRA niisutaja on intensiivne niisutaja, mida teie nahk on nii v\u00e4ga oodanud. See on rikas pehmendavate koostisosade ja probiootikumide poolest, mis niisutavad ja toidavad nahka intensiivselt. Meie niisutav kreem aitab varjata naha ebakorrap\u00e4rasusi, uuendab noore v\u00e4limusega naha kaitsebarj\u00e4\u00e4ri ja selle valemis peitub aktiivse niisutuse l\u00f5hkemine, mis ei j\u00e4ta nahale rasvaseid j\u00e4\u00e4ke. Hoolikalt valitud koostisosad on loodud naha noorendamiseks, samuti aitavad need varjata n\u00e4htavaid vananemisilminguid, nii looduslikke kui ka keskkonnaalaseid. Lisaks tugevdavad probiootikumid naha loomulikku barj\u00e4\u00e4ri, aitavad parandada naha \u00fcldist tervist ja ilu. Kasutage p\u00e4eval ja \u00f5htul.<\/p>\n<p>&nbsp;<\/p>\n<p><strong>doTERRA niisutav n\u00e4okreem eeterlike \u00f5lidega (niisutav kreem) Peamised eelised:<\/strong><\/p>\n<ul>\n<li>Kakaoseemnev\u00f5i on toitaineterikas pehmendav aine, mis aitab nahka niisutada<\/li>\n<li>Laminaria digitata (suur pruunvetika) ekstrakt saadakse aminohapete ja pol\u00fcpeptiidide poolest rikastest vetikatest ning koos hariliku j\u00e4nese ekstraktiga rahustab see nahka<\/li>\n<li>Lavendli, boswellia, jasmiini ja tila eeterlikud \u00f5lid, samuti muud looduslikud koostisosad aitavad nahka hooldada ja niisutada<\/li>\n<\/ul>\n<p>&nbsp;<\/p>\n<p><strong>doTERRA niisutav n\u00e4okreem eeterlike \u00f5lidega (niisutav kreem) Kasutamine:<\/strong><\/p>\n<ul>\n<li>Lisage oma igap\u00e4evasesse rutiini niisutaja, et pakkuda nahale aktiivset niisutust ja parandada n\u00e4onaha \u00fcldist v\u00e4limust<\/li>\n<li>Igal hommikul, p\u00e4rast du\u0161i all k\u00e4imist v\u00f5i n\u00e4o pesemist, kandke n\u00e4o ja kaela nahale niisutav kreem<\/li>\n<li>Kandke enne magamaminekut puhtale n\u00e4ole ja laske tootel noorendada ja niisutada nahka magamise ajal<\/li>\n<li>Parimad tulemused saad, kui kasutad koos teiste doterra igap\u00e4evaste nahahooldustoodetega<\/li>\n<\/ul>\n<p>&nbsp;<\/p>\n<p>&nbsp;<\/p>\n","protected":false},"excerpt":{"rendered":"<ul>\n<li>Kakaoseemnev\u00f5i on toitaineterikas pehmendav aine, mis aitab nahka niisutada<\/li>\n<li>Laminaria digitata (suur pruunvetika) ekstrakt saadakse aminohapete ja pol\u00fcpeptiidide poolest rikastest vetikatest ning koos hariliku j\u00e4nese ekstraktiga rahustab see nahka<\/li>\n<li>Lavendli, boswellia, jasmiini ja tila eeterlikud \u00f5lid, samuti muud looduslikud koostisosad aitavad nahka hooldada ja niisutada<\/li>\n<\/ul>\n","protected":false},"featured_media":23706,"template":"","meta":{"site-sidebar-layout":"default","site-content-layout":"default","ast-site-content-layout":"default","site-content-style":"default","site-sidebar-style":"default","ast-global-header-display":"","ast-banner-title-visibility":"","ast-main-header-display":"","ast-hfb-above-header-display":"","ast-hfb-below-header-display":"","ast-hfb-mobile-header-display":"","site-post-title":"","ast-breadcrumbs-content":"","ast-featured-img":"","footer-sml-layout":"","ast-disable-related-posts":"","theme-transparent-header-meta":"default","adv-header-id-meta":"","stick-header-meta":"","header-above-stick-meta":"","header-main-stick-meta":"","header-below-stick-meta":"","astra-migrate-meta-layouts":"default","ast-page-background-enabled":"default","ast-page-background-meta":{"desktop":{"background-color":"","background-image":"","background-repeat":"repeat","background-position":"center center","background-size":"auto","background-attachment":"scroll","background-type":"","background-media":"","overlay-type":"","overlay-color":"","overlay-opacity":"","overlay-gradient":""},"tablet":{"background-color":"","background-image":"","background-repeat":"repeat","background-position":"center center","background-size":"auto","background-attachment":"scroll","background-type":"","background-media":"","overlay-type":"","overlay-color":"","overlay-opacity":"","overlay-gradient":""},"mobile":{"background-color":"","background-image":"","background-repeat":"repeat","background-position":"center center","background-size":"auto","background-attachment":"scroll","background-type":"","background-media":"","overlay-type":"","overlay-color":"","overlay-opacity":"","overlay-gradient":""}},"ast-content-background-meta":{"desktop":{"background-color":"var(--ast-global-color-5)","background-image":"","background-repeat":"repeat","background-position":"center center","background-size":"auto","background-attachment":"scroll","background-type":"","background-media":"","overlay-type":"","overlay-color":"","overlay-opacity":"","overlay-gradient":""},"tablet":{"background-color":"var(--ast-global-color-5)","background-image":"","background-repeat":"repeat","background-position":"center center","background-size":"auto","background-attachment":"scroll","background-type":"","background-media":"","overlay-type":"","overlay-color":"","overlay-opacity":"","overlay-gradient":""},"mobile":{"background-color":"var(--ast-global-color-5)","background-image":"","background-repeat":"repeat","background-position":"center center","background-size":"auto","background-attachment":"scroll","background-type":"","background-media":"","overlay-type":"","overlay-color":"","overlay-opacity":"","overlay-gradient":""}}},"product_brand":[],"product_cat":[1699,1710],"product_tag":[],"class_list":{"0":"post-15841","1":"product","2":"type-product","3":"status-publish","4":"has-post-thumbnail","6":"product_cat-eeterlikud-olid","7":"product_cat-hugieen-ja-nahahooldus","8":"desktop-align-left","9":"tablet-align-left","10":"mobile-align-left","12":"first","13":"instock","14":"taxable","15":"shipping-taxable","16":"purchasable","17":"product-type-simple"},"_links":{"self":[{"href":"https:\/\/mamaterra.lt\/et\/wp-json\/wp\/v2\/product\/15841","targetHints":{"allow":["GET"]}}],"collection":[{"href":"https:\/\/mamaterra.lt\/et\/wp-json\/wp\/v2\/product"}],"about":[{"href":"https:\/\/mamaterra.lt\/et\/wp-json\/wp\/v2\/types\/product"}],"wp:featuredmedia":[{"embeddable":true,"href":"https:\/\/mamaterra.lt\/et\/wp-json\/wp\/v2\/media\/23706"}],"wp:attachment":[{"href":"https:\/\/mamaterra.lt\/et\/wp-json\/wp\/v2\/media?parent=15841"}],"wp:term":[{"taxonomy":"product_brand","embeddable":true,"href":"https:\/\/mamaterra.lt\/et\/wp-json\/wp\/v2\/product_brand?post=15841"},{"taxonomy":"product_cat","embeddable":true,"href":"https:\/\/mamaterra.lt\/et\/wp-json\/wp\/v2\/product_cat?post=15841"},{"taxonomy":"product_tag","embeddable":true,"href":"https:\/\/mamaterra.lt\/et\/wp-json\/wp\/v2\/product_tag?post=15841"}],"curies":[{"name":"wp","href":"https:\/\/api.w.org\/{rel}","templated":true}]}}