{"id":15839,"date":"2022-11-14T10:38:11","date_gmt":"2022-11-14T09:38:11","guid":{"rendered":"https:\/\/mamaterra.lt\/parduotuve\/maaratlemata\/doterra-osmanthus-touch-eeterlike-olide-segu-10ml\/"},"modified":"2022-11-14T10:38:11","modified_gmt":"2022-11-14T09:38:11","slug":"doterra-osmanthus-touch-eeterlik-oli-segu-10ml","status":"publish","type":"product","link":"https:\/\/mamaterra.lt\/et\/parduotuve\/eeterlikud-olid\/puhtad-eeterlikud-olid\/doterra-osmanthus-touch-eeterlik-oli-segu-10ml\/","title":{"rendered":"doTERRA OSMANTHUS TOUCH eeterlike \u00f5lide segu 10ml"},"content":{"rendered":"<p><strong>doTERRA OSMANTHUS TOUCH eeterlike \u00f5lide segu<\/strong><\/p>\n<p>10ml<\/p>\n<p>&nbsp;<\/p>\n<p><strong>doTERRA OSMANTHUS TOUCH eeterlike \u00f5lide segu \u00fcldine kirjeldus:<\/strong><\/p>\n<p>Ida-Aasias kasvatatud ottoman on v\u00e4ike igihaljas p\u00f5\u00f5sas v\u00f5i v\u00e4ike puu. See kuulub samasse botaanilisse perekonda nagu jasmiin ja lilla. Osmanthus Touchi keeruline aroom on lopsakas, magus ja ainulaadselt puuviljane. Osmante ekstrakti peamine keemiline komponent on trans-beeta-ionoonioon. V\u00f5ite \u00e4ra tunda Ottomani l\u00f5hna, kuna seda kasutatakse sageli suurep\u00e4rastes parf\u00fc\u00fcmides ja parf\u00fc\u00fcmitoodetes.<\/p>\n<p>Osmanthus Touchi eelnevalt lahjendatud pudel sobib ideaalselt kohalikuks kasutamiseks. Lihtsalt kandideerige soovitud kohta! Kandke randmetele ja kaelale, et l\u00f5hnata h\u00fcpnotiseerivalt isiklikult, v\u00f5i n\u00e4ole ja kaelale, et s\u00e4ilitada naha tervislik v\u00e4limus.<\/p>\n<p>Osmanthus Touch annab rahustava ja magusa aroomi, kui mediteerite v\u00f5i teete joogat. L\u00f5hn v\u00f5ib massaa\u017ei ajal olla kasulik, kuna see aitab luua rahustava ja rahustava atmosf\u00e4\u00e4ri. Osmanthus Touchi aroomi saate nautida ka veeretades seda hajutite ehetele, looduslikule dolomiidile v\u00f5i laava difusioonikividele.<\/p>\n<ul>\n<li>Ottomani absoluudi v\u00f5rgutav, magus aroom on \u00e4\u00e4rmiselt h\u00fcpnotiseeriv.<\/li>\n<li>Seda lahjendatakse fraktsioneeritud kookos\u00f5liga, mis muudab selle paikselt mugavaks ja uskumatult lihtsaks.<\/li>\n<\/ul>\n<p>&nbsp;<\/p>\n<p><strong>doTERRA OSMANTHUS TOUCH eeterlike \u00f5lide segu koostisosad:<\/strong><\/p>\n<p>Seni on doTERRA esitanud Osmantust ainult segude komponendina. Seda v\u00f5ib leida j\u00e4rgmistest doTERRA toodetest:<\/p>\n<ul>\n<li>doTERRA mittepestavas kliimaseadmes<\/li>\n<li>S\u00fcgav sinine\u00ae<\/li>\n<li>Kaunis niisutav kehaudu<\/li>\n<li>doTERRA tasakaal\u00ae<\/li>\n<li>doTERRA Vapper\u00ae<\/li>\n<li>doTERRA tekib<\/li>\n<li>T\u00f5usu<\/li>\n<li>doTERRA konsool\u00ae<\/li>\n<\/ul>\n<p>&nbsp;<\/p>\n<p><strong>doTERRA OSMANTHUS TOUCH eeterlike \u00f5lide segu kasutamise n\u00e4pun\u00e4ited:<\/strong><\/p>\n<ol>\n<li>Kandke n\u00e4ole naha niiskuse s\u00e4ilitamiseks.<\/li>\n<li>Kasutage kogu keha massaa\u017ei osana.<\/li>\n<li>Kandke randmetele ja hingake sisse, et tunda aroomi positiivset m\u00f5ju.<\/li>\n<\/ol>\n","protected":false},"excerpt":{"rendered":"<ul>\n<li>Ottomani absoluudi v\u00f5rgutav, magus aroom on uskumatult h\u00fcpnotiseeriv<\/li>\n<li>Seda lahjendatakse fraktsioneeritud kookos\u00f5liga, mis muudab selle paikselt mugavaks ja uskumatult lihtsaks kasutamiseks<\/li>\n<\/ul>\n","protected":false},"featured_media":14591,"template":"","meta":{"site-sidebar-layout":"default","site-content-layout":"default","ast-site-content-layout":"default","site-content-style":"default","site-sidebar-style":"default","ast-global-header-display":"","ast-banner-title-visibility":"","ast-main-header-display":"","ast-hfb-above-header-display":"","ast-hfb-below-header-display":"","ast-hfb-mobile-header-display":"","site-post-title":"","ast-breadcrumbs-content":"","ast-featured-img":"","footer-sml-layout":"","ast-disable-related-posts":"","theme-transparent-header-meta":"default","adv-header-id-meta":"","stick-header-meta":"","header-above-stick-meta":"","header-main-stick-meta":"","header-below-stick-meta":"","astra-migrate-meta-layouts":"default","ast-page-background-enabled":"default","ast-page-background-meta":{"desktop":{"background-color":"","background-image":"","background-repeat":"repeat","background-position":"center center","background-size":"auto","background-attachment":"scroll","background-type":"","background-media":"","overlay-type":"","overlay-color":"","overlay-opacity":"","overlay-gradient":""},"tablet":{"background-color":"","background-image":"","background-repeat":"repeat","background-position":"center center","background-size":"auto","background-attachment":"scroll","background-type":"","background-media":"","overlay-type":"","overlay-color":"","overlay-opacity":"","overlay-gradient":""},"mobile":{"background-color":"","background-image":"","background-repeat":"repeat","background-position":"center center","background-size":"auto","background-attachment":"scroll","background-type":"","background-media":"","overlay-type":"","overlay-color":"","overlay-opacity":"","overlay-gradient":""}},"ast-content-background-meta":{"desktop":{"background-color":"var(--ast-global-color-5)","background-image":"","background-repeat":"repeat","background-position":"center center","background-size":"auto","background-attachment":"scroll","background-type":"","background-media":"","overlay-type":"","overlay-color":"","overlay-opacity":"","overlay-gradient":""},"tablet":{"background-color":"var(--ast-global-color-5)","background-image":"","background-repeat":"repeat","background-position":"center center","background-size":"auto","background-attachment":"scroll","background-type":"","background-media":"","overlay-type":"","overlay-color":"","overlay-opacity":"","overlay-gradient":""},"mobile":{"background-color":"var(--ast-global-color-5)","background-image":"","background-repeat":"repeat","background-position":"center center","background-size":"auto","background-attachment":"scroll","background-type":"","background-media":"","overlay-type":"","overlay-color":"","overlay-opacity":"","overlay-gradient":""}}},"product_brand":[],"product_cat":[1699,1705,1753],"product_tag":[1534],"class_list":{"0":"post-15839","1":"product","2":"type-product","3":"status-publish","4":"has-post-thumbnail","6":"product_cat-eeterlikud-olid","7":"product_cat-puhtad-eeterlikud-olid","8":"product_cat-stressi-juhtimine","9":"product_tag-eeterliku-oli-segu","10":"desktop-align-left","11":"tablet-align-left","12":"mobile-align-left","14":"first","15":"instock","16":"taxable","17":"shipping-taxable","18":"purchasable","19":"product-type-simple"},"_links":{"self":[{"href":"https:\/\/mamaterra.lt\/et\/wp-json\/wp\/v2\/product\/15839","targetHints":{"allow":["GET"]}}],"collection":[{"href":"https:\/\/mamaterra.lt\/et\/wp-json\/wp\/v2\/product"}],"about":[{"href":"https:\/\/mamaterra.lt\/et\/wp-json\/wp\/v2\/types\/product"}],"wp:featuredmedia":[{"embeddable":true,"href":"https:\/\/mamaterra.lt\/et\/wp-json\/wp\/v2\/media\/14591"}],"wp:attachment":[{"href":"https:\/\/mamaterra.lt\/et\/wp-json\/wp\/v2\/media?parent=15839"}],"wp:term":[{"taxonomy":"product_brand","embeddable":true,"href":"https:\/\/mamaterra.lt\/et\/wp-json\/wp\/v2\/product_brand?post=15839"},{"taxonomy":"product_cat","embeddable":true,"href":"https:\/\/mamaterra.lt\/et\/wp-json\/wp\/v2\/product_cat?post=15839"},{"taxonomy":"product_tag","embeddable":true,"href":"https:\/\/mamaterra.lt\/et\/wp-json\/wp\/v2\/product_tag?post=15839"}],"curies":[{"name":"wp","href":"https:\/\/api.w.org\/{rel}","templated":true}]}}