{"id":15487,"date":"2022-12-15T13:36:17","date_gmt":"2022-12-15T12:36:17","guid":{"rendered":"https:\/\/mamaterra.lt\/parduotuve\/maaratlemata\/doterra-tai-koogi-tai-eeterlike-olide-segu-15ml\/"},"modified":"2022-12-30T10:58:25","modified_gmt":"2022-12-30T09:58:25","slug":"doterra-thai-eeterlik-oli-segu-15ml","status":"publish","type":"product","link":"https:\/\/mamaterra.lt\/et\/parduotuve\/eeterlikud-olid\/eeterlike-olide-segud\/doterra-thai-eeterlik-oli-segu-15ml\/","title":{"rendered":"doTERRA Tai k\u00f6\u00f6gi (THAI) eeterlike \u00f5lide segu 15ml"},"content":{"rendered":"<p><strong>doTERRA Tai k\u00f6\u00f6gi (THAI) eeterlike \u00f5lide segu<\/strong><\/p>\n<p>15ml<\/p>\n<p>&nbsp;<\/p>\n<p><strong>doTERRA Tai k\u00f6\u00f6k (THAI) eeterlike \u00f5lide segu \u00dcldine kirjeldus:<\/strong><\/p>\n<p>Tai k\u00f6\u00f6gi segu viib teid l\u00f5hnavale Tai turule ja vaiksetele riisip\u00f5ldudele. Looge naeratuse riigi maitsetega maitsestatud roogasid, kasutades seda koriandri (koriandri seemned), Galangali (m\u00e4gironija), k\u00f6\u00f6mne (k\u00f6\u00f6mned), sidrunheina (sidrunhein), spearminti (k\u00fclmamehed), kaffiri laimi (hiline sidrunipuu), ingveri (ingver), basiiliku (basiilik) ja roosa pipra (roosa pipar) fraktsioneeritud kookos\u00f5li (fraktsioneeritud kookos\u00f5lis) segu. Tai k\u00f6\u00f6gi segu \u00fchendab soolasuse, magususe, hapukuse ja v\u00fcrtsikuse, andes Tai k\u00f6\u00f6gile ainulaadse maitse.<\/p>\n<p>&nbsp;<\/p>\n<p><strong>doTERRA Tai k\u00f6\u00f6k (THAI) eeterlike \u00f5lide segu peamised eelised:<\/strong><\/p>\n<ul>\n<li>Ideaalne pasta, riisi, suppide ja liha maitsestamiseks.<\/li>\n<li>Andke igale soolasele v\u00f5i magusale roogale kergesti l\u00f5hnav maitse.<\/li>\n<li>Hoida k\u00f6\u00f6gikapis kasutusmugavuse huvides!<\/li>\n<li>Parimate tulemuste saavutamiseks kaunistage juba keedetud toitu.<\/li>\n<\/ul>\n<p>&nbsp;<\/p>\n<p><strong>doTERRA Tai k\u00f6\u00f6k (TAI) eeterlike \u00f5lide segu \u00dcldised koostisosad:<\/strong><\/p>\n<p>fraktsioneeritud kookos\u00f5li ( fraktsioneeritud kookos\u00f5li), koriandri (koriandriseemne) \u00f5li, galangal (m\u00e4gironija) \u00f5li, k\u00f6\u00f6mnete (k\u00f6\u00f6mnete) \u00f5li, sidrunheina (sidrunheina) \u00f5li, spearmint (spearmint) \u00f5li, kaffiri laim (hiline sidrunipuu) lehe\u00f5li, ingveri (ingveri) \u00f5li, basiiliku (basiiliku) \u00f5li, roosa pipra (roosa pipar) \u00f5li.<\/p>\n<p>&nbsp;<\/p>\n<p>&nbsp;<\/p>\n","protected":false},"excerpt":{"rendered":"<ul>\n<li>Ideaalne pasta, riisi, suppide ja liha maitsestamiseks.<\/li>\n<li>Andke igale soolasele v\u00f5i magusale roogale kergesti l\u00f5hnav maitse.<\/li>\n<li>Hoida k\u00f6\u00f6gikapis kasutusmugavuse huvides!<\/li>\n<\/ul>\n","protected":false},"featured_media":14714,"template":"","meta":{"site-sidebar-layout":"default","site-content-layout":"default","ast-site-content-layout":"default","site-content-style":"default","site-sidebar-style":"default","ast-global-header-display":"","ast-banner-title-visibility":"","ast-main-header-display":"","ast-hfb-above-header-display":"","ast-hfb-below-header-display":"","ast-hfb-mobile-header-display":"","site-post-title":"","ast-breadcrumbs-content":"","ast-featured-img":"","footer-sml-layout":"","ast-disable-related-posts":"","theme-transparent-header-meta":"default","adv-header-id-meta":"","stick-header-meta":"","header-above-stick-meta":"","header-main-stick-meta":"","header-below-stick-meta":"","astra-migrate-meta-layouts":"default","ast-page-background-enabled":"default","ast-page-background-meta":{"desktop":{"background-color":"","background-image":"","background-repeat":"repeat","background-position":"center center","background-size":"auto","background-attachment":"scroll","background-type":"","background-media":"","overlay-type":"","overlay-color":"","overlay-opacity":"","overlay-gradient":""},"tablet":{"background-color":"","background-image":"","background-repeat":"repeat","background-position":"center center","background-size":"auto","background-attachment":"scroll","background-type":"","background-media":"","overlay-type":"","overlay-color":"","overlay-opacity":"","overlay-gradient":""},"mobile":{"background-color":"","background-image":"","background-repeat":"repeat","background-position":"center center","background-size":"auto","background-attachment":"scroll","background-type":"","background-media":"","overlay-type":"","overlay-color":"","overlay-opacity":"","overlay-gradient":""}},"ast-content-background-meta":{"desktop":{"background-color":"var(--ast-global-color-5)","background-image":"","background-repeat":"repeat","background-position":"center center","background-size":"auto","background-attachment":"scroll","background-type":"","background-media":"","overlay-type":"","overlay-color":"","overlay-opacity":"","overlay-gradient":""},"tablet":{"background-color":"var(--ast-global-color-5)","background-image":"","background-repeat":"repeat","background-position":"center center","background-size":"auto","background-attachment":"scroll","background-type":"","background-media":"","overlay-type":"","overlay-color":"","overlay-opacity":"","overlay-gradient":""},"mobile":{"background-color":"var(--ast-global-color-5)","background-image":"","background-repeat":"repeat","background-position":"center center","background-size":"auto","background-attachment":"scroll","background-type":"","background-media":"","overlay-type":"","overlay-color":"","overlay-opacity":"","overlay-gradient":""}}},"product_brand":[],"product_cat":[1701,1693],"product_tag":[],"class_list":{"0":"post-15487","1":"product","2":"type-product","3":"status-publish","4":"has-post-thumbnail","6":"product_cat-eeterlike-olide-segud","7":"product_cat-kingitused-naistele","8":"desktop-align-left","9":"tablet-align-left","10":"mobile-align-left","12":"first","13":"outofstock","14":"taxable","15":"shipping-taxable","16":"purchasable","17":"product-type-simple"},"_links":{"self":[{"href":"https:\/\/mamaterra.lt\/et\/wp-json\/wp\/v2\/product\/15487","targetHints":{"allow":["GET"]}}],"collection":[{"href":"https:\/\/mamaterra.lt\/et\/wp-json\/wp\/v2\/product"}],"about":[{"href":"https:\/\/mamaterra.lt\/et\/wp-json\/wp\/v2\/types\/product"}],"wp:featuredmedia":[{"embeddable":true,"href":"https:\/\/mamaterra.lt\/et\/wp-json\/wp\/v2\/media\/14714"}],"wp:attachment":[{"href":"https:\/\/mamaterra.lt\/et\/wp-json\/wp\/v2\/media?parent=15487"}],"wp:term":[{"taxonomy":"product_brand","embeddable":true,"href":"https:\/\/mamaterra.lt\/et\/wp-json\/wp\/v2\/product_brand?post=15487"},{"taxonomy":"product_cat","embeddable":true,"href":"https:\/\/mamaterra.lt\/et\/wp-json\/wp\/v2\/product_cat?post=15487"},{"taxonomy":"product_tag","embeddable":true,"href":"https:\/\/mamaterra.lt\/et\/wp-json\/wp\/v2\/product_tag?post=15487"}],"curies":[{"name":"wp","href":"https:\/\/api.w.org\/{rel}","templated":true}]}}