{"id":15060,"date":"2021-09-03T10:27:35","date_gmt":"2021-09-03T09:27:35","guid":{"rendered":"https:\/\/mamaterra.lt\/tarne\/"},"modified":"2024-03-01T20:00:50","modified_gmt":"2024-03-01T19:00:50","slug":"tarne","status":"publish","type":"page","link":"https:\/\/mamaterra.lt\/et\/tarne\/","title":{"rendered":"Tarne"},"content":{"rendered":"\t\t<div data-elementor-type=\"wp-post\" data-elementor-id=\"15060\" class=\"elementor elementor-15060 elementor-2042\" data-elementor-post-type=\"page\">\n\t\t\t\t\t\t<section class=\"elementor-section elementor-top-section elementor-element elementor-element-93db574 elementor-section-content-middle elementor-section-height-min-height elementor-section-boxed elementor-section-height-default elementor-section-items-middle\" data-id=\"93db574\" data-element_type=\"section\" data-e-type=\"section\" data-settings=\"{&quot;background_background&quot;:&quot;classic&quot;}\">\n\t\t\t\t\t\t\t<div class=\"elementor-background-overlay\"><\/div>\n\t\t\t\t\t\t\t<div class=\"elementor-container elementor-column-gap-no\">\n\t\t\t\t\t<div class=\"elementor-column elementor-col-100 elementor-top-column elementor-element elementor-element-3eac73d\" data-id=\"3eac73d\" data-element_type=\"column\" data-e-type=\"column\" data-settings=\"{&quot;background_background&quot;:&quot;classic&quot;}\">\n\t\t\t<div class=\"elementor-widget-wrap elementor-element-populated\">\n\t\t\t\t\t\t<section class=\"elementor-section elementor-inner-section elementor-element elementor-element-635c4d9 elementor-section-height-min-height elementor-section-boxed elementor-section-height-default\" data-id=\"635c4d9\" data-element_type=\"section\" data-e-type=\"section\">\n\t\t\t\t\t\t\t<div class=\"elementor-background-overlay\"><\/div>\n\t\t\t\t\t\t\t<div class=\"elementor-container elementor-column-gap-default\">\n\t\t\t\t\t<div class=\"elementor-column elementor-col-100 elementor-inner-column elementor-element elementor-element-4a97dc2\" data-id=\"4a97dc2\" data-element_type=\"column\" data-e-type=\"column\" data-settings=\"{&quot;background_background&quot;:&quot;classic&quot;}\">\n\t\t\t<div class=\"elementor-widget-wrap elementor-element-populated\">\n\t\t\t\t\t\t<div class=\"elementor-element elementor-element-6ff91c8 elementor-widget elementor-widget-heading\" data-id=\"6ff91c8\" data-element_type=\"widget\" data-e-type=\"widget\" data-widget_type=\"heading.default\">\n\t\t\t\t<div class=\"elementor-widget-container\">\n\t\t\t\t\t<h1 class=\"elementor-heading-title elementor-size-default\">Tarne<\/h1>\t\t\t\t<\/div>\n\t\t\t\t<\/div>\n\t\t\t\t<div class=\"elementor-element elementor-element-8c48a75 elementor-align-center elementor-widget elementor-widget-breadcrumbs\" data-id=\"8c48a75\" data-element_type=\"widget\" data-e-type=\"widget\" data-widget_type=\"breadcrumbs.default\">\n\t\t\t\t<div class=\"elementor-widget-container\">\n\t\t\t\t\t<p id=\"breadcrumbs\"><span><span><a href=\"https:\/\/mamaterra.lt\/et\/\">Avaleht<\/a><\/span><\/span><\/p>\t\t\t\t<\/div>\n\t\t\t\t<\/div>\n\t\t\t\t\t<\/div>\n\t\t<\/div>\n\t\t\t\t\t<\/div>\n\t\t<\/section>\n\t\t\t\t\t<\/div>\n\t\t<\/div>\n\t\t\t\t\t<\/div>\n\t\t<\/section>\n\t\t\t\t<section class=\"elementor-section elementor-top-section elementor-element elementor-element-1e251947 elementor-section-boxed elementor-section-height-default elementor-section-height-default\" data-id=\"1e251947\" data-element_type=\"section\" data-e-type=\"section\" data-settings=\"{&quot;background_background&quot;:&quot;classic&quot;}\">\n\t\t\t\t\t\t\t<div class=\"elementor-background-overlay\"><\/div>\n\t\t\t\t\t\t\t<div class=\"elementor-container elementor-column-gap-default\">\n\t\t\t\t\t<div class=\"elementor-column elementor-col-100 elementor-top-column elementor-element elementor-element-4901124c\" data-id=\"4901124c\" data-element_type=\"column\" data-e-type=\"column\" data-settings=\"{&quot;background_background&quot;:&quot;classic&quot;}\">\n\t\t\t<div class=\"elementor-widget-wrap elementor-element-populated\">\n\t\t\t\t\t\t<div class=\"elementor-element elementor-element-2594e508 elementor-widget elementor-widget-heading\" data-id=\"2594e508\" data-element_type=\"widget\" data-e-type=\"widget\" data-widget_type=\"heading.default\">\n\t\t\t\t<div class=\"elementor-widget-container\">\n\t\t\t\t\t<h1 class=\"elementor-heading-title elementor-size-default\">Saatmine ja tagastamine<\/h1>\t\t\t\t<\/div>\n\t\t\t\t<\/div>\n\t\t\t\t<div class=\"elementor-element elementor-element-2ae61bea elementor-widget elementor-widget-text-editor\" data-id=\"2ae61bea\" data-element_type=\"widget\" data-e-type=\"widget\" data-widget_type=\"text-editor.default\">\n\t\t\t\t<div class=\"elementor-widget-container\">\n\t\t\t\t\t\t\t\t\t<p>1.<strong>&nbsp;&nbsp;&nbsp; KAUBA KOHALETOIMETAMINE\/K\u00c4TTESAAMINE<\/strong><\/p>\n<ol>\n<li style=\"list-style-type: none;\">\n<ol>\n<li>Kaupa tellides saate valida kauba kohaletoimetamise viisi, st. y. kasutada kulleri (kolmanda osapoole) pakutavat k\u00e4ttetoimetamisteenust.<\/li>\n<li>Kaup toimetatakse kogu Leedus kohale 3-7 p\u00e4eva jooksul. d.p\u00e4rast&nbsp; tellimuse kinnitamist. V\u00e4lismaal asuvatele kaupadele kehtib kohaletoimetamise tasu ~&nbsp; 10,5 EUR. Aega ei ole v\u00f5imalik valida.<\/li>\n<li>Valides tellimise ajal k\u00e4ttetoimetamisteenuse, kohustute m\u00e4rkima kauba t\u00e4pse tarnekoha.<\/li>\n<li>Te kohustute Kauba ise vastu v\u00f5tma v\u00f5i m\u00e4rkima tellimuse vormistamisel isiku, kes kaubale j\u00e4rele tuleb. Juhul, kui teie (v\u00f5i m\u00e4\u00e4ratud muu isik) ei saa kaupa vastu v\u00f5tta ning kaup toimetatakse m\u00e4\u00e4ratud aadressile ja ostja esitatud muude andmete alusel, ei ole teil \u00f5igust esitada \u00e4ri\u00fchingule pretensioone seoses kauba \u00fcleandmisega valele \u00fcksusele.<\/li>\n<li>Kohaletoimetamise tasu arvestatakse s\u00f5ltuvalt teie esitatud tellimuse suurusest ja tarnekohast:\n<ol>\n<li>Kauba kohaletoimetamisel k\u00f5ikidesse Leedu linnadesse tuleb tasuda t\u00e4iendav transporditasu kuni 6 eurot (koos k\u00e4ibemaksuga). Hind pakiautomaadiga saatmisel on 4,5 eurot ja kulleriga saatmisel 6 eurot.<\/li>\n<li>Kauba kohaletoimetamiseks Kura s\u00fclle arvutatakse eraldi t\u00e4iendav transporditasu.<\/li>\n<\/ol>\n<\/li>\n<li>Kui soovite, et kaup toimetataks v\u00e4ljapoole Leedut, koosk\u00f5lastatakse tellimuse tarnetingimused eraldi lepinguga.<\/li>\n<li>Kui esitate tellimuse teistesse Leedu linnadesse (mitte Vilniusesse ja Kaunasesse), toimetab Ettev\u00f5te v\u00f5i kolmas isik kauba kohale 1-3 t\u00f6\u00f6p\u00e4eva jooksul. Kaupade probleemide v\u00f5i puuduse korral teavitab Kaubandus\u00fching Teid viivitamatult Kauba v\u00f5imalikust pikemast tarnet\u00e4htajast ning kui olete sellega rahul, j\u00e4tkab \u00dching tellimuse kohaletoimetamist. Juhul, kui \u00c4ri\u00fchingu poolt esitatud Kauba pikem tarneperiood Teid ei rahulda, t\u00fchistatakse esitatud tellimus ja Teie poolt tasutud rahasumma tagastatakse vastavalt k\u00e4esolevates Reeglites s\u00e4testatud korrale.<\/li>\n<li>K\u00f5ikidel juhtudel on \u00c4ri\u00fching vabastatud vastutusest Kauba tarnetingimuste rikkumise eest, kui Kaupu ei tarnita teile v\u00f5i kui neid ei tarnita teile \u00f5igeaegselt teie s\u00fc\u00fcl v\u00f5i \u00c4ri\u00fchingust mitteolenevatel p\u00f5hjustel.<\/li>\n<li>\u00c4ri\u00fching ei vastuta \u00fchegi tegevuse, tegevusetuse v\u00f5i s\u00fcndmuse eest alates hetkest, mil Kaup anti \u00fcle kullerteenust osutavale ettev\u00f5ttele (kullerile). Juhul, kui saadud pakil on v\u00e4lised defektid, peate sellest kullerit kauba \u00fcleandmise ajal teavitama.<\/li>\n<li>Teile v\u00f5i teie volitatud isikule kauba k\u00e4ttetoimetamisel peate teie (v\u00f5i teie volitatud isik) koos m\u00fc\u00fcja v\u00f5i teile kaupa tarninud kulleriga kontrollima paki ja toote(te) seisukorda ning allkirjastama paki \u00fcleandmise ja vastuv\u00f5tmise dokumendi (p\u00e4rast karantiinire\u017eiimi kehtestamist riigis) m\u00fc\u00fcja v\u00f5ib kohandada k\u00e4esolevas l\u00f5ikes kirjeldatud korda). P\u00e4rast paki \u00fcleandmise-vastuv\u00f5tmise dokumendi allkirjastamist loetakse, et pakk ja Kaup on \u00fcle antud n\u00f5uetekohase kvaliteediga, Kaubal ei ole rikkumisi, mille aluseks on tehasev\u00e4line defekt, ning Toote(te) komplekteerimisel ei ole vastuolusid.<\/li>\n<li>Kui m\u00e4rkate, et esitatud saadetise pakend on kahjustatud, Toode(id) on kahjustatud ja\/v\u00f5i Toode(d) on vales konfiguratsioonis, peate selle m\u00e4rkima paki \u00fcleandmise-vastuv\u00f5tmise dokumendile ning M\u00fc\u00fcja v\u00f5i tema kulleri (kolmas isik) juuresolekul koostama vabas vormis paki ja\/v\u00f5i Toote(te) rikkumise\/mittevastavuse akti. Selliste toimingute tegemata j\u00e4tmise korral on ettev\u00f5te vabastatud vastutusest teie ees kaupade, kvaliteedi, montaa\u017ei, pakendi rikkumiste eest, mida te ei ole toote saatedokumendis m\u00e4rkinud.<\/li>\n<\/ol>\n<\/li>\n<\/ol>\n<p>2.&nbsp;&nbsp;&nbsp; <strong>KAUBA TAGASTAMINE JA ASENDAMINE<\/strong><\/p>\n<ol>\n<li style=\"list-style-type: none;\">\n<ol>\n<li style=\"list-style-type: none;\">\n<ol>\n<li>Puudusega Kauba tagastamise korral kohustub Ettev\u00f5tja defektsed Kaubad k\u00e4tte saama ja asendama analoogsete kaupadega. Juhul, kui Ettev\u00f5ttel ei ole sarnast Kaupa, kohustub Ettev\u00f5te tagastama Teile kauba eest makstud raha.<\/li>\n<li>Puudusega Kaubast v\u00f5i tekkinud veast on vaja teavitada e-posti teel. posti teel <a href=\"mailto:info@mamaterra.lt\" target=\"_blank\" rel=\"noopener\">info@mamaterra.lt<\/a>&nbsp;samal kalendrip\u00e4eval, mil Kaup k\u00e4tte toimetati.<\/li>\n<li>E-poest ostetud Kauba tagastamisel v\u00f5i asendamisel palume Teil t\u00e4ita esitatud Kauba tagastamis- v\u00f5i vahetuskiri.<\/li>\n<li>S\u00f5ltuvalt \u00c4ri\u00fchingu poolt pakutava Kauba liigist on Teil \u00f5igus esitada \u00c4ri\u00fchingule pretensioon samal kalendrip\u00e4eval alates Kauba kohaletoimetamise kuup\u00e4evast samal kalendrip\u00e4eval alates Kauba \u00fcleandmise kuup\u00e4evast, kuna hiljem on t\u00e4heldatud ja registreeritud lahknevusi. Sellisel juhul kohustub \u00c4ri\u00fching pretensiooni l\u00e4bi vaatama 1 (\u00fche) t\u00f6\u00f6p\u00e4eva jooksul ning p\u00f5hjendatud pretensiooni korral asendama selle kvaliteedin\u00f5uetele vastava kaubaga v\u00f5i tagastama Kauba eest tasutud raha.<\/li>\n<li>K\u00f5ikidel juhtudel kantakse raha tagastatud Kauba eest maksekorraldusega ja ainult maksja pangakontole.<\/li>\n<li>Kauba tagastamise tingimusi ei kohaldata:\n<ol>\n<li>Kui kaup on kahjustatud;<\/li>\n<li>Kui pakendatud kaup on p\u00e4rast kohaletoimetamist lahti pakitud ja ei sobi tagastamiseks.<\/li>\n<\/ol>\n<\/li>\n<\/ol>\n<\/li>\n<\/ol>\n<\/li>\n<\/ol>\t\t\t\t\t\t\t\t<\/div>\n\t\t\t\t<\/div>\n\t\t\t\t\t<\/div>\n\t\t<\/div>\n\t\t\t\t\t<\/div>\n\t\t<\/section>\n\t\t\t\t<\/div>\n\t\t","protected":false},"excerpt":{"rendered":"<p>Tarne Saatmine ja tagastamine 1.&nbsp;&nbsp;&nbsp; KAUBA KOHALETOIMETAMINE\/K\u00c4TTESAAMINE Kaupa tellides saate valida kauba kohaletoimetamise viisi, st. y. kasutada kulleri (kolmanda osapoole) pakutavat k\u00e4ttetoimetamisteenust. Kaup toimetatakse kogu Leedus kohale 3-7 p\u00e4eva jooksul. d.p\u00e4rast&nbsp; tellimuse kinnitamist. V\u00e4lismaal asuvatele kaupadele kehtib kohaletoimetamise tasu ~&nbsp; 10,5 EUR. Aega ei ole v\u00f5imalik valida. Valides tellimise ajal k\u00e4ttetoimetamisteenuse, kohustute m\u00e4rkima kauba t\u00e4pse [&hellip;]<\/p>\n","protected":false},"author":1,"featured_media":0,"parent":0,"menu_order":0,"comment_status":"closed","ping_status":"closed","template":"","meta":{"site-sidebar-layout":"no-sidebar","site-content-layout":"page-builder","ast-site-content-layout":"default","site-content-style":"default","site-sidebar-style":"default","ast-global-header-display":"","ast-banner-title-visibility":"","ast-main-header-display":"","ast-hfb-above-header-display":"","ast-hfb-below-header-display":"","ast-hfb-mobile-header-display":"","site-post-title":"disabled","ast-breadcrumbs-content":"","ast-featured-img":"disabled","footer-sml-layout":"","ast-disable-related-posts":"","theme-transparent-header-meta":"enabled","adv-header-id-meta":"","stick-header-meta":"","header-above-stick-meta":"","header-main-stick-meta":"","header-below-stick-meta":"","astra-migrate-meta-layouts":"default","ast-page-background-enabled":"default","ast-page-background-meta":{"desktop":{"background-color":"","background-image":"","background-repeat":"repeat","background-position":"center center","background-size":"auto","background-attachment":"scroll","background-type":"","background-media":"","overlay-type":"","overlay-color":"","overlay-opacity":"","overlay-gradient":""},"tablet":{"background-color":"","background-image":"","background-repeat":"repeat","background-position":"center center","background-size":"auto","background-attachment":"scroll","background-type":"","background-media":"","overlay-type":"","overlay-color":"","overlay-opacity":"","overlay-gradient":""},"mobile":{"background-color":"","background-image":"","background-repeat":"repeat","background-position":"center center","background-size":"auto","background-attachment":"scroll","background-type":"","background-media":"","overlay-type":"","overlay-color":"","overlay-opacity":"","overlay-gradient":""}},"ast-content-background-meta":{"desktop":{"background-color":"var(--ast-global-color-5)","background-image":"","background-repeat":"repeat","background-position":"center center","background-size":"auto","background-attachment":"scroll","background-type":"","background-media":"","overlay-type":"","overlay-color":"","overlay-opacity":"","overlay-gradient":""},"tablet":{"background-color":"var(--ast-global-color-5)","background-image":"","background-repeat":"repeat","background-position":"center center","background-size":"auto","background-attachment":"scroll","background-type":"","background-media":"","overlay-type":"","overlay-color":"","overlay-opacity":"","overlay-gradient":""},"mobile":{"background-color":"var(--ast-global-color-5)","background-image":"","background-repeat":"repeat","background-position":"center center","background-size":"auto","background-attachment":"scroll","background-type":"","background-media":"","overlay-type":"","overlay-color":"","overlay-opacity":"","overlay-gradient":""}},"footnotes":""},"class_list":["post-15060","page","type-page","status-publish","hentry"],"_links":{"self":[{"href":"https:\/\/mamaterra.lt\/et\/wp-json\/wp\/v2\/pages\/15060","targetHints":{"allow":["GET"]}}],"collection":[{"href":"https:\/\/mamaterra.lt\/et\/wp-json\/wp\/v2\/pages"}],"about":[{"href":"https:\/\/mamaterra.lt\/et\/wp-json\/wp\/v2\/types\/page"}],"author":[{"embeddable":true,"href":"https:\/\/mamaterra.lt\/et\/wp-json\/wp\/v2\/users\/1"}],"replies":[{"embeddable":true,"href":"https:\/\/mamaterra.lt\/et\/wp-json\/wp\/v2\/comments?post=15060"}],"version-history":[{"count":0,"href":"https:\/\/mamaterra.lt\/et\/wp-json\/wp\/v2\/pages\/15060\/revisions"}],"wp:attachment":[{"href":"https:\/\/mamaterra.lt\/et\/wp-json\/wp\/v2\/media?parent=15060"}],"curies":[{"name":"wp","href":"https:\/\/api.w.org\/{rel}","templated":true}]}}