{"id":26031,"date":"2025-12-04T20:55:01","date_gmt":"2025-12-04T19:55:01","guid":{"rendered":"https:\/\/mamaterra.lt\/parduotuve\/uncategorized\/effervescent-berry-15-ml\/"},"modified":"2025-12-04T20:55:01","modified_gmt":"2025-12-04T19:55:01","slug":"effervescent-berry-15-ml","status":"publish","type":"product","link":"https:\/\/mamaterra.lt\/en\/parduotuve\/essential-oils\/essential-oil-blends\/effervescent-berry-15-ml\/","title":{"rendered":"Effervescent Berry 15 ml"},"content":{"rendered":"<p>Effervescent Berry 15 ml<\/p>\n<p>U\u017ekre\u010diantis d\u017eiaugsmas; gyvenimo jaudulys. Effervescent Berry mi\u0161inys d\u017eiugina dinami\u0161ku aromato profiliu, atskleid\u017eian\u010diu vaisi\u0173, pipir\u0173 ir aitri\u0173j\u0173 prieskoni\u0173 sodrum\u0105.<\/p>\n<p>Nuo pirmojo la\u0161o vir\u0161utin\u0117s Wild Orange (Laukini\u0173 apelsin\u0173), Zanthoxylum (Dygliuotojo uosio), Lime (\u017dali\u0173j\u0173 citrin\u0173), Coriander (Kalendr\u0173 s\u0117kl\u0173), Lemon (Citrin\u0173), Siam Wood (Siamo medienos), Green Mandarin (\u017dali\u0173j\u0173 mandarin\u0173) ir Ginger (Imbier\u0173) natos skleid\u017eia sodr\u0173 aromat\u0105, o eterini\u0173 aliej\u0173 ir ekstrakt\u0173 sintez\u0117s s\u0105ra\u0161as dar net ne\u012fpus\u0117jo. Toliau skleid\u017eiasi gilesni Kaffir Lime (V\u0117lyv\u0173j\u0173 citrinmed\u017ei\u0173), Blackcurrant (Juod\u0173j\u0173 serbent\u0173), Kumquat (Kinkan\u0173), Pink Pepper (Rausv\u0173j\u0173 pipir\u0173), Benzoin (Benzoino), Polygonum (R\u016bg\u010di\u0173) ir galiausiai Cinnamon (Cinamono) kvapai, kurie sukuria nenugalim\u0105 spindin\u010dio malonumo mi\u0161in\u012f. Nesvarbu ar esate genijus, pasiek\u0119s atradimo rib\u0105, ar netrukus did\u012fj\u012f prover\u017e\u012f pasieksiantis menininkas, Effervescent Berry mi\u0161inys kvie\u010dia tapti \u012fkv\u0117pimo esme \u2013 u\u017ekre\u010dian\u010dia gyvenimo energija.<\/p>\n<h3 class=\"spotlight__foot-block-title\">Pagrindiniai privalumai<\/h3>\n<div class=\"spotlight__foot-block-content\">\n<ul class=\"spotlight__list-custom custom-list\">\n<li>Gilus vaisi\u0173, medienos, citrusini\u0173 vaisi\u0173 ir uog\u0173 aromat\u0173 s\u0105skambis, suteikiantis spindin\u010dio malonumo.<\/li>\n<li>Sukurtas \u012fkv\u0117pimo, aistros ir nepaliaujamo k\u016brybi\u0161kumo akimirkoms skatinti.<\/li>\n<li>Skatina \u017eval\u0173, gyvybing\u0105 ir energing\u0105 gyvenimo d\u017eiaugsm\u0105.<\/li>\n<li>\n<h3 class=\"product-uses__block-title\">Naudojimas<\/h3>\n<div class=\"product-uses__block-list\">\n<ul class=\"custom-list\">\n<li>Naudokite, kad pasijustum\u0117te ner\u016bpestingai ir lengvai, kai reikia pakelti nuotaik\u0105.<\/li>\n<li>Sumai\u0161ykite su doTERRA Hand and Body Lotion (Rank\u0173 ir k\u016bno losjonu) ir tepkite ant odos, kad pajustum\u0117te intensyv\u0173 uog\u0173 aromat\u0105.<\/li>\n<li>Naudokite Effervescent Berry mi\u0161in\u012f prie\u0161 susirinkimus ar min\u010di\u0173 lietaus sesijas, kad \u012fkv\u0117ptum\u0117te ir i\u0161laisvintum\u0117te savo k\u016brybi\u0161kum\u0105.<\/li>\n<\/ul>\n<\/div>\n<h3 class=\"product-uses__block-title\">Naudojimo nurodymai<\/h3>\n<div class=\"product-uses__directions-for-use\">\n<div class=\"product-uses__directions-for-use-item\">\n<div class=\"product-uses__directions-for-use-icon\">\n<div class=\"icon--topically icon--xxl\"><\/div>\n<\/div>\n<div class=\"product-uses__directions-for-use-copy\">Masa\u017eui sumai\u0161ykite 5 aliejaus la\u0161us su 10 ml bazinio aliejaus. Voniai sumai\u0161ykite 5 aliejaus la\u0161us su 5 ml bazinio aliejaus. Jeigu naudosite kvepalams, sumai\u0161ykite 1 la\u0161\u0105 su 10 la\u0161\u0173 bazinio aliejaus. Tik i\u0161oriniam naudojimui.<\/div>\n<\/div>\n<\/div>\n<div class=\"product-uses__cautions\">\n<h3 class=\"product-uses__block-title\">Atsargumo priemon\u0117s<\/h3>\n<div class=\"product-uses__cautions-body\">\n<p>Gali dirginti od\u0105. Laikyti vaikams nepasiekiamoje vietoje. Jeigu laukiat\u0117s ar gydot\u0117s, pasitarkite su gydytoju. Venkite kontakto su akimis, vidine ausimi ir jautriomis vietomis. Venkite saul\u0117s ar UV spinduli\u0173 bent 12 valand\u0173 po produkto naudojimo.<\/p>\n<\/div>\n<\/div>\n<\/li>\n<\/ul>\n<\/div>\n","protected":false},"excerpt":{"rendered":"<p>U\u017ekre\u010diantis d\u017eiaugsmas; gyvenimo jaudulys. Effervescent Berry mi\u0161inys d\u017eiugina dinami\u0161ku aromato profiliu, atskleid\u017eian\u010diu vaisi\u0173, pipir\u0173 ir aitri\u0173j\u0173 prieskoni\u0173 sodrum\u0105.<\/p>\n","protected":false},"featured_media":26025,"template":"","meta":{"site-sidebar-layout":"default","site-content-layout":"","ast-site-content-layout":"default","site-content-style":"default","site-sidebar-style":"default","ast-global-header-display":"","ast-banner-title-visibility":"","ast-main-header-display":"","ast-hfb-above-header-display":"","ast-hfb-below-header-display":"","ast-hfb-mobile-header-display":"","site-post-title":"","ast-breadcrumbs-content":"","ast-featured-img":"","footer-sml-layout":"","ast-disable-related-posts":"","theme-transparent-header-meta":"default","adv-header-id-meta":"","stick-header-meta":"","header-above-stick-meta":"","header-main-stick-meta":"","header-below-stick-meta":"","astra-migrate-meta-layouts":"set","ast-page-background-enabled":"default","ast-page-background-meta":{"desktop":{"background-color":"","background-image":"","background-repeat":"repeat","background-position":"center center","background-size":"auto","background-attachment":"scroll","background-type":"","background-media":"","overlay-type":"","overlay-color":"","overlay-opacity":"","overlay-gradient":""},"tablet":{"background-color":"","background-image":"","background-repeat":"repeat","background-position":"center center","background-size":"auto","background-attachment":"scroll","background-type":"","background-media":"","overlay-type":"","overlay-color":"","overlay-opacity":"","overlay-gradient":""},"mobile":{"background-color":"","background-image":"","background-repeat":"repeat","background-position":"center center","background-size":"auto","background-attachment":"scroll","background-type":"","background-media":"","overlay-type":"","overlay-color":"","overlay-opacity":"","overlay-gradient":""}},"ast-content-background-meta":{"desktop":{"background-color":"var(--ast-global-color-5)","background-image":"","background-repeat":"repeat","background-position":"center center","background-size":"auto","background-attachment":"scroll","background-type":"","background-media":"","overlay-type":"","overlay-color":"","overlay-opacity":"","overlay-gradient":""},"tablet":{"background-color":"var(--ast-global-color-5)","background-image":"","background-repeat":"repeat","background-position":"center center","background-size":"auto","background-attachment":"scroll","background-type":"","background-media":"","overlay-type":"","overlay-color":"","overlay-opacity":"","overlay-gradient":""},"mobile":{"background-color":"var(--ast-global-color-5)","background-image":"","background-repeat":"repeat","background-position":"center center","background-size":"auto","background-attachment":"scroll","background-type":"","background-media":"","overlay-type":"","overlay-color":"","overlay-opacity":"","overlay-gradient":""}}},"product_brand":[],"product_cat":[1700,1689,1733,1751],"product_tag":[],"class_list":{"0":"post-26031","1":"product","2":"type-product","3":"status-publish","4":"has-post-thumbnail","6":"product_cat-essential-oil-blends","7":"product_cat-gifts","8":"product_cat-massage","9":"product_cat-stress-management","10":"desktop-align-left","11":"tablet-align-left","12":"mobile-align-left","14":"first","15":"instock","16":"taxable","17":"shipping-taxable","18":"purchasable","19":"product-type-simple"},"_links":{"self":[{"href":"https:\/\/mamaterra.lt\/en\/wp-json\/wp\/v2\/product\/26031","targetHints":{"allow":["GET"]}}],"collection":[{"href":"https:\/\/mamaterra.lt\/en\/wp-json\/wp\/v2\/product"}],"about":[{"href":"https:\/\/mamaterra.lt\/en\/wp-json\/wp\/v2\/types\/product"}],"wp:featuredmedia":[{"embeddable":true,"href":"https:\/\/mamaterra.lt\/en\/wp-json\/wp\/v2\/media\/26025"}],"wp:attachment":[{"href":"https:\/\/mamaterra.lt\/en\/wp-json\/wp\/v2\/media?parent=26031"}],"wp:term":[{"taxonomy":"product_brand","embeddable":true,"href":"https:\/\/mamaterra.lt\/en\/wp-json\/wp\/v2\/product_brand?post=26031"},{"taxonomy":"product_cat","embeddable":true,"href":"https:\/\/mamaterra.lt\/en\/wp-json\/wp\/v2\/product_cat?post=26031"},{"taxonomy":"product_tag","embeddable":true,"href":"https:\/\/mamaterra.lt\/en\/wp-json\/wp\/v2\/product_tag?post=26031"}],"curies":[{"name":"wp","href":"https:\/\/api.w.org\/{rel}","templated":true}]}}