{"id":25334,"date":"2025-03-12T20:27:34","date_gmt":"2025-03-12T19:27:34","guid":{"rendered":"https:\/\/mamaterra.lt\/parduotuve\/uncategorized\/doterra-turmeric-dual-chamber-capsules\/"},"modified":"2025-03-12T20:30:32","modified_gmt":"2025-03-12T19:30:32","slug":"doterra-turmeric-dual-chamber-capsules","status":"publish","type":"product","link":"https:\/\/mamaterra.lt\/en\/parduotuve\/essential-oils\/doterra-turmeric-dual-chamber-capsules\/","title":{"rendered":"doTERRA Turmeric Dual Chamber Capsules"},"content":{"rendered":"<h6 class=\"spotlight__head-title\">Turmeric Dual Chamber Capsules<\/h6>\n<p>doTERRA is the first to combine Turmeric essential oil and Turmeric extract in a specially-designed, dual-chamber capsule. By bringing together the Turmeric essential oil and the Turmeric extract, the effectiveness of each component is maximised. The result is a revolutionary product of bioactive plant compounds, creating a uniquely powerful synergy of turmerones and curcuminoids.\u00a0Available in a convenient, ingestible format, each capsule contains 2 drops of Turmeric essential oil.<\/p>\n<ul class=\"spotlight__list-custom custom-list\">\n<li><strong>Turmeric Extract (Rhizome) including Curcuminoids<\/strong><\/li>\n<li>Contains naturally occurring antioxidants*.<\/li>\n<li>Helps maintain the health of joints and bones*.<\/li>\n<li>Helps to keep the skin healthy*.<\/li>\n<li>Supports production and quality of blood*.<\/li>\n<li>Supports heart function*.<\/li>\n<li>Supports blood circulation*.<\/li>\n<li>Helps to support the digestion*.<\/li>\n<li>Contributes to the normal function of intestinal tract*.<\/li>\n<li>Contributes to normal choleresis*.<\/li>\n<li>Helps to maintain the efficacy of the immune system*.<\/li>\n<li>Helps to maintain resistance to allergies*.<\/li>\n<li>*These health claims are still under the decision of the EU and EFSA.<\/li>\n<\/ul>\n<p>Take 2 Capsules Per Day.<\/p>\n<h6 class=\"product-uses__block-title\">Cautions<\/h6>\n<div class=\"product-uses__cautions-body\">\n<p>Keep out of reach of children. Do not exceed recommended daily dose. Food supplements must not replace a varied and balanced diet and healthy lifestyle. Pregnant or nursing women and people with known medical conditions should consult a physician before using. Not recommended for children under 12. Consult your physician or pharmacist if you are taking concomitant anticoagulant medications. If you take medicines, you should seek the advice of your doctor. In case of alterations of liver function, biliary function or gallstones, the use of the product is not recommended. Store in a cool, dry place.<\/p>\n<\/div>\n","protected":false},"excerpt":{"rendered":"<ul class=\"spotlight__list-custom custom-list\">\n<li><strong>Ciber\u017eoli\u0173 ekstraktas (\u0161akniastiebi\u0173) su kurkuminoidais<\/strong><\/li>\n<li>Sud\u0117tyje yra nat\u016brali\u0173 antioksidant\u0173. *<\/li>\n<li>Padeda palaikyti s\u0105nari\u0173 ir kaul\u0173 sveikat\u0105. *<\/li>\n<li>Padeda i\u0161laikyti od\u0105 sveik\u0105. *<\/li>\n<li>Palaiko kraujo gamyb\u0105 ir kokyb\u0119. *<\/li>\n<li>Palaiko \u0161irdies funkcij\u0105. *<\/li>\n<li>Palaiko kraujotak\u0105. *<\/li>\n<li>Padeda palaikyti vir\u0161kinim\u0105.*<\/li>\n<li>Prisideda prie normalios vir\u0161kinamojo trakto funkcijos.*<\/li>\n<li>Prisideda prie normalios tul\u017eies sekrecijos. *<\/li>\n<li>Padeda palaikyti imunin\u0117s sistemos veiksmingum\u0105. *<\/li>\n<li>Padeda palaikyti atsparum\u0105 alergijoms. *<\/li>\n<\/ul>\n","protected":false},"featured_media":25328,"template":"","meta":{"site-sidebar-layout":"default","site-content-layout":"","ast-site-content-layout":"default","site-content-style":"default","site-sidebar-style":"default","ast-global-header-display":"","ast-banner-title-visibility":"","ast-main-header-display":"","ast-hfb-above-header-display":"","ast-hfb-below-header-display":"","ast-hfb-mobile-header-display":"","site-post-title":"","ast-breadcrumbs-content":"","ast-featured-img":"","footer-sml-layout":"","ast-disable-related-posts":"","theme-transparent-header-meta":"default","adv-header-id-meta":"","stick-header-meta":"","header-above-stick-meta":"","header-main-stick-meta":"","header-below-stick-meta":"","astra-migrate-meta-layouts":"set","ast-page-background-enabled":"default","ast-page-background-meta":{"desktop":{"background-color":"","background-image":"","background-repeat":"repeat","background-position":"center center","background-size":"auto","background-attachment":"scroll","background-type":"","background-media":"","overlay-type":"","overlay-color":"","overlay-opacity":"","overlay-gradient":""},"tablet":{"background-color":"","background-image":"","background-repeat":"repeat","background-position":"center center","background-size":"auto","background-attachment":"scroll","background-type":"","background-media":"","overlay-type":"","overlay-color":"","overlay-opacity":"","overlay-gradient":""},"mobile":{"background-color":"","background-image":"","background-repeat":"repeat","background-position":"center center","background-size":"auto","background-attachment":"scroll","background-type":"","background-media":"","overlay-type":"","overlay-color":"","overlay-opacity":"","overlay-gradient":""}},"ast-content-background-meta":{"desktop":{"background-color":"var(--ast-global-color-5)","background-image":"","background-repeat":"repeat","background-position":"center center","background-size":"auto","background-attachment":"scroll","background-type":"","background-media":"","overlay-type":"","overlay-color":"","overlay-opacity":"","overlay-gradient":""},"tablet":{"background-color":"var(--ast-global-color-5)","background-image":"","background-repeat":"repeat","background-position":"center center","background-size":"auto","background-attachment":"scroll","background-type":"","background-media":"","overlay-type":"","overlay-color":"","overlay-opacity":"","overlay-gradient":""},"mobile":{"background-color":"var(--ast-global-color-5)","background-image":"","background-repeat":"repeat","background-position":"center center","background-size":"auto","background-attachment":"scroll","background-type":"","background-media":"","overlay-type":"","overlay-color":"","overlay-opacity":"","overlay-gradient":""}}},"product_brand":[],"product_cat":[1757,1697,1727],"product_tag":[],"class_list":{"0":"post-25334","1":"product","2":"type-product","3":"status-publish","4":"has-post-thumbnail","6":"product_cat-digestion","7":"product_cat-essential-oils","8":"product_cat-immunity","9":"desktop-align-left","10":"tablet-align-left","11":"mobile-align-left","13":"first","14":"instock","15":"taxable","16":"shipping-taxable","17":"purchasable","18":"product-type-simple"},"_links":{"self":[{"href":"https:\/\/mamaterra.lt\/en\/wp-json\/wp\/v2\/product\/25334","targetHints":{"allow":["GET"]}}],"collection":[{"href":"https:\/\/mamaterra.lt\/en\/wp-json\/wp\/v2\/product"}],"about":[{"href":"https:\/\/mamaterra.lt\/en\/wp-json\/wp\/v2\/types\/product"}],"wp:featuredmedia":[{"embeddable":true,"href":"https:\/\/mamaterra.lt\/en\/wp-json\/wp\/v2\/media\/25328"}],"wp:attachment":[{"href":"https:\/\/mamaterra.lt\/en\/wp-json\/wp\/v2\/media?parent=25334"}],"wp:term":[{"taxonomy":"product_brand","embeddable":true,"href":"https:\/\/mamaterra.lt\/en\/wp-json\/wp\/v2\/product_brand?post=25334"},{"taxonomy":"product_cat","embeddable":true,"href":"https:\/\/mamaterra.lt\/en\/wp-json\/wp\/v2\/product_cat?post=25334"},{"taxonomy":"product_tag","embeddable":true,"href":"https:\/\/mamaterra.lt\/en\/wp-json\/wp\/v2\/product_tag?post=25334"}],"curies":[{"name":"wp","href":"https:\/\/api.w.org\/{rel}","templated":true}]}}