{"id":24048,"date":"2024-11-30T16:05:35","date_gmt":"2024-11-30T15:05:35","guid":{"rendered":"https:\/\/mamaterra.lt\/parduotuve\/uncategorized\/ryskus-ir-jaukus-trejetas\/"},"modified":"2024-11-30T16:22:46","modified_gmt":"2024-11-30T15:22:46","slug":"ryskus-ir-jaukus-trejetas","status":"publish","type":"product","link":"https:\/\/mamaterra.lt\/en\/parduotuve\/essential-oils\/pure-essential-oils\/ryskus-ir-jaukus-trejetas\/","title":{"rendered":"Bright &#038; Cosy Trio"},"content":{"rendered":"<h6 class=\"spotlight__head-title\">Bright &amp; Cosy Trio<\/h6>\n<div class=\"spotlight__head-item spotlight__head-item--copy\">\n<div class=\"spotlight__head-copy\">\n<h6 class=\"spotlight__head-title\">Ry\u0161kus ir jaukus trejetas<\/h6>\n<div class=\"spotlight__head-copy\">\n<p>I\u0161 sald\u017ei\u0173 citrus\u0173, v\u0117sios m\u0117tos ir \u0161iltos vanil\u0117s ank\u0161ties sudarytas rinkinys leis sukurti tobul\u0105 nuotaik\u0105 ypatingoms gyvenimo akimirkoms. Supakuotas d\u014dTERRA preki\u0173 \u017eenklo dovan\u0173 d\u0117\u017eut\u0117je!<\/p>\n<\/div>\n<\/div>\n<div class=\"spotlight__head-icons\"><\/div>\n<\/div>\n<div class=\"spotlight__head-item spotlight__head-item--order\">\n<div class=\"loyalty-order loyalty-orderbaseoverlay categorydetail_itemcode_60229096\">\n<div class=\"loyalty-order__row-group loyalty-order__row-group--rw\">\n<div class=\"loyalty-order__row loyalty-order__row--item\">\n<div class=\"loyalty-order__row-item\"><\/div>\n<\/div>\n<\/div>\n<\/div>\n<\/div>\n","protected":false},"excerpt":{"rendered":"<div class=\"spotlight__head-item spotlight__head-item--copy\">\n<div class=\"spotlight__head-copy\">\n<div class=\"spotlight__head-item spotlight__head-item--copy\">\n<div class=\"spotlight__head-copy\">\n<p>I\u0161 sald\u017ei\u0173 citrus\u0173, v\u0117sios m\u0117tos ir \u0161iltos vanil\u0117s ank\u0161ties sudarytas rinkinys leis sukurti tobul\u0105 nuotaik\u0105 ypatingoms gyvenimo akimirkoms. Supakuotas d\u014dTERRA preki\u0173 \u017eenklo dovan\u0173 d\u0117\u017eut\u0117je!<\/p>\n<\/div>\n<div class=\"spotlight__head-icons\"><\/div>\n<\/div>\n<div class=\"spotlight__head-item spotlight__head-item--order\">\n<div class=\"loyalty-order loyalty-orderbaseoverlay categorydetail_itemcode_60229096\">\n<div class=\"loyalty-order__row-group loyalty-order__row-group--rw\">\n<div class=\"loyalty-order__row loyalty-order__row--item\">\n<div class=\"loyalty-order__row-item\"><\/div>\n<\/div>\n<\/div>\n<\/div>\n<\/div>\n<\/div>\n<div class=\"spotlight__head-icons\"><\/div>\n<\/div>\n<div class=\"spotlight__head-item spotlight__head-item--order\">\n<div class=\"loyalty-order loyalty-orderbaseoverlay categorydetail_itemcode_60229096\">\n<div class=\"loyalty-order__row-group loyalty-order__row-group--rw\">\n<div class=\"loyalty-order__row loyalty-order__row--item\">\n<div class=\"loyalty-order__row-item\"><\/div>\n<\/div>\n<\/div>\n<\/div>\n<\/div>\n","protected":false},"featured_media":24056,"template":"","meta":{"site-sidebar-layout":"default","site-content-layout":"","ast-site-content-layout":"default","site-content-style":"default","site-sidebar-style":"default","ast-global-header-display":"","ast-banner-title-visibility":"","ast-main-header-display":"","ast-hfb-above-header-display":"","ast-hfb-below-header-display":"","ast-hfb-mobile-header-display":"","site-post-title":"","ast-breadcrumbs-content":"","ast-featured-img":"","footer-sml-layout":"","ast-disable-related-posts":"","theme-transparent-header-meta":"default","adv-header-id-meta":"","stick-header-meta":"","header-above-stick-meta":"","header-main-stick-meta":"","header-below-stick-meta":"","astra-migrate-meta-layouts":"set","ast-page-background-enabled":"default","ast-page-background-meta":{"desktop":{"background-color":"","background-image":"","background-repeat":"repeat","background-position":"center center","background-size":"auto","background-attachment":"scroll","background-type":"","background-media":"","overlay-type":"","overlay-color":"","overlay-opacity":"","overlay-gradient":""},"tablet":{"background-color":"","background-image":"","background-repeat":"repeat","background-position":"center center","background-size":"auto","background-attachment":"scroll","background-type":"","background-media":"","overlay-type":"","overlay-color":"","overlay-opacity":"","overlay-gradient":""},"mobile":{"background-color":"","background-image":"","background-repeat":"repeat","background-position":"center center","background-size":"auto","background-attachment":"scroll","background-type":"","background-media":"","overlay-type":"","overlay-color":"","overlay-opacity":"","overlay-gradient":""}},"ast-content-background-meta":{"desktop":{"background-color":"var(--ast-global-color-5)","background-image":"","background-repeat":"repeat","background-position":"center center","background-size":"auto","background-attachment":"scroll","background-type":"","background-media":"","overlay-type":"","overlay-color":"","overlay-opacity":"","overlay-gradient":""},"tablet":{"background-color":"var(--ast-global-color-5)","background-image":"","background-repeat":"repeat","background-position":"center center","background-size":"auto","background-attachment":"scroll","background-type":"","background-media":"","overlay-type":"","overlay-color":"","overlay-opacity":"","overlay-gradient":""},"mobile":{"background-color":"var(--ast-global-color-5)","background-image":"","background-repeat":"repeat","background-position":"center center","background-size":"auto","background-attachment":"scroll","background-type":"","background-media":"","overlay-type":"","overlay-color":"","overlay-opacity":"","overlay-gradient":""}}},"product_brand":[],"product_cat":[1697,1689,1706,1703],"product_tag":[],"class_list":{"0":"post-24048","1":"product","2":"type-product","3":"status-publish","4":"has-post-thumbnail","6":"product_cat-essential-oils","7":"product_cat-gifts","8":"product_cat-kits-and-collections","9":"product_cat-pure-essential-oils","10":"desktop-align-left","11":"tablet-align-left","12":"mobile-align-left","14":"first","15":"instock","16":"taxable","17":"shipping-taxable","18":"purchasable","19":"product-type-simple"},"_links":{"self":[{"href":"https:\/\/mamaterra.lt\/en\/wp-json\/wp\/v2\/product\/24048","targetHints":{"allow":["GET"]}}],"collection":[{"href":"https:\/\/mamaterra.lt\/en\/wp-json\/wp\/v2\/product"}],"about":[{"href":"https:\/\/mamaterra.lt\/en\/wp-json\/wp\/v2\/types\/product"}],"wp:featuredmedia":[{"embeddable":true,"href":"https:\/\/mamaterra.lt\/en\/wp-json\/wp\/v2\/media\/24056"}],"wp:attachment":[{"href":"https:\/\/mamaterra.lt\/en\/wp-json\/wp\/v2\/media?parent=24048"}],"wp:term":[{"taxonomy":"product_brand","embeddable":true,"href":"https:\/\/mamaterra.lt\/en\/wp-json\/wp\/v2\/product_brand?post=24048"},{"taxonomy":"product_cat","embeddable":true,"href":"https:\/\/mamaterra.lt\/en\/wp-json\/wp\/v2\/product_cat?post=24048"},{"taxonomy":"product_tag","embeddable":true,"href":"https:\/\/mamaterra.lt\/en\/wp-json\/wp\/v2\/product_tag?post=24048"}],"curies":[{"name":"wp","href":"https:\/\/api.w.org\/{rel}","templated":true}]}}