{"id":21303,"date":"2024-01-31T19:33:45","date_gmt":"2024-01-31T18:33:45","guid":{"rendered":"https:\/\/mamaterra.lt\/parduotuve\/uncategorized\/doterra-kudikiu-prieziuros-rinkinys-baby-care-set\/"},"modified":"2024-02-09T19:10:10","modified_gmt":"2024-02-09T18:10:10","slug":"doterra-baby-collection-baby-care-set","status":"publish","type":"product","link":"https:\/\/mamaterra.lt\/en\/parduotuve\/hygiene-and-skin-care\/doterra-baby-collection-baby-care-set\/","title":{"rendered":"doTERRA Baby Collection &#038; Baby Care Set"},"content":{"rendered":"<p>A first for Europe, this collection combines favourites such as the d\u014dTERRA Baby Diaper Cream and d\u014dTERRA Baby Hair &amp; Body Wash, as well as the d\u014dTERRA Baby Lotion, which is now available for the first time. Your little one will also get the limited time offer Baby Care Set, which includes a washcloth and muslin cloth packaged in a drawstring bag. Surround your baby with softness and embrace products to foster soothing parent-baby bonds.<\/p>\n<p>Nurture your baby&#8217;s delicate skin with the comforting properties of doTERRA baby Lotion. Clinically tested and gentle enough for sensitive skin, this lightweight formula hydrates while supporting your baby&#8217;s natural moisture barrier with ingredients like shea butter and plant-derived humectants. It nourishes without irritation, leaving baby\u2019s skin smooth and nurtured. Infused with calming essential oils of Lavender, Roman Chamomile and Vanilla, doTERRA baby Lotion keeps your baby comforted and protected with every use.<\/p>\n<p>Primary Benefits<\/p>\n<ul>\n<li>\u00a0Developed with a comforting blend of Vanilla extract, doTERRA Lavender and Roman Chamomile essential oils.<\/li>\n<li>\u00a0Raw East African Muyao Shea Butter, jojoba, fruit extracts, and other gentle humectants help to deeply hydrate the skin.<\/li>\n<li>\u00a0Simple, mild and gentle cleansing ingredients.<\/li>\n<li>\u00a0Tear-free.<\/li>\n<\/ul>\n","protected":false},"excerpt":{"rendered":"<p>A first for Europe, this collection combines favourites such as the d\u014dTERRA Baby Diaper Cream and d\u014dTERRA Baby Hair &amp; Body Wash, as well as the d\u014dTERRA Baby Lotion, which is now available for the first time.<\/p>\n","protected":false},"featured_media":23761,"template":"","meta":{"site-sidebar-layout":"default","site-content-layout":"","ast-site-content-layout":"default","site-content-style":"default","site-sidebar-style":"default","ast-global-header-display":"","ast-banner-title-visibility":"","ast-main-header-display":"","ast-hfb-above-header-display":"","ast-hfb-below-header-display":"","ast-hfb-mobile-header-display":"","site-post-title":"","ast-breadcrumbs-content":"","ast-featured-img":"","footer-sml-layout":"","ast-disable-related-posts":"","theme-transparent-header-meta":"","adv-header-id-meta":"","stick-header-meta":"","header-above-stick-meta":"","header-main-stick-meta":"","header-below-stick-meta":"","astra-migrate-meta-layouts":"set","ast-page-background-enabled":"default","ast-page-background-meta":{"desktop":{"background-color":"","background-image":"","background-repeat":"repeat","background-position":"center center","background-size":"auto","background-attachment":"scroll","background-type":"","background-media":"","overlay-type":"","overlay-color":"","overlay-opacity":"","overlay-gradient":""},"tablet":{"background-color":"","background-image":"","background-repeat":"repeat","background-position":"center center","background-size":"auto","background-attachment":"scroll","background-type":"","background-media":"","overlay-type":"","overlay-color":"","overlay-opacity":"","overlay-gradient":""},"mobile":{"background-color":"","background-image":"","background-repeat":"repeat","background-position":"center center","background-size":"auto","background-attachment":"scroll","background-type":"","background-media":"","overlay-type":"","overlay-color":"","overlay-opacity":"","overlay-gradient":""}},"ast-content-background-meta":{"desktop":{"background-color":"var(--ast-global-color-5)","background-image":"","background-repeat":"repeat","background-position":"center center","background-size":"auto","background-attachment":"scroll","background-type":"","background-media":"","overlay-type":"","overlay-color":"","overlay-opacity":"","overlay-gradient":""},"tablet":{"background-color":"var(--ast-global-color-5)","background-image":"","background-repeat":"repeat","background-position":"center center","background-size":"auto","background-attachment":"scroll","background-type":"","background-media":"","overlay-type":"","overlay-color":"","overlay-opacity":"","overlay-gradient":""},"mobile":{"background-color":"var(--ast-global-color-5)","background-image":"","background-repeat":"repeat","background-position":"center center","background-size":"auto","background-attachment":"scroll","background-type":"","background-media":"","overlay-type":"","overlay-color":"","overlay-opacity":"","overlay-gradient":""}}},"product_brand":[],"product_cat":[1754,1709],"product_tag":[3507,3508,3509,1580,1610,3510,3511,3512,3513],"class_list":{"0":"post-21303","1":"product","2":"type-product","3":"status-publish","4":"has-post-thumbnail","6":"product_cat-for-children","7":"product_cat-hygiene-and-skin-care","8":"product_tag-baby-en","9":"product_tag-baby-lotion-en","10":"product_tag-babyset-en","11":"product_tag-detergent","12":"product_tag-for-children","13":"product_tag-kremas-nuo-issutimu-en","14":"product_tag-kudikiams-en","15":"product_tag-kudikiusampunas-en","16":"product_tag-sauskelniu-kremas-en","17":"desktop-align-left","18":"tablet-align-left","19":"mobile-align-left","21":"first","22":"instock","23":"taxable","24":"shipping-taxable","25":"product-type-simple"},"_links":{"self":[{"href":"https:\/\/mamaterra.lt\/en\/wp-json\/wp\/v2\/product\/21303","targetHints":{"allow":["GET"]}}],"collection":[{"href":"https:\/\/mamaterra.lt\/en\/wp-json\/wp\/v2\/product"}],"about":[{"href":"https:\/\/mamaterra.lt\/en\/wp-json\/wp\/v2\/types\/product"}],"wp:featuredmedia":[{"embeddable":true,"href":"https:\/\/mamaterra.lt\/en\/wp-json\/wp\/v2\/media\/23761"}],"wp:attachment":[{"href":"https:\/\/mamaterra.lt\/en\/wp-json\/wp\/v2\/media?parent=21303"}],"wp:term":[{"taxonomy":"product_brand","embeddable":true,"href":"https:\/\/mamaterra.lt\/en\/wp-json\/wp\/v2\/product_brand?post=21303"},{"taxonomy":"product_cat","embeddable":true,"href":"https:\/\/mamaterra.lt\/en\/wp-json\/wp\/v2\/product_cat?post=21303"},{"taxonomy":"product_tag","embeddable":true,"href":"https:\/\/mamaterra.lt\/en\/wp-json\/wp\/v2\/product_tag?post=21303"}],"curies":[{"name":"wp","href":"https:\/\/api.w.org\/{rel}","templated":true}]}}