{"id":19143,"date":"2023-11-21T19:38:20","date_gmt":"2023-11-21T18:38:20","guid":{"rendered":"https:\/\/mamaterra.lt\/?post_type=product&#038;p=19143"},"modified":"2025-05-14T05:25:04","modified_gmt":"2025-05-14T04:25:04","slug":"malama-collection-doterra","status":"publish","type":"product","link":"https:\/\/mamaterra.lt\/en\/parduotuve\/essential-oils\/essential-oil-blends\/malama-collection-doterra\/","title":{"rendered":"Malama Collection doTERRA"},"content":{"rendered":"<p>Like the breathtaking beauty and vibrant culture of the islands of Hawaii, the d\u014dTERRA M\u0101lama\u00ae Nurturing Blend captures the magic and energy of the land and its people. Blissfully fresh and warm, M\u0101lama is a sparkling combination of bright citrus, enchanting floral, and centering wood aromas. The inviting aroma of M\u0101lama is available in a doTERRA M\u0101lama\u00ae Oil Blend, the d\u014dTERRA M\u0101lama\u00ae Moisturizing Bath Bar, and the d\u014dTERRA M\u0101lama\u00ae Restorative Hand Cream.<\/p>\n<p>The products are sold in the d\u014dTERRA M\u0101lama\u00ae Collection. Appreciate these products as you are reminded to d\u014dTERRA M\u0101lama\u00ae \u2014 nurture and take care of yourself, your community, and your environment. Naio Wood and \u2018Iliahi (Hawaiian Sandalwood) in the d\u014dTERRA M\u0101lama\u00ae blend are sourced in the Kealakekua Mountain Reserve, a d\u014dTERRA C\u014d-Impact Sourcing\u00ae partner and home to the largest reforestation effort in Hawaii\u2019s history.<\/p>\n<h3>M\u0101lama Essential Oil Blend : 15 mL<\/h3>\n<div>Diffuse M\u0101lama Oil Blend throughout the day for an enchantingly fresh and vibrant<\/div>\n<div><\/div>\n<div><strong>Directions<\/strong><\/div>\n<div>Diffusion: Use three to four drops in the diffuser of your choice.<\/div>\n<div><\/div>\n<div><strong>Primary Benefits<\/strong><\/div>\n<ul>\n<li><\/li>\n<li>Creates a bright, uplifting, and engaging atmosphere<\/li>\n<li>Encourages a healthy perspective with an energizing aroma<\/li>\n<li>Enhances and refreshes personal and work surroundingst<\/li>\n<\/ul>\n<p>&nbsp;<\/p>\n<h3>M\u0101lama Moisturizing Bath Bar 113 g.<\/h3>\n<div>Softly caress and soothe skin with gentle lather and hydrating emollients. Featuring the sparkling, fresh aroma of d\u014dTERRA M\u0101lama\u00ae Nurturing Blend, these beautiful bath bars will help soak or shower away the cares of the day.<\/div>\n<div><\/div>\n<div><strong>Directions<\/strong><\/div>\n<div>\n<div>Add water to bring bath bar to a lather. Use in the shower, bath,\u00a0or at the sink. To make the bar last longer, keep dry between\u00a0uses. Store at room temperature. Avoid excessive heat.<\/div>\n<\/div>\n<div><\/div>\n<div><strong>Primary Benefits<\/strong><\/div>\n<ul>\n<li style=\"list-style-type: none;\">\n<ul>\n<li>Provides a relaxing, warm, bright aroma<\/li>\n<li>Creates a gentle, rich lather<\/li>\n<li>Hydrates and helps skin retain moisture with\u00a0vegetable-derived glycerin<\/li>\n<li>Moisturizes and cleanses skin<\/li>\n<\/ul>\n<\/li>\n<\/ul>\n<h3>M\u0101lama Restorative Hand Cream : 100.55 mL.<\/h3>\n<div>Apply luxurious doTERRA M\u0101lama Restorative Hand Cream to infuse skin with rich moisture and the captivating aroma of the M\u0101lama Nurturing blend. Especially suited for extremely dry skin, the cream can be applied to the hands and body after a shower, before bed, or any time skin needs a little extra care.<\/div>\n<div><\/div>\n<div><strong>Directions<\/strong><\/div>\n<div>Apply cream to hands, morning and night as desired.<\/div>\n<div><\/div>\n<div><strong>Primary Benefits<\/strong><\/div>\n<ul>\n<li>Features the captivating aroma of d\u014dTERRA M\u0101lama\u00a0Nurturing Blend<\/li>\n<li>Treats skin to an ultra-rich, nourishing moisture<\/li>\n<li>Provides intense hydration that absorbs quickly<\/li>\n<li>Comes in a travel-friendly jar<\/li>\n<\/ul>\n","protected":false},"excerpt":{"rendered":"<p>Like the breathtaking beauty and vibrant culture of the islands of Hawaii, the d\u014dTERRA M\u0101lama\u00ae Nurturing Blend captures the magic and energy of the land and its people. Blissfully fresh and warm, M\u0101lama is a sparkling combination of bright citrus, enchanting floral, and centering wood aromas. The inviting aroma of M\u0101lama is available in a doTERRA M\u0101lama\u00ae Oil Blend, the d\u014dTERRA M\u0101lama\u00ae Moisturizing Bath Bar, and the d\u014dTERRA M\u0101lama\u00ae Restorative Hand Cream.<\/p>\n","protected":false},"featured_media":19144,"template":"","meta":{"site-sidebar-layout":"default","site-content-layout":"","ast-site-content-layout":"default","site-content-style":"default","site-sidebar-style":"default","ast-global-header-display":"","ast-banner-title-visibility":"","ast-main-header-display":"","ast-hfb-above-header-display":"","ast-hfb-below-header-display":"","ast-hfb-mobile-header-display":"","site-post-title":"","ast-breadcrumbs-content":"","ast-featured-img":"","footer-sml-layout":"","ast-disable-related-posts":"","theme-transparent-header-meta":"default","adv-header-id-meta":"","stick-header-meta":"","header-above-stick-meta":"","header-main-stick-meta":"","header-below-stick-meta":"","astra-migrate-meta-layouts":"set","ast-page-background-enabled":"default","ast-page-background-meta":{"desktop":{"background-color":"","background-image":"","background-repeat":"repeat","background-position":"center center","background-size":"auto","background-attachment":"scroll","background-type":"","background-media":"","overlay-type":"","overlay-color":"","overlay-opacity":"","overlay-gradient":""},"tablet":{"background-color":"","background-image":"","background-repeat":"repeat","background-position":"center center","background-size":"auto","background-attachment":"scroll","background-type":"","background-media":"","overlay-type":"","overlay-color":"","overlay-opacity":"","overlay-gradient":""},"mobile":{"background-color":"","background-image":"","background-repeat":"repeat","background-position":"center center","background-size":"auto","background-attachment":"scroll","background-type":"","background-media":"","overlay-type":"","overlay-color":"","overlay-opacity":"","overlay-gradient":""}},"ast-content-background-meta":{"desktop":{"background-color":"var(--ast-global-color-5)","background-image":"","background-repeat":"repeat","background-position":"center center","background-size":"auto","background-attachment":"scroll","background-type":"","background-media":"","overlay-type":"","overlay-color":"","overlay-opacity":"","overlay-gradient":""},"tablet":{"background-color":"var(--ast-global-color-5)","background-image":"","background-repeat":"repeat","background-position":"center center","background-size":"auto","background-attachment":"scroll","background-type":"","background-media":"","overlay-type":"","overlay-color":"","overlay-opacity":"","overlay-gradient":""},"mobile":{"background-color":"var(--ast-global-color-5)","background-image":"","background-repeat":"repeat","background-position":"center center","background-size":"auto","background-attachment":"scroll","background-type":"","background-media":"","overlay-type":"","overlay-color":"","overlay-opacity":"","overlay-gradient":""}}},"product_brand":[],"product_cat":[1700,1739,1689,1694,1691,1709,1706],"product_tag":[],"class_list":{"0":"post-19143","1":"product","2":"type-product","3":"status-publish","4":"has-post-thumbnail","6":"product_cat-essential-oil-blends","7":"product_cat-for-women","8":"product_cat-gifts","9":"product_cat-gifts-for-men","10":"product_cat-gifts-for-women","11":"product_cat-hygiene-and-skin-care","12":"product_cat-kits-and-collections","13":"desktop-align-left","14":"tablet-align-left","15":"mobile-align-left","17":"first","18":"outofstock","19":"taxable","20":"shipping-taxable","21":"purchasable","22":"product-type-simple"},"_links":{"self":[{"href":"https:\/\/mamaterra.lt\/en\/wp-json\/wp\/v2\/product\/19143","targetHints":{"allow":["GET"]}}],"collection":[{"href":"https:\/\/mamaterra.lt\/en\/wp-json\/wp\/v2\/product"}],"about":[{"href":"https:\/\/mamaterra.lt\/en\/wp-json\/wp\/v2\/types\/product"}],"wp:featuredmedia":[{"embeddable":true,"href":"https:\/\/mamaterra.lt\/en\/wp-json\/wp\/v2\/media\/19144"}],"wp:attachment":[{"href":"https:\/\/mamaterra.lt\/en\/wp-json\/wp\/v2\/media?parent=19143"}],"wp:term":[{"taxonomy":"product_brand","embeddable":true,"href":"https:\/\/mamaterra.lt\/en\/wp-json\/wp\/v2\/product_brand?post=19143"},{"taxonomy":"product_cat","embeddable":true,"href":"https:\/\/mamaterra.lt\/en\/wp-json\/wp\/v2\/product_cat?post=19143"},{"taxonomy":"product_tag","embeddable":true,"href":"https:\/\/mamaterra.lt\/en\/wp-json\/wp\/v2\/product_tag?post=19143"}],"curies":[{"name":"wp","href":"https:\/\/api.w.org\/{rel}","templated":true}]}}