{"id":18202,"date":"2023-04-03T19:59:48","date_gmt":"2023-04-03T18:59:48","guid":{"rendered":"https:\/\/mamaterra.lt\/parduotuve\/uncategorized\/baziniu-alieju-misinys-kunui-115-ml\/"},"modified":"2023-06-26T20:56:48","modified_gmt":"2023-06-26T19:56:48","slug":"baziniu-alieju-misinys-kunui-115-ml","status":"publish","type":"product","link":"https:\/\/mamaterra.lt\/en\/parduotuve\/hygiene-and-skin-care\/doterra-spa-en\/baziniu-alieju-misinys-kunui-115-ml\/","title":{"rendered":"doTERRA Body Oil 115 ml"},"content":{"rendered":"<p>The odourless and colourless doTERRA Body Oil is designed to be mixed with your favourite essential oils to create the blends you need. Formulated with unique oils such as passionflower, jojoba, baobab, moringa and sunflower, doTERRA Body Oil can help keep your skin smooth and moisturised. This nourishing and restorative oil is lightweight yet penetrates the skin, making it ideal for professional or self-massage. Use in the bath, after showering or apply to dry areas.<\/p>\n<p>Ingredients: Passiflora Edulis seed oil, Simmondsia Chinensis (jojoba) seed oil, Adansonia Digitata seed oil, Moringa Oleifera seed oil, tocopherol, Helianthus Annuus (sunflower) seed oil.<\/p>\n<p>Passion fruit oil<\/p>\n<p>Sourced from north-west Rwanda.<br \/>\nPassion fruit blooms all year round, so it is harvested when the fruit is ripe.<br \/>\nThe oil is mechanically pressed from dried seeds in Athi River, Kenya.<\/p>\n<p>Baobab oil<\/p>\n<p>Extracted from the Kenyan coast and lower eastern regions.<br \/>\nThe wild trees are harvested between June and November.<br \/>\nThe oil is mechanically pressed from the seeds in Athi River, Kenya.<\/p>\n<p>Moringa oil<\/p>\n<p>Extracted in the Kasese region of Uganda and Taita Taveta District in Kwale and Kilifi Counties in Kenya.<br \/>\nMoringa is drought resistant and highly nutritious.<br \/>\nThe oil is mechanically pressed with a screw press from dried seeds in Athi River, Kenya.<\/p>\n<p>Uses<\/p>\n<p>Use as a light base oil to apply CPTG\u2122 Essential Oils to the skin during massage or as a daily moisturiser for the whole body. Dilute one part essential oil with five or more parts of a base oil blend (depending on sensitivity) or as directed on the essential oil label.<\/p>\n<p>Create your personal massage oil.<br \/>\nAdd a few drops to your bath water.<br \/>\nUse after bath or shower.<br \/>\nApply to dry areas such as elbows or knees.<\/p>\n<h3 class=\"product-uses__block-title\"><\/h3>\n<p class=\"product-uses__block-title\">Atsargumo priemon\u0117s<\/p>\n<div class=\"product-uses__cautions-body\">\n<p>Tik i\u0161oriniam naudojimui. Laikyti vaikams nepasiekiamoje vietoje. Jeigu laukiat\u0117s ar gydot\u0117s, pasitarkite su gydytoju. Venkite s\u0105ly\u010dio su akimis, vidine ausimi ir jautriomis vietomis. Laikyti sausoje v\u0117sioje vietoje.<\/p>\n<\/div>\n","protected":false},"excerpt":{"rendered":"<p>Ingredients: Passiflora Edulis Seed Oil, Simmondsia Chinensis (Jojoba) Seed Oil, Adansonia Digitata Seed Oil, Moringa Oleifera Seed Oil, Tocopherol, Helianthus Annuus (Sunflower) Seed Oil.<\/p>\n<p>Use as a light base oil to apply CPTG\u2122 essential oils to the skin during massage or as a daily moisturiser for the whole body. Dilute one part essential oil with five or more parts of a base oil blend (depending on sensitivity) or as directed on the essential oil label.<\/p>\n","protected":false},"featured_media":17314,"template":"","meta":{"site-sidebar-layout":"default","site-content-layout":"default","ast-site-content-layout":"default","site-content-style":"default","site-sidebar-style":"default","ast-global-header-display":"","ast-banner-title-visibility":"","ast-main-header-display":"","ast-hfb-above-header-display":"","ast-hfb-below-header-display":"","ast-hfb-mobile-header-display":"","site-post-title":"","ast-breadcrumbs-content":"","ast-featured-img":"","footer-sml-layout":"","ast-disable-related-posts":"","theme-transparent-header-meta":"default","adv-header-id-meta":"","stick-header-meta":"","header-above-stick-meta":"","header-main-stick-meta":"","header-below-stick-meta":"","astra-migrate-meta-layouts":"default","ast-page-background-enabled":"default","ast-page-background-meta":{"desktop":{"background-color":"","background-image":"","background-repeat":"repeat","background-position":"center center","background-size":"auto","background-attachment":"scroll","background-type":"","background-media":"","overlay-type":"","overlay-color":"","overlay-opacity":"","overlay-gradient":""},"tablet":{"background-color":"","background-image":"","background-repeat":"repeat","background-position":"center center","background-size":"auto","background-attachment":"scroll","background-type":"","background-media":"","overlay-type":"","overlay-color":"","overlay-opacity":"","overlay-gradient":""},"mobile":{"background-color":"","background-image":"","background-repeat":"repeat","background-position":"center center","background-size":"auto","background-attachment":"scroll","background-type":"","background-media":"","overlay-type":"","overlay-color":"","overlay-opacity":"","overlay-gradient":""}},"ast-content-background-meta":{"desktop":{"background-color":"var(--ast-global-color-5)","background-image":"","background-repeat":"repeat","background-position":"center center","background-size":"auto","background-attachment":"scroll","background-type":"","background-media":"","overlay-type":"","overlay-color":"","overlay-opacity":"","overlay-gradient":""},"tablet":{"background-color":"var(--ast-global-color-5)","background-image":"","background-repeat":"repeat","background-position":"center center","background-size":"auto","background-attachment":"scroll","background-type":"","background-media":"","overlay-type":"","overlay-color":"","overlay-opacity":"","overlay-gradient":""},"mobile":{"background-color":"var(--ast-global-color-5)","background-image":"","background-repeat":"repeat","background-position":"center center","background-size":"auto","background-attachment":"scroll","background-type":"","background-media":"","overlay-type":"","overlay-color":"","overlay-opacity":"","overlay-gradient":""}}},"product_brand":[],"product_cat":[1724,1709,1733],"product_tag":[],"class_list":{"0":"post-18202","1":"product","2":"type-product","3":"status-publish","4":"has-post-thumbnail","6":"product_cat-doterra-spa-en","7":"product_cat-hygiene-and-skin-care","8":"product_cat-massage","9":"desktop-align-left","10":"tablet-align-left","11":"mobile-align-left","13":"first","14":"outofstock","15":"taxable","16":"shipping-taxable","17":"purchasable","18":"product-type-simple"},"_links":{"self":[{"href":"https:\/\/mamaterra.lt\/en\/wp-json\/wp\/v2\/product\/18202","targetHints":{"allow":["GET"]}}],"collection":[{"href":"https:\/\/mamaterra.lt\/en\/wp-json\/wp\/v2\/product"}],"about":[{"href":"https:\/\/mamaterra.lt\/en\/wp-json\/wp\/v2\/types\/product"}],"wp:featuredmedia":[{"embeddable":true,"href":"https:\/\/mamaterra.lt\/en\/wp-json\/wp\/v2\/media\/17314"}],"wp:attachment":[{"href":"https:\/\/mamaterra.lt\/en\/wp-json\/wp\/v2\/media?parent=18202"}],"wp:term":[{"taxonomy":"product_brand","embeddable":true,"href":"https:\/\/mamaterra.lt\/en\/wp-json\/wp\/v2\/product_brand?post=18202"},{"taxonomy":"product_cat","embeddable":true,"href":"https:\/\/mamaterra.lt\/en\/wp-json\/wp\/v2\/product_cat?post=18202"},{"taxonomy":"product_tag","embeddable":true,"href":"https:\/\/mamaterra.lt\/en\/wp-json\/wp\/v2\/product_tag?post=18202"}],"curies":[{"name":"wp","href":"https:\/\/api.w.org\/{rel}","templated":true}]}}