{"id":25986,"date":"2025-11-11T19:41:40","date_gmt":"2025-11-11T18:41:40","guid":{"rendered":"https:\/\/mamaterra.lt\/parduotuve\/unkategorisiert\/lumist-bubble-diffuser-bergamot-15-ml\/"},"modified":"2025-11-11T19:53:17","modified_gmt":"2025-11-11T18:53:17","slug":"lumist-bubble-diffuser-bergamot-15-ml","status":"publish","type":"product","link":"https:\/\/mamaterra.lt\/de\/parduotuve\/geschenke\/geschenke-fuer-frauen\/lumist-bubble-diffuser-bergamot-15-ml\/","title":{"rendered":"Lumist bubble diffuser + Bergamot 15 ml"},"content":{"rendered":"<p>Lassen Sie Lumist den Weg f\u00fcr kleine Momente der Ruhe erhellen. Dieser kleine, bewegungsaktivierte Diffusor verbreitet einen leisen, sanften Spr\u00fchnebel, der einen Raum von 10 Quadratmetern ausf\u00fcllt. Es handelt sich um ein kompaktes Ger\u00e4t mit hoher Leistung. Mit zwei Spr\u00fchmodi (normal und lang) k\u00f6nnen Sie die Atmosph\u00e4re jedes Raumes ganz nach Ihrer Stimmung ver\u00e4ndern. Dieser sparsame Diffusor ist f\u00fcr 5-ml- und 15-ml-Flaschen mit \u00e4therischen \u00d6len von doTERRA geeignet und ben\u00f6tigt kein Wasser, sondern nur die Wohltaten reiner \u00e4therischer \u00d6le!<\/p>\n<p>Abmessungen: 7,25 x 4,62 cm. Reinigungsanweisungen finden Sie in der Bedienungsanleitung des Diffusors<\/p>\n<p><strong>Verwendung<\/strong><br \/>\nNormaler Spr\u00fchmodus: Spr\u00fcht 7 Sekunden lang. Der Schlafmodus wird f\u00fcr 3 Minuten aktiviert. Nach 3 Minuten wird bei jeder Bewegungserkennung gespr\u00fcht, anschlie\u00dfend wird f\u00fcr 3 Minuten in den Schlafmodus gewechselt.<br \/>\nLangzeit-Spr\u00fchmodus: Das Licht blinkt dreimal. Spr\u00fcht 10 Sekunden lang. Schaltet f\u00fcr 3 Minuten in den Schlafmodus. Nach 3 Minuten spr\u00fcht es bei jeder Bewegungserkennung 7 Sekunden lang und wechselt dann f\u00fcr 3 Minuten in den Schlafmodus.<\/p>\n<p><strong>Gebrauchsanweisung<\/strong><\/p>\n<p>Um das Licht auszuschalten, dr\u00fccken Sie zweimal auf den Netzschalter.<br \/>\nUm das Ger\u00e4t auszuschalten, dr\u00fccken Sie dreimal auf den Netzschalter.<\/p>\n<div class=\"spotlight__foot-block-content\">\n<p>&nbsp;<\/p>\n<\/div>\n","protected":false},"excerpt":{"rendered":"<ul class=\"spotlight__list-custom custom-list\">\n<li>Der kleine, bewegungsaktivierte Diffusor funktioniert ohne Wasser.<\/li>\n<li>Er bleibt inaktiv, bis er eine Bewegung registriert.<\/li>\n<li>Integrierter Infrarot-Bewegungssensor mit einer Reichweite von bis zu vier Metern und einem Erfassungsbereich von 120 Grad.<\/li>\n<li>Zwei Modi: Normal und Stark, damit Sie in jedem Raum die perfekte Atmosph\u00e4re schaffen k\u00f6nnen.<\/li>\n<li>Mit kabelgebundenem USB-Ladeger\u00e4t vom Typ C.<\/li>\n<\/ul>\n","protected":false},"featured_media":25980,"template":"","meta":{"site-sidebar-layout":"default","site-content-layout":"","ast-site-content-layout":"default","site-content-style":"default","site-sidebar-style":"default","ast-global-header-display":"","ast-banner-title-visibility":"","ast-main-header-display":"","ast-hfb-above-header-display":"","ast-hfb-below-header-display":"","ast-hfb-mobile-header-display":"","site-post-title":"","ast-breadcrumbs-content":"","ast-featured-img":"","footer-sml-layout":"","ast-disable-related-posts":"","theme-transparent-header-meta":"default","adv-header-id-meta":"","stick-header-meta":"","header-above-stick-meta":"","header-main-stick-meta":"","header-below-stick-meta":"","astra-migrate-meta-layouts":"set","ast-page-background-enabled":"default","ast-page-background-meta":{"desktop":{"background-color":"","background-image":"","background-repeat":"repeat","background-position":"center center","background-size":"auto","background-attachment":"scroll","background-type":"","background-media":"","overlay-type":"","overlay-color":"","overlay-opacity":"","overlay-gradient":""},"tablet":{"background-color":"","background-image":"","background-repeat":"repeat","background-position":"center center","background-size":"auto","background-attachment":"scroll","background-type":"","background-media":"","overlay-type":"","overlay-color":"","overlay-opacity":"","overlay-gradient":""},"mobile":{"background-color":"","background-image":"","background-repeat":"repeat","background-position":"center center","background-size":"auto","background-attachment":"scroll","background-type":"","background-media":"","overlay-type":"","overlay-color":"","overlay-opacity":"","overlay-gradient":""}},"ast-content-background-meta":{"desktop":{"background-color":"var(--ast-global-color-5)","background-image":"","background-repeat":"repeat","background-position":"center center","background-size":"auto","background-attachment":"scroll","background-type":"","background-media":"","overlay-type":"","overlay-color":"","overlay-opacity":"","overlay-gradient":""},"tablet":{"background-color":"var(--ast-global-color-5)","background-image":"","background-repeat":"repeat","background-position":"center center","background-size":"auto","background-attachment":"scroll","background-type":"","background-media":"","overlay-type":"","overlay-color":"","overlay-opacity":"","overlay-gradient":""},"mobile":{"background-color":"var(--ast-global-color-5)","background-image":"","background-repeat":"repeat","background-position":"center center","background-size":"auto","background-attachment":"scroll","background-type":"","background-media":"","overlay-type":"","overlay-color":"","overlay-opacity":"","overlay-gradient":""}}},"product_brand":[],"product_cat":[1919,1939,1924,1929,1934],"product_tag":[],"class_list":{"0":"post-25986","1":"product","2":"type-product","3":"status-publish","4":"has-post-thumbnail","6":"product_cat-diffusoren","7":"product_cat-essentielle-oele","8":"product_cat-geschenke","9":"product_cat-geschenke-fuer-frauen","10":"product_cat-geschenke-fur-manner","11":"desktop-align-left","12":"tablet-align-left","13":"mobile-align-left","15":"first","16":"instock","17":"sale","18":"taxable","19":"shipping-taxable","20":"purchasable","21":"product-type-simple"},"_links":{"self":[{"href":"https:\/\/mamaterra.lt\/de\/wp-json\/wp\/v2\/product\/25986","targetHints":{"allow":["GET"]}}],"collection":[{"href":"https:\/\/mamaterra.lt\/de\/wp-json\/wp\/v2\/product"}],"about":[{"href":"https:\/\/mamaterra.lt\/de\/wp-json\/wp\/v2\/types\/product"}],"wp:featuredmedia":[{"embeddable":true,"href":"https:\/\/mamaterra.lt\/de\/wp-json\/wp\/v2\/media\/25980"}],"wp:attachment":[{"href":"https:\/\/mamaterra.lt\/de\/wp-json\/wp\/v2\/media?parent=25986"}],"wp:term":[{"taxonomy":"product_brand","embeddable":true,"href":"https:\/\/mamaterra.lt\/de\/wp-json\/wp\/v2\/product_brand?post=25986"},{"taxonomy":"product_cat","embeddable":true,"href":"https:\/\/mamaterra.lt\/de\/wp-json\/wp\/v2\/product_cat?post=25986"},{"taxonomy":"product_tag","embeddable":true,"href":"https:\/\/mamaterra.lt\/de\/wp-json\/wp\/v2\/product_tag?post=25986"}],"curies":[{"name":"wp","href":"https:\/\/api.w.org\/{rel}","templated":true}]}}