{"id":25705,"date":"2025-08-02T16:21:37","date_gmt":"2025-08-02T15:21:37","guid":{"rendered":"https:\/\/mamaterra.lt\/parduotuve\/unkategorisiert\/frankincense-hydrosol-mist\/"},"modified":"2025-08-02T16:32:26","modified_gmt":"2025-08-02T15:32:26","slug":"frankincense-hydrosol-mist","status":"publish","type":"product","link":"https:\/\/mamaterra.lt\/de\/parduotuve\/geschenke\/geschenke-fuer-frauen\/frankincense-hydrosol-mist\/","title":{"rendered":"Frankincense Hydrosol Mist"},"content":{"rendered":"<h3 class=\"spotlight__head-title\">d\u014dTERRA\u2122 Frankincense Hydrosol Mist<\/h3>\n<h3 class=\"spotlight__head-latin-title\"><\/h3>\n<div class=\"spotlight__head-copy\">\n<p>Tonisieren. Pflegen. Erfrischen. Jahrhundertealte Weisheit und eine reichhaltige Rezeptur vereinen sich im Frankincense Hydrosol Mist zu t\u00e4glichem Luxus. Mit der verj\u00fcngenden Kraft des \u00e4therischen \u00d6ls doTERRA CPTG\u2122 Frankincense verspr\u00fcht dieses Hydrosol eine leichte, sanfte und schnell einziehende Frische, die die Sch\u00f6nheit Ihrer Haut in einem ultra-feuchtigkeitsspendenden Nebel einf\u00e4ngt. Weihrauch\u00f6l wird f\u00fcr seine F\u00e4higkeit gesch\u00e4tzt, Hautunreinheiten zu reduzieren. Jeder ultrafeine Spr\u00fchnebel verstr\u00f6mt die zarte, ikonische, harzige Essenz, die daf\u00fcr bekannt ist, Gef\u00fchle der Zufriedenheit, Ruhe, Entspannung und des allgemeinen Wohlbefindens zu f\u00f6rdern. Strahlen Sie t\u00e4glich k\u00f6nigliche Sch\u00f6nheit und ein makelloses Finish aus mit Frankincense Hydrosol Mist.<\/p>\n<\/div>\n","protected":false},"excerpt":{"rendered":"<ul class=\"custom-list\">\n<li>Anwendung auf Gesicht, K\u00f6rper und Haaren f\u00fcr feuchtigkeitsspendende, reine und tief strahlende Haut.<\/li>\n<li>Als Teil Ihrer Hautpflege anwenden, damit sich Ihre Haut frisch anf\u00fchlt und f\u00fcr den Tag vorbereitet ist.<\/li>\n<li>In Verbindung mit \u00e4therischem Weihrauch\u00f6l verwenden, um das gesamte Spektrum der Vorteile zu genie\u00dfen.<\/li>\n<li>Nach Belieben aus 20\u201325 cm Entfernung auf Gesicht, K\u00f6rper und Haare spr\u00fchen. Kann vor und nach dem Auftragen von Make-up als Gesichtswasser verwendet werden.<\/li>\n<\/ul>\n","protected":false},"featured_media":25699,"template":"","meta":{"site-sidebar-layout":"default","site-content-layout":"","ast-site-content-layout":"default","site-content-style":"default","site-sidebar-style":"default","ast-global-header-display":"","ast-banner-title-visibility":"","ast-main-header-display":"","ast-hfb-above-header-display":"","ast-hfb-below-header-display":"","ast-hfb-mobile-header-display":"","site-post-title":"","ast-breadcrumbs-content":"","ast-featured-img":"","footer-sml-layout":"","ast-disable-related-posts":"","theme-transparent-header-meta":"default","adv-header-id-meta":"","stick-header-meta":"","header-above-stick-meta":"","header-main-stick-meta":"","header-below-stick-meta":"","astra-migrate-meta-layouts":"set","ast-page-background-enabled":"default","ast-page-background-meta":{"desktop":{"background-color":"","background-image":"","background-repeat":"repeat","background-position":"center center","background-size":"auto","background-attachment":"scroll","background-type":"","background-media":"","overlay-type":"","overlay-color":"","overlay-opacity":"","overlay-gradient":""},"tablet":{"background-color":"","background-image":"","background-repeat":"repeat","background-position":"center center","background-size":"auto","background-attachment":"scroll","background-type":"","background-media":"","overlay-type":"","overlay-color":"","overlay-opacity":"","overlay-gradient":""},"mobile":{"background-color":"","background-image":"","background-repeat":"repeat","background-position":"center center","background-size":"auto","background-attachment":"scroll","background-type":"","background-media":"","overlay-type":"","overlay-color":"","overlay-opacity":"","overlay-gradient":""}},"ast-content-background-meta":{"desktop":{"background-color":"var(--ast-global-color-5)","background-image":"","background-repeat":"repeat","background-position":"center center","background-size":"auto","background-attachment":"scroll","background-type":"","background-media":"","overlay-type":"","overlay-color":"","overlay-opacity":"","overlay-gradient":""},"tablet":{"background-color":"var(--ast-global-color-5)","background-image":"","background-repeat":"repeat","background-position":"center center","background-size":"auto","background-attachment":"scroll","background-type":"","background-media":"","overlay-type":"","overlay-color":"","overlay-opacity":"","overlay-gradient":""},"mobile":{"background-color":"var(--ast-global-color-5)","background-image":"","background-repeat":"repeat","background-position":"center center","background-size":"auto","background-attachment":"scroll","background-type":"","background-media":"","overlay-type":"","overlay-color":"","overlay-opacity":"","overlay-gradient":""}}},"product_brand":[],"product_cat":[1939,1924,1929,1934,1959],"product_tag":[],"class_list":{"0":"post-25705","1":"product","2":"type-product","3":"status-publish","4":"has-post-thumbnail","6":"product_cat-essentielle-oele","7":"product_cat-geschenke","8":"product_cat-geschenke-fuer-frauen","9":"product_cat-geschenke-fur-manner","10":"product_cat-hygiene-und-hautpflege","11":"desktop-align-left","12":"tablet-align-left","13":"mobile-align-left","15":"first","16":"instock","17":"taxable","18":"shipping-taxable","19":"purchasable","20":"product-type-simple"},"_links":{"self":[{"href":"https:\/\/mamaterra.lt\/de\/wp-json\/wp\/v2\/product\/25705","targetHints":{"allow":["GET"]}}],"collection":[{"href":"https:\/\/mamaterra.lt\/de\/wp-json\/wp\/v2\/product"}],"about":[{"href":"https:\/\/mamaterra.lt\/de\/wp-json\/wp\/v2\/types\/product"}],"wp:featuredmedia":[{"embeddable":true,"href":"https:\/\/mamaterra.lt\/de\/wp-json\/wp\/v2\/media\/25699"}],"wp:attachment":[{"href":"https:\/\/mamaterra.lt\/de\/wp-json\/wp\/v2\/media?parent=25705"}],"wp:term":[{"taxonomy":"product_brand","embeddable":true,"href":"https:\/\/mamaterra.lt\/de\/wp-json\/wp\/v2\/product_brand?post=25705"},{"taxonomy":"product_cat","embeddable":true,"href":"https:\/\/mamaterra.lt\/de\/wp-json\/wp\/v2\/product_cat?post=25705"},{"taxonomy":"product_tag","embeddable":true,"href":"https:\/\/mamaterra.lt\/de\/wp-json\/wp\/v2\/product_tag?post=25705"}],"curies":[{"name":"wp","href":"https:\/\/api.w.org\/{rel}","templated":true}]}}