{"id":25477,"date":"2025-05-24T17:40:29","date_gmt":"2025-05-24T16:40:29","guid":{"rendered":"https:\/\/mamaterra.lt\/parduotuve\/unkategorisiert\/frankincense-bosveliju-mikrozirniuku-kapsules\/"},"modified":"2025-05-24T17:57:47","modified_gmt":"2025-05-24T16:57:47","slug":"frankincense-microbead-capsules","status":"publish","type":"product","link":"https:\/\/mamaterra.lt\/de\/parduotuve\/essentielle-oele\/aetherische-oelmischungen\/frankincense-microbead-capsules\/","title":{"rendered":"Frankincense Microbead Capsules"},"content":{"rendered":"<h6 class=\"spotlight__head-title\">Frankincense Microbead Capsules<\/h6>\n<ul class=\"spotlight__list-custom custom-list\">\n<li>Weihrauch Mikrokapseln<br \/>\nNahrungserg\u00e4nzungsmittel mit AKBA aus Weihrauchextrakt und \u00e4therischem Weihrauch\u00f6l<br \/>\nEntfesseln Sie die Kraft des Weihrauchs wie nie zuvor&#8230;. In einem innovativen Format vereint diese Formel die uralte Weisheit des \u00e4therischen Weihrauch\u00f6ls und des Weihrauchharzes in einer erstaunlichen Mikrokapsel auf Fl\u00fcssigkeitsbasis. Mit einer wirksamen 60%igen Konzentration von AKBA (Acetyl-11-Keto-Beta-Boswellias\u00e4ure) aus Boswellia-Harz ist dies eine umfassende, leicht zu schluckende Dosis, die sich nahtlos in jede Wellness-Routine einf\u00fcgt. Dieses unentbehrliche Mittel f\u00fcr das Wohlbefinden l\u00e4sst sich m\u00fchelos in den Alltag integrieren und bringt Ihnen die Vorteile des Weihrauchs auf die bequemste und wirksamste Weise, die man sich vorstellen kann.<\/li>\n<\/ul>\n","protected":false},"excerpt":{"rendered":"<ul class=\"spotlight__list-custom custom-list\">\n<li>Diese t\u00e4gliche Wellness-L\u00f6sung bietet die Kraft des Weihrauchs (Boswellia) in Ihrer Routine.<\/li>\n<li>Veganes, GVO-freies und glutenfreies Produkt.<\/li>\n<li>30 Mikro-Erbsen-Kapseln | 17 g.<\/li>\n<\/ul>\n","protected":false},"featured_media":25471,"template":"","meta":{"site-sidebar-layout":"default","site-content-layout":"","ast-site-content-layout":"default","site-content-style":"default","site-sidebar-style":"default","ast-global-header-display":"","ast-banner-title-visibility":"","ast-main-header-display":"","ast-hfb-above-header-display":"","ast-hfb-below-header-display":"","ast-hfb-mobile-header-display":"","site-post-title":"","ast-breadcrumbs-content":"","ast-featured-img":"","footer-sml-layout":"","ast-disable-related-posts":"","theme-transparent-header-meta":"default","adv-header-id-meta":"","stick-header-meta":"","header-above-stick-meta":"","header-main-stick-meta":"","header-below-stick-meta":"","astra-migrate-meta-layouts":"set","ast-page-background-enabled":"default","ast-page-background-meta":{"desktop":{"background-color":"","background-image":"","background-repeat":"repeat","background-position":"center center","background-size":"auto","background-attachment":"scroll","background-type":"","background-media":"","overlay-type":"","overlay-color":"","overlay-opacity":"","overlay-gradient":""},"tablet":{"background-color":"","background-image":"","background-repeat":"repeat","background-position":"center center","background-size":"auto","background-attachment":"scroll","background-type":"","background-media":"","overlay-type":"","overlay-color":"","overlay-opacity":"","overlay-gradient":""},"mobile":{"background-color":"","background-image":"","background-repeat":"repeat","background-position":"center center","background-size":"auto","background-attachment":"scroll","background-type":"","background-media":"","overlay-type":"","overlay-color":"","overlay-opacity":"","overlay-gradient":""}},"ast-content-background-meta":{"desktop":{"background-color":"var(--ast-global-color-5)","background-image":"","background-repeat":"repeat","background-position":"center center","background-size":"auto","background-attachment":"scroll","background-type":"","background-media":"","overlay-type":"","overlay-color":"","overlay-opacity":"","overlay-gradient":""},"tablet":{"background-color":"var(--ast-global-color-5)","background-image":"","background-repeat":"repeat","background-position":"center center","background-size":"auto","background-attachment":"scroll","background-type":"","background-media":"","overlay-type":"","overlay-color":"","overlay-opacity":"","overlay-gradient":""},"mobile":{"background-color":"var(--ast-global-color-5)","background-image":"","background-repeat":"repeat","background-position":"center center","background-size":"auto","background-attachment":"scroll","background-type":"","background-media":"","overlay-type":"","overlay-color":"","overlay-opacity":"","overlay-gradient":""}}},"product_brand":[],"product_cat":[1944],"product_tag":[],"class_list":{"0":"post-25477","1":"product","2":"type-product","3":"status-publish","4":"has-post-thumbnail","6":"product_cat-aetherische-oelmischungen","7":"desktop-align-left","8":"tablet-align-left","9":"mobile-align-left","11":"first","12":"instock","13":"taxable","14":"shipping-taxable","15":"purchasable","16":"product-type-simple"},"_links":{"self":[{"href":"https:\/\/mamaterra.lt\/de\/wp-json\/wp\/v2\/product\/25477","targetHints":{"allow":["GET"]}}],"collection":[{"href":"https:\/\/mamaterra.lt\/de\/wp-json\/wp\/v2\/product"}],"about":[{"href":"https:\/\/mamaterra.lt\/de\/wp-json\/wp\/v2\/types\/product"}],"wp:featuredmedia":[{"embeddable":true,"href":"https:\/\/mamaterra.lt\/de\/wp-json\/wp\/v2\/media\/25471"}],"wp:attachment":[{"href":"https:\/\/mamaterra.lt\/de\/wp-json\/wp\/v2\/media?parent=25477"}],"wp:term":[{"taxonomy":"product_brand","embeddable":true,"href":"https:\/\/mamaterra.lt\/de\/wp-json\/wp\/v2\/product_brand?post=25477"},{"taxonomy":"product_cat","embeddable":true,"href":"https:\/\/mamaterra.lt\/de\/wp-json\/wp\/v2\/product_cat?post=25477"},{"taxonomy":"product_tag","embeddable":true,"href":"https:\/\/mamaterra.lt\/de\/wp-json\/wp\/v2\/product_tag?post=25477"}],"curies":[{"name":"wp","href":"https:\/\/api.w.org\/{rel}","templated":true}]}}