{"id":25459,"date":"2025-05-24T14:36:57","date_gmt":"2025-05-24T13:36:57","guid":{"rendered":"https:\/\/mamaterra.lt\/parduotuve\/unkategorisiert\/doterra-vmg\/"},"modified":"2025-05-24T14:49:26","modified_gmt":"2025-05-24T13:49:26","slug":"doterra-vmg","status":"publish","type":"product","link":"https:\/\/mamaterra.lt\/de\/parduotuve\/immunitaet\/doterra-vmg\/","title":{"rendered":"doTERRA VMG+"},"content":{"rendered":"<p>VMG+<\/p>\n<p>VMG+ &#8211; ein neuer Ansatz f\u00fcr t\u00e4gliche Vitamine<\/p>\n<p>VMG+ Whole-Food Nutrient Complex ist ein fortschrittlicher, allumfassender t\u00e4glicher N\u00e4hrstoffdrink, der entwickelt wurde, um die lebenswichtigen Prozesse in Ihrem K\u00f6rper zu unterst\u00fctzen. Und, ja &#8211; es schmeckt wirklich gut! \ud83d\ude0b<\/p>\n<p>\ud83e\uddec Enth\u00e4lt mehr als 90 hochwertige Inhaltsstoffe:<br \/>\n&#8211; Nat\u00fcrliche Vitamine und Mineralien aus Pflanzen<br \/>\n&#8211; Obst, Gem\u00fcse, Verdauungsenzyme<br \/>\n&#8211; Probiotika<br \/>\n&#8211; CPTG\u00ae-\u00c4therische \u00d6le<br \/>\n&#8211; Andere n\u00fctzliche Spurenmineralien<\/p>\n<p>\u2705 Vegan<br \/>\n\u2705 Glutenfrei<br \/>\n\u2705 F\u00fcr den t\u00e4glichen Gebrauch geeignet<\/p>\n<p>\u2728 Die wichtigsten Vorteile f\u00fcr Ihren K\u00f6rper:<\/p>\n<p>\ud83d\udd39 Energieunterst\u00fctzung<br \/>\n\ud83d\udd39 Immunsystem<br \/>\n\ud83d\udd39 Darmgesundheit und Verdauung<br \/>\n\ud83d\udd39 Leberfunktion<br \/>\n\ud83d\udd39 Hormonhaushalt<br \/>\n\ud83d\udd39 Gehirnfunktion<\/p>\n<p>\ud83d\udc9a 3 Produkte in einem:<\/p>\n<p>VMG+ kombiniert Alpha CRS+\u00ae, Microplex VMz\u00ae (vegane Version) und eine Mischung aus gr\u00fcnen Superfoods.<\/p>\n<p>\ud83e\uddea Enth\u00e4lt 5 patentierte Komplexe:<\/p>\n<p>N\u00e4hrstoffkomplex &#8211; pflanzliche Vitamine, Mineralien, Cofaktoren<\/p>\n<p>Superfood-Mischung &#8211; Antioxidantien, Phyton\u00e4hrstoffe<\/p>\n<p>Cell Support Blend &#8211; Zellschutz<\/p>\n<p>Biotransformationsmischung &#8211; verbesserte Absorption<\/p>\n<p>Bioavailability Enhancer &#8211; verbessert die N\u00e4hrstoffaufnahme<\/p>\n<p>\ud83c\udfaf Alltagstasche = starke Gesundheitsgrundlage.<br \/>\nPraktisch, lecker, alles in einem. Gesundes Leben war noch nie so einfach!<\/p>\n","protected":false},"excerpt":{"rendered":"<p>VMG+ kombiniert 3 Produkte in einem:<br \/>\nAlpha CRS+\u00ae, Microplex VMz\u00ae (vegan) und eine gr\u00fcne Superfood-Mischung.<\/p>\n<p>Es enth\u00e4lt 5 patentierte Komplexe, die wichtige Gesundheitsprozesse unterst\u00fctzen:<\/p>\n<p>1\ufe0f\u20e3 N\u00e4hrstoffkomplex &#8211; pflanzliche Vitamine, Mineralien und essentielle pflanzliche Cofaktoren<br \/>\n2\ufe0f\u20e3 Superfood-Komplex &#8211; unterst\u00fctzt die allgemeine Gesundheit mit Phyton\u00e4hrstoffen, Antioxidantien, Vitaminen und Mineralien*<br \/>\n3\ufe0f\u20e3 Cell Support Complex &#8211; unterst\u00fctzt die Zellgesundheit und den antioxidativen Schutz*<br \/>\n4\ufe0f\u20e3 Biotransformation Complex &#8211; liefert biologisch aktive N\u00e4hrstoffe*<br \/>\n5\ufe0f\u20e3 Bioavailability Enhancement Complex &#8211; verbessert die Aufnahme von Mikron\u00e4hrstoffen, wie in pr\u00e4klinischen Studien gezeigt wurde*<\/p>\n","protected":false},"featured_media":25453,"template":"","meta":{"site-sidebar-layout":"default","site-content-layout":"","ast-site-content-layout":"default","site-content-style":"default","site-sidebar-style":"default","ast-global-header-display":"","ast-banner-title-visibility":"","ast-main-header-display":"","ast-hfb-above-header-display":"","ast-hfb-below-header-display":"","ast-hfb-mobile-header-display":"","site-post-title":"","ast-breadcrumbs-content":"","ast-featured-img":"","footer-sml-layout":"","ast-disable-related-posts":"","theme-transparent-header-meta":"default","adv-header-id-meta":"","stick-header-meta":"","header-above-stick-meta":"","header-main-stick-meta":"","header-below-stick-meta":"","astra-migrate-meta-layouts":"set","ast-page-background-enabled":"default","ast-page-background-meta":{"desktop":{"background-color":"","background-image":"","background-repeat":"repeat","background-position":"center center","background-size":"auto","background-attachment":"scroll","background-type":"","background-media":"","overlay-type":"","overlay-color":"","overlay-opacity":"","overlay-gradient":""},"tablet":{"background-color":"","background-image":"","background-repeat":"repeat","background-position":"center center","background-size":"auto","background-attachment":"scroll","background-type":"","background-media":"","overlay-type":"","overlay-color":"","overlay-opacity":"","overlay-gradient":""},"mobile":{"background-color":"","background-image":"","background-repeat":"repeat","background-position":"center center","background-size":"auto","background-attachment":"scroll","background-type":"","background-media":"","overlay-type":"","overlay-color":"","overlay-opacity":"","overlay-gradient":""}},"ast-content-background-meta":{"desktop":{"background-color":"var(--ast-global-color-5)","background-image":"","background-repeat":"repeat","background-position":"center center","background-size":"auto","background-attachment":"scroll","background-type":"","background-media":"","overlay-type":"","overlay-color":"","overlay-opacity":"","overlay-gradient":""},"tablet":{"background-color":"var(--ast-global-color-5)","background-image":"","background-repeat":"repeat","background-position":"center center","background-size":"auto","background-attachment":"scroll","background-type":"","background-media":"","overlay-type":"","overlay-color":"","overlay-opacity":"","overlay-gradient":""},"mobile":{"background-color":"var(--ast-global-color-5)","background-image":"","background-repeat":"repeat","background-position":"center center","background-size":"auto","background-attachment":"scroll","background-type":"","background-media":"","overlay-type":"","overlay-color":"","overlay-opacity":"","overlay-gradient":""}}},"product_brand":[],"product_cat":[1989],"product_tag":[],"class_list":{"0":"post-25459","1":"product","2":"type-product","3":"status-publish","4":"has-post-thumbnail","6":"product_cat-immunitaet","7":"desktop-align-left","8":"tablet-align-left","9":"mobile-align-left","11":"first","12":"instock","13":"taxable","14":"shipping-taxable","15":"purchasable","16":"product-type-simple"},"_links":{"self":[{"href":"https:\/\/mamaterra.lt\/de\/wp-json\/wp\/v2\/product\/25459","targetHints":{"allow":["GET"]}}],"collection":[{"href":"https:\/\/mamaterra.lt\/de\/wp-json\/wp\/v2\/product"}],"about":[{"href":"https:\/\/mamaterra.lt\/de\/wp-json\/wp\/v2\/types\/product"}],"wp:featuredmedia":[{"embeddable":true,"href":"https:\/\/mamaterra.lt\/de\/wp-json\/wp\/v2\/media\/25453"}],"wp:attachment":[{"href":"https:\/\/mamaterra.lt\/de\/wp-json\/wp\/v2\/media?parent=25459"}],"wp:term":[{"taxonomy":"product_brand","embeddable":true,"href":"https:\/\/mamaterra.lt\/de\/wp-json\/wp\/v2\/product_brand?post=25459"},{"taxonomy":"product_cat","embeddable":true,"href":"https:\/\/mamaterra.lt\/de\/wp-json\/wp\/v2\/product_cat?post=25459"},{"taxonomy":"product_tag","embeddable":true,"href":"https:\/\/mamaterra.lt\/de\/wp-json\/wp\/v2\/product_tag?post=25459"}],"curies":[{"name":"wp","href":"https:\/\/api.w.org\/{rel}","templated":true}]}}