{"id":25423,"date":"2025-05-01T09:59:37","date_gmt":"2025-05-01T08:59:37","guid":{"rendered":"https:\/\/mamaterra.lt\/parduotuve\/unkategorisiert\/doterra-sun-lip-balm-lupu-balzamas\/"},"modified":"2025-05-01T10:13:14","modified_gmt":"2025-05-01T09:13:14","slug":"doterra-sonne-lippenbalsam","status":"publish","type":"product","link":"https:\/\/mamaterra.lt\/de\/parduotuve\/essentielle-oele\/doterra-sonne-lippenbalsam\/","title":{"rendered":"d\u014dTERRA Sonne Lippenbalsam"},"content":{"rendered":"<h6 class=\"spotlight__head-title\">d\u014dTERRA Sonne Lippenbalsam<\/h6>\n<p>&nbsp;<\/p>\n<p>Lieben Sie Ihre Lippen t\u00e4glich mit doTERRA sun. Diese Formel auf Mineralienbasis bietet UVA-\/UVB-Schutz (SPF 15), beruhigt die Lippen, macht sie weich und hilft, sie vor Hitze, K\u00e4lte und Wind zu sch\u00fctzen. Der doTERRA sun Lippenbalsam ist mit nicht-nano Zinkoxid formuliert, das auf der Haut verbleibt, ohne absorbiert zu werden, und enth\u00e4lt pflanzliche Inhaltsstoffe wie Sheabutter und Mongongo-\u00d6l f\u00fcr reichhaltige, feuchtigkeitsspendende Pflege sowie \u00e4therische \u00d6le aus Weihrauch, Helichrysum, Zitronengras, Minze und Manuka.<\/p>\n<h6 class=\"spotlight__foot-block-title\">Prim\u00e4re Vorteile<\/h6>\n<div class=\"spotlight__foot-block-content\">\n<ul class=\"spotlight__list-custom custom-list\">\n<li>Entwickelt mit Nicht-Nano-Zinkoxid, Sheabutter, Mongo\u00f6l und \u00e4therischen CPTG\u2122-\u00d6len.<\/li>\n<li>Feuchtigkeitsspendend, beruhigend, dermatologisch getestet, sicher f\u00fcr empfindliche Haut.<\/li>\n<li>Frei von Phthalaten, Oxybenzon und synthetischen Duftstoffen.<br \/>\nGrausamkeitsfrei und riffsicher.<\/li>\n<\/ul>\n<\/div>\n","protected":false},"excerpt":{"rendered":"<ul class=\"spotlight__list-custom custom-list\">\n<li>Entwickelt mit Nicht-Nano-Zinkoxid, Sheabutter, Mongo\u00f6l und \u00e4therischen CPTG\u2122-\u00d6len.<\/li>\n<li>Feuchtigkeitsspendend, beruhigend, dermatologisch getestet, sicher f\u00fcr empfindliche Haut.<\/li>\n<li>Frei von Phthalaten, Oxybenzon und synthetischen Duftstoffen.<br \/>\nGrausamkeitsfrei und riffsicher.<\/li>\n<\/ul>\n","protected":false},"featured_media":25417,"template":"","meta":{"site-sidebar-layout":"default","site-content-layout":"","ast-site-content-layout":"default","site-content-style":"default","site-sidebar-style":"default","ast-global-header-display":"","ast-banner-title-visibility":"","ast-main-header-display":"","ast-hfb-above-header-display":"","ast-hfb-below-header-display":"","ast-hfb-mobile-header-display":"","site-post-title":"","ast-breadcrumbs-content":"","ast-featured-img":"","footer-sml-layout":"","ast-disable-related-posts":"","theme-transparent-header-meta":"default","adv-header-id-meta":"","stick-header-meta":"","header-above-stick-meta":"","header-main-stick-meta":"","header-below-stick-meta":"","astra-migrate-meta-layouts":"set","ast-page-background-enabled":"default","ast-page-background-meta":{"desktop":{"background-color":"","background-image":"","background-repeat":"repeat","background-position":"center center","background-size":"auto","background-attachment":"scroll","background-type":"","background-media":"","overlay-type":"","overlay-color":"","overlay-opacity":"","overlay-gradient":""},"tablet":{"background-color":"","background-image":"","background-repeat":"repeat","background-position":"center center","background-size":"auto","background-attachment":"scroll","background-type":"","background-media":"","overlay-type":"","overlay-color":"","overlay-opacity":"","overlay-gradient":""},"mobile":{"background-color":"","background-image":"","background-repeat":"repeat","background-position":"center center","background-size":"auto","background-attachment":"scroll","background-type":"","background-media":"","overlay-type":"","overlay-color":"","overlay-opacity":"","overlay-gradient":""}},"ast-content-background-meta":{"desktop":{"background-color":"var(--ast-global-color-5)","background-image":"","background-repeat":"repeat","background-position":"center center","background-size":"auto","background-attachment":"scroll","background-type":"","background-media":"","overlay-type":"","overlay-color":"","overlay-opacity":"","overlay-gradient":""},"tablet":{"background-color":"var(--ast-global-color-5)","background-image":"","background-repeat":"repeat","background-position":"center center","background-size":"auto","background-attachment":"scroll","background-type":"","background-media":"","overlay-type":"","overlay-color":"","overlay-opacity":"","overlay-gradient":""},"mobile":{"background-color":"var(--ast-global-color-5)","background-image":"","background-repeat":"repeat","background-position":"center center","background-size":"auto","background-attachment":"scroll","background-type":"","background-media":"","overlay-type":"","overlay-color":"","overlay-opacity":"","overlay-gradient":""}}},"product_brand":[],"product_cat":[3582,1939],"product_tag":[],"class_list":{"0":"post-25423","1":"product","2":"type-product","3":"status-publish","4":"has-post-thumbnail","6":"product_cat-doterra-saules-linija-de","7":"product_cat-essentielle-oele","8":"desktop-align-left","9":"tablet-align-left","10":"mobile-align-left","12":"first","13":"instock","14":"taxable","15":"shipping-taxable","16":"purchasable","17":"product-type-simple"},"_links":{"self":[{"href":"https:\/\/mamaterra.lt\/de\/wp-json\/wp\/v2\/product\/25423","targetHints":{"allow":["GET"]}}],"collection":[{"href":"https:\/\/mamaterra.lt\/de\/wp-json\/wp\/v2\/product"}],"about":[{"href":"https:\/\/mamaterra.lt\/de\/wp-json\/wp\/v2\/types\/product"}],"wp:featuredmedia":[{"embeddable":true,"href":"https:\/\/mamaterra.lt\/de\/wp-json\/wp\/v2\/media\/25417"}],"wp:attachment":[{"href":"https:\/\/mamaterra.lt\/de\/wp-json\/wp\/v2\/media?parent=25423"}],"wp:term":[{"taxonomy":"product_brand","embeddable":true,"href":"https:\/\/mamaterra.lt\/de\/wp-json\/wp\/v2\/product_brand?post=25423"},{"taxonomy":"product_cat","embeddable":true,"href":"https:\/\/mamaterra.lt\/de\/wp-json\/wp\/v2\/product_cat?post=25423"},{"taxonomy":"product_tag","embeddable":true,"href":"https:\/\/mamaterra.lt\/de\/wp-json\/wp\/v2\/product_tag?post=25423"}],"curies":[{"name":"wp","href":"https:\/\/api.w.org\/{rel}","templated":true}]}}