{"id":25376,"date":"2025-04-04T19:05:54","date_gmt":"2025-04-04T18:05:54","guid":{"rendered":"https:\/\/mamaterra.lt\/?post_type=product&#038;p=25376"},"modified":"2025-04-04T19:35:42","modified_gmt":"2025-04-04T18:35:42","slug":"copaiba-cp-softgels","status":"publish","type":"product","link":"https:\/\/mamaterra.lt\/de\/parduotuve\/essentielle-oele\/reine-aetherische-oele\/copaiba-cp-softgels\/","title":{"rendered":"COPAIBA CP+ Softgels"},"content":{"rendered":"<h6>COPAIBA\u00a0 CP+ Softgels<\/h6>\n<p>Copaifera reticulata, officinalis, coriacea, langsdorffii | 60 kapseln<\/p>\n<p>&nbsp;<\/p>\n<p>CP+ Softgels sind mit Copaiba (Kopaiva) als Geschmacksgeber und auf Basis von Oliven\u00f6l formuliert. Sie bieten eine praktische M\u00f6glichkeit, die zahlreichen Vorteile des \u00d6les in Form eines vegetarischen Softgels zu genie\u00dfen. Diese einzigartige Kombination kann f\u00fcr Wohlbefinden im Verdauungstrakt sorgen.<\/p>\n<h3 class=\"spotlight__foot-block-title\">Hauptnutzen<\/h3>\n<div class=\"spotlight__foot-block-content\">\n<ul class=\"spotlight__list-custom custom-list\">\n<li>Die Softgels enthalten Beta-Caryophyllen, das auch daf\u00fcr bekannt ist, lindernd auf die Verdauung zu wirken.<\/li>\n<li>Es ist eine gesch\u00fctzte Formel, die Sie nur exklusiv bei d\u014dTERRA erhalten.<\/li>\n<li>G\u00f6nnen Sie sich Ihre t\u00e4gliche Portion Wohlbefinden in einem leicht schluckbaren Softgel!<\/li>\n<li>Es l\u00e4sst sich ideal mit anderen Nahrungserg\u00e4nzungen aus der breitgef\u00e4cherten Palette von d\u014dTERRA kombinieren.<\/li>\n<\/ul>\n<h3 class=\"product-uses__block-title\">Anwendung<\/h3>\n<div class=\"product-uses__directions-for-use\">\n<div class=\"product-uses__directions-for-use-item\">\n<div class=\"product-uses__directions-for-use-icon\">\n<div class=\"icon--internally icon--xxl\"><\/div>\n<\/div>\n<div class=\"product-uses__directions-for-use-copy\">Nehmen Sie t\u00e4glich 1 Softgel ein.<\/div>\n<\/div>\n<\/div>\n<div class=\"product-uses__cautions\">\n<h3 class=\"product-uses__block-title\">Hinweise zur sicheren Anwendung<\/h3>\n<div class=\"product-uses__cautions-body\">\n<p>Au\u00dferhalb der Reichweite von Kindern aufbewahren. \u00dcberschreiten Sie die empfohlene t\u00e4gliche Dosis nicht. Nahrungserg\u00e4nzungen k\u00f6nnen eine vielf\u00e4ltige und ausgeglichene Ern\u00e4hrung sowie einen gesunden Lebensstil nicht ersetzen. Schwangere und Stillende sowie Menschen mit bekannten gesundheitlichen Schwierigkeiten sollten vor der Einnahme \u00e4rztlichen Rat einholen. An einem k\u00fchlen, trockenen Ort aufbewahren. Mindesthaltbarkeitsdatum und Chargennummer: Siehe Flaschenboden.<\/p>\n<\/div>\n<\/div>\n<\/div>\n<p><iframe title=\"Discovering Copaiba Oil: Learn More About the Benefits of doTERRA Copaiba Essential Oil\" src=\"https:\/\/www.youtube.com\/embed\/VtQtsM4qs-0\" width=\"853\" height=\"480\" frameborder=\"0\" allowfullscreen=\"allowfullscreen\"><\/iframe><\/p>\n","protected":false},"excerpt":{"rendered":"<p>CP+ Softgels sind mit Copaiba (Kopaiva) als Geschmacksgeber und auf Basis von Oliven\u00f6l formuliert<\/p>\n","protected":false},"featured_media":25388,"template":"","meta":{"site-sidebar-layout":"default","site-content-layout":"default","ast-site-content-layout":"default","site-content-style":"default","site-sidebar-style":"default","ast-global-header-display":"","ast-banner-title-visibility":"","ast-main-header-display":"","ast-hfb-above-header-display":"","ast-hfb-below-header-display":"","ast-hfb-mobile-header-display":"","site-post-title":"","ast-breadcrumbs-content":"","ast-featured-img":"","footer-sml-layout":"","ast-disable-related-posts":"","theme-transparent-header-meta":"default","adv-header-id-meta":"","stick-header-meta":"","header-above-stick-meta":"","header-main-stick-meta":"","header-below-stick-meta":"","astra-migrate-meta-layouts":"set","ast-page-background-enabled":"default","ast-page-background-meta":{"desktop":{"background-color":"","background-image":"","background-repeat":"repeat","background-position":"center center","background-size":"auto","background-attachment":"scroll","background-type":"","background-media":"","overlay-type":"","overlay-color":"","overlay-opacity":"","overlay-gradient":""},"tablet":{"background-color":"","background-image":"","background-repeat":"repeat","background-position":"center center","background-size":"auto","background-attachment":"scroll","background-type":"","background-media":"","overlay-type":"","overlay-color":"","overlay-opacity":"","overlay-gradient":""},"mobile":{"background-color":"","background-image":"","background-repeat":"repeat","background-position":"center center","background-size":"auto","background-attachment":"scroll","background-type":"","background-media":"","overlay-type":"","overlay-color":"","overlay-opacity":"","overlay-gradient":""}},"ast-content-background-meta":{"desktop":{"background-color":"var(--ast-global-color-5)","background-image":"","background-repeat":"repeat","background-position":"center center","background-size":"auto","background-attachment":"scroll","background-type":"","background-media":"","overlay-type":"","overlay-color":"","overlay-opacity":"","overlay-gradient":""},"tablet":{"background-color":"var(--ast-global-color-5)","background-image":"","background-repeat":"repeat","background-position":"center center","background-size":"auto","background-attachment":"scroll","background-type":"","background-media":"","overlay-type":"","overlay-color":"","overlay-opacity":"","overlay-gradient":""},"mobile":{"background-color":"var(--ast-global-color-5)","background-image":"","background-repeat":"repeat","background-position":"center center","background-size":"auto","background-attachment":"scroll","background-type":"","background-media":"","overlay-type":"","overlay-color":"","overlay-opacity":"","overlay-gradient":""}}},"product_brand":[],"product_cat":[1939,1999,1949,2004,2039,2049],"product_tag":[2092,3291,2848,3231],"class_list":{"0":"post-25376","1":"product","2":"type-product","3":"status-publish","4":"has-post-thumbnail","6":"product_cat-essentielle-oele","7":"product_cat-massage-de","8":"product_cat-reine-aetherische-oele","9":"product_cat-schlafen","10":"product_cat-stressbewaeltigung","11":"product_cat-verdauung","12":"product_tag-15-ml-de","13":"product_tag-beliebt","14":"product_tag-copaiba-de","15":"product_tag-essentielle-oele","16":"desktop-align-left","17":"tablet-align-left","18":"mobile-align-left","20":"first","21":"instock","22":"featured","23":"taxable","24":"shipping-taxable","25":"purchasable","26":"product-type-simple"},"_links":{"self":[{"href":"https:\/\/mamaterra.lt\/de\/wp-json\/wp\/v2\/product\/25376","targetHints":{"allow":["GET"]}}],"collection":[{"href":"https:\/\/mamaterra.lt\/de\/wp-json\/wp\/v2\/product"}],"about":[{"href":"https:\/\/mamaterra.lt\/de\/wp-json\/wp\/v2\/types\/product"}],"wp:featuredmedia":[{"embeddable":true,"href":"https:\/\/mamaterra.lt\/de\/wp-json\/wp\/v2\/media\/25388"}],"wp:attachment":[{"href":"https:\/\/mamaterra.lt\/de\/wp-json\/wp\/v2\/media?parent=25376"}],"wp:term":[{"taxonomy":"product_brand","embeddable":true,"href":"https:\/\/mamaterra.lt\/de\/wp-json\/wp\/v2\/product_brand?post=25376"},{"taxonomy":"product_cat","embeddable":true,"href":"https:\/\/mamaterra.lt\/de\/wp-json\/wp\/v2\/product_cat?post=25376"},{"taxonomy":"product_tag","embeddable":true,"href":"https:\/\/mamaterra.lt\/de\/wp-json\/wp\/v2\/product_tag?post=25376"}],"curies":[{"name":"wp","href":"https:\/\/api.w.org\/{rel}","templated":true}]}}