{"id":25337,"date":"2025-03-12T20:27:34","date_gmt":"2025-03-12T19:27:34","guid":{"rendered":"https:\/\/mamaterra.lt\/parduotuve\/unkategorisiert\/doterra-turmeric-dual-chamber-capsules\/"},"modified":"2025-03-12T20:37:44","modified_gmt":"2025-03-12T19:37:44","slug":"doterra-turmeric-dual-chamber-capsules","status":"publish","type":"product","link":"https:\/\/mamaterra.lt\/de\/parduotuve\/essentielle-oele\/doterra-turmeric-dual-chamber-capsules\/","title":{"rendered":"doTERRA Turmeric Dual Chamber Capsules"},"content":{"rendered":"<p class=\"spotlight__head-title\"><strong>Kurkuma Doppelkammer-Kapseln<\/strong><br \/>\ndoTERRA ist das erste Unternehmen, das \u00e4therisches Kurkuma\u00f6l und Kurkumaextrakt in einer speziell entwickelten Zweikammerkapsel kombiniert. Durch die Kombination von \u00e4therischem Kurkuma-\u00d6l und Kurkuma-Extrakt wird die Wirksamkeit der einzelnen Komponenten maximiert. Das Ergebnis ist ein revolution\u00e4res Produkt aus bioaktiven Pflanzenstoffen, das eine einzigartig starke Synergie aus Kurkuma und Curcuminoiden bildet. Jede Kapsel enth\u00e4lt 2 Tropfen \u00e4therisches Kurkuma-\u00d6l und ist in einem praktischen, einnehmbaren Format erh\u00e4ltlich.<\/p>\n<ul class=\"spotlight__list-custom custom-list\">\n<li>Kurkumaextrakt (Rhizom) mit Curcuminoiden<br \/>\nEnth\u00e4lt nat\u00fcrliche Antioxidantien. *<br \/>\nHilft, die Gesundheit der Gelenke und Knochen zu erhalten. *<br \/>\nHilft bei der Erhaltung einer gesunden Haut. *<br \/>\nUnterst\u00fctzt die Blutproduktion und -qualit\u00e4t. *<br \/>\nUnterst\u00fctzt die Herzfunktion. *<br \/>\nUnterst\u00fctzt den Blutkreislauf. *<br \/>\nHilft bei der Verdauung.<br \/>\nTr\u00e4gt zur normalen Funktion des Magen-Darm-Trakts bei.<br \/>\nTr\u00e4gt zu einer normalen Gallensekretion bei. *<br \/>\nTr\u00e4gt zur Aufrechterhaltung der Wirksamkeit des Immunsystems bei. *<br \/>\nTr\u00e4gt zur Erhaltung der Allergieresistenz bei. *<br \/>\n* Diese gesundheitsbezogenen Angaben werden derzeit noch von der EU und der EFSA gepr\u00fcft.<\/li>\n<\/ul>\n<p>Nehmen Sie 2 Kapseln pro Tag.<br \/>\nVorsichtsma\u00dfnahmen<br \/>\nAu\u00dferhalb der Reichweite von Kindern aufbewahren. Die empfohlene Tagesdosis darf nicht \u00fcberschritten werden. Nahrungserg\u00e4nzungsmittel d\u00fcrfen eine abwechslungsreiche und ausgewogene Ern\u00e4hrung und eine gesunde Lebensweise nicht ersetzen. Schwangere oder stillende Frauen und Personen mit bekannten medizinischen Problemen sollten vor der Einnahme einen Arzt konsultieren. Nicht empfohlen f\u00fcr Kinder unter 12 Jahren. Konsultieren Sie Ihren Arzt oder Apotheker, wenn Sie gleichzeitig blutgerinnungshemmende Medikamente einnehmen. Wenn Sie Arzneimittel einnehmen, sollten Sie den Rat Ihres Arztes einholen. Bei Ver\u00e4nderungen der Leberfunktion, der Gallenfunktion oder bei Gallensteinen wird die Anwendung des Produktes nicht empfohlen. An einem k\u00fchlen, trockenen Ort aufbewahren.<\/p>\n","protected":false},"excerpt":{"rendered":"<ul class=\"spotlight__list-custom custom-list\">\n<li>Kurkumaextrakt (Rhizom) mit Curcuminoiden<br \/>\nEnth\u00e4lt nat\u00fcrliche Antioxidantien. *<br \/>\nHilft, die Gesundheit der Gelenke und Knochen zu erhalten. *<br \/>\nHilft bei der Erhaltung einer gesunden Haut. *<br \/>\nUnterst\u00fctzt die Blutproduktion und -qualit\u00e4t. *<br \/>\nUnterst\u00fctzt die Herzfunktion. *<br \/>\nUnterst\u00fctzt den Blutkreislauf. *<br \/>\nHilft bei der Verdauung.<br \/>\nTr\u00e4gt zur normalen Funktion des Magen-Darm-Trakts bei.<br \/>\nTr\u00e4gt zu einer normalen Gallensekretion bei. *<br \/>\nTr\u00e4gt zur Aufrechterhaltung der Wirksamkeit des Immunsystems bei. *<br \/>\nTr\u00e4gt zur Erhaltung der Allergieresistenz bei. *<br \/>\n* Diese gesundheitsbezogenen Angaben werden derzeit noch von der EU und der EFSA gepr\u00fcft.<\/li>\n<\/ul>\n","protected":false},"featured_media":25331,"template":"","meta":{"site-sidebar-layout":"default","site-content-layout":"","ast-site-content-layout":"default","site-content-style":"default","site-sidebar-style":"default","ast-global-header-display":"","ast-banner-title-visibility":"","ast-main-header-display":"","ast-hfb-above-header-display":"","ast-hfb-below-header-display":"","ast-hfb-mobile-header-display":"","site-post-title":"","ast-breadcrumbs-content":"","ast-featured-img":"","footer-sml-layout":"","ast-disable-related-posts":"","theme-transparent-header-meta":"default","adv-header-id-meta":"","stick-header-meta":"","header-above-stick-meta":"","header-main-stick-meta":"","header-below-stick-meta":"","astra-migrate-meta-layouts":"set","ast-page-background-enabled":"default","ast-page-background-meta":{"desktop":{"background-color":"","background-image":"","background-repeat":"repeat","background-position":"center center","background-size":"auto","background-attachment":"scroll","background-type":"","background-media":"","overlay-type":"","overlay-color":"","overlay-opacity":"","overlay-gradient":""},"tablet":{"background-color":"","background-image":"","background-repeat":"repeat","background-position":"center center","background-size":"auto","background-attachment":"scroll","background-type":"","background-media":"","overlay-type":"","overlay-color":"","overlay-opacity":"","overlay-gradient":""},"mobile":{"background-color":"","background-image":"","background-repeat":"repeat","background-position":"center center","background-size":"auto","background-attachment":"scroll","background-type":"","background-media":"","overlay-type":"","overlay-color":"","overlay-opacity":"","overlay-gradient":""}},"ast-content-background-meta":{"desktop":{"background-color":"var(--ast-global-color-5)","background-image":"","background-repeat":"repeat","background-position":"center center","background-size":"auto","background-attachment":"scroll","background-type":"","background-media":"","overlay-type":"","overlay-color":"","overlay-opacity":"","overlay-gradient":""},"tablet":{"background-color":"var(--ast-global-color-5)","background-image":"","background-repeat":"repeat","background-position":"center center","background-size":"auto","background-attachment":"scroll","background-type":"","background-media":"","overlay-type":"","overlay-color":"","overlay-opacity":"","overlay-gradient":""},"mobile":{"background-color":"var(--ast-global-color-5)","background-image":"","background-repeat":"repeat","background-position":"center center","background-size":"auto","background-attachment":"scroll","background-type":"","background-media":"","overlay-type":"","overlay-color":"","overlay-opacity":"","overlay-gradient":""}}},"product_brand":[],"product_cat":[1939,1989,2049],"product_tag":[],"class_list":{"0":"post-25337","1":"product","2":"type-product","3":"status-publish","4":"has-post-thumbnail","6":"product_cat-essentielle-oele","7":"product_cat-immunitaet","8":"product_cat-verdauung","9":"desktop-align-left","10":"tablet-align-left","11":"mobile-align-left","13":"first","14":"instock","15":"taxable","16":"shipping-taxable","17":"purchasable","18":"product-type-simple"},"_links":{"self":[{"href":"https:\/\/mamaterra.lt\/de\/wp-json\/wp\/v2\/product\/25337","targetHints":{"allow":["GET"]}}],"collection":[{"href":"https:\/\/mamaterra.lt\/de\/wp-json\/wp\/v2\/product"}],"about":[{"href":"https:\/\/mamaterra.lt\/de\/wp-json\/wp\/v2\/types\/product"}],"wp:featuredmedia":[{"embeddable":true,"href":"https:\/\/mamaterra.lt\/de\/wp-json\/wp\/v2\/media\/25331"}],"wp:attachment":[{"href":"https:\/\/mamaterra.lt\/de\/wp-json\/wp\/v2\/media?parent=25337"}],"wp:term":[{"taxonomy":"product_brand","embeddable":true,"href":"https:\/\/mamaterra.lt\/de\/wp-json\/wp\/v2\/product_brand?post=25337"},{"taxonomy":"product_cat","embeddable":true,"href":"https:\/\/mamaterra.lt\/de\/wp-json\/wp\/v2\/product_cat?post=25337"},{"taxonomy":"product_tag","embeddable":true,"href":"https:\/\/mamaterra.lt\/de\/wp-json\/wp\/v2\/product_tag?post=25337"}],"curies":[{"name":"wp","href":"https:\/\/api.w.org\/{rel}","templated":true}]}}