{"id":25300,"date":"2021-04-18T17:37:27","date_gmt":"2021-04-18T16:37:27","guid":{"rendered":"https:\/\/mamaterra.lt\/parduotuve\/unkategorisiert\/doterra-serenity-raminamasis-eteriniu-alieju-misinys-15ml\/"},"modified":"2025-02-28T19:48:09","modified_gmt":"2025-02-28T18:48:09","slug":"doterra-serenity-beruhigende-aetherische-oelmischung-15ml","status":"publish","type":"product","link":"https:\/\/mamaterra.lt\/de\/parduotuve\/essentielle-oele\/aetherische-oelmischungen\/doterra-serenity-beruhigende-aetherische-oelmischung-15ml\/","title":{"rendered":"doTERRA SERENITY Beruhigende \u00e4therische \u00d6lmischung 15ml"},"content":{"rendered":"<p><strong>doTERRA SERENITY\u2122<\/strong><\/p>\n<p>doTERRA Serenity ist eine Mischung aus beruhigenden \u00e4therischen \u00d6len, die Ihnen hilft, Ihre Sorgen zu vergessen und sich zu entspannen. Diese beruhigende Mischung wird Sie sofort in einen gl\u00fccklichen Zustand der Entspannung versetzen.<\/p>\n<p>Beruhigt die Sinne<br \/>\nHilft, Spannungen abzubauen<br \/>\nHilft, eine entspannende Atmosph\u00e4re zu schaffen<\/p>\n<p>doTERRA SERENITY\u2122 Beruhigende \u00e4therische \u00d6lmischung Zutaten:<\/p>\n<p>Lavendel, Zedernholz, Ylang-Ylang, Majoran, R\u00f6mische Kamille, Vetiver, Vanille-Absolue, Hawaiianisches Sandelholz<\/p>\n<p>doTERRA SERENITY\u2122 Beruhigende \u00e4therische \u00d6lmischung Allgemeine Eigenschaften und Verwendungsm\u00f6glichkeiten:<\/p>\n<p>\u201edoTERRA Serenity Restful Blend\u201c hat ein beruhigendes und entspannendes Aroma, das dem Anwender ein einzigartiges Erlebnis vermittelt. Diese perfekt ausgewogene, ruhige Mischung ist sofort sp\u00fcrbar und versetzt den Anwender in einen gl\u00fcckseligen Zustand. \u201edoTERRA Serenity kombiniert \u00e4therische \u00d6le, die f\u00fcr ihre F\u00e4higkeit bekannt sind, eine ruhige Umgebung vor dem Schlafengehen zu schaffen. Die \u00e4therischen \u00d6le Zedernholz, Ho-Holz und Vetiver verleihen doTERRA Serenity ein erdendes Aroma, das eine ruhige Atmosph\u00e4re schafft, wenn es Zeit ist, zur Ruhe zu kommen.<\/p>\n<p>Ein bis zwei Tropfen auf die Handfl\u00e4chen geben und mehrmals t\u00e4glich inhalieren, um den t\u00e4glichen Stress abzubauen.<br \/>\nNachts verdampfen, um ein unruhiges Baby oder Kind zu beruhigen<br \/>\nTragen Sie es vor dem Schlafengehen auf Ihre Fu\u00dfsohlen auf, um sich zu entspannen.<br \/>\nVerwenden Sie es in Kombination mit doTERRA Serenity Restful Complex Softgels, um die Wirkung zu maximieren.<br \/>\nGeben Sie zwei bis drei Tropfen in Bittersalz f\u00fcr ein entspannendes und erfrischendes Bad.<br \/>\nTragen Sie zwei bis drei Tropfen auf den Nacken oder das Herz auf, um ein Gef\u00fchl der Ruhe zu erzeugen.<\/p>\n<p>&nbsp;<\/p>\n<p><iframe title=\"d\u014dTERRA SERENITY \ud83c\udf1cTop 4 uses for Serenity restful oil blend\" src=\"https:\/\/www.youtube.com\/embed\/6YqnbFB6wHs\" width=\"853\" height=\"480\" frameborder=\"0\" allowfullscreen=\"allowfullscreen\"><\/iframe><\/p>\n","protected":false},"excerpt":{"rendered":"<p>doTERRA Serenity ist eine Mischung aus beruhigenden \u00e4therischen \u00d6len, die Ihnen hilft, Ihre Sorgen zu vergessen und sich zu entspannen. Diese beruhigende Mischung wird Sie sofort in einen gl\u00fccklichen Zustand der Entspannung versetzen.<\/p>\n","protected":false},"featured_media":25301,"template":"","meta":{"site-sidebar-layout":"default","site-content-layout":"default","ast-site-content-layout":"default","site-content-style":"default","site-sidebar-style":"default","ast-global-header-display":"","ast-banner-title-visibility":"","ast-main-header-display":"","ast-hfb-above-header-display":"","ast-hfb-below-header-display":"","ast-hfb-mobile-header-display":"","site-post-title":"","ast-breadcrumbs-content":"","ast-featured-img":"","footer-sml-layout":"","ast-disable-related-posts":"","theme-transparent-header-meta":"default","adv-header-id-meta":"","stick-header-meta":"","header-above-stick-meta":"","header-main-stick-meta":"","header-below-stick-meta":"","astra-migrate-meta-layouts":"set","ast-page-background-enabled":"default","ast-page-background-meta":{"desktop":{"background-color":"","background-image":"","background-repeat":"repeat","background-position":"center center","background-size":"auto","background-attachment":"scroll","background-type":"","background-media":"","overlay-type":"","overlay-color":"","overlay-opacity":"","overlay-gradient":""},"tablet":{"background-color":"","background-image":"","background-repeat":"repeat","background-position":"center center","background-size":"auto","background-attachment":"scroll","background-type":"","background-media":"","overlay-type":"","overlay-color":"","overlay-opacity":"","overlay-gradient":""},"mobile":{"background-color":"","background-image":"","background-repeat":"repeat","background-position":"center center","background-size":"auto","background-attachment":"scroll","background-type":"","background-media":"","overlay-type":"","overlay-color":"","overlay-opacity":"","overlay-gradient":""}},"ast-content-background-meta":{"desktop":{"background-color":"var(--ast-global-color-5)","background-image":"","background-repeat":"repeat","background-position":"center center","background-size":"auto","background-attachment":"scroll","background-type":"","background-media":"","overlay-type":"","overlay-color":"","overlay-opacity":"","overlay-gradient":""},"tablet":{"background-color":"var(--ast-global-color-5)","background-image":"","background-repeat":"repeat","background-position":"center center","background-size":"auto","background-attachment":"scroll","background-type":"","background-media":"","overlay-type":"","overlay-color":"","overlay-opacity":"","overlay-gradient":""},"mobile":{"background-color":"var(--ast-global-color-5)","background-image":"","background-repeat":"repeat","background-position":"center center","background-size":"auto","background-attachment":"scroll","background-type":"","background-media":"","overlay-type":"","overlay-color":"","overlay-opacity":"","overlay-gradient":""}}},"product_brand":[],"product_cat":[1944,1939,2044,2004,2039],"product_tag":[2092,3236,3291,3063],"class_list":{"0":"post-25300","1":"product","2":"type-product","3":"status-publish","4":"has-post-thumbnail","6":"product_cat-aetherische-oelmischungen","7":"product_cat-essentielle-oele","8":"product_cat-fuer-kinder","9":"product_cat-schlafen","10":"product_cat-stressbewaeltigung","11":"product_tag-15-ml-de","12":"product_tag-aetherische-oelmischungen","13":"product_tag-beliebt","14":"product_tag-serenity-de","15":"desktop-align-left","16":"tablet-align-left","17":"mobile-align-left","19":"first","20":"instock","21":"sale","22":"featured","23":"taxable","24":"shipping-taxable","25":"purchasable","26":"product-type-simple"},"_links":{"self":[{"href":"https:\/\/mamaterra.lt\/de\/wp-json\/wp\/v2\/product\/25300","targetHints":{"allow":["GET"]}}],"collection":[{"href":"https:\/\/mamaterra.lt\/de\/wp-json\/wp\/v2\/product"}],"about":[{"href":"https:\/\/mamaterra.lt\/de\/wp-json\/wp\/v2\/types\/product"}],"wp:featuredmedia":[{"embeddable":true,"href":"https:\/\/mamaterra.lt\/de\/wp-json\/wp\/v2\/media\/25301"}],"wp:attachment":[{"href":"https:\/\/mamaterra.lt\/de\/wp-json\/wp\/v2\/media?parent=25300"}],"wp:term":[{"taxonomy":"product_brand","embeddable":true,"href":"https:\/\/mamaterra.lt\/de\/wp-json\/wp\/v2\/product_brand?post=25300"},{"taxonomy":"product_cat","embeddable":true,"href":"https:\/\/mamaterra.lt\/de\/wp-json\/wp\/v2\/product_cat?post=25300"},{"taxonomy":"product_tag","embeddable":true,"href":"https:\/\/mamaterra.lt\/de\/wp-json\/wp\/v2\/product_tag?post=25300"}],"curies":[{"name":"wp","href":"https:\/\/api.w.org\/{rel}","templated":true}]}}