{"id":25199,"date":"2025-02-09T16:59:43","date_gmt":"2025-02-09T15:59:43","guid":{"rendered":"https:\/\/mamaterra.lt\/parduotuve\/unkategorisiert\/citrus-bloom-15ml\/"},"modified":"2025-02-09T17:08:05","modified_gmt":"2025-02-09T16:08:05","slug":"citrus-bloom-15ml","status":"publish","type":"product","link":"https:\/\/mamaterra.lt\/de\/parduotuve\/essentielle-oele\/citrus-bloom-15ml\/","title":{"rendered":"Citrus bloom 15ml"},"content":{"rendered":"<p>Die \u00e4therische \u00d6lmischung Citrus Bloom\u2122 weckt Erinnerungen an den Fr\u00fchling in einer wundersch\u00f6n gestalteten Mischung aus leuchtenden Zitrusfr\u00fcchten und duftenden Blumen. Die \u00e4therischen \u00d6le von Wildorange und Grapefruit verleihen Citrus Bloom sonnige und s\u00fc\u00dfe aromatische Noten, w\u00e4hrend die bl\u00fchenden Aromen von Lavendel\u00f6l, r\u00f6mischer Kamille und Magnolien\u00f6l einen weicheren, blumigen Duft hinzuf\u00fcgen. Die Mischung liefert ein positives, freudiges Aroma, das man zerst\u00e4uben, auf der Haut tragen oder in einen luxuri\u00f6sen Verw\u00f6hnabend integrieren kann.<\/p>\n<p>Die \u00e4therischen \u00d6le<br \/>\nWildorangen\u00f6l ist f\u00fcr sein s\u00fc\u00dfes und lebendiges Aroma bekannt. Wie die anderen Zitrus\u00f6le reinigt es effektiv Oberfl\u00e4chen.<br \/>\nGrapefruit\u00f6l ist f\u00fcr seinen hellen, spritzigen Duft bekannt und wird wegen seiner reinigenden Eigenschaften h\u00e4ufig in der Hautpflege eingesetzt.<br \/>\nDas blumige Aroma von Lavendel\u00f6l ist unverwechselbar und beliebt. Es ist auch beruhigend f\u00fcr die Haut.<br \/>\nR\u00f6mische Kamille und Magnolie sind beide dekadente und beruhigende Aromen, die h\u00e4ufig in Parf\u00fcms verwendet werden. Sowohl das \u00e4therische \u00d6l der r\u00f6mischen Kamille als auch das der Magnolie tragen mit ihren Aromen zu einer beruhigenden Atmosph\u00e4re bei.<\/p>\n<p>&nbsp;<\/p>\n","protected":false},"excerpt":{"rendered":"<p>Die \u00e4therische \u00d6lmischung Citrus Bloom\u2122 weckt Erinnerungen an den Fr\u00fchling in einer wundersch\u00f6n gestalteten Mischung aus leuchtenden Zitrusfr\u00fcchten und duftenden Blumen<\/p>\n","protected":false},"featured_media":25188,"template":"","meta":{"site-sidebar-layout":"default","site-content-layout":"","ast-site-content-layout":"default","site-content-style":"default","site-sidebar-style":"default","ast-global-header-display":"","ast-banner-title-visibility":"","ast-main-header-display":"","ast-hfb-above-header-display":"","ast-hfb-below-header-display":"","ast-hfb-mobile-header-display":"","site-post-title":"","ast-breadcrumbs-content":"","ast-featured-img":"","footer-sml-layout":"","ast-disable-related-posts":"","theme-transparent-header-meta":"default","adv-header-id-meta":"","stick-header-meta":"","header-above-stick-meta":"","header-main-stick-meta":"","header-below-stick-meta":"","astra-migrate-meta-layouts":"set","ast-page-background-enabled":"default","ast-page-background-meta":{"desktop":{"background-color":"","background-image":"","background-repeat":"repeat","background-position":"center center","background-size":"auto","background-attachment":"scroll","background-type":"","background-media":"","overlay-type":"","overlay-color":"","overlay-opacity":"","overlay-gradient":""},"tablet":{"background-color":"","background-image":"","background-repeat":"repeat","background-position":"center center","background-size":"auto","background-attachment":"scroll","background-type":"","background-media":"","overlay-type":"","overlay-color":"","overlay-opacity":"","overlay-gradient":""},"mobile":{"background-color":"","background-image":"","background-repeat":"repeat","background-position":"center center","background-size":"auto","background-attachment":"scroll","background-type":"","background-media":"","overlay-type":"","overlay-color":"","overlay-opacity":"","overlay-gradient":""}},"ast-content-background-meta":{"desktop":{"background-color":"var(--ast-global-color-5)","background-image":"","background-repeat":"repeat","background-position":"center center","background-size":"auto","background-attachment":"scroll","background-type":"","background-media":"","overlay-type":"","overlay-color":"","overlay-opacity":"","overlay-gradient":""},"tablet":{"background-color":"var(--ast-global-color-5)","background-image":"","background-repeat":"repeat","background-position":"center center","background-size":"auto","background-attachment":"scroll","background-type":"","background-media":"","overlay-type":"","overlay-color":"","overlay-opacity":"","overlay-gradient":""},"mobile":{"background-color":"var(--ast-global-color-5)","background-image":"","background-repeat":"repeat","background-position":"center center","background-size":"auto","background-attachment":"scroll","background-type":"","background-media":"","overlay-type":"","overlay-color":"","overlay-opacity":"","overlay-gradient":""}}},"product_brand":[],"product_cat":[1939],"product_tag":[],"class_list":{"0":"post-25199","1":"product","2":"type-product","3":"status-publish","4":"has-post-thumbnail","6":"product_cat-essentielle-oele","7":"desktop-align-left","8":"tablet-align-left","9":"mobile-align-left","11":"first","12":"instock","13":"taxable","14":"shipping-taxable","15":"purchasable","16":"product-type-simple"},"_links":{"self":[{"href":"https:\/\/mamaterra.lt\/de\/wp-json\/wp\/v2\/product\/25199","targetHints":{"allow":["GET"]}}],"collection":[{"href":"https:\/\/mamaterra.lt\/de\/wp-json\/wp\/v2\/product"}],"about":[{"href":"https:\/\/mamaterra.lt\/de\/wp-json\/wp\/v2\/types\/product"}],"wp:featuredmedia":[{"embeddable":true,"href":"https:\/\/mamaterra.lt\/de\/wp-json\/wp\/v2\/media\/25188"}],"wp:attachment":[{"href":"https:\/\/mamaterra.lt\/de\/wp-json\/wp\/v2\/media?parent=25199"}],"wp:term":[{"taxonomy":"product_brand","embeddable":true,"href":"https:\/\/mamaterra.lt\/de\/wp-json\/wp\/v2\/product_brand?post=25199"},{"taxonomy":"product_cat","embeddable":true,"href":"https:\/\/mamaterra.lt\/de\/wp-json\/wp\/v2\/product_cat?post=25199"},{"taxonomy":"product_tag","embeddable":true,"href":"https:\/\/mamaterra.lt\/de\/wp-json\/wp\/v2\/product_tag?post=25199"}],"curies":[{"name":"wp","href":"https:\/\/api.w.org\/{rel}","templated":true}]}}