{"id":24949,"date":"2025-01-04T18:41:11","date_gmt":"2025-01-04T17:41:11","guid":{"rendered":"https:\/\/mamaterra.lt\/parduotuve\/unkategorisiert\/doterra-yarrow-pom-paakiu-kaukes-yarrowpom-revitalizing-eye-mask\/"},"modified":"2025-01-04T19:15:50","modified_gmt":"2025-01-04T18:15:50","slug":"doterra-yarrow-pom-schafgarbenpomade-revitalisierende-augenmaske-yarrowpom-revitalizing-eye-mask","status":"publish","type":"product","link":"https:\/\/mamaterra.lt\/de\/parduotuve\/hygiene-und-hautpflege\/doterra-sonne-de\/doterra-yarrow-pom-schafgarbenpomade-revitalisierende-augenmaske-yarrowpom-revitalizing-eye-mask\/","title":{"rendered":"doTERRA Yarrow Pom Schafgarbenpomade Revitalisierende Augenmaske (Yarrow|Pom Revitalizing Eye Mask)"},"content":{"rendered":"<h6>doTERRA Yarrow Pom doTERRA Yarrow Pom Schafgarbenpomade Revitalisierende Augenmaske\u00a0 (8 paar)<\/h6>\n<p>&nbsp;<\/p>\n<p>Die Schafgarben-Pom-Augenmaske ist ein neues Hautpflegeprodukt, das speziell f\u00fcr die Augenpartie entwickelt wurde und die Haut gezielt gl\u00e4ttet und strafft. Ein weiterer Bonus dieses Produkts ist, dass es hilft, feine Linien und Falten zu reduzieren. Es enth\u00e4lt au\u00dferdem eine Menge starker bioaktiver Verbindungen und ist mit den Vorteilen der Schafgarbe angereichert.<br \/>\nEin paar andere Dinge, die ich hervorheben m\u00f6chte, sind, dass diese Maske auch mit Argireline\u00ae angereichert ist. Dabei handelt es sich um ein einzigartiges Peptid, das f\u00fcr seine erstaunlichen Ergebnisse bekannt ist, wie die pr\u00e4klinische Forschung gezeigt hat. Die Maske enth\u00e4lt au\u00dferdem Koffein, das Schwellungen und dunkle Augenringe reduziert. Und es enth\u00e4lt Rosenextrakt, der die Elastizit\u00e4t der Haut verbessert.<\/p>\n<p>Das Argireline jedoch &#8211; und das ist wirklich cool &#8211; sendet auf nat\u00fcrliche Weise Botschaften an die Haut, die ihr helfen, j\u00fcnger auszusehen, sich j\u00fcnger zu verhalten und feine Linien und Falten zu reduzieren. Wir lieben also diesen Inhaltsstoff.<\/p>\n","protected":false},"excerpt":{"rendered":"<p>Die Schafgarben-Pom-Augenmaske ist ein neues Hautpflegeprodukt, das speziell f\u00fcr die Augenpartie entwickelt wurde und die Haut gezielt gl\u00e4ttet und strafft. Ein weiterer Bonus dieses Produkts ist, dass es hilft, feine Linien und Falten zu reduzieren. Es enth\u00e4lt au\u00dferdem eine Menge starker bioaktiver Verbindungen und ist mit den Vorteilen der Schafgarbe angereichert.<\/p>\n","protected":false},"featured_media":24943,"template":"","meta":{"site-sidebar-layout":"default","site-content-layout":"","ast-site-content-layout":"default","site-content-style":"default","site-sidebar-style":"default","ast-global-header-display":"","ast-banner-title-visibility":"","ast-main-header-display":"","ast-hfb-above-header-display":"","ast-hfb-below-header-display":"","ast-hfb-mobile-header-display":"","site-post-title":"","ast-breadcrumbs-content":"","ast-featured-img":"","footer-sml-layout":"","ast-disable-related-posts":"","theme-transparent-header-meta":"default","adv-header-id-meta":"","stick-header-meta":"","header-above-stick-meta":"","header-main-stick-meta":"","header-below-stick-meta":"","astra-migrate-meta-layouts":"set","ast-page-background-enabled":"default","ast-page-background-meta":{"desktop":{"background-color":"","background-image":"","background-repeat":"repeat","background-position":"center center","background-size":"auto","background-attachment":"scroll","background-type":"","background-media":"","overlay-type":"","overlay-color":"","overlay-opacity":"","overlay-gradient":""},"tablet":{"background-color":"","background-image":"","background-repeat":"repeat","background-position":"center center","background-size":"auto","background-attachment":"scroll","background-type":"","background-media":"","overlay-type":"","overlay-color":"","overlay-opacity":"","overlay-gradient":""},"mobile":{"background-color":"","background-image":"","background-repeat":"repeat","background-position":"center center","background-size":"auto","background-attachment":"scroll","background-type":"","background-media":"","overlay-type":"","overlay-color":"","overlay-opacity":"","overlay-gradient":""}},"ast-content-background-meta":{"desktop":{"background-color":"var(--ast-global-color-5)","background-image":"","background-repeat":"repeat","background-position":"center center","background-size":"auto","background-attachment":"scroll","background-type":"","background-media":"","overlay-type":"","overlay-color":"","overlay-opacity":"","overlay-gradient":""},"tablet":{"background-color":"var(--ast-global-color-5)","background-image":"","background-repeat":"repeat","background-position":"center center","background-size":"auto","background-attachment":"scroll","background-type":"","background-media":"","overlay-type":"","overlay-color":"","overlay-opacity":"","overlay-gradient":""},"mobile":{"background-color":"var(--ast-global-color-5)","background-image":"","background-repeat":"repeat","background-position":"center center","background-size":"auto","background-attachment":"scroll","background-type":"","background-media":"","overlay-type":"","overlay-color":"","overlay-opacity":"","overlay-gradient":""}}},"product_brand":[],"product_cat":[3582,3581,2009,1924,1929,1959],"product_tag":[],"class_list":{"0":"post-24949","1":"product","2":"type-product","3":"status-publish","4":"has-post-thumbnail","6":"product_cat-doterra-saules-linija-de","7":"product_cat-doterra-sonne-de","8":"product_cat-fuer-frauen","9":"product_cat-geschenke","10":"product_cat-geschenke-fuer-frauen","11":"product_cat-hygiene-und-hautpflege","12":"desktop-align-left","13":"tablet-align-left","14":"mobile-align-left","16":"first","17":"instock","18":"taxable","19":"shipping-taxable","20":"purchasable","21":"product-type-simple"},"_links":{"self":[{"href":"https:\/\/mamaterra.lt\/de\/wp-json\/wp\/v2\/product\/24949","targetHints":{"allow":["GET"]}}],"collection":[{"href":"https:\/\/mamaterra.lt\/de\/wp-json\/wp\/v2\/product"}],"about":[{"href":"https:\/\/mamaterra.lt\/de\/wp-json\/wp\/v2\/types\/product"}],"wp:featuredmedia":[{"embeddable":true,"href":"https:\/\/mamaterra.lt\/de\/wp-json\/wp\/v2\/media\/24943"}],"wp:attachment":[{"href":"https:\/\/mamaterra.lt\/de\/wp-json\/wp\/v2\/media?parent=24949"}],"wp:term":[{"taxonomy":"product_brand","embeddable":true,"href":"https:\/\/mamaterra.lt\/de\/wp-json\/wp\/v2\/product_brand?post=24949"},{"taxonomy":"product_cat","embeddable":true,"href":"https:\/\/mamaterra.lt\/de\/wp-json\/wp\/v2\/product_cat?post=24949"},{"taxonomy":"product_tag","embeddable":true,"href":"https:\/\/mamaterra.lt\/de\/wp-json\/wp\/v2\/product_tag?post=24949"}],"curies":[{"name":"wp","href":"https:\/\/api.w.org\/{rel}","templated":true}]}}