{"id":24929,"date":"2025-01-04T17:42:50","date_gmt":"2025-01-04T16:42:50","guid":{"rendered":"https:\/\/mamaterra.lt\/parduotuve\/unkategorisiert\/tropical-cuisine-blend\/"},"modified":"2025-01-04T17:56:16","modified_gmt":"2025-01-04T16:56:16","slug":"tropical-cuisine-blend","status":"publish","type":"product","link":"https:\/\/mamaterra.lt\/de\/parduotuve\/essentielle-oele\/aetherische-oelmischungen\/tropical-cuisine-blend\/","title":{"rendered":"Tropical cuisine blend"},"content":{"rendered":"<h6>Tropical cuisine blend 15 ml<\/h6>\n<p>&nbsp;<\/p>\n<p>Tr\u00e4umen Sie sich an einen sch\u00f6nen, warmen Strand mit klarem, azurblauem Meer. Genie\u00dfen Sie den Anblick, die Ger\u00e4usche und die Ger\u00fcche eines magischen Inselparadieses. Lassen Sie sich von der Tropical Cuisine-Mischung dorthin bringen.<br \/>\nWir haben aromatisches Kokosnuss\u00f6l mit inspirierenden tropischen \u00e4therischen \u00d6len angereichert: CPTG\u00ae Wild Orange, Zitrone, Limette, Grapefruit, Gr\u00fcne Mandarine, Bergamotte, Yuzu und Ylang Ylang f\u00fcr einen<br \/>\nverf\u00fchrerischen Geschmack und Geruch.<\/p>\n<p>Perfekt f\u00fcr Marinaden, Saucen, Smoothies oder Ihre tropischen Lieblingsgetr\u00e4nke.<\/p>\n","protected":false},"excerpt":{"rendered":"<ul>\n<li>Holen Sie sich den k\u00f6stlichen Geschmack, den Sie wollen, beginnend mit ein bis zwei<\/li>\n<li>Tropfen nach Geschmack<\/li>\n<li>\u00a0Ein paar Tropfen in Getr\u00e4nke und Smoothies f\u00fcr eine einzigartige<br \/>\ntropischen Twist<\/li>\n<li>\u00a0Kreieren Sie eine besondere Marinade oder Sauce<\/li>\n<li>\u00a0Verwendung in selbstgemachtem Salatdressing<\/li>\n<li>\u00a0F\u00fcr beste Ergebnisse nach dem Kochen zugeben<\/li>\n<\/ul>\n","protected":false},"featured_media":24923,"template":"","meta":{"site-sidebar-layout":"default","site-content-layout":"","ast-site-content-layout":"default","site-content-style":"default","site-sidebar-style":"default","ast-global-header-display":"","ast-banner-title-visibility":"","ast-main-header-display":"","ast-hfb-above-header-display":"","ast-hfb-below-header-display":"","ast-hfb-mobile-header-display":"","site-post-title":"","ast-breadcrumbs-content":"","ast-featured-img":"","footer-sml-layout":"","ast-disable-related-posts":"","theme-transparent-header-meta":"default","adv-header-id-meta":"","stick-header-meta":"","header-above-stick-meta":"","header-main-stick-meta":"","header-below-stick-meta":"","astra-migrate-meta-layouts":"set","ast-page-background-enabled":"default","ast-page-background-meta":{"desktop":{"background-color":"","background-image":"","background-repeat":"repeat","background-position":"center center","background-size":"auto","background-attachment":"scroll","background-type":"","background-media":"","overlay-type":"","overlay-color":"","overlay-opacity":"","overlay-gradient":""},"tablet":{"background-color":"","background-image":"","background-repeat":"repeat","background-position":"center center","background-size":"auto","background-attachment":"scroll","background-type":"","background-media":"","overlay-type":"","overlay-color":"","overlay-opacity":"","overlay-gradient":""},"mobile":{"background-color":"","background-image":"","background-repeat":"repeat","background-position":"center center","background-size":"auto","background-attachment":"scroll","background-type":"","background-media":"","overlay-type":"","overlay-color":"","overlay-opacity":"","overlay-gradient":""}},"ast-content-background-meta":{"desktop":{"background-color":"var(--ast-global-color-5)","background-image":"","background-repeat":"repeat","background-position":"center center","background-size":"auto","background-attachment":"scroll","background-type":"","background-media":"","overlay-type":"","overlay-color":"","overlay-opacity":"","overlay-gradient":""},"tablet":{"background-color":"var(--ast-global-color-5)","background-image":"","background-repeat":"repeat","background-position":"center center","background-size":"auto","background-attachment":"scroll","background-type":"","background-media":"","overlay-type":"","overlay-color":"","overlay-opacity":"","overlay-gradient":""},"mobile":{"background-color":"var(--ast-global-color-5)","background-image":"","background-repeat":"repeat","background-position":"center center","background-size":"auto","background-attachment":"scroll","background-type":"","background-media":"","overlay-type":"","overlay-color":"","overlay-opacity":"","overlay-gradient":""}}},"product_brand":[],"product_cat":[1944,1939],"product_tag":[],"class_list":{"0":"post-24929","1":"product","2":"type-product","3":"status-publish","4":"has-post-thumbnail","6":"product_cat-aetherische-oelmischungen","7":"product_cat-essentielle-oele","8":"desktop-align-left","9":"tablet-align-left","10":"mobile-align-left","12":"first","13":"instock","14":"taxable","15":"shipping-taxable","16":"purchasable","17":"product-type-simple"},"_links":{"self":[{"href":"https:\/\/mamaterra.lt\/de\/wp-json\/wp\/v2\/product\/24929","targetHints":{"allow":["GET"]}}],"collection":[{"href":"https:\/\/mamaterra.lt\/de\/wp-json\/wp\/v2\/product"}],"about":[{"href":"https:\/\/mamaterra.lt\/de\/wp-json\/wp\/v2\/types\/product"}],"wp:featuredmedia":[{"embeddable":true,"href":"https:\/\/mamaterra.lt\/de\/wp-json\/wp\/v2\/media\/24923"}],"wp:attachment":[{"href":"https:\/\/mamaterra.lt\/de\/wp-json\/wp\/v2\/media?parent=24929"}],"wp:term":[{"taxonomy":"product_brand","embeddable":true,"href":"https:\/\/mamaterra.lt\/de\/wp-json\/wp\/v2\/product_brand?post=24929"},{"taxonomy":"product_cat","embeddable":true,"href":"https:\/\/mamaterra.lt\/de\/wp-json\/wp\/v2\/product_cat?post=24929"},{"taxonomy":"product_tag","embeddable":true,"href":"https:\/\/mamaterra.lt\/de\/wp-json\/wp\/v2\/product_tag?post=24929"}],"curies":[{"name":"wp","href":"https:\/\/api.w.org\/{rel}","templated":true}]}}