{"id":24073,"date":"2024-11-30T16:29:56","date_gmt":"2024-11-30T15:29:56","guid":{"rendered":"https:\/\/mamaterra.lt\/parduotuve\/unkategorisiert\/doterra-gardenijos-ranku-kremas\/"},"modified":"2025-02-09T17:34:27","modified_gmt":"2025-02-09T16:34:27","slug":"doterra-gardenijos-ranku-kremas","status":"publish","type":"product","link":"https:\/\/mamaterra.lt\/de\/parduotuve\/hygiene-und-hautpflege\/doterra-sonne-de\/doterra-gardenijos-ranku-kremas\/","title":{"rendered":"doTERRA Gardenijos rank\u0173 kremas"},"content":{"rendered":"<h6>doTERRA Gardenijos rank\u0173 kremas<\/h6>\n<p>Mink\u0161tesn\u0117s rankos \u017eiemai<br \/>\nPagerinkite savo poj\u016b\u010dius ir sudr\u0117kinkite rankas su gardenij\u0173 rank\u0173 kremu. \u0160iame prabangiame kreme esantis gardenij\u0173 eterinis aliejus suteikia rankoms dr\u0117gm\u0117s ir \u0161velnumo, o u\u017eburiantis g\u0117li\u0173 aromatas nukelia \u012f kvapn\u0173 sod\u0105.<\/p>\n<p>\u012esigykite \u0161\u012f krem\u0105 kaip dovan\u0105 arba pasilikite sau!<\/p>\n<p>Gardenia atkuriamasis rank\u0173 kremas \u201eGardenia Restorative Hand Cream\u201c yra malonaus, raminan\u010dio aromato, neriebus, greitai \u012fsigeria ir u\u017etikrina raminant\u012f dr\u0117kinim\u0105.<br \/>\nDovanokite savo odai transformuojan\u010di\u0105 prabang\u0105 su atkuriamuoju rank\u0173 kremu \u201eGardenia Restorative Hand Cream\u201c, kurio sud\u0117tyje yra CPTG sertifikuoto grynojo testuoto Gardenia eterinio aliejaus ir gaivaus jazmin\u0173, sausmed\u017ei\u0173, osmant\u0173, laukini\u0173 apelsin\u0173 ir rozmarin\u0173 mi\u0161inio. Be to, Gardenia rank\u0173 kremas intensyviai maitina rankas ir suteikia joms \u0161velnumo bei elastingumo, o jo sud\u0117tyje esantis taukmed\u017eio sviestas ir saul\u0117gr\u0105\u017e\u0173 s\u0117kl\u0173 aliejus yra labai dr\u0117kinantys.<\/p>\n","protected":false},"excerpt":{"rendered":"<p>\u0160iame prabangiame kreme esantis gardenij\u0173 eterinis aliejus suteikia rankoms dr\u0117gm\u0117s ir \u0161velnumo, o u\u017eburiantis g\u0117li\u0173 aromatas nukelia \u012f kvapn\u0173 sod\u0105.<\/p>\n","protected":false},"featured_media":24067,"template":"","meta":{"site-sidebar-layout":"default","site-content-layout":"","ast-site-content-layout":"default","site-content-style":"default","site-sidebar-style":"default","ast-global-header-display":"","ast-banner-title-visibility":"","ast-main-header-display":"","ast-hfb-above-header-display":"","ast-hfb-below-header-display":"","ast-hfb-mobile-header-display":"","site-post-title":"","ast-breadcrumbs-content":"","ast-featured-img":"","footer-sml-layout":"","ast-disable-related-posts":"","theme-transparent-header-meta":"default","adv-header-id-meta":"","stick-header-meta":"","header-above-stick-meta":"","header-main-stick-meta":"","header-below-stick-meta":"","astra-migrate-meta-layouts":"set","ast-page-background-enabled":"default","ast-page-background-meta":{"desktop":{"background-color":"","background-image":"","background-repeat":"repeat","background-position":"center center","background-size":"auto","background-attachment":"scroll","background-type":"","background-media":"","overlay-type":"","overlay-color":"","overlay-opacity":"","overlay-gradient":""},"tablet":{"background-color":"","background-image":"","background-repeat":"repeat","background-position":"center center","background-size":"auto","background-attachment":"scroll","background-type":"","background-media":"","overlay-type":"","overlay-color":"","overlay-opacity":"","overlay-gradient":""},"mobile":{"background-color":"","background-image":"","background-repeat":"repeat","background-position":"center center","background-size":"auto","background-attachment":"scroll","background-type":"","background-media":"","overlay-type":"","overlay-color":"","overlay-opacity":"","overlay-gradient":""}},"ast-content-background-meta":{"desktop":{"background-color":"var(--ast-global-color-5)","background-image":"","background-repeat":"repeat","background-position":"center center","background-size":"auto","background-attachment":"scroll","background-type":"","background-media":"","overlay-type":"","overlay-color":"","overlay-opacity":"","overlay-gradient":""},"tablet":{"background-color":"var(--ast-global-color-5)","background-image":"","background-repeat":"repeat","background-position":"center center","background-size":"auto","background-attachment":"scroll","background-type":"","background-media":"","overlay-type":"","overlay-color":"","overlay-opacity":"","overlay-gradient":""},"mobile":{"background-color":"var(--ast-global-color-5)","background-image":"","background-repeat":"repeat","background-position":"center center","background-size":"auto","background-attachment":"scroll","background-type":"","background-media":"","overlay-type":"","overlay-color":"","overlay-opacity":"","overlay-gradient":""}}},"product_brand":[],"product_cat":[3582,3581,2009,1924,1929,1959],"product_tag":[],"class_list":{"0":"post-24073","1":"product","2":"type-product","3":"status-publish","4":"has-post-thumbnail","6":"product_cat-doterra-saules-linija-de","7":"product_cat-doterra-sonne-de","8":"product_cat-fuer-frauen","9":"product_cat-geschenke","10":"product_cat-geschenke-fuer-frauen","11":"product_cat-hygiene-und-hautpflege","12":"desktop-align-left","13":"tablet-align-left","14":"mobile-align-left","16":"first","17":"outofstock","18":"taxable","19":"shipping-taxable","20":"purchasable","21":"product-type-simple"},"_links":{"self":[{"href":"https:\/\/mamaterra.lt\/de\/wp-json\/wp\/v2\/product\/24073","targetHints":{"allow":["GET"]}}],"collection":[{"href":"https:\/\/mamaterra.lt\/de\/wp-json\/wp\/v2\/product"}],"about":[{"href":"https:\/\/mamaterra.lt\/de\/wp-json\/wp\/v2\/types\/product"}],"wp:featuredmedia":[{"embeddable":true,"href":"https:\/\/mamaterra.lt\/de\/wp-json\/wp\/v2\/media\/24067"}],"wp:attachment":[{"href":"https:\/\/mamaterra.lt\/de\/wp-json\/wp\/v2\/media?parent=24073"}],"wp:term":[{"taxonomy":"product_brand","embeddable":true,"href":"https:\/\/mamaterra.lt\/de\/wp-json\/wp\/v2\/product_brand?post=24073"},{"taxonomy":"product_cat","embeddable":true,"href":"https:\/\/mamaterra.lt\/de\/wp-json\/wp\/v2\/product_cat?post=24073"},{"taxonomy":"product_tag","embeddable":true,"href":"https:\/\/mamaterra.lt\/de\/wp-json\/wp\/v2\/product_tag?post=24073"}],"curies":[{"name":"wp","href":"https:\/\/api.w.org\/{rel}","templated":true}]}}