{"id":23981,"date":"2024-11-28T18:08:43","date_gmt":"2024-11-28T17:08:43","guid":{"rendered":"https:\/\/mamaterra.lt\/parduotuve\/unkategorisiert\/doterra-pb-restore\/"},"modified":"2024-11-28T18:25:26","modified_gmt":"2024-11-28T17:25:26","slug":"doterra-pb-restore","status":"publish","type":"product","link":"https:\/\/mamaterra.lt\/de\/parduotuve\/verdauung\/doterra-pb-restore\/","title":{"rendered":"DoTERRA PB Restore"},"content":{"rendered":"<h6>DoTERRA PB Restore<\/h6>\n<h6 class=\"spotlight__head-latin-title\">mit lebenden Bakterienkulturen und Fructooligosacchariden<\/h6>\n<p>PB Restore ist ein Nahrungserg\u00e4nzungsmittel, das Ihrem K\u00f6rper zugute kommen soll. Es ist in einer Zweikammerkapsel eingeschlossen und enth\u00e4lt 30 bioaktive pr\u00e4biotische, probiotische und postbiotische Komponenten. Jede Kapsel liefert zum Zeitpunkt der Einnahme starke 18 Milliarden lebende Zellen. Dank der fortschrittlichen Verkapselungstechnologie sch\u00fctzt die \u00e4u\u00dfere Kapsel das Pr\u00e4- und Postbiotikum, w\u00e4hrend die innere Kapsel, die nach und nach freigesetzt wird, 28 probiotische St\u00e4mme enth\u00e4lt. Dieses innovative doppelschichtige Kapselsystem sch\u00fctzt die bioaktiven Kulturen vor der rauen Umgebung des Magens und gew\u00e4hrleistet die optimale Bereitstellung ihrer aktiven Vorteile.<\/p>\n<p>Nehmen Sie 1 Kapsel t\u00e4glich, kurz vor einer Mahlzeit.<\/p>\n","protected":false},"excerpt":{"rendered":"<ul class=\"spotlight__list-custom custom-list\">\n<li>Bietet eine einzigartige Formulierung von 30 Pr\u00e4biotika, Probiotika und Postbiotika.<br \/>\nEnth\u00e4lt 28 verschiedene probiotische St\u00e4mme im Vergleich zu PB Assist+\u2122.<\/li>\n<li>Enth\u00e4lt das wichtige Pr\u00e4biotikum Fructooligosaccharid (FOS), ein nat\u00fcrlich vorkommendes Kohlenhydrat, das das Wachstum von n\u00fctzlichen Bakterien selektiv f\u00f6rdert.<\/li>\n<li>Enth\u00e4lt koloniebildende Einheiten (KBE) von Probiotika mit einer Vielfalt von 28 aktiven Kulturen, die sorgf\u00e4ltig aus 20 verschiedenen Arten ausgew\u00e4hlt wurden und eine au\u00dfergew\u00f6hnliche mikrobielle Vielfalt gew\u00e4hrleisten.<\/li>\n<li>Die einzigartige doppelschichtige Kapseltechnologie sch\u00fctzt die bioaktiven Kulturen vor der rauen Umgebung des Magens und sorgt so f\u00fcr ihre aktiven Vorteile.<\/li>\n<\/ul>\n","protected":false},"featured_media":23975,"template":"","meta":{"site-sidebar-layout":"default","site-content-layout":"","ast-site-content-layout":"default","site-content-style":"default","site-sidebar-style":"default","ast-global-header-display":"","ast-banner-title-visibility":"","ast-main-header-display":"","ast-hfb-above-header-display":"","ast-hfb-below-header-display":"","ast-hfb-mobile-header-display":"","site-post-title":"","ast-breadcrumbs-content":"","ast-featured-img":"","footer-sml-layout":"","ast-disable-related-posts":"","theme-transparent-header-meta":"default","adv-header-id-meta":"","stick-header-meta":"","header-above-stick-meta":"","header-main-stick-meta":"","header-below-stick-meta":"","astra-migrate-meta-layouts":"set","ast-page-background-enabled":"default","ast-page-background-meta":{"desktop":{"background-color":"","background-image":"","background-repeat":"repeat","background-position":"center center","background-size":"auto","background-attachment":"scroll","background-type":"","background-media":"","overlay-type":"","overlay-color":"","overlay-opacity":"","overlay-gradient":""},"tablet":{"background-color":"","background-image":"","background-repeat":"repeat","background-position":"center center","background-size":"auto","background-attachment":"scroll","background-type":"","background-media":"","overlay-type":"","overlay-color":"","overlay-opacity":"","overlay-gradient":""},"mobile":{"background-color":"","background-image":"","background-repeat":"repeat","background-position":"center center","background-size":"auto","background-attachment":"scroll","background-type":"","background-media":"","overlay-type":"","overlay-color":"","overlay-opacity":"","overlay-gradient":""}},"ast-content-background-meta":{"desktop":{"background-color":"var(--ast-global-color-5)","background-image":"","background-repeat":"repeat","background-position":"center center","background-size":"auto","background-attachment":"scroll","background-type":"","background-media":"","overlay-type":"","overlay-color":"","overlay-opacity":"","overlay-gradient":""},"tablet":{"background-color":"var(--ast-global-color-5)","background-image":"","background-repeat":"repeat","background-position":"center center","background-size":"auto","background-attachment":"scroll","background-type":"","background-media":"","overlay-type":"","overlay-color":"","overlay-opacity":"","overlay-gradient":""},"mobile":{"background-color":"var(--ast-global-color-5)","background-image":"","background-repeat":"repeat","background-position":"center center","background-size":"auto","background-attachment":"scroll","background-type":"","background-media":"","overlay-type":"","overlay-color":"","overlay-opacity":"","overlay-gradient":""}}},"product_brand":[],"product_cat":[2049],"product_tag":[],"class_list":{"0":"post-23981","1":"product","2":"type-product","3":"status-publish","4":"has-post-thumbnail","6":"product_cat-verdauung","7":"desktop-align-left","8":"tablet-align-left","9":"mobile-align-left","11":"first","12":"instock","13":"taxable","14":"shipping-taxable","15":"purchasable","16":"product-type-simple"},"_links":{"self":[{"href":"https:\/\/mamaterra.lt\/de\/wp-json\/wp\/v2\/product\/23981","targetHints":{"allow":["GET"]}}],"collection":[{"href":"https:\/\/mamaterra.lt\/de\/wp-json\/wp\/v2\/product"}],"about":[{"href":"https:\/\/mamaterra.lt\/de\/wp-json\/wp\/v2\/types\/product"}],"wp:featuredmedia":[{"embeddable":true,"href":"https:\/\/mamaterra.lt\/de\/wp-json\/wp\/v2\/media\/23975"}],"wp:attachment":[{"href":"https:\/\/mamaterra.lt\/de\/wp-json\/wp\/v2\/media?parent=23981"}],"wp:term":[{"taxonomy":"product_brand","embeddable":true,"href":"https:\/\/mamaterra.lt\/de\/wp-json\/wp\/v2\/product_brand?post=23981"},{"taxonomy":"product_cat","embeddable":true,"href":"https:\/\/mamaterra.lt\/de\/wp-json\/wp\/v2\/product_cat?post=23981"},{"taxonomy":"product_tag","embeddable":true,"href":"https:\/\/mamaterra.lt\/de\/wp-json\/wp\/v2\/product_tag?post=23981"}],"curies":[{"name":"wp","href":"https:\/\/api.w.org\/{rel}","templated":true}]}}