{"id":23863,"date":"2024-11-03T19:39:24","date_gmt":"2024-11-03T18:39:24","guid":{"rendered":"https:\/\/mamaterra.lt\/parduotuve\/unkategorisiert\/doterra-karsto-vandens-sildykle-ir-holiday-love-5-ml\/"},"modified":"2024-11-03T19:49:31","modified_gmt":"2024-11-03T18:49:31","slug":"doterra-waermflasche-holiday-love-5-ml","status":"publish","type":"product","link":"https:\/\/mamaterra.lt\/de\/parduotuve\/geschenke\/doterra-waermflasche-holiday-love-5-ml\/","title":{"rendered":"doTERRA W\u00e4rmflasche &#038; Holiday Love (5 ml)"},"content":{"rendered":"<h6 class=\"spotlight__head-title\">doTERRA W\u00e4rmflasche &amp; Holiday Love (5 ml)<\/h6>\n<p>&nbsp;<\/p>\n<p>Ein Duo, das die Essenz der gem\u00fctlichen W\u00e4rme der Weihnachtszeit verk\u00f6rpert.<\/p>\n<p>Holiday Love ist eine Mischung aus reinen \u00e4therischen \u00d6len und Absolues wie Zedernholz, Sibirische Tanne, Wildorange, Weihrauch und Boswellia, Peruanischer Balsam, Nootka, Labdanum, Zimt, Tonkabohne und Vanille.<\/p>\n<p>Der Gummi-Warmwasserbereiter mit einem ultraweichen Vlies\u00fcberzug f\u00fcr Komfort und Schutz wird das Herz und den Geist jedes Liebhabers \u00e4therischer \u00d6le erw\u00e4rmen. Die Kombination hat ein charmantes Aussehen und eine angenehme Haptik und wird in einer h\u00fcbschen Geschenkbox der Marke d\u014dTERRA pr\u00e4sentiert.<\/p>\n","protected":false},"excerpt":{"rendered":"<p>doTERRA W\u00e4rmflasche &amp; Holiday Love &#8211; Ein Duo, das die Essenz der gem\u00fctlichen W\u00e4rme der Weihnachtszeit verk\u00f6rpert.<\/p>\n","protected":false},"featured_media":23844,"template":"","meta":{"site-sidebar-layout":"default","site-content-layout":"","ast-site-content-layout":"default","site-content-style":"default","site-sidebar-style":"default","ast-global-header-display":"","ast-banner-title-visibility":"","ast-main-header-display":"","ast-hfb-above-header-display":"","ast-hfb-below-header-display":"","ast-hfb-mobile-header-display":"","site-post-title":"","ast-breadcrumbs-content":"","ast-featured-img":"","footer-sml-layout":"","ast-disable-related-posts":"","theme-transparent-header-meta":"default","adv-header-id-meta":"","stick-header-meta":"","header-above-stick-meta":"","header-main-stick-meta":"","header-below-stick-meta":"","astra-migrate-meta-layouts":"set","ast-page-background-enabled":"default","ast-page-background-meta":{"desktop":{"background-color":"","background-image":"","background-repeat":"repeat","background-position":"center center","background-size":"auto","background-attachment":"scroll","background-type":"","background-media":"","overlay-type":"","overlay-color":"","overlay-opacity":"","overlay-gradient":""},"tablet":{"background-color":"","background-image":"","background-repeat":"repeat","background-position":"center center","background-size":"auto","background-attachment":"scroll","background-type":"","background-media":"","overlay-type":"","overlay-color":"","overlay-opacity":"","overlay-gradient":""},"mobile":{"background-color":"","background-image":"","background-repeat":"repeat","background-position":"center center","background-size":"auto","background-attachment":"scroll","background-type":"","background-media":"","overlay-type":"","overlay-color":"","overlay-opacity":"","overlay-gradient":""}},"ast-content-background-meta":{"desktop":{"background-color":"var(--ast-global-color-5)","background-image":"","background-repeat":"repeat","background-position":"center center","background-size":"auto","background-attachment":"scroll","background-type":"","background-media":"","overlay-type":"","overlay-color":"","overlay-opacity":"","overlay-gradient":""},"tablet":{"background-color":"var(--ast-global-color-5)","background-image":"","background-repeat":"repeat","background-position":"center center","background-size":"auto","background-attachment":"scroll","background-type":"","background-media":"","overlay-type":"","overlay-color":"","overlay-opacity":"","overlay-gradient":""},"mobile":{"background-color":"var(--ast-global-color-5)","background-image":"","background-repeat":"repeat","background-position":"center center","background-size":"auto","background-attachment":"scroll","background-type":"","background-media":"","overlay-type":"","overlay-color":"","overlay-opacity":"","overlay-gradient":""}}},"product_brand":[],"product_cat":[1924],"product_tag":[],"class_list":{"0":"post-23863","1":"product","2":"type-product","3":"status-publish","4":"has-post-thumbnail","6":"product_cat-geschenke","7":"desktop-align-left","8":"tablet-align-left","9":"mobile-align-left","11":"first","12":"instock","13":"taxable","14":"shipping-taxable","15":"purchasable","16":"product-type-simple"},"_links":{"self":[{"href":"https:\/\/mamaterra.lt\/de\/wp-json\/wp\/v2\/product\/23863","targetHints":{"allow":["GET"]}}],"collection":[{"href":"https:\/\/mamaterra.lt\/de\/wp-json\/wp\/v2\/product"}],"about":[{"href":"https:\/\/mamaterra.lt\/de\/wp-json\/wp\/v2\/types\/product"}],"wp:featuredmedia":[{"embeddable":true,"href":"https:\/\/mamaterra.lt\/de\/wp-json\/wp\/v2\/media\/23844"}],"wp:attachment":[{"href":"https:\/\/mamaterra.lt\/de\/wp-json\/wp\/v2\/media?parent=23863"}],"wp:term":[{"taxonomy":"product_brand","embeddable":true,"href":"https:\/\/mamaterra.lt\/de\/wp-json\/wp\/v2\/product_brand?post=23863"},{"taxonomy":"product_cat","embeddable":true,"href":"https:\/\/mamaterra.lt\/de\/wp-json\/wp\/v2\/product_cat?post=23863"},{"taxonomy":"product_tag","embeddable":true,"href":"https:\/\/mamaterra.lt\/de\/wp-json\/wp\/v2\/product_tag?post=23863"}],"curies":[{"name":"wp","href":"https:\/\/api.w.org\/{rel}","templated":true}]}}