{"id":23471,"date":"2024-07-11T19:00:46","date_gmt":"2024-07-11T18:00:46","guid":{"rendered":"https:\/\/mamaterra.lt\/parduotuve\/maaratlemata\/pripildomas-ranku-prausiklio-dozatorius-stiklinis\/"},"modified":"2024-07-11T19:12:01","modified_gmt":"2024-07-11T18:12:01","slug":"nachfuellbarer-handwaschmittelspender-aus-glas","status":"publish","type":"product","link":"https:\/\/mamaterra.lt\/de\/parduotuve\/hygiene-und-hautpflege\/nachfuellbarer-handwaschmittelspender-aus-glas\/","title":{"rendered":"Nachf\u00fcllbarer Handwaschmittelspender aus Glas"},"content":{"rendered":"<p><strong>Nachf\u00fcllbarer Handwaschmittelspender aus Glas<\/strong><\/p>\n<p>Diese langlebige, wiederverwendbare Glasflasche wurde f\u00fcr den bewussten Verbraucher entwickelt und ist bequem und einfach mit Ihrem bevorzugten doTERRA Handwaschmittel zu bef\u00fcllen. Als ein Produkt unserer d\u014dTERRA ab\u014dde\u2122-Reihe konzentrieren wir uns darauf, so viel wie m\u00f6glich recycelbares Glas anstelle von Einwegplastik zu verwenden. Diese umweltfreundliche Wahl reduziert nicht nur den Plastikverbrauch im Haushalt, sondern verleiht dem Produkt und Ihrem Zuhause auch einen \u00e4sthetischen Reiz. Sie k\u00f6nnen sich darauf verlassen, dass doTERRA umweltbewusste L\u00f6sungen anbietet, die unsere gemeinsame Verantwortung f\u00fcr den Schutz unseres Planeten widerspiegeln, indem sie Wirksamkeit und Nachhaltigkeit bieten.<\/p>\n<p>Wundersch\u00f6nes Design und \u00e4sthetisch ansprechend.<br \/>\n\u00c4u\u00dferst haltbarer Braunglasspender mit geb\u00fcrsteter Metallpumpe.<br \/>\nFunktional und nachhaltig, leicht nachf\u00fcllbar.<br \/>\nZur Verwendung mit doTERRA Handwaschkonzentraten vorgesehen.<\/p>\n","protected":false},"excerpt":{"rendered":"<p>1. Gie\u00dfen Sie doTERRA Foaming Hand Wash Concentrate* in die Glasflasche, bis es die Konzentrat-F\u00fclllinie erreicht.<br \/>\n2. F\u00fcgen Sie gereinigtes Wasser hinzu, bis die Mischung die Wasserf\u00fclllinie erreicht.<br \/>\n3. Befestigen Sie die Pumpe sicher an der Flasche und sch\u00fctteln Sie sie vorsichtig.<br \/>\n4. Je nach Bedarf zum H\u00e4ndewaschen verwenden.<\/p>\n","protected":false},"featured_media":23462,"template":"","meta":{"site-sidebar-layout":"default","site-content-layout":"","ast-site-content-layout":"default","site-content-style":"default","site-sidebar-style":"default","ast-global-header-display":"","ast-banner-title-visibility":"","ast-main-header-display":"","ast-hfb-above-header-display":"","ast-hfb-below-header-display":"","ast-hfb-mobile-header-display":"","site-post-title":"","ast-breadcrumbs-content":"","ast-featured-img":"","footer-sml-layout":"","ast-disable-related-posts":"","theme-transparent-header-meta":"","adv-header-id-meta":"","stick-header-meta":"","header-above-stick-meta":"","header-main-stick-meta":"","header-below-stick-meta":"","astra-migrate-meta-layouts":"set","ast-page-background-enabled":"default","ast-page-background-meta":{"desktop":{"background-color":"","background-image":"","background-repeat":"repeat","background-position":"center center","background-size":"auto","background-attachment":"scroll","background-type":"","background-media":"","overlay-type":"","overlay-color":"","overlay-opacity":"","overlay-gradient":""},"tablet":{"background-color":"","background-image":"","background-repeat":"repeat","background-position":"center center","background-size":"auto","background-attachment":"scroll","background-type":"","background-media":"","overlay-type":"","overlay-color":"","overlay-opacity":"","overlay-gradient":""},"mobile":{"background-color":"","background-image":"","background-repeat":"repeat","background-position":"center center","background-size":"auto","background-attachment":"scroll","background-type":"","background-media":"","overlay-type":"","overlay-color":"","overlay-opacity":"","overlay-gradient":""}},"ast-content-background-meta":{"desktop":{"background-color":"var(--ast-global-color-5)","background-image":"","background-repeat":"repeat","background-position":"center center","background-size":"auto","background-attachment":"scroll","background-type":"","background-media":"","overlay-type":"","overlay-color":"","overlay-opacity":"","overlay-gradient":""},"tablet":{"background-color":"var(--ast-global-color-5)","background-image":"","background-repeat":"repeat","background-position":"center center","background-size":"auto","background-attachment":"scroll","background-type":"","background-media":"","overlay-type":"","overlay-color":"","overlay-opacity":"","overlay-gradient":""},"mobile":{"background-color":"var(--ast-global-color-5)","background-image":"","background-repeat":"repeat","background-position":"center center","background-size":"auto","background-attachment":"scroll","background-type":"","background-media":"","overlay-type":"","overlay-color":"","overlay-opacity":"","overlay-gradient":""}}},"product_brand":[],"product_cat":[1959,2029],"product_tag":[],"class_list":{"0":"post-23471","1":"product","2":"type-product","3":"status-publish","4":"has-post-thumbnail","6":"product_cat-hygiene-und-hautpflege","7":"product_cat-produkte-aus-der-provence","8":"desktop-align-left","9":"tablet-align-left","10":"mobile-align-left","12":"first","13":"instock","14":"taxable","15":"shipping-taxable","16":"product-type-simple"},"_links":{"self":[{"href":"https:\/\/mamaterra.lt\/de\/wp-json\/wp\/v2\/product\/23471","targetHints":{"allow":["GET"]}}],"collection":[{"href":"https:\/\/mamaterra.lt\/de\/wp-json\/wp\/v2\/product"}],"about":[{"href":"https:\/\/mamaterra.lt\/de\/wp-json\/wp\/v2\/types\/product"}],"wp:featuredmedia":[{"embeddable":true,"href":"https:\/\/mamaterra.lt\/de\/wp-json\/wp\/v2\/media\/23462"}],"wp:attachment":[{"href":"https:\/\/mamaterra.lt\/de\/wp-json\/wp\/v2\/media?parent=23471"}],"wp:term":[{"taxonomy":"product_brand","embeddable":true,"href":"https:\/\/mamaterra.lt\/de\/wp-json\/wp\/v2\/product_brand?post=23471"},{"taxonomy":"product_cat","embeddable":true,"href":"https:\/\/mamaterra.lt\/de\/wp-json\/wp\/v2\/product_cat?post=23471"},{"taxonomy":"product_tag","embeddable":true,"href":"https:\/\/mamaterra.lt\/de\/wp-json\/wp\/v2\/product_tag?post=23471"}],"curies":[{"name":"wp","href":"https:\/\/api.w.org\/{rel}","templated":true}]}}