{"id":23447,"date":"2024-07-11T18:29:26","date_gmt":"2024-07-11T17:29:26","guid":{"rendered":"https:\/\/mamaterra.lt\/parduotuve\/maaratlemata\/doterra-costa-brio-ir-automobilinis-difuzorius\/"},"modified":"2025-05-11T11:52:57","modified_gmt":"2025-05-11T10:52:57","slug":"doterra-costa-brio-und-auto-diffusor","status":"publish","type":"product","link":"https:\/\/mamaterra.lt\/de\/parduotuve\/essentielle-oele\/aetherische-oelmischungen\/doterra-costa-brio-und-auto-diffusor\/","title":{"rendered":"doTERRA Costa Brio und Auto-Diffusor"},"content":{"rendered":"<p><strong>doTERRA Costa Brio und Auto-Diffusor<\/strong><\/p>\n<p>Costa Brio Enlivening Blend f\u00e4ngt den lebendigen Charme S\u00fcdamerikas ein und ist s\u00fc\u00df, erdig, zitrusartig, harzig, holzig und blumig. Jeder Raum wird zu einem ruhigen R\u00fcckzugsort mit vielen Verwendungsm\u00f6glichkeiten und Vorteilen, die man nutzen kann. Kombiniert mit dem Car Clip Diffuser. Genie\u00dfen Sie die Reise unterwegs, egal wohin die Stra\u00dfe Sie f\u00fchrt.<\/p>\n<p>Lassen Sie sich von der hypnotisierenden Essenz von doTERRA Costa Brio in die farbenfrohen Landschaften S\u00fcdamerikas entf\u00fchren, wo jeder Tropfen die Lebendigkeit seiner Magie einf\u00e4ngt. Das Aroma von Costa Brio Enlivening Blend ist eine Sinfonie aus s\u00fc\u00dfen, erdigen, zitrusartigen, harzigen, holzigen und blumigen Noten. Diese harmonische Verschmelzung \u00e4therischer \u00d6le enth\u00e4lt Zedernholz, Magnolie, Breu Branco, Bergamotte-Minze, S\u00fc\u00dfer Fenchel, Zitrone und Balsam Peru. Wilde Orange, Rosa Pfeffer, Copaiba, Petitgrain, Guajakholz und Tonkabohne werden \u00fcber Co-Impact Sourcing\u2122-Initiativen aus S\u00fcdamerika bezogen, um eine Mischung zu gew\u00e4hrleisten, die eine Vielzahl von Vorteilen bietet und auch die Gemeinschaften st\u00e4rkt.<\/p>\n<p>Er kann auch ein einzigartiger pers\u00f6nlicher Duft sein. Als maskuliner Duft konzipiert, ist er auch f\u00fcr Frauen sehr ansprechend.<\/p>\n","protected":false},"excerpt":{"rendered":"<ul>\n<li>\u00a0Costa Brio &#8211; Eine erfrischende Mischung aus grasigem Holz und Rauch.<\/li>\n<li>\u00dcberzeugend, beruhigend und erdend.<\/li>\n<li>Perfekt f\u00fcr die Meditation und f\u00fcr den t\u00e4glichen Gebrauch als Inspirationszauber.<\/li>\n<\/ul>\n","protected":false},"featured_media":23729,"template":"","meta":{"site-sidebar-layout":"default","site-content-layout":"","ast-site-content-layout":"default","site-content-style":"default","site-sidebar-style":"default","ast-global-header-display":"","ast-banner-title-visibility":"","ast-main-header-display":"","ast-hfb-above-header-display":"","ast-hfb-below-header-display":"","ast-hfb-mobile-header-display":"","site-post-title":"","ast-breadcrumbs-content":"","ast-featured-img":"","footer-sml-layout":"","ast-disable-related-posts":"","theme-transparent-header-meta":"","adv-header-id-meta":"","stick-header-meta":"","header-above-stick-meta":"","header-main-stick-meta":"","header-below-stick-meta":"","astra-migrate-meta-layouts":"set","ast-page-background-enabled":"default","ast-page-background-meta":{"desktop":{"background-color":"","background-image":"","background-repeat":"repeat","background-position":"center center","background-size":"auto","background-attachment":"scroll","background-type":"","background-media":"","overlay-type":"","overlay-color":"","overlay-opacity":"","overlay-gradient":""},"tablet":{"background-color":"","background-image":"","background-repeat":"repeat","background-position":"center center","background-size":"auto","background-attachment":"scroll","background-type":"","background-media":"","overlay-type":"","overlay-color":"","overlay-opacity":"","overlay-gradient":""},"mobile":{"background-color":"","background-image":"","background-repeat":"repeat","background-position":"center center","background-size":"auto","background-attachment":"scroll","background-type":"","background-media":"","overlay-type":"","overlay-color":"","overlay-opacity":"","overlay-gradient":""}},"ast-content-background-meta":{"desktop":{"background-color":"var(--ast-global-color-5)","background-image":"","background-repeat":"repeat","background-position":"center center","background-size":"auto","background-attachment":"scroll","background-type":"","background-media":"","overlay-type":"","overlay-color":"","overlay-opacity":"","overlay-gradient":""},"tablet":{"background-color":"var(--ast-global-color-5)","background-image":"","background-repeat":"repeat","background-position":"center center","background-size":"auto","background-attachment":"scroll","background-type":"","background-media":"","overlay-type":"","overlay-color":"","overlay-opacity":"","overlay-gradient":""},"mobile":{"background-color":"var(--ast-global-color-5)","background-image":"","background-repeat":"repeat","background-position":"center center","background-size":"auto","background-attachment":"scroll","background-type":"","background-media":"","overlay-type":"","overlay-color":"","overlay-opacity":"","overlay-gradient":""}}},"product_brand":[],"product_cat":[1944,1919,1934],"product_tag":[],"class_list":{"0":"post-23447","1":"product","2":"type-product","3":"status-publish","4":"has-post-thumbnail","6":"product_cat-aetherische-oelmischungen","7":"product_cat-diffusoren","8":"product_cat-geschenke-fur-manner","9":"desktop-align-left","10":"tablet-align-left","11":"mobile-align-left","13":"first","14":"instock","15":"taxable","16":"shipping-taxable","17":"product-type-simple"},"_links":{"self":[{"href":"https:\/\/mamaterra.lt\/de\/wp-json\/wp\/v2\/product\/23447","targetHints":{"allow":["GET"]}}],"collection":[{"href":"https:\/\/mamaterra.lt\/de\/wp-json\/wp\/v2\/product"}],"about":[{"href":"https:\/\/mamaterra.lt\/de\/wp-json\/wp\/v2\/types\/product"}],"wp:featuredmedia":[{"embeddable":true,"href":"https:\/\/mamaterra.lt\/de\/wp-json\/wp\/v2\/media\/23729"}],"wp:attachment":[{"href":"https:\/\/mamaterra.lt\/de\/wp-json\/wp\/v2\/media?parent=23447"}],"wp:term":[{"taxonomy":"product_brand","embeddable":true,"href":"https:\/\/mamaterra.lt\/de\/wp-json\/wp\/v2\/product_brand?post=23447"},{"taxonomy":"product_cat","embeddable":true,"href":"https:\/\/mamaterra.lt\/de\/wp-json\/wp\/v2\/product_cat?post=23447"},{"taxonomy":"product_tag","embeddable":true,"href":"https:\/\/mamaterra.lt\/de\/wp-json\/wp\/v2\/product_tag?post=23447"}],"curies":[{"name":"wp","href":"https:\/\/api.w.org\/{rel}","templated":true}]}}