{"id":23314,"date":"2024-06-01T14:05:21","date_gmt":"2024-06-01T13:05:21","guid":{"rendered":"https:\/\/mamaterra.lt\/parduotuve\/maaratlemata\/doterra-moringa-rose-moringu-ir-roziu-misinys\/"},"modified":"2025-11-16T17:41:01","modified_gmt":"2025-11-16T16:41:01","slug":"doterra-moringa-rose","status":"publish","type":"product","link":"https:\/\/mamaterra.lt\/de\/parduotuve\/essentielle-oele\/doterra-moringa-rose\/","title":{"rendered":"d\u014dTERRA Moringa Rose"},"content":{"rendered":"<h3 class=\"spotlight__head-title\">d\u014dTERRA Moringa Rose 100ml<\/h3>\n<h6 class=\"spotlight__head-latin-title\">Pflegende Mischung<\/h6>\n<p>&nbsp;<\/p>\n<p>Verw\u00f6hnen Sie Ihre Haut mit den unglaublichen Eigenschaften von Moringa- und Rosen\u00f6l. Dieses luxuri\u00f6se Gesichts\u00f6l ist intensiv feuchtigkeitsspendend und wunderbar n\u00e4hrend. Es duftet frisch und blumig nach \u00e4therischem Rosen\u00f6l und leicht s\u00fc\u00dflich nach Moringa (Moringa). Das leichte \u00d6l ist sanft und zieht schnell in die Haut ein, so dass sie weich, strahlend und gl\u00e4nzend wird. Das n\u00e4hrende Moringa (Moringa)-\u00d6l in Kombination mit dem \u00e4therischen \u00d6l der doTERRA Rose (Rose) kann dazu beitragen, einen gesund aussehenden und ebenm\u00e4\u00dfigen Teint zu erhalten. Die hochwirksame Mischung aus Moringa-Rosen-\u00d6len verleiht Ihnen jeden Tag eine strahlende und leuchtende Haut.<\/p>\n<p>Moringa (Moringa) \u00d6l wird aus dem Moringa-Baum gewonnen, dessen Samen reich an \u00d6ls\u00e4ure und anderen Fetts\u00e4uren sind<\/p>\n","protected":false},"excerpt":{"rendered":"<ul class=\"spotlight__list-custom custom-list\">\n<li>Das Produkt basiert auf Moringa-\u00d6l, das von den Griechen, R\u00f6mern und \u00c4gyptern aufgrund seiner weichmachenden Eigenschaften f\u00fcr Kosmetika und Parf\u00fcmerie verwendet wurde.<\/li>\n<li>Ein reichhaltiges, feuchtigkeitsspendendes und luxuri\u00f6ses Gesichts\u00f6l mit dem \u00e4therischen \u00d6l der doTERRA Rose.<\/li>\n<li>Es beruhigt die Haut und hilft, sie weich und geschmeidig zu halten.<\/li>\n<li>Es hat einen leichten, leicht s\u00fc\u00dflichen Blumenduft.<\/li>\n<\/ul>\n","protected":false},"featured_media":23334,"template":"","meta":{"site-sidebar-layout":"default","site-content-layout":"","ast-site-content-layout":"default","site-content-style":"default","site-sidebar-style":"default","ast-global-header-display":"","ast-banner-title-visibility":"","ast-main-header-display":"","ast-hfb-above-header-display":"","ast-hfb-below-header-display":"","ast-hfb-mobile-header-display":"","site-post-title":"","ast-breadcrumbs-content":"","ast-featured-img":"","footer-sml-layout":"","ast-disable-related-posts":"","theme-transparent-header-meta":"","adv-header-id-meta":"","stick-header-meta":"","header-above-stick-meta":"","header-main-stick-meta":"","header-below-stick-meta":"","astra-migrate-meta-layouts":"set","ast-page-background-enabled":"default","ast-page-background-meta":{"desktop":{"background-color":"","background-image":"","background-repeat":"repeat","background-position":"center center","background-size":"auto","background-attachment":"scroll","background-type":"","background-media":"","overlay-type":"","overlay-color":"","overlay-opacity":"","overlay-gradient":""},"tablet":{"background-color":"","background-image":"","background-repeat":"repeat","background-position":"center center","background-size":"auto","background-attachment":"scroll","background-type":"","background-media":"","overlay-type":"","overlay-color":"","overlay-opacity":"","overlay-gradient":""},"mobile":{"background-color":"","background-image":"","background-repeat":"repeat","background-position":"center center","background-size":"auto","background-attachment":"scroll","background-type":"","background-media":"","overlay-type":"","overlay-color":"","overlay-opacity":"","overlay-gradient":""}},"ast-content-background-meta":{"desktop":{"background-color":"var(--ast-global-color-5)","background-image":"","background-repeat":"repeat","background-position":"center center","background-size":"auto","background-attachment":"scroll","background-type":"","background-media":"","overlay-type":"","overlay-color":"","overlay-opacity":"","overlay-gradient":""},"tablet":{"background-color":"var(--ast-global-color-5)","background-image":"","background-repeat":"repeat","background-position":"center center","background-size":"auto","background-attachment":"scroll","background-type":"","background-media":"","overlay-type":"","overlay-color":"","overlay-opacity":"","overlay-gradient":""},"mobile":{"background-color":"var(--ast-global-color-5)","background-image":"","background-repeat":"repeat","background-position":"center center","background-size":"auto","background-attachment":"scroll","background-type":"","background-media":"","overlay-type":"","overlay-color":"","overlay-opacity":"","overlay-gradient":""}}},"product_brand":[],"product_cat":[1939],"product_tag":[],"class_list":{"0":"post-23314","1":"product","2":"type-product","3":"status-publish","4":"has-post-thumbnail","6":"product_cat-essentielle-oele","7":"desktop-align-left","8":"tablet-align-left","9":"mobile-align-left","11":"first","12":"instock","13":"taxable","14":"shipping-taxable","15":"product-type-simple"},"_links":{"self":[{"href":"https:\/\/mamaterra.lt\/de\/wp-json\/wp\/v2\/product\/23314","targetHints":{"allow":["GET"]}}],"collection":[{"href":"https:\/\/mamaterra.lt\/de\/wp-json\/wp\/v2\/product"}],"about":[{"href":"https:\/\/mamaterra.lt\/de\/wp-json\/wp\/v2\/types\/product"}],"wp:featuredmedia":[{"embeddable":true,"href":"https:\/\/mamaterra.lt\/de\/wp-json\/wp\/v2\/media\/23334"}],"wp:attachment":[{"href":"https:\/\/mamaterra.lt\/de\/wp-json\/wp\/v2\/media?parent=23314"}],"wp:term":[{"taxonomy":"product_brand","embeddable":true,"href":"https:\/\/mamaterra.lt\/de\/wp-json\/wp\/v2\/product_brand?post=23314"},{"taxonomy":"product_cat","embeddable":true,"href":"https:\/\/mamaterra.lt\/de\/wp-json\/wp\/v2\/product_cat?post=23314"},{"taxonomy":"product_tag","embeddable":true,"href":"https:\/\/mamaterra.lt\/de\/wp-json\/wp\/v2\/product_tag?post=23314"}],"curies":[{"name":"wp","href":"https:\/\/api.w.org\/{rel}","templated":true}]}}