{"id":23297,"date":"2022-12-01T12:56:13","date_gmt":"2022-12-01T11:56:13","guid":{"rendered":"https:\/\/mamaterra.lt\/parduotuve\/non%20class\u00e9\/doterra-roziu-hidrolato-purskiklis-100ml-rose-hydrosol-mist\/"},"modified":"2025-08-08T19:51:53","modified_gmt":"2025-08-08T18:51:53","slug":"doterra-rosen-hydrosol-nebel","status":"publish","type":"product","link":"https:\/\/mamaterra.lt\/de\/parduotuve\/geschenke\/geschenke-fuer-frauen\/doterra-rosen-hydrosol-nebel\/","title":{"rendered":"doTERRA  ROSEN HYDROSOL NEBEL"},"content":{"rendered":"<p><b>doTERRA doTERRA ROSEN HYDROSOL NEBEL<\/b><\/p>\n<p>100 ml<\/p>\n<p>&nbsp;<\/p>\n<p><b>Der wunderbare Duft von doTERRA Rose Hydrosol Mist (Rose Hydrosol Spray) aus Europa)<\/b> yist ein wirklich extravagantes, zeitlich begrenztes Angebot, das Sie sich nicht entgehen lassen sollten. Mitglieder unserer Familie in Europa k\u00f6nnen zu den ersten Mitgliedern der doTERRA-Gemeinschaft geh\u00f6ren, die von den beeindruckenden Vorteilen profitieren!<\/p>\n<div><\/div>\n<div>\n<p>Dieses leichte, schnell trocknende Spray reinigt, spendet Feuchtigkeit und strafft &#8211; und bringt Ihre Hautpflege-Routine auf die n\u00e4chste Stufe. Verpackt in einer wundersch\u00f6nen Milchglasflasche und vollgepackt mit den vielen Vorteilen unseres beliebten \u00e4therischen Rosen\u00f6ls, ist doTERRA Rose Hydrosol Mist 100 ml pures Gl\u00fcck.<\/p>\n<p>Dieses wunderbare Produkt verk\u00f6rpert die Essenz des Verw\u00f6hnens. Oder es k\u00f6nnte das beste Geschenk sein, das Sie dieses Jahr machen!<\/p>\n<\/div>\n<p>&nbsp;<\/p>\n<p>&nbsp;<\/p>\n","protected":false},"excerpt":{"rendered":"<ul class=\"spotlight__list-custom custom-list\">\n<li>Ein herrlich duftendes Spray, das die Haut erfrischt und die Stimmung den ganzen Tag \u00fcber aufhellt.<\/li>\n<li>Mit Rosa Damascena-Bl\u00fctenwasser formuliert, besitzt es den vertrauten blumigen Duft von Rosen.<\/li>\n<li>Eine luxuri\u00f6se Erg\u00e4nzung zu Ihrer t\u00e4glichen Hautpflege-Routine.<\/li>\n<\/ul>\n","protected":false},"featured_media":23298,"template":"","meta":{"site-sidebar-layout":"default","site-content-layout":"default","ast-site-content-layout":"default","site-content-style":"default","site-sidebar-style":"default","ast-global-header-display":"","ast-banner-title-visibility":"","ast-main-header-display":"","ast-hfb-above-header-display":"","ast-hfb-below-header-display":"","ast-hfb-mobile-header-display":"","site-post-title":"","ast-breadcrumbs-content":"","ast-featured-img":"","footer-sml-layout":"","ast-disable-related-posts":"","theme-transparent-header-meta":"default","adv-header-id-meta":"","stick-header-meta":"","header-above-stick-meta":"","header-main-stick-meta":"","header-below-stick-meta":"","astra-migrate-meta-layouts":"set","ast-page-background-enabled":"default","ast-page-background-meta":{"desktop":{"background-color":"","background-image":"","background-repeat":"repeat","background-position":"center center","background-size":"auto","background-attachment":"scroll","background-type":"","background-media":"","overlay-type":"","overlay-color":"","overlay-opacity":"","overlay-gradient":""},"tablet":{"background-color":"","background-image":"","background-repeat":"repeat","background-position":"center center","background-size":"auto","background-attachment":"scroll","background-type":"","background-media":"","overlay-type":"","overlay-color":"","overlay-opacity":"","overlay-gradient":""},"mobile":{"background-color":"","background-image":"","background-repeat":"repeat","background-position":"center center","background-size":"auto","background-attachment":"scroll","background-type":"","background-media":"","overlay-type":"","overlay-color":"","overlay-opacity":"","overlay-gradient":""}},"ast-content-background-meta":{"desktop":{"background-color":"var(--ast-global-color-5)","background-image":"","background-repeat":"repeat","background-position":"center center","background-size":"auto","background-attachment":"scroll","background-type":"","background-media":"","overlay-type":"","overlay-color":"","overlay-opacity":"","overlay-gradient":""},"tablet":{"background-color":"var(--ast-global-color-5)","background-image":"","background-repeat":"repeat","background-position":"center center","background-size":"auto","background-attachment":"scroll","background-type":"","background-media":"","overlay-type":"","overlay-color":"","overlay-opacity":"","overlay-gradient":""},"mobile":{"background-color":"var(--ast-global-color-5)","background-image":"","background-repeat":"repeat","background-position":"center center","background-size":"auto","background-attachment":"scroll","background-type":"","background-media":"","overlay-type":"","overlay-color":"","overlay-opacity":"","overlay-gradient":""}}},"product_brand":[],"product_cat":[2009,1924,1929,1959],"product_tag":[],"class_list":{"0":"post-23297","1":"product","2":"type-product","3":"status-publish","4":"has-post-thumbnail","6":"product_cat-fuer-frauen","7":"product_cat-geschenke","8":"product_cat-geschenke-fuer-frauen","9":"product_cat-hygiene-und-hautpflege","10":"desktop-align-left","11":"tablet-align-left","12":"mobile-align-left","14":"first","15":"instock","16":"taxable","17":"shipping-taxable","18":"purchasable","19":"product-type-simple"},"_links":{"self":[{"href":"https:\/\/mamaterra.lt\/de\/wp-json\/wp\/v2\/product\/23297","targetHints":{"allow":["GET"]}}],"collection":[{"href":"https:\/\/mamaterra.lt\/de\/wp-json\/wp\/v2\/product"}],"about":[{"href":"https:\/\/mamaterra.lt\/de\/wp-json\/wp\/v2\/types\/product"}],"wp:featuredmedia":[{"embeddable":true,"href":"https:\/\/mamaterra.lt\/de\/wp-json\/wp\/v2\/media\/23298"}],"wp:attachment":[{"href":"https:\/\/mamaterra.lt\/de\/wp-json\/wp\/v2\/media?parent=23297"}],"wp:term":[{"taxonomy":"product_brand","embeddable":true,"href":"https:\/\/mamaterra.lt\/de\/wp-json\/wp\/v2\/product_brand?post=23297"},{"taxonomy":"product_cat","embeddable":true,"href":"https:\/\/mamaterra.lt\/de\/wp-json\/wp\/v2\/product_cat?post=23297"},{"taxonomy":"product_tag","embeddable":true,"href":"https:\/\/mamaterra.lt\/de\/wp-json\/wp\/v2\/product_tag?post=23297"}],"curies":[{"name":"wp","href":"https:\/\/api.w.org\/{rel}","templated":true}]}}