{"id":23048,"date":"2022-09-06T14:52:52","date_gmt":"2022-09-06T13:52:52","guid":{"rendered":"https:\/\/mamaterra.lt\/parduotuve\/niet-gecategoriseerd\/doterra-frakcionuotas-kokosu-aliejus-115ml\/"},"modified":"2024-04-04T18:38:45","modified_gmt":"2024-04-04T17:38:45","slug":"doterra-fraktioniertes-kokosnussoel-115ml","status":"publish","type":"product","link":"https:\/\/mamaterra.lt\/de\/parduotuve\/hygiene-und-hautpflege\/doterra-fraktioniertes-kokosnussoel-115ml\/","title":{"rendered":"doTERRA Fraktioniertes Kokosnuss\u00f6l 115ml"},"content":{"rendered":"<p><strong>doTERRA Fraktioniertes Kokosnuss\u00f6l<\/strong><\/p>\n<p>115 ml<\/p>\n<p>&#8222;Das von doTERRA empfohlene nat\u00fcrliche Basis\u00f6l, fraktioniertes Kokosnuss\u00f6l, ist ein leichtes Weichmacher\u00f6l, das trockene Haut weich macht und ihr Feuchtigkeit spendet, w\u00e4hrend sich die \u00e4therischen \u00d6le besser verteilen.<\/p>\n<ul>\n<li>Im Gegensatz zu anderen pflanzlichen \u00d6len verleiht fraktioniertes Kokosnuss\u00f6l der Haut ein seidig weiches und geschmeidiges Gef\u00fchl, ohne sie fettig zu machen.<\/li>\n<li>Fraktioniertes Kokosnuss\u00f6l zieht leicht in die Haut ein und l\u00e4sst sich mit allen \u00e4therischen \u00d6len mischen.<\/li>\n<li>Da fraktioniertes Kokosnuss\u00f6l farb- und geruchlos ist, eignet es sich ideal zum Mischen mit \u00e4therischen \u00d6len, da es deren urspr\u00fcnglichen Duft und wohltuende Eigenschaften bewahrt und beibeh\u00e4lt.<\/li>\n<li>Dieses \u00d6l ist ideal f\u00fcr trockene oder problematische Haut, da es eine beruhigende topische Barriere bildet, ohne die Poren zu verstopfen.<\/li>\n<li>Fraktioniertes Kokosnuss\u00f6l sollte zusammen mit einem starken \u00e4therischen \u00d6l verwendet werden, um die Empfindlichkeit der Haut zu verringern.<\/li>\n<\/ul>\n","protected":false},"excerpt":{"rendered":"<ul>\n<li>Im Gegensatz zu anderen pflanzlichen \u00d6len verleiht fraktioniertes Kokosnuss\u00f6l der Haut ein seidig weiches und geschmeidiges Gef\u00fchl, ohne sie fettig zu machen.<\/li>\n<li>Fraktioniertes Kokosnuss\u00f6l zieht leicht in die Haut ein und l\u00e4sst sich mit allen \u00e4therischen \u00d6len mischen.<\/li>\n<li>Da fraktioniertes Kokosnuss\u00f6l farb- und geruchlos ist, eignet es sich ideal zum Mischen mit \u00e4therischen \u00d6len, da es deren urspr\u00fcnglichen Duft und wohltuende Eigenschaften bewahrt und beibeh\u00e4lt.<\/li>\n<li>Dieses \u00d6l ist ideal f\u00fcr trockene oder problematische Haut, da es eine beruhigende topische Barriere bildet, ohne die Poren zu verstopfen.<\/li>\n<li>Fraktioniertes Kokosnuss\u00f6l sollte zusammen mit einem starken \u00e4therischen \u00d6l verwendet werden, um die Empfindlichkeit der Haut zu verringern.<\/li>\n<li><\/li>\n<\/ul>\n","protected":false},"featured_media":23049,"template":"","meta":{"site-sidebar-layout":"default","site-content-layout":"default","ast-site-content-layout":"default","site-content-style":"default","site-sidebar-style":"default","ast-global-header-display":"","ast-banner-title-visibility":"","ast-main-header-display":"","ast-hfb-above-header-display":"","ast-hfb-below-header-display":"","ast-hfb-mobile-header-display":"","site-post-title":"","ast-breadcrumbs-content":"","ast-featured-img":"","footer-sml-layout":"","ast-disable-related-posts":"","theme-transparent-header-meta":"default","adv-header-id-meta":"","stick-header-meta":"","header-above-stick-meta":"","header-main-stick-meta":"","header-below-stick-meta":"","astra-migrate-meta-layouts":"set","ast-page-background-enabled":"default","ast-page-background-meta":{"desktop":{"background-color":"","background-image":"","background-repeat":"repeat","background-position":"center center","background-size":"auto","background-attachment":"scroll","background-type":"","background-media":"","overlay-type":"","overlay-color":"","overlay-opacity":"","overlay-gradient":""},"tablet":{"background-color":"","background-image":"","background-repeat":"repeat","background-position":"center center","background-size":"auto","background-attachment":"scroll","background-type":"","background-media":"","overlay-type":"","overlay-color":"","overlay-opacity":"","overlay-gradient":""},"mobile":{"background-color":"","background-image":"","background-repeat":"repeat","background-position":"center center","background-size":"auto","background-attachment":"scroll","background-type":"","background-media":"","overlay-type":"","overlay-color":"","overlay-opacity":"","overlay-gradient":""}},"ast-content-background-meta":{"desktop":{"background-color":"var(--ast-global-color-5)","background-image":"","background-repeat":"repeat","background-position":"center center","background-size":"auto","background-attachment":"scroll","background-type":"","background-media":"","overlay-type":"","overlay-color":"","overlay-opacity":"","overlay-gradient":""},"tablet":{"background-color":"var(--ast-global-color-5)","background-image":"","background-repeat":"repeat","background-position":"center center","background-size":"auto","background-attachment":"scroll","background-type":"","background-media":"","overlay-type":"","overlay-color":"","overlay-opacity":"","overlay-gradient":""},"mobile":{"background-color":"var(--ast-global-color-5)","background-image":"","background-repeat":"repeat","background-position":"center center","background-size":"auto","background-attachment":"scroll","background-type":"","background-media":"","overlay-type":"","overlay-color":"","overlay-opacity":"","overlay-gradient":""}}},"product_brand":[],"product_cat":[1959,1999,2029],"product_tag":[2196,3231],"class_list":{"0":"post-23048","1":"product","2":"type-product","3":"status-publish","4":"has-post-thumbnail","6":"product_cat-hygiene-und-hautpflege","7":"product_cat-massage-de","8":"product_cat-produkte-aus-der-provence","9":"product_tag-115ml-de","10":"product_tag-essentielle-oele","11":"desktop-align-left","12":"tablet-align-left","13":"mobile-align-left","15":"first","16":"instock","17":"taxable","18":"shipping-taxable","19":"purchasable","20":"product-type-simple"},"_links":{"self":[{"href":"https:\/\/mamaterra.lt\/de\/wp-json\/wp\/v2\/product\/23048","targetHints":{"allow":["GET"]}}],"collection":[{"href":"https:\/\/mamaterra.lt\/de\/wp-json\/wp\/v2\/product"}],"about":[{"href":"https:\/\/mamaterra.lt\/de\/wp-json\/wp\/v2\/types\/product"}],"wp:featuredmedia":[{"embeddable":true,"href":"https:\/\/mamaterra.lt\/de\/wp-json\/wp\/v2\/media\/23049"}],"wp:attachment":[{"href":"https:\/\/mamaterra.lt\/de\/wp-json\/wp\/v2\/media?parent=23048"}],"wp:term":[{"taxonomy":"product_brand","embeddable":true,"href":"https:\/\/mamaterra.lt\/de\/wp-json\/wp\/v2\/product_brand?post=23048"},{"taxonomy":"product_cat","embeddable":true,"href":"https:\/\/mamaterra.lt\/de\/wp-json\/wp\/v2\/product_cat?post=23048"},{"taxonomy":"product_tag","embeddable":true,"href":"https:\/\/mamaterra.lt\/de\/wp-json\/wp\/v2\/product_tag?post=23048"}],"curies":[{"name":"wp","href":"https:\/\/api.w.org\/{rel}","templated":true}]}}