{"id":23031,"date":"2021-04-18T17:05:51","date_gmt":"2021-04-18T16:05:51","guid":{"rendered":"https:\/\/mamaterra.lt\/parduotuve\/niet-gecategoriseerd\/doterra-aromatouch-eteriniu-alieju-misinys-masazui-15ml\/"},"modified":"2024-04-04T18:20:35","modified_gmt":"2024-04-04T17:20:35","slug":"doterra-aromatouch-aetherische-oelmischung-fuer-die-massage-15ml","status":"publish","type":"product","link":"https:\/\/mamaterra.lt\/de\/parduotuve\/essentielle-oele\/aetherische-oelmischungen\/doterra-aromatouch-aetherische-oelmischung-fuer-die-massage-15ml\/","title":{"rendered":"doTERRA AromaTouch\u2122 \u00c4therische \u00d6lmischung f\u00fcr die Massage 15ml"},"content":{"rendered":"<p><strong>doTERRA AromaTouch\u2122 \u00c4therische \u00d6lmischung f\u00fcr die Massage<\/strong><\/p>\n<p>15ml<\/p>\n<p>&nbsp;<\/p>\n<p><strong>doTERRA AromaTouch\u2122 \u00c4therische \u00d6l-Massage-Mischung Beschreibung und Inhaltsstoffe:<\/strong><\/p>\n<p>\u00c4therische \u00d6le werden seit Anbeginn der Zeit f\u00fcr die Massage verwendet, weshalb doTERRA eine eigene Massagemischung aus beruhigenden und entspannenden \u00e4therischen \u00d6len entwickelt hat, die verschiedene Massagetechniken bereichert.<\/p>\n<ul>\n<li>Kann helfen, Verspannungen zu l\u00f6sen und ein beruhigendes Gef\u00fchl zu vermitteln<\/li>\n<li>Hat eine beruhigende und entspannende Wirkung<\/li>\n<li>Bereichert jede Massage mit einem beruhigenden Aroma<\/li>\n<\/ul>\n<p>Weitere Informationen \u00fcber die <strong>AromaTouch\u2122-Massage\u00f6lmischung von doTERRA <\/strong>finden Sie in dem folgenden Video.<\/p>\n<p><iframe title=\"doTERRA Aromatouch essential oil blend - the Emotional Uses\" src=\"https:\/\/www.youtube.com\/embed\/YgEPkyIRU_g\" width=\"853\" height=\"480\" frameborder=\"0\" allowfullscreen=\"allowfullscreen\"><\/iframe><\/p>\n","protected":false},"excerpt":{"rendered":"<ul>\n<li>Kann helfen, Verspannungen zu l\u00f6sen und ein beruhigendes Gef\u00fchl zu vermitteln<\/li>\n<li>Hat eine beruhigende und entspannende Wirkung<\/li>\n<li>Bereichert jede Massage mit einem beruhigenden Aroma<\/li>\n<\/ul>\n","protected":false},"featured_media":23032,"template":"","meta":{"site-sidebar-layout":"default","site-content-layout":"default","ast-site-content-layout":"default","site-content-style":"default","site-sidebar-style":"default","ast-global-header-display":"","ast-banner-title-visibility":"","ast-main-header-display":"","ast-hfb-above-header-display":"","ast-hfb-below-header-display":"","ast-hfb-mobile-header-display":"","site-post-title":"","ast-breadcrumbs-content":"","ast-featured-img":"","footer-sml-layout":"","ast-disable-related-posts":"","theme-transparent-header-meta":"default","adv-header-id-meta":"","stick-header-meta":"","header-above-stick-meta":"","header-main-stick-meta":"","header-below-stick-meta":"","astra-migrate-meta-layouts":"set","ast-page-background-enabled":"default","ast-page-background-meta":{"desktop":{"background-color":"","background-image":"","background-repeat":"repeat","background-position":"center center","background-size":"auto","background-attachment":"scroll","background-type":"","background-media":"","overlay-type":"","overlay-color":"","overlay-opacity":"","overlay-gradient":""},"tablet":{"background-color":"","background-image":"","background-repeat":"repeat","background-position":"center center","background-size":"auto","background-attachment":"scroll","background-type":"","background-media":"","overlay-type":"","overlay-color":"","overlay-opacity":"","overlay-gradient":""},"mobile":{"background-color":"","background-image":"","background-repeat":"repeat","background-position":"center center","background-size":"auto","background-attachment":"scroll","background-type":"","background-media":"","overlay-type":"","overlay-color":"","overlay-opacity":"","overlay-gradient":""}},"ast-content-background-meta":{"desktop":{"background-color":"var(--ast-global-color-5)","background-image":"","background-repeat":"repeat","background-position":"center center","background-size":"auto","background-attachment":"scroll","background-type":"","background-media":"","overlay-type":"","overlay-color":"","overlay-opacity":"","overlay-gradient":""},"tablet":{"background-color":"var(--ast-global-color-5)","background-image":"","background-repeat":"repeat","background-position":"center center","background-size":"auto","background-attachment":"scroll","background-type":"","background-media":"","overlay-type":"","overlay-color":"","overlay-opacity":"","overlay-gradient":""},"mobile":{"background-color":"var(--ast-global-color-5)","background-image":"","background-repeat":"repeat","background-position":"center center","background-size":"auto","background-attachment":"scroll","background-type":"","background-media":"","overlay-type":"","overlay-color":"","overlay-opacity":"","overlay-gradient":""}}},"product_brand":[],"product_cat":[1944,1939,1999,2039],"product_tag":[2092,3194,3236],"class_list":{"0":"post-23031","1":"product","2":"type-product","3":"status-publish","4":"has-post-thumbnail","6":"product_cat-aetherische-oelmischungen","7":"product_cat-essentielle-oele","8":"product_cat-massage-de","9":"product_cat-stressbewaeltigung","10":"product_tag-15-ml-de","11":"product_tag-aromatouch-de","12":"product_tag-aetherische-oelmischungen","13":"desktop-align-left","14":"tablet-align-left","15":"mobile-align-left","17":"first","18":"instock","19":"sale","20":"featured","21":"taxable","22":"shipping-taxable","23":"purchasable","24":"product-type-simple"},"_links":{"self":[{"href":"https:\/\/mamaterra.lt\/de\/wp-json\/wp\/v2\/product\/23031","targetHints":{"allow":["GET"]}}],"collection":[{"href":"https:\/\/mamaterra.lt\/de\/wp-json\/wp\/v2\/product"}],"about":[{"href":"https:\/\/mamaterra.lt\/de\/wp-json\/wp\/v2\/types\/product"}],"wp:featuredmedia":[{"embeddable":true,"href":"https:\/\/mamaterra.lt\/de\/wp-json\/wp\/v2\/media\/23032"}],"wp:attachment":[{"href":"https:\/\/mamaterra.lt\/de\/wp-json\/wp\/v2\/media?parent=23031"}],"wp:term":[{"taxonomy":"product_brand","embeddable":true,"href":"https:\/\/mamaterra.lt\/de\/wp-json\/wp\/v2\/product_brand?post=23031"},{"taxonomy":"product_cat","embeddable":true,"href":"https:\/\/mamaterra.lt\/de\/wp-json\/wp\/v2\/product_cat?post=23031"},{"taxonomy":"product_tag","embeddable":true,"href":"https:\/\/mamaterra.lt\/de\/wp-json\/wp\/v2\/product_tag?post=23031"}],"curies":[{"name":"wp","href":"https:\/\/api.w.org\/{rel}","templated":true}]}}