{"id":22960,"date":"2021-04-18T16:25:07","date_gmt":"2021-04-18T15:25:07","guid":{"rendered":"https:\/\/mamaterra.lt\/parduotuve\/unkategorisiert\/juoduju-pipiru-black-pepper-tyras-doterra-eterinis-aliejus-5ml\/"},"modified":"2024-04-02T19:02:17","modified_gmt":"2024-04-02T18:02:17","slug":"black-pepper-reines-aetherisches-doterra-oel","status":"publish","type":"product","link":"https:\/\/mamaterra.lt\/de\/parduotuve\/essentielle-oele\/reine-aetherische-oele\/black-pepper-reines-aetherisches-doterra-oel\/","title":{"rendered":"BLACK PEPPER Reines \u00e4therisches doTERRA-\u00d6l"},"content":{"rendered":"<p><strong>BLACK PEPPER Reines \u00e4therisches doTERRA-\u00d6l<\/strong><\/p>\n<p>Piper nigrum | 5ml<\/p>\n<p>Schwarzer Pfeffer (BLACK PEPPER) Reines \u00e4therisches doTERRA-\u00d6l Beschreibung:<\/p>\n<p>Das anregende und wohlriechende \u00e4therische \u00d6l des Schwarzen Pfeffers w\u00fcrzt jedes Gericht und hat Vorteile f\u00fcr die Haut.<\/p>\n<p>Verbessert den Geschmack von Speisen<br \/>\nVerdampft in einem Diffusor, wenn Sie ein beruhigendes Aroma w\u00fcnschen<br \/>\nHat eine w\u00e4rmende Wirkung, wenn es auf die Haut aufgetragen wird<\/p>\n<p>&nbsp;<\/p>\n<p>Weitere Informationen \u00fcber das \u00e4therische \u00d6l BLACK PEPPER von doTERRA finden Sie in dem folgenden Video.<\/p>\n<p><iframe title=\"d\u014dTERRA Black Pepper Essential Oil\" src=\"https:\/\/www.youtube.com\/embed\/TSE52MgOskA\" width=\"853\" height=\"480\" frameborder=\"0\" allowfullscreen=\"allowfullscreen\"><\/iframe><\/p>\n","protected":false},"excerpt":{"rendered":"<ul>\n<li>Verbessert den Geschmack von Speisen<\/li>\n<li>Verdampft in einem Diffusor, wenn Sie ein beruhigendes Aroma w\u00fcnschen<\/li>\n<li>Hat eine w\u00e4rmende Wirkung, wenn es auf die Haut aufgetragen wird<\/li>\n<\/ul>\n","protected":false},"featured_media":22961,"template":"","meta":{"site-sidebar-layout":"default","site-content-layout":"default","ast-site-content-layout":"default","site-content-style":"default","site-sidebar-style":"default","ast-global-header-display":"","ast-banner-title-visibility":"","ast-main-header-display":"","ast-hfb-above-header-display":"","ast-hfb-below-header-display":"","ast-hfb-mobile-header-display":"","site-post-title":"","ast-breadcrumbs-content":"","ast-featured-img":"","footer-sml-layout":"","ast-disable-related-posts":"","theme-transparent-header-meta":"default","adv-header-id-meta":"","stick-header-meta":"","header-above-stick-meta":"","header-main-stick-meta":"","header-below-stick-meta":"","astra-migrate-meta-layouts":"set","ast-page-background-enabled":"default","ast-page-background-meta":{"desktop":{"background-color":"","background-image":"","background-repeat":"repeat","background-position":"center center","background-size":"auto","background-attachment":"scroll","background-type":"","background-media":"","overlay-type":"","overlay-color":"","overlay-opacity":"","overlay-gradient":""},"tablet":{"background-color":"","background-image":"","background-repeat":"repeat","background-position":"center center","background-size":"auto","background-attachment":"scroll","background-type":"","background-media":"","overlay-type":"","overlay-color":"","overlay-opacity":"","overlay-gradient":""},"mobile":{"background-color":"","background-image":"","background-repeat":"repeat","background-position":"center center","background-size":"auto","background-attachment":"scroll","background-type":"","background-media":"","overlay-type":"","overlay-color":"","overlay-opacity":"","overlay-gradient":""}},"ast-content-background-meta":{"desktop":{"background-color":"var(--ast-global-color-5)","background-image":"","background-repeat":"repeat","background-position":"center center","background-size":"auto","background-attachment":"scroll","background-type":"","background-media":"","overlay-type":"","overlay-color":"","overlay-opacity":"","overlay-gradient":""},"tablet":{"background-color":"var(--ast-global-color-5)","background-image":"","background-repeat":"repeat","background-position":"center center","background-size":"auto","background-attachment":"scroll","background-type":"","background-media":"","overlay-type":"","overlay-color":"","overlay-opacity":"","overlay-gradient":""},"mobile":{"background-color":"var(--ast-global-color-5)","background-image":"","background-repeat":"repeat","background-position":"center center","background-size":"auto","background-attachment":"scroll","background-type":"","background-media":"","overlay-type":"","overlay-color":"","overlay-opacity":"","overlay-gradient":""}}},"product_brand":[],"product_cat":[1939,1949],"product_tag":[2064,2954,3231],"class_list":{"0":"post-22960","1":"product","2":"type-product","3":"status-publish","4":"has-post-thumbnail","6":"product_cat-essentielle-oele","7":"product_cat-reine-aetherische-oele","8":"product_tag-5-ml-de","9":"product_tag-black-pepper-de","10":"product_tag-essentielle-oele","11":"desktop-align-left","12":"tablet-align-left","13":"mobile-align-left","15":"first","16":"instock","17":"taxable","18":"shipping-taxable","19":"purchasable","20":"product-type-simple"},"_links":{"self":[{"href":"https:\/\/mamaterra.lt\/de\/wp-json\/wp\/v2\/product\/22960","targetHints":{"allow":["GET"]}}],"collection":[{"href":"https:\/\/mamaterra.lt\/de\/wp-json\/wp\/v2\/product"}],"about":[{"href":"https:\/\/mamaterra.lt\/de\/wp-json\/wp\/v2\/types\/product"}],"wp:featuredmedia":[{"embeddable":true,"href":"https:\/\/mamaterra.lt\/de\/wp-json\/wp\/v2\/media\/22961"}],"wp:attachment":[{"href":"https:\/\/mamaterra.lt\/de\/wp-json\/wp\/v2\/media?parent=22960"}],"wp:term":[{"taxonomy":"product_brand","embeddable":true,"href":"https:\/\/mamaterra.lt\/de\/wp-json\/wp\/v2\/product_brand?post=22960"},{"taxonomy":"product_cat","embeddable":true,"href":"https:\/\/mamaterra.lt\/de\/wp-json\/wp\/v2\/product_cat?post=22960"},{"taxonomy":"product_tag","embeddable":true,"href":"https:\/\/mamaterra.lt\/de\/wp-json\/wp\/v2\/product_tag?post=22960"}],"curies":[{"name":"wp","href":"https:\/\/api.w.org\/{rel}","templated":true}]}}